{"id":40848,"date":"2024-01-24T16:29:13","date_gmt":"2024-01-24T22:29:13","guid":{"rendered":"https:\/\/www.project44.com\/frachtfuehrer\/programm-fuer-bevorzugte-frachtfuehrer\/"},"modified":"2025-05-07T05:51:45","modified_gmt":"2025-05-07T10:51:45","slug":"programm-fuer-bevorzugte-frachtfuehrer","status":"publish","type":"page","link":"https:\/\/www.project44.com\/de\/frachtfuehrer\/programm-fuer-bevorzugte-frachtfuehrer\/","title":{"rendered":"Programm f\u00fcr bevorzugte Frachtf\u00fchrer"},"content":{"rendered":"\n<div class=\"wp-block-cover alignfull has-custom-content-position is-position-top-center is-style-hero\" style=\"padding-top:0\"><span aria-hidden=\"true\" class=\"wp-block-cover__background has-black-background-color has-background-dim-40 has-background-dim\"><\/span><img loading=\"lazy\" decoding=\"async\" width=\"2560\" height=\"1067\" class=\"wp-block-cover__image-background wp-image-34210\" alt=\"Carrier network\" src=\"https:\/\/www.project44.com\/wp-content\/uploads\/2024\/05\/hero-carrier-network-scaled.webp\" data-object-fit=\"cover\" srcset=\"https:\/\/www.project44.com\/wp-content\/uploads\/2024\/05\/hero-carrier-network-scaled.webp 2560w, https:\/\/www.project44.com\/wp-content\/uploads\/2024\/05\/hero-carrier-network-300x125.webp 300w, https:\/\/www.project44.com\/wp-content\/uploads\/2024\/05\/hero-carrier-network-1024x427.webp 1024w, https:\/\/www.project44.com\/wp-content\/uploads\/2024\/05\/hero-carrier-network-768x320.webp 768w, https:\/\/www.project44.com\/wp-content\/uploads\/2024\/05\/hero-carrier-network-1536x640.webp 1536w, https:\/\/www.project44.com\/wp-content\/uploads\/2024\/05\/hero-carrier-network-2048x853.webp 2048w\" sizes=\"auto, (max-width: 2560px) 100vw, 2560px\" \/><div class=\"wp-block-cover__inner-container has-global-padding is-layout-constrained wp-container-core-cover-is-layout-445304f7 wp-block-cover-is-layout-constrained\">\n<div class=\"wp-block-group has-global-padding is-content-justification-left is-layout-constrained wp-container-core-group-is-layout-d605e137 wp-block-group-is-layout-constrained\" style=\"padding-top:var(--wp--preset--spacing--64);padding-bottom:var(--wp--preset--spacing--64)\">\n<div class=\"wp-block-group has-global-padding is-content-justification-left is-layout-constrained wp-container-core-group-is-layout-4ecfe233 wp-block-group-is-layout-constrained\">\n<p class=\"has-text-align-left is-style-default has-white-color has-text-color has-link-color wp-elements-3872e8504cde51ef5bdd4b98b5d830be\" style=\"text-transform:uppercase\">Speditionen<\/p>\n\n\n\n<h1 class=\"wp-block-heading has-text-align-left is-style-default has-white-color has-text-color has-link-color has-gigantic-size wp-elements-5b648e350a54172887c7d1fb582f1fc9\" id=\"h-preferred-carrier-program\">Programm f\u00fcr bevorzugte Frachtf\u00fchrer<\/h1>\n<\/div>\n\n\n\n<p class=\"has-white-color has-text-color has-link-color has-large-font-size wp-elements-479a5fb71a7f8ae9be4ecf3f14db2204\">Wir feiern Frachtf\u00fchrer, die die fortschrittliche Technologie f\u00fcr die Transport-Visibilit\u00e4t von project44 verwenden, um Verladern in bedeutenden Regionen auf der ganzen Welt hochwertiges Tracking zu erm\u00f6glichen.<\/p>\n\n\n\n<div class=\"wp-block-buttons is-content-justification-left is-layout-flex wp-container-core-buttons-is-layout-87d7b91b wp-block-buttons-is-layout-flex\" style=\"margin-bottom:var(--wp--preset--spacing--50)\">\n<div class=\"wp-block-button has-custom-font-size is-style-fill has-large-font-size has-large-size\"><a class=\"wp-block-button__link has-primary-background-color has-background wp-element-button\" href=\"https:\/\/content.project44.com\/ls\/ef25f4ff-ef73-4738-8d38-232c4b10061c\/UN3DhBD2Df7lKpxf#\/content\/784d3943-c0fb-4a55-be28-b867b0d9531e\" target=\"_blank\" rel=\"noreferrer noopener nofollow\">Liste ansehen<\/a><\/div>\n<\/div>\n<\/div>\n<\/div><\/div>\n\n<div class=\"wp-block-group is-style-row-padding has-global-padding is-layout-constrained wp-block-group-is-layout-constrained\" style=\"margin-top:0\">\n<div class=\"wp-block-group has-white-background-color has-background is-style-box-shadow-2 has-global-padding is-layout-constrained wp-container-core-group-is-layout-56d02082 wp-block-group-is-layout-constrained\" style=\"border-radius:24px;padding-top:var(--wp--preset--spacing--32);padding-right:var(--wp--preset--spacing--32);padding-bottom:var(--wp--preset--spacing--32);padding-left:var(--wp--preset--spacing--32)\">\n<div class=\"wp-block-columns is-layout-flex wp-container-core-columns-is-layout-0b339b1a wp-block-columns-is-layout-flex\">\n<div class=\"wp-block-column is-layout-flow wp-block-column-is-layout-flow\">\n<h2 class=\"wp-block-heading has-h1-size\" id=\"h-preferred-carriers\">Bevorzugte Frachtf\u00fchrer<\/h2>\n\n\n\n<p class=\"has-large-font-size\">Mit \u00fcber 245.000 verbundenen Frachtf\u00fchrern deren Anzahl stetig steigt, bietet project44 jederzeit Transparenz \u00fcber unsere preisgekr\u00f6nte KI-f\u00e4hige Lieferkettenplattform. Bevorzugte Frachtf\u00fchrer sind diejenigen in unserem Netzwerk, die jeden Tag \u00fcber sich hinauswachsen, um den bestm\u00f6glichen Service zu bieten. Die Liste der bevorzugten Frachtf\u00fchrer von project44 ist eine wertvolle Ressource f\u00fcr Verlader, die nach Frachtf\u00fchrern suchen, die sich der Visibilit\u00e4t verschrieben haben.<\/p>\n\n\n\n<div class=\"wp-block-buttons is-content-justification-left is-layout-flex wp-container-core-buttons-is-layout-87d7b91b wp-block-buttons-is-layout-flex\" style=\"margin-bottom:var(--wp--preset--spacing--50)\">\n<div class=\"wp-block-button has-custom-font-size is-style-link has-large-font-size has-large-size has-arrow\"><a class=\"wp-block-button__link wp-element-button\" href=\"https:\/\/content.project44.com\/ls\/ef25f4ff-ef73-4738-8d38-232c4b10061c\/UN3DhBD2Df7lKpxf#\/content\/784d3943-c0fb-4a55-be28-b867b0d9531e\" target=\"_blank\" rel=\"noreferrer noopener nofollow\">Liste ansehen<\/a><\/div>\n<\/div>\n<\/div>\n\n\n\n<div class=\"wp-block-column is-layout-flow wp-block-column-is-layout-flow\">\n<figure class=\"wp-block-image aligncenter size-full is-resized is-style-default\"><img loading=\"lazy\" decoding=\"async\" width=\"1131\" height=\"1185\" src=\"https:\/\/www.project44.com\/wp-content\/uploads\/2024\/05\/p44_Preferred-Carriers-Badge.svg\" alt=\"Bevorzugte Frachtf&#xFC;hrer von project44\" class=\"wp-image-36120\" style=\"width:347px;height:auto\"\/><\/figure>\n<\/div>\n<\/div>\n<\/div>\n<\/div>\n\n<div class=\"wp-block-group is-style-row-padding has-global-padding is-layout-constrained wp-block-group-is-layout-constrained\">\n<div class=\"wp-block-group has-white-background-color has-background is-style-box-shadow-2 has-global-padding is-layout-constrained wp-container-core-group-is-layout-56d02082 wp-block-group-is-layout-constrained\" style=\"border-radius:24px;padding-top:var(--wp--preset--spacing--32);padding-right:var(--wp--preset--spacing--32);padding-bottom:var(--wp--preset--spacing--32);padding-left:var(--wp--preset--spacing--32)\">\n<div class=\"wp-block-columns is-layout-flex wp-container-core-columns-is-layout-2f0fa7f0 wp-block-columns-is-layout-flex\">\n<div class=\"wp-block-column is-layout-flow wp-container-core-column-is-layout-0f64ed6a wp-block-column-is-layout-flow\" style=\"flex-basis:40%\">\n<h2 class=\"wp-block-heading has-h1-size\" id=\"h-how-do-you-earn-preferred-carrier-status\">Wie wird man ein bevorzugter Frachtf\u00fchrer?<\/h2>\n<\/div>\n\n\n\n<div class=\"wp-block-column is-layout-flow wp-block-column-is-layout-flow\" style=\"flex-basis:60%\">\n<p class=\"has-large-font-size\">Um von project44 als \u201ebevorzugt\u201c erachtet zu werden, muss ein Frachtf\u00fchrer die folgenden Kriterien erf\u00fcllen:<\/p>\n\n\n\n<ul class=\"wp-block-list is-style-arrow-list\">\n<li>Hohe Tracking-Prozents\u00e4tze \u00fcber mehrere Ladungen hinweg<\/li>\n\n\n\n<li>Mehr als 200 verfolgte Ladungen in diesem Jahr<\/li>\n\n\n\n<li>M\u00fcssen Verfechter der Visibilit\u00e4t sein und wissen, wie wichtig Visibilit\u00e4t f\u00fcr die Lieferung ist<\/li>\n\n\n\n<li>Eine konsistente Verbindung mit p44 aufrechterhalten, die High-Fidelity-Daten bereitstellt<\/li>\n<\/ul>\n<\/div>\n<\/div>\n<\/div>\n<\/div>\n\n<div class=\"wp-block-group alignfull cta-grid is-style-gap-none is-style-row-padding is-layout-flow wp-container-core-group-is-layout-a77db08e wp-block-group-is-layout-flow\">\n<div class=\"wp-block-columns are-vertically-aligned-center is-not-stacked-on-mobile is-layout-flex wp-container-core-columns-is-layout-6a65254c wp-block-columns-is-layout-flex\" style=\"padding-right:0;padding-left:0\">\n<div class=\"wp-block-column is-vertically-aligned-center is-layout-flow wp-block-column-is-layout-flow\" style=\"flex-basis:25%\">\n<div class=\"wp-block-cover is-light is-repeated has-border-color\" style=\"border-color:#DADFDF;border-width:1px;border-top-left-radius:0px;border-top-right-radius:24px;border-bottom-left-radius:0px;border-bottom-right-radius:24px;min-height:666px;aspect-ratio:unset;\"><span aria-hidden=\"true\" class=\"wp-block-cover__background has-background-dim-0 has-background-dim\"><\/span><div class=\"wp-block-cover__image-background wp-image-7491 is-repeated\" style=\"background-position:50% 13%;background-image:url(https:\/\/www.project44.com\/wp-content\/uploads\/2024\/01\/bg-grid-white-80.svg)\"><\/div><div class=\"wp-block-cover__inner-container has-global-padding is-layout-constrained wp-block-cover-is-layout-constrained\">\n<p class=\"has-text-align-center has-large-font-size\"><\/p>\n<\/div><\/div>\n<\/div>\n\n\n\n<div class=\"wp-block-column is-vertically-aligned-center is-layout-flow wp-block-column-is-layout-flow\" style=\"flex-basis:50%\">\n<div class=\"wp-block-group is-style-row-padding is-layout-flow wp-container-core-group-is-layout-a4793717 wp-block-group-is-layout-flow\">\n<h2 class=\"wp-block-heading has-text-align-center has-gigantic-size\" id=\"h-join-the-network\">Treten Sie dem Netzwerk bei.<\/h2>\n\n\n\n<p class=\"has-text-align-center has-large-font-size\">Um eine m\u00f6glichst flexible und nahtlose Erfahrung anzubieten, bewerten und begr\u00fc\u00dfen wir kontinuierlich Technologieanbieter, die an einer Partnerschaft interessiert sind.<\/p>\n\n\n\n<div class=\"wp-block-buttons is-content-justification-center is-layout-flex wp-container-core-buttons-is-layout-a89b3969 wp-block-buttons-is-layout-flex\">\n<div class=\"wp-block-button has-xx-large-size\"><a class=\"wp-block-button__link has-primary-background-color has-background wp-element-button\" href=\"https:\/\/www.project44.com\/de\/partner-oekosystem\/partner-werden\/\">Legen Sie los<\/a><\/div>\n<\/div>\n<\/div>\n<\/div>\n\n\n\n<div class=\"wp-block-column is-vertically-aligned-center is-layout-flow wp-block-column-is-layout-flow\" style=\"flex-basis:25%\">\n<div class=\"wp-block-cover is-light is-repeated has-border-color\" style=\"border-color:#DADFDF;border-width:1px;border-top-left-radius:24px;border-top-right-radius:0px;border-bottom-left-radius:24px;border-bottom-right-radius:0px;min-height:666px;aspect-ratio:unset;\"><span aria-hidden=\"true\" class=\"wp-block-cover__background has-background-dim-0 has-background-dim\"><\/span><div class=\"wp-block-cover__image-background wp-image-7491 is-repeated\" style=\"background-position:50% 13%;background-image:url(https:\/\/www.project44.com\/wp-content\/uploads\/2024\/01\/bg-grid-white-80.svg)\"><\/div><div class=\"wp-block-cover__inner-container has-global-padding is-layout-constrained wp-block-cover-is-layout-constrained\">\n<p class=\"has-text-align-center has-large-font-size\"><\/p>\n<\/div><\/div>\n<\/div>\n<\/div>\n<\/div>\n","protected":false},"excerpt":{"rendered":"<p>project44 erkennt Frachtf\u00fchrer an, die \u00fcber sich hinauswachsen, um Kunden zu helfen, End-to-End-Lieferkettentransparenz zu erreichen.<\/p>\n","protected":false},"author":4,"featured_media":66124,"parent":40785,"menu_order":0,"comment_status":"closed","ping_status":"closed","template":"","meta":{"_acf_changed":false,"_relevanssi_hide_post":"","_relevanssi_hide_content":"","_relevanssi_pin_for_all":"","_relevanssi_pin_keywords":"","_relevanssi_unpin_keywords":"","_relevanssi_related_keywords":"","_relevanssi_related_include_ids":"","_relevanssi_related_exclude_ids":"","_relevanssi_related_no_append":"","_relevanssi_related_not_related":"","_relevanssi_related_posts":"","_relevanssi_noindex_reason":"","footnotes":""},"class_list":["post-40848","page","type-page","status-publish","has-post-thumbnail","hentry"],"acf":[],"yoast_head":"<!-- This site is optimized with the Yoast SEO Premium plugin v27.3 (Yoast SEO v27.3) - https:\/\/yoast.com\/product\/yoast-seo-premium-wordpress\/ -->\n<title>Programm f\u00fcr bevorzugte Frachtf\u00fchrer | project44<\/title>\n<meta name=\"description\" content=\"Das Programm f\u00fcr bevorzugte Frachtf\u00fchrer erkennt Netzwerk-Frachtf\u00fchrer an, die mehr als nur das N\u00f6tige tun, um einen bestm\u00f6glichen Service zu bieten.\" \/>\n<meta name=\"robots\" content=\"index, follow, max-snippet:-1, max-image-preview:large, max-video-preview:-1\" \/>\n<link rel=\"canonical\" href=\"https:\/\/www.project44.com\/de\/frachtfuehrer\/programm-fuer-bevorzugte-frachtfuehrer\/\" \/>\n<meta property=\"og:locale\" content=\"de_DE\" \/>\n<meta property=\"og:type\" content=\"article\" \/>\n<meta property=\"og:title\" content=\"Programm f\u00fcr bevorzugte Frachtf\u00fchrer\" \/>\n<meta property=\"og:description\" content=\"Das Programm f\u00fcr bevorzugte Frachtf\u00fchrer erkennt Netzwerk-Frachtf\u00fchrer an, die mehr als nur das N\u00f6tige tun, um einen bestm\u00f6glichen Service zu bieten.\" \/>\n<meta property=\"og:url\" content=\"https:\/\/www.project44.com\/de\/frachtfuehrer\/programm-fuer-bevorzugte-frachtfuehrer\/\" \/>\n<meta property=\"og:site_name\" content=\"project44\" \/>\n<meta property=\"article:publisher\" content=\"https:\/\/www.facebook.com\/project44Visibility\" \/>\n<meta property=\"article:modified_time\" content=\"2025-05-07T10:51:45+00:00\" \/>\n<meta property=\"og:image\" content=\"https:\/\/www.project44.com\/wp-content\/uploads\/2025\/05\/Preferred-Carrier_2025-04-14_Website_1800x1012.png\" \/>\n\t<meta property=\"og:image:width\" content=\"1800\" \/>\n\t<meta property=\"og:image:height\" content=\"1012\" \/>\n\t<meta property=\"og:image:type\" content=\"image\/png\" \/>\n<meta name=\"twitter:card\" content=\"summary_large_image\" \/>\n<meta name=\"twitter:site\" content=\"@freightpipes\" \/>\n<meta name=\"twitter:label1\" content=\"Gesch\u00e4tzte Lesezeit\" \/>\n\t<meta name=\"twitter:data1\" content=\"1 Minute\" \/>\n<script type=\"application\/ld+json\" class=\"yoast-schema-graph\">{\"@context\":\"https:\\\/\\\/schema.org\",\"@graph\":[{\"@type\":\"WebPage\",\"@id\":\"https:\\\/\\\/www.project44.com\\\/de\\\/frachtfuehrer\\\/programm-fuer-bevorzugte-frachtfuehrer\\\/\",\"url\":\"https:\\\/\\\/www.project44.com\\\/de\\\/frachtfuehrer\\\/programm-fuer-bevorzugte-frachtfuehrer\\\/\",\"name\":\"Programm f\u00fcr bevorzugte Frachtf\u00fchrer | project44\",\"isPartOf\":{\"@id\":\"https:\\\/\\\/www.project44.com\\\/de\\\/#website\"},\"primaryImageOfPage\":{\"@id\":\"https:\\\/\\\/www.project44.com\\\/de\\\/frachtfuehrer\\\/programm-fuer-bevorzugte-frachtfuehrer\\\/#primaryimage\"},\"image\":{\"@id\":\"https:\\\/\\\/www.project44.com\\\/de\\\/frachtfuehrer\\\/programm-fuer-bevorzugte-frachtfuehrer\\\/#primaryimage\"},\"thumbnailUrl\":\"https:\\\/\\\/www.project44.com\\\/wp-content\\\/uploads\\\/2025\\\/05\\\/Preferred-Carrier_2025-04-14_Website_1800x1012.png\",\"datePublished\":\"2024-01-24T22:29:13+00:00\",\"dateModified\":\"2025-05-07T10:51:45+00:00\",\"description\":\"Das Programm f\u00fcr bevorzugte Frachtf\u00fchrer erkennt Netzwerk-Frachtf\u00fchrer an, die mehr als nur das N\u00f6tige tun, um einen bestm\u00f6glichen Service zu bieten.\",\"breadcrumb\":{\"@id\":\"https:\\\/\\\/www.project44.com\\\/de\\\/frachtfuehrer\\\/programm-fuer-bevorzugte-frachtfuehrer\\\/#breadcrumb\"},\"inLanguage\":\"de-DE\",\"potentialAction\":[{\"@type\":\"ReadAction\",\"target\":[\"https:\\\/\\\/www.project44.com\\\/de\\\/frachtfuehrer\\\/programm-fuer-bevorzugte-frachtfuehrer\\\/\"]}]},{\"@type\":\"ImageObject\",\"inLanguage\":\"de-DE\",\"@id\":\"https:\\\/\\\/www.project44.com\\\/de\\\/frachtfuehrer\\\/programm-fuer-bevorzugte-frachtfuehrer\\\/#primaryimage\",\"url\":\"https:\\\/\\\/www.project44.com\\\/wp-content\\\/uploads\\\/2025\\\/05\\\/Preferred-Carrier_2025-04-14_Website_1800x1012.png\",\"contentUrl\":\"https:\\\/\\\/www.project44.com\\\/wp-content\\\/uploads\\\/2025\\\/05\\\/Preferred-Carrier_2025-04-14_Website_1800x1012.png\",\"width\":1800,\"height\":1012,\"caption\":\"project44 preferred carrier award program badge\"},{\"@type\":\"BreadcrumbList\",\"@id\":\"https:\\\/\\\/www.project44.com\\\/de\\\/frachtfuehrer\\\/programm-fuer-bevorzugte-frachtfuehrer\\\/#breadcrumb\",\"itemListElement\":[{\"@type\":\"ListItem\",\"position\":1,\"name\":\"Home\",\"item\":\"https:\\\/\\\/www.project44.com\\\/de\\\/\"},{\"@type\":\"ListItem\",\"position\":2,\"name\":\"Frachtf\u00fchrer\",\"item\":\"https:\\\/\\\/www.project44.com\\\/de\\\/frachtfuehrer\\\/\"},{\"@type\":\"ListItem\",\"position\":3,\"name\":\"Programm f\u00fcr bevorzugte Frachtf\u00fchrer\"}]},{\"@type\":\"WebSite\",\"@id\":\"https:\\\/\\\/www.project44.com\\\/de\\\/#website\",\"url\":\"https:\\\/\\\/www.project44.com\\\/de\\\/\",\"name\":\"project44\",\"description\":\"\",\"publisher\":{\"@id\":\"https:\\\/\\\/www.project44.com\\\/de\\\/#organization\"},\"potentialAction\":[{\"@type\":\"SearchAction\",\"target\":{\"@type\":\"EntryPoint\",\"urlTemplate\":\"https:\\\/\\\/www.project44.com\\\/de\\\/?s={search_term_string}\"},\"query-input\":{\"@type\":\"PropertyValueSpecification\",\"valueRequired\":true,\"valueName\":\"search_term_string\"}}],\"inLanguage\":\"de-DE\"},{\"@type\":\"Organization\",\"@id\":\"https:\\\/\\\/www.project44.com\\\/de\\\/#organization\",\"name\":\"project44\",\"url\":\"https:\\\/\\\/www.project44.com\\\/de\\\/\",\"logo\":{\"@type\":\"ImageObject\",\"inLanguage\":\"de-DE\",\"@id\":\"https:\\\/\\\/www.project44.com\\\/de\\\/#\\\/schema\\\/logo\\\/image\\\/\",\"url\":\"https:\\\/\\\/www.project44.com\\\/wp-content\\\/uploads\\\/2024\\\/01\\\/logo.svg\",\"contentUrl\":\"https:\\\/\\\/www.project44.com\\\/wp-content\\\/uploads\\\/2024\\\/01\\\/logo.svg\",\"width\":213,\"height\":73,\"caption\":\"project44\"},\"image\":{\"@id\":\"https:\\\/\\\/www.project44.com\\\/de\\\/#\\\/schema\\\/logo\\\/image\\\/\"},\"sameAs\":[\"https:\\\/\\\/www.facebook.com\\\/project44Visibility\",\"https:\\\/\\\/x.com\\\/freightpipes\",\"https:\\\/\\\/www.linkedin.com\\\/company\\\/project-44\",\"https:\\\/\\\/www.instagram.com\\\/project44global\"]}]}<\/script>\n<!-- \/ Yoast SEO Premium plugin. -->","yoast_head_json":{"title":"Programm f\u00fcr bevorzugte Frachtf\u00fchrer | project44","description":"Das Programm f\u00fcr bevorzugte Frachtf\u00fchrer erkennt Netzwerk-Frachtf\u00fchrer an, die mehr als nur das N\u00f6tige tun, um einen bestm\u00f6glichen Service zu bieten.","robots":{"index":"index","follow":"follow","max-snippet":"max-snippet:-1","max-image-preview":"max-image-preview:large","max-video-preview":"max-video-preview:-1"},"canonical":"https:\/\/www.project44.com\/de\/frachtfuehrer\/programm-fuer-bevorzugte-frachtfuehrer\/","og_locale":"de_DE","og_type":"article","og_title":"Programm f\u00fcr bevorzugte Frachtf\u00fchrer","og_description":"Das Programm f\u00fcr bevorzugte Frachtf\u00fchrer erkennt Netzwerk-Frachtf\u00fchrer an, die mehr als nur das N\u00f6tige tun, um einen bestm\u00f6glichen Service zu bieten.","og_url":"https:\/\/www.project44.com\/de\/frachtfuehrer\/programm-fuer-bevorzugte-frachtfuehrer\/","og_site_name":"project44","article_publisher":"https:\/\/www.facebook.com\/project44Visibility","article_modified_time":"2025-05-07T10:51:45+00:00","og_image":[{"width":1800,"height":1012,"url":"https:\/\/www.project44.com\/wp-content\/uploads\/2025\/05\/Preferred-Carrier_2025-04-14_Website_1800x1012.png","type":"image\/png"}],"twitter_card":"summary_large_image","twitter_site":"@freightpipes","twitter_misc":{"Gesch\u00e4tzte Lesezeit":"1 Minute"},"schema":{"@context":"https:\/\/schema.org","@graph":[{"@type":"WebPage","@id":"https:\/\/www.project44.com\/de\/frachtfuehrer\/programm-fuer-bevorzugte-frachtfuehrer\/","url":"https:\/\/www.project44.com\/de\/frachtfuehrer\/programm-fuer-bevorzugte-frachtfuehrer\/","name":"Programm f\u00fcr bevorzugte Frachtf\u00fchrer | project44","isPartOf":{"@id":"https:\/\/www.project44.com\/de\/#website"},"primaryImageOfPage":{"@id":"https:\/\/www.project44.com\/de\/frachtfuehrer\/programm-fuer-bevorzugte-frachtfuehrer\/#primaryimage"},"image":{"@id":"https:\/\/www.project44.com\/de\/frachtfuehrer\/programm-fuer-bevorzugte-frachtfuehrer\/#primaryimage"},"thumbnailUrl":"https:\/\/www.project44.com\/wp-content\/uploads\/2025\/05\/Preferred-Carrier_2025-04-14_Website_1800x1012.png","datePublished":"2024-01-24T22:29:13+00:00","dateModified":"2025-05-07T10:51:45+00:00","description":"Das Programm f\u00fcr bevorzugte Frachtf\u00fchrer erkennt Netzwerk-Frachtf\u00fchrer an, die mehr als nur das N\u00f6tige tun, um einen bestm\u00f6glichen Service zu bieten.","breadcrumb":{"@id":"https:\/\/www.project44.com\/de\/frachtfuehrer\/programm-fuer-bevorzugte-frachtfuehrer\/#breadcrumb"},"inLanguage":"de-DE","potentialAction":[{"@type":"ReadAction","target":["https:\/\/www.project44.com\/de\/frachtfuehrer\/programm-fuer-bevorzugte-frachtfuehrer\/"]}]},{"@type":"ImageObject","inLanguage":"de-DE","@id":"https:\/\/www.project44.com\/de\/frachtfuehrer\/programm-fuer-bevorzugte-frachtfuehrer\/#primaryimage","url":"https:\/\/www.project44.com\/wp-content\/uploads\/2025\/05\/Preferred-Carrier_2025-04-14_Website_1800x1012.png","contentUrl":"https:\/\/www.project44.com\/wp-content\/uploads\/2025\/05\/Preferred-Carrier_2025-04-14_Website_1800x1012.png","width":1800,"height":1012,"caption":"project44 preferred carrier award program badge"},{"@type":"BreadcrumbList","@id":"https:\/\/www.project44.com\/de\/frachtfuehrer\/programm-fuer-bevorzugte-frachtfuehrer\/#breadcrumb","itemListElement":[{"@type":"ListItem","position":1,"name":"Home","item":"https:\/\/www.project44.com\/de\/"},{"@type":"ListItem","position":2,"name":"Frachtf\u00fchrer","item":"https:\/\/www.project44.com\/de\/frachtfuehrer\/"},{"@type":"ListItem","position":3,"name":"Programm f\u00fcr bevorzugte Frachtf\u00fchrer"}]},{"@type":"WebSite","@id":"https:\/\/www.project44.com\/de\/#website","url":"https:\/\/www.project44.com\/de\/","name":"project44","description":"","publisher":{"@id":"https:\/\/www.project44.com\/de\/#organization"},"potentialAction":[{"@type":"SearchAction","target":{"@type":"EntryPoint","urlTemplate":"https:\/\/www.project44.com\/de\/?s={search_term_string}"},"query-input":{"@type":"PropertyValueSpecification","valueRequired":true,"valueName":"search_term_string"}}],"inLanguage":"de-DE"},{"@type":"Organization","@id":"https:\/\/www.project44.com\/de\/#organization","name":"project44","url":"https:\/\/www.project44.com\/de\/","logo":{"@type":"ImageObject","inLanguage":"de-DE","@id":"https:\/\/www.project44.com\/de\/#\/schema\/logo\/image\/","url":"https:\/\/www.project44.com\/wp-content\/uploads\/2024\/01\/logo.svg","contentUrl":"https:\/\/www.project44.com\/wp-content\/uploads\/2024\/01\/logo.svg","width":213,"height":73,"caption":"project44"},"image":{"@id":"https:\/\/www.project44.com\/de\/#\/schema\/logo\/image\/"},"sameAs":["https:\/\/www.facebook.com\/project44Visibility","https:\/\/x.com\/freightpipes","https:\/\/www.linkedin.com\/company\/project-44","https:\/\/www.instagram.com\/project44global"]}]}},"_links":{"self":[{"href":"https:\/\/www.project44.com\/de\/wp-json\/wp\/v2\/pages\/40848","targetHints":{"allow":["GET"]}}],"collection":[{"href":"https:\/\/www.project44.com\/de\/wp-json\/wp\/v2\/pages"}],"about":[{"href":"https:\/\/www.project44.com\/de\/wp-json\/wp\/v2\/types\/page"}],"author":[{"embeddable":true,"href":"https:\/\/www.project44.com\/de\/wp-json\/wp\/v2\/users\/4"}],"replies":[{"embeddable":true,"href":"https:\/\/www.project44.com\/de\/wp-json\/wp\/v2\/comments?post=40848"}],"version-history":[{"count":0,"href":"https:\/\/www.project44.com\/de\/wp-json\/wp\/v2\/pages\/40848\/revisions"}],"up":[{"embeddable":true,"href":"https:\/\/www.project44.com\/de\/wp-json\/wp\/v2\/pages\/40785"}],"wp:featuredmedia":[{"embeddable":true,"href":"https:\/\/www.project44.com\/de\/wp-json\/wp\/v2\/media\/66124"}],"wp:attachment":[{"href":"https:\/\/www.project44.com\/de\/wp-json\/wp\/v2\/media?parent=40848"}],"curies":[{"name":"wp","href":"https:\/\/api.w.org\/{rel}","templated":true}]}}