{"id":40896,"date":"2024-03-28T11:12:36","date_gmt":"2024-03-28T16:12:36","guid":{"rendered":"https:\/\/www.project44.com\/unternehmen\/karriere\/unsere-teams\/finanzen\/"},"modified":"2024-09-06T11:28:28","modified_gmt":"2024-09-06T16:28:28","slug":"finanzen","status":"publish","type":"page","link":"https:\/\/www.project44.com\/de\/unternehmen\/karriere\/unsere-teams\/finanzen\/","title":{"rendered":"Finanzen"},"content":{"rendered":"\n<div class=\"wp-block-cover alignfull is-light is-style-hero\" style=\"padding-top:0\"><span aria-hidden=\"true\" class=\"wp-block-cover__background has-black-background-color has-background-dim-40 has-background-dim\"><\/span><img loading=\"lazy\" decoding=\"async\" width=\"1512\" height=\"414\" class=\"wp-block-cover__image-background wp-image-21221\" alt=\"\" src=\"https:\/\/www.project44.com\/wp-content\/uploads\/2024\/03\/finance-hero-bg.webp\" data-object-fit=\"cover\" srcset=\"https:\/\/www.project44.com\/wp-content\/uploads\/2024\/03\/finance-hero-bg.webp 1512w, https:\/\/www.project44.com\/wp-content\/uploads\/2024\/03\/finance-hero-bg-300x82.webp 300w, https:\/\/www.project44.com\/wp-content\/uploads\/2024\/03\/finance-hero-bg-1024x280.webp 1024w, https:\/\/www.project44.com\/wp-content\/uploads\/2024\/03\/finance-hero-bg-768x210.webp 768w\" sizes=\"auto, (max-width: 1512px) 100vw, 1512px\" \/><div class=\"wp-block-cover__inner-container has-global-padding is-layout-constrained wp-container-core-cover-is-layout-949d87ff wp-block-cover-is-layout-constrained\">\n<div class=\"wp-block-group has-global-padding is-layout-constrained wp-container-core-group-is-layout-d7cb3538 wp-block-group-is-layout-constrained\">\n<h1 class=\"wp-block-heading has-text-align-center is-style-default has-white-color has-text-color has-link-color has-gigantic-size wp-elements-9c10fc13960de26465ddf771d9eea3fb\" id=\"h-finance\">Finanzen<\/h1>\n<\/div>\n<\/div><\/div>\n\n<div class=\"wp-block-group alignfull has-white-background-color has-background is-style-hero-pull-content-wide is-layout-flow wp-block-group-is-layout-flow\" style=\"border-radius:48px\">\n<div class=\"wp-block-group has-global-padding is-layout-constrained wp-container-core-group-is-layout-6993c734 wp-block-group-is-layout-constrained\" style=\"padding-top:var(--wp--preset--spacing--64);padding-bottom:var(--wp--preset--spacing--64)\">\n<h2 class=\"wp-block-heading has-text-align-center has-h1-size\" id=\"h-we-champion-process-transformation-and-support-decision-making-through-strategic-business-partnership\">Wir setzen uns f\u00fcr die Prozesstransformation ein und unterst\u00fctzen die Entscheidungsfindung durch strategische Gesch\u00e4ftspartnerschaft<\/h2>\n\n\n\n<div class=\"wp-block-buttons is-content-justification-center is-layout-flex wp-container-core-buttons-is-layout-a89b3969 wp-block-buttons-is-layout-flex\">\n<div class=\"wp-block-button has-x-large-size has-arrow\"><a class=\"wp-block-button__link has-primary-background-color has-background wp-element-button\" href=\"https:\/\/www.project44.com\/de\/unternehmen\/karriere\/offene-stellen\/?department=Finance\">Offene Stellen ansehen<\/a><\/div>\n<\/div>\n<\/div>\n<\/div>\n\n<div class=\"wp-block-group is-style-row-padding has-global-padding is-layout-constrained wp-container-core-group-is-layout-d0583175 wp-block-group-is-layout-constrained\">\n<h2 class=\"wp-block-heading has-text-align-center\" id=\"h-our-philosophy\">Unsere Philosophie<\/h2>\n\n\n\n<div class=\"wp-block-columns is-layout-flex wp-container-core-columns-is-layout-2f0fa7f0 wp-block-columns-is-layout-flex\">\n<div class=\"wp-block-column is-layout-flow wp-container-core-column-is-layout-e227e91a wp-block-column-is-layout-flow\" style=\"padding-top:var(--wp--preset--spacing--32);padding-bottom:var(--wp--preset--spacing--32)\">\n<h3 class=\"wp-block-heading\" id=\"h-business-partners\">Gesch\u00e4ftspartner<\/h3>\n\n\n\n<p class=\"has-large-font-size\">Wir nutzen unsere analytischen F\u00e4higkeiten, um eingehende Finanzanalysen durchzuf\u00fchren, strategische Pl\u00e4ne zu entwickeln und zu einer fundierten Entscheidungsfindung beizutragen, die den Erfolg unseres Unternehmens vorantreibt.<\/p>\n<\/div>\n\n\n\n<div class=\"wp-block-column is-layout-flow wp-container-core-column-is-layout-e227e91a wp-block-column-is-layout-flow\" style=\"padding-top:var(--wp--preset--spacing--32);padding-bottom:var(--wp--preset--spacing--32)\">\n<h3 class=\"wp-block-heading\" id=\"h-masters-of-financial-reporting\">Meister der Finanzberichterstattung<\/h3>\n\n\n\n<p class=\"has-large-font-size\">Wir sind Experten f\u00fcr Finanzberichterstattung und Compliance. Wir sorgen f\u00fcr genaue und transparente Jahresabschl\u00fcsse, erf\u00fcllen die gesetzlichen Vorschriften und wahren die h\u00f6chsten Standards finanzieller Integrit\u00e4t.<\/p>\n<\/div>\n\n\n\n<div class=\"wp-block-column is-layout-flow wp-container-core-column-is-layout-e227e91a wp-block-column-is-layout-flow\" style=\"padding-top:var(--wp--preset--spacing--32);padding-bottom:var(--wp--preset--spacing--32)\">\n<h3 class=\"wp-block-heading\" id=\"h-growth-drivers\">Wachstumstreiber<\/h3>\n\n\n\n<p class=\"has-large-font-size\">Wir spielen eine zentrale Rolle bei der F\u00f6rderung des Gesch\u00e4ftswachstums. Wir entwickeln und f\u00fchren Finanzstrategien aus, f\u00f6rdern die operative Disziplin und arbeiten mit funktions\u00fcbergreifenden Teams zusammen, um die strategischen Ziele unserer Organisation zu erreichen.<\/p>\n<\/div>\n<\/div>\n<\/div>\n\n<div class=\"wp-block-cover alignfull is-light is-repeated has-custom-content-position is-position-top-center has-border-color has-gray-lighter-border-color is-style-row-padding is-style-gap-none\" style=\"border-width:1px;border-radius:24px\"><span aria-hidden=\"true\" class=\"wp-block-cover__background has-background-dim-0 has-background-dim\"><\/span><div class=\"wp-block-cover__image-background wp-image-7492 is-repeated\" style=\"background-position:0% 5%;background-image:url(https:\/\/www.project44.com\/wp-content\/uploads\/2024\/01\/bg-grid-white-120.svg)\"><\/div><div class=\"wp-block-cover__inner-container has-global-padding is-layout-constrained wp-container-core-cover-is-layout-2cade157 wp-block-cover-is-layout-constrained\">\n<div class=\"wp-block-columns is-layout-flex wp-container-core-columns-is-layout-0b339b1a wp-block-columns-is-layout-flex\">\n<div class=\"wp-block-column is-layout-flow wp-block-column-is-layout-flow\">\n<div class=\"wp-block-group is-style-box-shadow-2 has-white-background-color has-background has-global-padding is-layout-constrained wp-container-core-group-is-layout-60c92ee3 wp-block-group-is-layout-constrained\" style=\"border-radius:24px;padding-top:var(--wp--preset--spacing--16);padding-right:var(--wp--preset--spacing--16);padding-bottom:var(--wp--preset--spacing--16);padding-left:var(--wp--preset--spacing--16)\">\n<figure class=\"wp-block-image size-full is-style-rounded is-style-img-responsive\"><img loading=\"lazy\" decoding=\"async\" width=\"592\" height=\"600\" src=\"https:\/\/www.project44.com\/wp-content\/uploads\/2024\/03\/finance-trust.webp\" alt=\"Wir sind vertrauensw&#xFC;rdige Gesch&#xE4;ftspartner, die f&#xFC;r erstklassige Entscheidungsfindung und Ergebnisse sorgen.\" class=\"wp-image-21227\" srcset=\"https:\/\/www.project44.com\/wp-content\/uploads\/2024\/03\/finance-trust.webp 592w, https:\/\/www.project44.com\/wp-content\/uploads\/2024\/03\/finance-trust-296x300.webp 296w\" sizes=\"auto, (max-width: 592px) 100vw, 592px\" \/><\/figure>\n<\/div>\n<\/div>\n\n\n\n<div class=\"wp-block-column is-vertically-aligned-center is-layout-flow wp-block-column-is-layout-flow\">\n<div class=\"wp-block-group has-global-padding is-content-justification-left is-layout-constrained wp-container-core-group-is-layout-d5209ea4 wp-block-group-is-layout-constrained\">\n<h2 class=\"wp-block-heading has-h1-size\" id=\"h-we-are-trusted-business-partners-who-drive-world-class-decision-making-and-outcomes\">Wir sind vertrauensw\u00fcrdige Gesch\u00e4ftspartner, die f\u00fcr erstklassige Entscheidungsfindung und Ergebnisse sorgen.<\/h2>\n<\/div>\n<\/div>\n<\/div>\n\n\n\n<div class=\"wp-block-columns is-style-mobile-reverse-rows is-layout-flex wp-container-core-columns-is-layout-0b339b1a wp-block-columns-is-layout-flex\">\n<div class=\"wp-block-column is-vertically-aligned-center is-layout-flow wp-block-column-is-layout-flow\">\n<div class=\"wp-block-group has-global-padding is-content-justification-left is-layout-constrained wp-container-core-group-is-layout-d5209ea4 wp-block-group-is-layout-constrained\">\n<h2 class=\"wp-block-heading has-h1-size\" id=\"h-through-reliable-insights-and-analysis-that-increase-shareholder-value\">Durch zuverl\u00e4ssige Einblicke und Analysen, die den Wert f\u00fcr die Aktion\u00e4re erh\u00f6hen.<\/h2>\n<\/div>\n<\/div>\n\n\n\n<div class=\"wp-block-column is-layout-flow wp-block-column-is-layout-flow\">\n<div class=\"wp-block-group is-style-box-shadow-2 has-white-background-color has-background has-global-padding is-layout-constrained wp-container-core-group-is-layout-60c92ee3 wp-block-group-is-layout-constrained\" style=\"border-radius:24px;padding-top:var(--wp--preset--spacing--16);padding-right:var(--wp--preset--spacing--16);padding-bottom:var(--wp--preset--spacing--16);padding-left:var(--wp--preset--spacing--16)\">\n<figure class=\"wp-block-image size-full is-style-rounded is-style-img-responsive\"><img loading=\"lazy\" decoding=\"async\" width=\"592\" height=\"600\" src=\"https:\/\/www.project44.com\/wp-content\/uploads\/2024\/03\/finance-insights.webp\" alt=\"Durch zuverl&#xE4;ssige Einblicke und Analysen, die den Wert f&#xFC;r die Aktion&#xE4;re erh&#xF6;hen.\" class=\"wp-image-21241\" srcset=\"https:\/\/www.project44.com\/wp-content\/uploads\/2024\/03\/finance-insights.webp 592w, https:\/\/www.project44.com\/wp-content\/uploads\/2024\/03\/finance-insights-296x300.webp 296w\" sizes=\"auto, (max-width: 592px) 100vw, 592px\" \/><\/figure>\n<\/div>\n<\/div>\n<\/div>\n\n\n\n<div class=\"wp-block-columns is-layout-flex wp-container-core-columns-is-layout-0b339b1a wp-block-columns-is-layout-flex\">\n<div class=\"wp-block-column is-layout-flow wp-block-column-is-layout-flow\">\n<div class=\"wp-block-group is-style-box-shadow-2 has-white-background-color has-background has-global-padding is-layout-constrained wp-container-core-group-is-layout-60c92ee3 wp-block-group-is-layout-constrained\" style=\"border-radius:24px;padding-top:var(--wp--preset--spacing--16);padding-right:var(--wp--preset--spacing--16);padding-bottom:var(--wp--preset--spacing--16);padding-left:var(--wp--preset--spacing--16)\">\n<figure class=\"wp-block-image size-full is-style-rounded is-style-img-responsive\"><img loading=\"lazy\" decoding=\"async\" width=\"592\" height=\"600\" src=\"https:\/\/www.project44.com\/wp-content\/uploads\/2024\/03\/finance-clarity.webp\" alt=\"Indem Sie die Vergangenheit mit Sicherheit verstehen und die Zukunft mit Klarheit sehen.\" class=\"wp-image-21249\" srcset=\"https:\/\/www.project44.com\/wp-content\/uploads\/2024\/03\/finance-clarity.webp 592w, https:\/\/www.project44.com\/wp-content\/uploads\/2024\/03\/finance-clarity-296x300.webp 296w\" sizes=\"auto, (max-width: 592px) 100vw, 592px\" \/><\/figure>\n<\/div>\n<\/div>\n\n\n\n<div class=\"wp-block-column is-vertically-aligned-center is-layout-flow wp-block-column-is-layout-flow\">\n<div class=\"wp-block-group has-global-padding is-content-justification-left is-layout-constrained wp-container-core-group-is-layout-d5209ea4 wp-block-group-is-layout-constrained\">\n<h2 class=\"wp-block-heading has-h1-size\" id=\"h-by-understanding-the-past-with-certainty-and-seeing-the-future-with-clarity\">Indem Sie die Vergangenheit mit Sicherheit verstehen und die Zukunft mit Klarheit sehen.<\/h2>\n<\/div>\n<\/div>\n<\/div>\n<\/div><\/div>\n\n<div class=\"wp-block-group is-style-row-padding has-global-padding is-layout-constrained wp-block-group-is-layout-constrained\">\n<div class=\"wp-block-group has-border-color has-black-border-color is-style-row-padding has-global-padding is-layout-constrained wp-container-core-group-is-layout-cc3ec867 wp-block-group-is-layout-constrained\" style=\"border-width:1px;border-radius:24px;padding-right:var(--wp--preset--spacing--64);padding-left:var(--wp--preset--spacing--64)\">\n<div class=\"wp-block-group has-global-padding is-layout-constrained wp-block-group-is-layout-constrained\" style=\"padding-top:var(--wp--preset--spacing--64);padding-bottom:var(--wp--preset--spacing--64)\">\n<blockquote class=\"wp-block-quote is-layout-flow wp-block-quote-is-layout-flow\">\n<h2 class=\"wp-block-heading has-h2-size\" id=\"h-working-on-the-project44-finance-team-has-offered-me-a-unique-experience-of-interacting-with-all-parts-of-the-business-and-professional-growth-in-ways-i-didn-t-expect\" style=\"margin-top:0;margin-bottom:0\">Die Arbeit im project44-Finanzteam hat mir eine einzigartige Erfahrung der Interaktion mit allen Teilen des Unternehmens und des beruflichen Wachstums auf eine Weise geboten, die ich nicht erwartet hatte.<\/h2>\n<cite><strong><mark style=\"background-color:rgba(0, 0, 0, 0)\" class=\"has-inline-color has-primary-color\">Weronika T.<\/mark><\/strong><br><strong><mark style=\"background-color:rgba(0, 0, 0, 0)\" class=\"has-inline-color has-primary-color\">Globale Finanzanalystin<\/mark><\/strong><\/cite><\/blockquote>\n<\/div>\n<\/div>\n<\/div>\n\n<div class=\"wp-block-group is-style-row-padding has-global-padding is-layout-constrained wp-block-group-is-layout-constrained\">\n<div class=\"wp-block-group has-white-background-color has-background is-style-box-shadow-2 has-global-padding is-layout-constrained wp-container-core-group-is-layout-60e89b47 wp-block-group-is-layout-constrained\" style=\"border-radius:24px;padding-top:var(--wp--preset--spacing--64);padding-right:var(--wp--preset--spacing--32);padding-bottom:var(--wp--preset--spacing--64);padding-left:var(--wp--preset--spacing--32)\">\n<h2 class=\"wp-block-heading has-text-align-center has-h3-size\" id=\"h-latest-finance-open-roles\">Die neuesten offenen Finanzstellen<\/h2>\n\n\n<div class=\"wp-block-knightowl-blocks-greenhouse-jobs\"><div class=\"no-results\">Es sind keine Stellenangebote verf\u00fcgbar<\/div><\/div>\n\n\n<div class=\"wp-block-buttons is-content-justification-center is-layout-flex wp-container-core-buttons-is-layout-a89b3969 wp-block-buttons-is-layout-flex\">\n<div class=\"wp-block-button has-x-large-size\"><a class=\"wp-block-button__link has-primary-background-color has-background wp-element-button\" href=\"https:\/\/www.project44.com\/de\/unternehmen\/karriere\/offene-stellen\/?department=Finance\">Alle Finanzstellen anzeigen<\/a><\/div>\n<\/div>\n<\/div>\n<\/div>\n","protected":false},"excerpt":{"rendered":"<p>Wir setzen uns f\u00fcr die Prozesstransformation ein und unterst\u00fctzen die Entscheidungsfindung durch strategische Gesch\u00e4ftspartnerschaft Unsere Philosophie Gesch\u00e4ftspartner Wir nutzen unsere analytischen F\u00e4higkeiten, um eingehende Finanzanalysen durchzuf\u00fchren, strategische Pl\u00e4ne zu entwickeln&#8230;<\/p>\n","protected":false},"author":4,"featured_media":0,"parent":40874,"menu_order":0,"comment_status":"closed","ping_status":"closed","template":"","meta":{"_acf_changed":false,"_relevanssi_hide_post":"","_relevanssi_hide_content":"","_relevanssi_pin_for_all":"","_relevanssi_pin_keywords":"","_relevanssi_unpin_keywords":"","_relevanssi_related_keywords":"","_relevanssi_related_include_ids":"","_relevanssi_related_exclude_ids":"","_relevanssi_related_no_append":"","_relevanssi_related_not_related":"","_relevanssi_related_posts":"","_relevanssi_noindex_reason":"","footnotes":""},"class_list":["post-40896","page","type-page","status-publish","hentry"],"acf":[],"yoast_head":"<!-- This site is optimized with the Yoast SEO Premium plugin v27.5 (Yoast SEO v27.5) - https:\/\/yoast.com\/product\/yoast-seo-premium-wordpress\/ -->\n<title>Einrichtungen | project44<\/title>\n<meta name=\"description\" content=\"Lernen Sie das project44-Finanzteam kennen. Erkunden Sie offene Stellen.\" \/>\n<meta name=\"robots\" content=\"index, follow, max-snippet:-1, max-image-preview:large, max-video-preview:-1\" \/>\n<link rel=\"canonical\" href=\"https:\/\/www.project44.com\/de\/unternehmen\/karriere\/unsere-teams\/finanzen\/\" \/>\n<meta property=\"og:locale\" content=\"de_DE\" \/>\n<meta property=\"og:type\" content=\"article\" \/>\n<meta property=\"og:title\" content=\"Finanzen\" \/>\n<meta property=\"og:description\" content=\"Lernen Sie das project44-Finanzteam kennen. Erkunden Sie offene Stellen.\" \/>\n<meta property=\"og:url\" content=\"https:\/\/www.project44.com\/de\/unternehmen\/karriere\/unsere-teams\/finanzen\/\" \/>\n<meta property=\"og:site_name\" content=\"project44\" \/>\n<meta property=\"article:publisher\" content=\"https:\/\/www.facebook.com\/project44Visibility\" \/>\n<meta property=\"article:modified_time\" content=\"2024-09-06T16:28:28+00:00\" \/>\n<meta property=\"og:image\" content=\"https:\/\/www.project44.com\/wp-content\/uploads\/2024\/03\/finance-hero-bg.webp\" \/>\n<meta name=\"twitter:card\" content=\"summary_large_image\" \/>\n<meta name=\"twitter:site\" content=\"@freightpipes\" \/>\n<meta name=\"twitter:label1\" content=\"Gesch\u00e4tzte Lesezeit\" \/>\n\t<meta name=\"twitter:data1\" content=\"1 Minute\" \/>\n<script type=\"application\/ld+json\" class=\"yoast-schema-graph\">{\"@context\":\"https:\\\/\\\/schema.org\",\"@graph\":[{\"@type\":\"WebPage\",\"@id\":\"https:\\\/\\\/www.project44.com\\\/de\\\/unternehmen\\\/karriere\\\/unsere-teams\\\/finanzen\\\/\",\"url\":\"https:\\\/\\\/www.project44.com\\\/de\\\/unternehmen\\\/karriere\\\/unsere-teams\\\/finanzen\\\/\",\"name\":\"Einrichtungen | project44\",\"isPartOf\":{\"@id\":\"https:\\\/\\\/www.project44.com\\\/de\\\/#website\"},\"primaryImageOfPage\":{\"@id\":\"https:\\\/\\\/www.project44.com\\\/de\\\/unternehmen\\\/karriere\\\/unsere-teams\\\/finanzen\\\/#primaryimage\"},\"image\":{\"@id\":\"https:\\\/\\\/www.project44.com\\\/de\\\/unternehmen\\\/karriere\\\/unsere-teams\\\/finanzen\\\/#primaryimage\"},\"thumbnailUrl\":\"https:\\\/\\\/www.project44.com\\\/wp-content\\\/uploads\\\/2024\\\/03\\\/finance-hero-bg.webp\",\"datePublished\":\"2024-03-28T16:12:36+00:00\",\"dateModified\":\"2024-09-06T16:28:28+00:00\",\"description\":\"Lernen Sie das project44-Finanzteam kennen. Erkunden Sie offene Stellen.\",\"breadcrumb\":{\"@id\":\"https:\\\/\\\/www.project44.com\\\/de\\\/unternehmen\\\/karriere\\\/unsere-teams\\\/finanzen\\\/#breadcrumb\"},\"inLanguage\":\"de-DE\",\"potentialAction\":[{\"@type\":\"ReadAction\",\"target\":[\"https:\\\/\\\/www.project44.com\\\/de\\\/unternehmen\\\/karriere\\\/unsere-teams\\\/finanzen\\\/\"]}]},{\"@type\":\"ImageObject\",\"inLanguage\":\"de-DE\",\"@id\":\"https:\\\/\\\/www.project44.com\\\/de\\\/unternehmen\\\/karriere\\\/unsere-teams\\\/finanzen\\\/#primaryimage\",\"url\":\"https:\\\/\\\/www.project44.com\\\/wp-content\\\/uploads\\\/2024\\\/03\\\/finance-hero-bg.webp\",\"contentUrl\":\"https:\\\/\\\/www.project44.com\\\/wp-content\\\/uploads\\\/2024\\\/03\\\/finance-hero-bg.webp\"},{\"@type\":\"BreadcrumbList\",\"@id\":\"https:\\\/\\\/www.project44.com\\\/de\\\/unternehmen\\\/karriere\\\/unsere-teams\\\/finanzen\\\/#breadcrumb\",\"itemListElement\":[{\"@type\":\"ListItem\",\"position\":1,\"name\":\"Home\",\"item\":\"https:\\\/\\\/www.project44.com\\\/de\\\/\"},{\"@type\":\"ListItem\",\"position\":2,\"name\":\"Unternehmen\",\"item\":\"https:\\\/\\\/www.project44.com\\\/de\\\/unternehmen\\\/\"},{\"@type\":\"ListItem\",\"position\":3,\"name\":\"Karriere\",\"item\":\"https:\\\/\\\/www.project44.com\\\/de\\\/unternehmen\\\/karriere\\\/\"},{\"@type\":\"ListItem\",\"position\":4,\"name\":\"Unsere Teams\",\"item\":\"https:\\\/\\\/www.project44.com\\\/de\\\/unternehmen\\\/karriere\\\/unsere-teams\\\/\"},{\"@type\":\"ListItem\",\"position\":5,\"name\":\"Finanzen\"}]},{\"@type\":\"WebSite\",\"@id\":\"https:\\\/\\\/www.project44.com\\\/de\\\/#website\",\"url\":\"https:\\\/\\\/www.project44.com\\\/de\\\/\",\"name\":\"project44\",\"description\":\"\",\"publisher\":{\"@id\":\"https:\\\/\\\/www.project44.com\\\/de\\\/#organization\"},\"potentialAction\":[{\"@type\":\"SearchAction\",\"target\":{\"@type\":\"EntryPoint\",\"urlTemplate\":\"https:\\\/\\\/www.project44.com\\\/de\\\/?s={search_term_string}\"},\"query-input\":{\"@type\":\"PropertyValueSpecification\",\"valueRequired\":true,\"valueName\":\"search_term_string\"}}],\"inLanguage\":\"de-DE\"},{\"@type\":\"Organization\",\"@id\":\"https:\\\/\\\/www.project44.com\\\/de\\\/#organization\",\"name\":\"project44\",\"url\":\"https:\\\/\\\/www.project44.com\\\/de\\\/\",\"logo\":{\"@type\":\"ImageObject\",\"inLanguage\":\"de-DE\",\"@id\":\"https:\\\/\\\/www.project44.com\\\/de\\\/#\\\/schema\\\/logo\\\/image\\\/\",\"url\":\"https:\\\/\\\/www.project44.com\\\/wp-content\\\/uploads\\\/2024\\\/01\\\/logo.svg\",\"contentUrl\":\"https:\\\/\\\/www.project44.com\\\/wp-content\\\/uploads\\\/2024\\\/01\\\/logo.svg\",\"width\":213,\"height\":73,\"caption\":\"project44\"},\"image\":{\"@id\":\"https:\\\/\\\/www.project44.com\\\/de\\\/#\\\/schema\\\/logo\\\/image\\\/\"},\"sameAs\":[\"https:\\\/\\\/www.facebook.com\\\/project44Visibility\",\"https:\\\/\\\/x.com\\\/freightpipes\",\"https:\\\/\\\/www.linkedin.com\\\/company\\\/project-44\",\"https:\\\/\\\/www.instagram.com\\\/project44global\"]}]}<\/script>\n<!-- \/ Yoast SEO Premium plugin. -->","yoast_head_json":{"title":"Einrichtungen | project44","description":"Lernen Sie das project44-Finanzteam kennen. Erkunden Sie offene Stellen.","robots":{"index":"index","follow":"follow","max-snippet":"max-snippet:-1","max-image-preview":"max-image-preview:large","max-video-preview":"max-video-preview:-1"},"canonical":"https:\/\/www.project44.com\/de\/unternehmen\/karriere\/unsere-teams\/finanzen\/","og_locale":"de_DE","og_type":"article","og_title":"Finanzen","og_description":"Lernen Sie das project44-Finanzteam kennen. Erkunden Sie offene Stellen.","og_url":"https:\/\/www.project44.com\/de\/unternehmen\/karriere\/unsere-teams\/finanzen\/","og_site_name":"project44","article_publisher":"https:\/\/www.facebook.com\/project44Visibility","article_modified_time":"2024-09-06T16:28:28+00:00","og_image":[{"url":"https:\/\/www.project44.com\/wp-content\/uploads\/2024\/03\/finance-hero-bg.webp","type":"","width":"","height":""}],"twitter_card":"summary_large_image","twitter_site":"@freightpipes","twitter_misc":{"Gesch\u00e4tzte Lesezeit":"1 Minute"},"schema":{"@context":"https:\/\/schema.org","@graph":[{"@type":"WebPage","@id":"https:\/\/www.project44.com\/de\/unternehmen\/karriere\/unsere-teams\/finanzen\/","url":"https:\/\/www.project44.com\/de\/unternehmen\/karriere\/unsere-teams\/finanzen\/","name":"Einrichtungen | project44","isPartOf":{"@id":"https:\/\/www.project44.com\/de\/#website"},"primaryImageOfPage":{"@id":"https:\/\/www.project44.com\/de\/unternehmen\/karriere\/unsere-teams\/finanzen\/#primaryimage"},"image":{"@id":"https:\/\/www.project44.com\/de\/unternehmen\/karriere\/unsere-teams\/finanzen\/#primaryimage"},"thumbnailUrl":"https:\/\/www.project44.com\/wp-content\/uploads\/2024\/03\/finance-hero-bg.webp","datePublished":"2024-03-28T16:12:36+00:00","dateModified":"2024-09-06T16:28:28+00:00","description":"Lernen Sie das project44-Finanzteam kennen. Erkunden Sie offene Stellen.","breadcrumb":{"@id":"https:\/\/www.project44.com\/de\/unternehmen\/karriere\/unsere-teams\/finanzen\/#breadcrumb"},"inLanguage":"de-DE","potentialAction":[{"@type":"ReadAction","target":["https:\/\/www.project44.com\/de\/unternehmen\/karriere\/unsere-teams\/finanzen\/"]}]},{"@type":"ImageObject","inLanguage":"de-DE","@id":"https:\/\/www.project44.com\/de\/unternehmen\/karriere\/unsere-teams\/finanzen\/#primaryimage","url":"https:\/\/www.project44.com\/wp-content\/uploads\/2024\/03\/finance-hero-bg.webp","contentUrl":"https:\/\/www.project44.com\/wp-content\/uploads\/2024\/03\/finance-hero-bg.webp"},{"@type":"BreadcrumbList","@id":"https:\/\/www.project44.com\/de\/unternehmen\/karriere\/unsere-teams\/finanzen\/#breadcrumb","itemListElement":[{"@type":"ListItem","position":1,"name":"Home","item":"https:\/\/www.project44.com\/de\/"},{"@type":"ListItem","position":2,"name":"Unternehmen","item":"https:\/\/www.project44.com\/de\/unternehmen\/"},{"@type":"ListItem","position":3,"name":"Karriere","item":"https:\/\/www.project44.com\/de\/unternehmen\/karriere\/"},{"@type":"ListItem","position":4,"name":"Unsere Teams","item":"https:\/\/www.project44.com\/de\/unternehmen\/karriere\/unsere-teams\/"},{"@type":"ListItem","position":5,"name":"Finanzen"}]},{"@type":"WebSite","@id":"https:\/\/www.project44.com\/de\/#website","url":"https:\/\/www.project44.com\/de\/","name":"project44","description":"","publisher":{"@id":"https:\/\/www.project44.com\/de\/#organization"},"potentialAction":[{"@type":"SearchAction","target":{"@type":"EntryPoint","urlTemplate":"https:\/\/www.project44.com\/de\/?s={search_term_string}"},"query-input":{"@type":"PropertyValueSpecification","valueRequired":true,"valueName":"search_term_string"}}],"inLanguage":"de-DE"},{"@type":"Organization","@id":"https:\/\/www.project44.com\/de\/#organization","name":"project44","url":"https:\/\/www.project44.com\/de\/","logo":{"@type":"ImageObject","inLanguage":"de-DE","@id":"https:\/\/www.project44.com\/de\/#\/schema\/logo\/image\/","url":"https:\/\/www.project44.com\/wp-content\/uploads\/2024\/01\/logo.svg","contentUrl":"https:\/\/www.project44.com\/wp-content\/uploads\/2024\/01\/logo.svg","width":213,"height":73,"caption":"project44"},"image":{"@id":"https:\/\/www.project44.com\/de\/#\/schema\/logo\/image\/"},"sameAs":["https:\/\/www.facebook.com\/project44Visibility","https:\/\/x.com\/freightpipes","https:\/\/www.linkedin.com\/company\/project-44","https:\/\/www.instagram.com\/project44global"]}]}},"_links":{"self":[{"href":"https:\/\/www.project44.com\/de\/wp-json\/wp\/v2\/pages\/40896","targetHints":{"allow":["GET"]}}],"collection":[{"href":"https:\/\/www.project44.com\/de\/wp-json\/wp\/v2\/pages"}],"about":[{"href":"https:\/\/www.project44.com\/de\/wp-json\/wp\/v2\/types\/page"}],"author":[{"embeddable":true,"href":"https:\/\/www.project44.com\/de\/wp-json\/wp\/v2\/users\/4"}],"replies":[{"embeddable":true,"href":"https:\/\/www.project44.com\/de\/wp-json\/wp\/v2\/comments?post=40896"}],"version-history":[{"count":0,"href":"https:\/\/www.project44.com\/de\/wp-json\/wp\/v2\/pages\/40896\/revisions"}],"up":[{"embeddable":true,"href":"https:\/\/www.project44.com\/de\/wp-json\/wp\/v2\/pages\/40874"}],"wp:attachment":[{"href":"https:\/\/www.project44.com\/de\/wp-json\/wp\/v2\/media?parent=40896"}],"curies":[{"name":"wp","href":"https:\/\/api.w.org\/{rel}","templated":true}]}}