{"id":40899,"date":"2024-03-24T00:17:50","date_gmt":"2024-03-24T05:17:50","guid":{"rendered":"https:\/\/www.project44.com\/unternehmen\/karriere\/unsere-teams\/softwareentwicklung\/"},"modified":"2024-09-06T11:28:28","modified_gmt":"2024-09-06T16:28:28","slug":"softwareentwicklung","status":"publish","type":"page","link":"https:\/\/www.project44.com\/de\/unternehmen\/karriere\/unsere-teams\/softwareentwicklung\/","title":{"rendered":"Softwareentwicklung"},"content":{"rendered":"\n<div class=\"wp-block-cover alignfull is-style-hero\" style=\"padding-top:0\"><span aria-hidden=\"true\" class=\"wp-block-cover__background has-black-background-color has-background-dim-40 has-background-dim\"><\/span><img loading=\"lazy\" decoding=\"async\" width=\"1512\" height=\"414\" class=\"wp-block-cover__image-background wp-image-21026\" alt=\"\" src=\"https:\/\/www.project44.com\/wp-content\/uploads\/2024\/03\/engineering-hero-bg.webp\" data-object-fit=\"cover\" srcset=\"https:\/\/www.project44.com\/wp-content\/uploads\/2024\/03\/engineering-hero-bg.webp 1512w, https:\/\/www.project44.com\/wp-content\/uploads\/2024\/03\/engineering-hero-bg-300x82.webp 300w, https:\/\/www.project44.com\/wp-content\/uploads\/2024\/03\/engineering-hero-bg-1024x280.webp 1024w, https:\/\/www.project44.com\/wp-content\/uploads\/2024\/03\/engineering-hero-bg-768x210.webp 768w\" sizes=\"auto, (max-width: 1512px) 100vw, 1512px\" \/><div class=\"wp-block-cover__inner-container has-global-padding is-layout-constrained wp-container-core-cover-is-layout-949d87ff wp-block-cover-is-layout-constrained\">\n<div class=\"wp-block-group has-global-padding is-layout-constrained wp-container-core-group-is-layout-d7cb3538 wp-block-group-is-layout-constrained\">\n<h1 class=\"wp-block-heading has-text-align-center is-style-default has-white-color has-text-color has-link-color has-gigantic-size wp-elements-326866fc4262bd274b9cc5d9f8d396ec\" id=\"h-engineering\">Softwareentwicklung<\/h1>\n<\/div>\n<\/div><\/div>\n\n<div class=\"wp-block-group alignfull has-white-background-color has-background is-style-hero-pull-content-wide is-layout-flow wp-block-group-is-layout-flow\" style=\"border-radius:48px\">\n<div class=\"wp-block-group has-global-padding is-layout-constrained wp-container-core-group-is-layout-6993c734 wp-block-group-is-layout-constrained\" style=\"padding-top:var(--wp--preset--spacing--64);padding-bottom:var(--wp--preset--spacing--64)\">\n<h2 class=\"wp-block-heading has-text-align-center has-h1-size\" id=\"h-we-strive-for-high-quality-and-emphasize-collaboration-and-innovation\">Wir streben nach hoher Qualit\u00e4t und legen Wert auf Zusammenarbeit und Innovation<\/h2>\n\n\n\n<div class=\"wp-block-buttons is-content-justification-center is-layout-flex wp-container-core-buttons-is-layout-a89b3969 wp-block-buttons-is-layout-flex\">\n<div class=\"wp-block-button has-x-large-size has-arrow\"><a class=\"wp-block-button__link has-primary-background-color has-background wp-element-button\" href=\"https:\/\/www.project44.com\/de\/unternehmen\/karriere\/offene-stellen\/?department=Engineering\">Offene Stellen ansehen<\/a><\/div>\n<\/div>\n<\/div>\n<\/div>\n\n<div class=\"wp-block-group is-style-row-padding has-global-padding is-layout-constrained wp-container-core-group-is-layout-d0583175 wp-block-group-is-layout-constrained\">\n<h2 class=\"wp-block-heading has-text-align-center\" id=\"h-our-philosophy\">Unsere Philosophie<\/h2>\n\n\n\n<div class=\"wp-block-columns is-layout-flex wp-container-core-columns-is-layout-2f0fa7f0 wp-block-columns-is-layout-flex\">\n<div class=\"wp-block-column is-layout-flow wp-container-core-column-is-layout-e227e91a wp-block-column-is-layout-flow\" style=\"padding-top:var(--wp--preset--spacing--32);padding-bottom:var(--wp--preset--spacing--32)\">\n<h3 class=\"wp-block-heading\" id=\"h-innovation\">Innovation<\/h3>\n\n\n\n<p class=\"has-large-font-size\">Wir suchen und testen st\u00e4ndig neue Technologie- und Architekturparadigmen. Wir haben keine Angst vor Ver\u00e4nderungen.<\/p>\n<\/div>\n\n\n\n<div class=\"wp-block-column is-layout-flow wp-container-core-column-is-layout-e227e91a wp-block-column-is-layout-flow\" style=\"padding-top:var(--wp--preset--spacing--32);padding-bottom:var(--wp--preset--spacing--32)\">\n<h3 class=\"wp-block-heading\" id=\"h-collaboration-amp-growth\">Zusammenarbeit und Wachstum<\/h3>\n\n\n\n<p class=\"has-large-font-size\">Das pers\u00f6nliche und berufliche Wachstum ist f\u00fcr uns sehr wichtig. Sie werden Ihre React-F\u00e4higkeiten st\u00e4rken, Ihren Kolleginnen und Kollegen als Mentor dienen und brandneue Technologien erlernen k\u00f6nnen.<\/p>\n<\/div>\n\n\n\n<div class=\"wp-block-column is-layout-flow wp-container-core-column-is-layout-e227e91a wp-block-column-is-layout-flow\" style=\"padding-top:var(--wp--preset--spacing--32);padding-bottom:var(--wp--preset--spacing--32)\">\n<h3 class=\"wp-block-heading\" id=\"h-excellence\">Exzellenz<\/h3>\n\n\n\n<p class=\"has-large-font-size\">Guter Code spricht f\u00fcr sich selbst (obwohl wir trotzdem auf Kommentare stehen). Hochwertige, innovative und effiziente L\u00f6sungen, die die Erwartungen \u00fcbertreffen, sind unser Alltagsgesch\u00e4ft.<\/p>\n<\/div>\n<\/div>\n<\/div>\n\n<div class=\"wp-block-cover alignfull is-light is-repeated has-custom-content-position is-position-top-center has-border-color has-gray-lighter-border-color is-style-row-padding is-style-gap-none\" style=\"border-width:1px;border-radius:24px\"><span aria-hidden=\"true\" class=\"wp-block-cover__background has-background-dim-0 has-background-dim\"><\/span><div class=\"wp-block-cover__image-background wp-image-7492 is-repeated\" style=\"background-position:0% 5%;background-image:url(https:\/\/www.project44.com\/wp-content\/uploads\/2024\/01\/bg-grid-white-120.svg)\"><\/div><div class=\"wp-block-cover__inner-container has-global-padding is-layout-constrained wp-container-core-cover-is-layout-2cade157 wp-block-cover-is-layout-constrained\">\n<div class=\"wp-block-columns is-layout-flex wp-container-core-columns-is-layout-0b339b1a wp-block-columns-is-layout-flex\">\n<div class=\"wp-block-column is-layout-flow wp-block-column-is-layout-flow\">\n<div class=\"wp-block-group is-style-box-shadow-2 has-white-background-color has-background has-global-padding is-layout-constrained wp-container-core-group-is-layout-60c92ee3 wp-block-group-is-layout-constrained\" style=\"border-radius:24px;padding-top:var(--wp--preset--spacing--16);padding-right:var(--wp--preset--spacing--16);padding-bottom:var(--wp--preset--spacing--16);padding-left:var(--wp--preset--spacing--16)\">\n<figure class=\"wp-block-image size-full is-style-rounded is-style-img-responsive\"><img loading=\"lazy\" decoding=\"async\" width=\"592\" height=\"600\" src=\"https:\/\/www.project44.com\/wp-content\/uploads\/2024\/03\/engineering-talent.webp\" alt=\"\" class=\"wp-image-21034\" srcset=\"https:\/\/www.project44.com\/wp-content\/uploads\/2024\/03\/engineering-talent.webp 592w, https:\/\/www.project44.com\/wp-content\/uploads\/2024\/03\/engineering-talent-296x300.webp 296w\" sizes=\"auto, (max-width: 592px) 100vw, 592px\" \/><\/figure>\n<\/div>\n<\/div>\n\n\n\n<div class=\"wp-block-column is-vertically-aligned-center is-layout-flow wp-block-column-is-layout-flow\">\n<div class=\"wp-block-group has-global-padding is-content-justification-left is-layout-constrained wp-container-core-group-is-layout-d5209ea4 wp-block-group-is-layout-constrained\">\n<h2 class=\"wp-block-heading has-h1-size\" id=\"h-we-are-comprised-of-talented-and-inspired-people-from-all-walks-of-life\">Unser Team besteht aus talentierten und motivierten Menschen aus allen Lebensbereichen.<\/h2>\n<\/div>\n<\/div>\n<\/div>\n\n\n\n<div class=\"wp-block-columns is-style-mobile-reverse-rows is-layout-flex wp-container-core-columns-is-layout-0b339b1a wp-block-columns-is-layout-flex\">\n<div class=\"wp-block-column is-vertically-aligned-center is-layout-flow wp-block-column-is-layout-flow\">\n<div class=\"wp-block-group has-global-padding is-content-justification-left is-layout-constrained wp-container-core-group-is-layout-d5209ea4 wp-block-group-is-layout-constrained\">\n<h2 class=\"wp-block-heading has-h1-size\" id=\"h-striving-to-make-a-significant-impact-in-the-world-of-technology\">Unser Ziel ist es, einen signifikanten Einfluss auf die Welt der Technologie zu haben.<\/h2>\n<\/div>\n<\/div>\n\n\n\n<div class=\"wp-block-column is-layout-flow wp-block-column-is-layout-flow\">\n<div class=\"wp-block-group is-style-box-shadow-2 has-white-background-color has-background has-global-padding is-layout-constrained wp-container-core-group-is-layout-60c92ee3 wp-block-group-is-layout-constrained\" style=\"border-radius:24px;padding-top:var(--wp--preset--spacing--16);padding-right:var(--wp--preset--spacing--16);padding-bottom:var(--wp--preset--spacing--16);padding-left:var(--wp--preset--spacing--16)\">\n<figure class=\"wp-block-image size-full is-style-rounded is-style-img-responsive\"><img loading=\"lazy\" decoding=\"async\" width=\"592\" height=\"600\" src=\"https:\/\/www.project44.com\/wp-content\/uploads\/2024\/03\/engineering-impact.webp\" alt=\"Unser Ziel ist es, einen signifikanten Einfluss auf die Welt der Technologie zu haben.\" class=\"wp-image-21044\" srcset=\"https:\/\/www.project44.com\/wp-content\/uploads\/2024\/03\/engineering-impact.webp 592w, https:\/\/www.project44.com\/wp-content\/uploads\/2024\/03\/engineering-impact-296x300.webp 296w\" sizes=\"auto, (max-width: 592px) 100vw, 592px\" \/><\/figure>\n<\/div>\n<\/div>\n<\/div>\n\n\n\n<div class=\"wp-block-columns is-layout-flex wp-container-core-columns-is-layout-0b339b1a wp-block-columns-is-layout-flex\">\n<div class=\"wp-block-column is-layout-flow wp-block-column-is-layout-flow\">\n<div class=\"wp-block-group is-style-box-shadow-2 has-white-background-color has-background has-global-padding is-layout-constrained wp-container-core-group-is-layout-60c92ee3 wp-block-group-is-layout-constrained\" style=\"border-radius:24px;padding-top:var(--wp--preset--spacing--16);padding-right:var(--wp--preset--spacing--16);padding-bottom:var(--wp--preset--spacing--16);padding-left:var(--wp--preset--spacing--16)\">\n<figure class=\"wp-block-image size-full is-style-rounded is-style-img-responsive\"><img loading=\"lazy\" decoding=\"async\" width=\"592\" height=\"600\" src=\"https:\/\/www.project44.com\/wp-content\/uploads\/2024\/03\/engineering-excellence.webp\" alt=\"Gleichzeitig streben wir nach Exzellenz, hervorragender Zusammenarbeit und wollen kontinuierlich lernen.\" class=\"wp-image-21050\" srcset=\"https:\/\/www.project44.com\/wp-content\/uploads\/2024\/03\/engineering-excellence.webp 592w, https:\/\/www.project44.com\/wp-content\/uploads\/2024\/03\/engineering-excellence-296x300.webp 296w\" sizes=\"auto, (max-width: 592px) 100vw, 592px\" \/><\/figure>\n<\/div>\n<\/div>\n\n\n\n<div class=\"wp-block-column is-vertically-aligned-center is-layout-flow wp-block-column-is-layout-flow\">\n<div class=\"wp-block-group has-global-padding is-content-justification-left is-layout-constrained wp-container-core-group-is-layout-d5209ea4 wp-block-group-is-layout-constrained\">\n<h2 class=\"wp-block-heading has-h1-size\" id=\"h-while-fostering-the-pursuit-of-excellence-collaboration-and-continuous-learning\">Gleichzeitig streben wir nach Exzellenz, hervorragender Zusammenarbeit und wollen kontinuierlich lernen.<\/h2>\n<\/div>\n<\/div>\n<\/div>\n<\/div><\/div>\n\n<div class=\"wp-block-group is-style-row-padding has-global-padding is-layout-constrained wp-block-group-is-layout-constrained\">\n<div class=\"wp-block-group has-border-color has-black-border-color is-style-row-padding has-global-padding is-layout-constrained wp-container-core-group-is-layout-cc3ec867 wp-block-group-is-layout-constrained\" style=\"border-width:1px;border-radius:24px;padding-right:var(--wp--preset--spacing--64);padding-left:var(--wp--preset--spacing--64)\">\n<div class=\"wp-block-group has-global-padding is-layout-constrained wp-block-group-is-layout-constrained\" style=\"padding-top:var(--wp--preset--spacing--64);padding-bottom:var(--wp--preset--spacing--64)\">\n<blockquote class=\"wp-block-quote is-layout-flow wp-block-quote-is-layout-flow\">\n<h2 class=\"wp-block-heading has-h2-size\" id=\"h-i-was-drawn-to-the-real-world-nature-of-the-supply-chain-problem-in-the-next-years-i-see-us-investing-in-building-on-our-strength-of-visibility-to-bring-additional-products-across-the-supply-chain-lifecycle\" style=\"margin-top:0;margin-bottom:0\">Probleme in der Lieferkette sind ein sehr reales Thema \u2013 das fasziniert mich daran. In den n\u00e4chsten Jahren investieren wir in den Ausbau unserer Visibilit\u00e4t, um zus\u00e4tzliche Produkte f\u00fcr den gesamten Lebenszyklus der Lieferkette bereitzustellen.<\/h2>\n<cite><mark style=\"background-color:rgba(0, 0, 0, 0)\" class=\"has-inline-color has-primary-color\"><strong>Praveen Murugesan<\/strong><\/mark><br><mark style=\"background-color:rgba(0, 0, 0, 0)\" class=\"has-inline-color has-primary-color\"><strong>\u2028VP, Softwareentwicklung<\/strong><\/mark><\/cite><\/blockquote>\n<\/div>\n<\/div>\n<\/div>\n\n<div class=\"wp-block-group is-style-row-padding has-global-padding is-layout-constrained wp-block-group-is-layout-constrained\">\n<div class=\"wp-block-group has-white-background-color has-background is-style-box-shadow-2 has-global-padding is-layout-constrained wp-container-core-group-is-layout-60e89b47 wp-block-group-is-layout-constrained\" style=\"border-radius:24px;padding-top:var(--wp--preset--spacing--64);padding-right:var(--wp--preset--spacing--32);padding-bottom:var(--wp--preset--spacing--64);padding-left:var(--wp--preset--spacing--32)\">\n<h2 class=\"wp-block-heading has-text-align-center has-h3-size\" id=\"h-latest-engineering-open-roles\">Die neuesten offenen Stellen in der Softwareentwicklung<\/h2>\n\n\n<div class=\"wp-block-knightowl-blocks-greenhouse-jobs\"><div class=\"wp-block-grid columns-2 columns-tablet-2 columns-stack-mobile wp-block-knightowl-blocks-greenhouse-jobs\"><div class=\"grid-item\"><div class=\"job-item\"><h3 class=\"job-title is-style-stretched-link\"><a href=\"\/company\/careers\/open-roles\/job?detail=7179793\">Software Engineer &#8211; Backend<\/a><\/h3><p>Bangalore<\/p><\/div><\/div><div class=\"grid-item\"><div class=\"job-item\"><h3 class=\"job-title is-style-stretched-link\"><a href=\"\/company\/careers\/open-roles\/job?detail=7540757\">Senior Software Engineer 2<\/a><\/h3><p>Chennai<\/p><\/div><\/div><div class=\"grid-item\"><div class=\"job-item\"><h3 class=\"job-title is-style-stretched-link\"><a href=\"\/company\/careers\/open-roles\/job?detail=7646443\">Software Engineer <\/a><\/h3><p>Chicago<\/p><\/div><\/div><div class=\"grid-item\"><div class=\"job-item\"><h3 class=\"job-title is-style-stretched-link\"><a href=\"\/company\/careers\/open-roles\/job?detail=7646445\">Senior Software Engineer <\/a><\/h3><p>Chicago<\/p><\/div><\/div><\/div><\/div>\n\n\n<div class=\"wp-block-buttons is-content-justification-center is-layout-flex wp-container-core-buttons-is-layout-a89b3969 wp-block-buttons-is-layout-flex\">\n<div class=\"wp-block-button has-x-large-size\"><a class=\"wp-block-button__link has-primary-background-color has-background wp-element-button\" href=\"https:\/\/www.project44.com\/de\/unternehmen\/karriere\/offene-stellen\/?department=Engineering\">Alle Stellen in der Softwareentwicklung anzeigen<\/a><\/div>\n<\/div>\n<\/div>\n<\/div>\n","protected":false},"excerpt":{"rendered":"<p>Wir streben nach hoher Qualit\u00e4t und legen Wert auf Zusammenarbeit und Innovation Unsere Philosophie Innovation Wir suchen und testen st\u00e4ndig neue Technologie- und Architekturparadigmen. Wir haben keine Angst vor Ver\u00e4nderungen&#8230;.<\/p>\n","protected":false},"author":1,"featured_media":0,"parent":40874,"menu_order":0,"comment_status":"closed","ping_status":"closed","template":"","meta":{"_acf_changed":false,"_relevanssi_hide_post":"","_relevanssi_hide_content":"","_relevanssi_pin_for_all":"","_relevanssi_pin_keywords":"","_relevanssi_unpin_keywords":"","_relevanssi_related_keywords":"","_relevanssi_related_include_ids":"","_relevanssi_related_exclude_ids":"","_relevanssi_related_no_append":"","_relevanssi_related_not_related":"","_relevanssi_related_posts":"","_relevanssi_noindex_reason":"","footnotes":""},"class_list":["post-40899","page","type-page","status-publish","hentry"],"acf":[],"yoast_head":"<!-- This site is optimized with the Yoast SEO Premium plugin v27.5 (Yoast SEO v27.5) - https:\/\/yoast.com\/product\/yoast-seo-premium-wordpress\/ -->\n<title>Softwareentwicklung | project44<\/title>\n<meta name=\"description\" content=\"Lernen Sie die Softwareentwickler:innen von project44 kennen. Erkunden Sie offene Stellen.\" \/>\n<meta name=\"robots\" content=\"index, follow, max-snippet:-1, max-image-preview:large, max-video-preview:-1\" \/>\n<link rel=\"canonical\" href=\"https:\/\/www.project44.com\/de\/unternehmen\/karriere\/unsere-teams\/softwareentwicklung\/\" \/>\n<meta property=\"og:locale\" content=\"de_DE\" \/>\n<meta property=\"og:type\" content=\"article\" \/>\n<meta property=\"og:title\" content=\"Softwareentwicklung\" \/>\n<meta property=\"og:description\" content=\"Lernen Sie die Softwareentwickler:innen von project44 kennen. Erkunden Sie offene Stellen.\" \/>\n<meta property=\"og:url\" content=\"https:\/\/www.project44.com\/de\/unternehmen\/karriere\/unsere-teams\/softwareentwicklung\/\" \/>\n<meta property=\"og:site_name\" content=\"project44\" \/>\n<meta property=\"article:publisher\" content=\"https:\/\/www.facebook.com\/project44Visibility\" \/>\n<meta property=\"article:modified_time\" content=\"2024-09-06T16:28:28+00:00\" \/>\n<meta property=\"og:image\" content=\"https:\/\/www.project44.com\/wp-content\/uploads\/2024\/03\/engineering-hero-bg.webp\" \/>\n<meta name=\"twitter:card\" content=\"summary_large_image\" \/>\n<meta name=\"twitter:site\" content=\"@freightpipes\" \/>\n<meta name=\"twitter:label1\" content=\"Gesch\u00e4tzte Lesezeit\" \/>\n\t<meta name=\"twitter:data1\" content=\"1 Minute\" \/>\n<script type=\"application\/ld+json\" class=\"yoast-schema-graph\">{\"@context\":\"https:\\\/\\\/schema.org\",\"@graph\":[{\"@type\":\"WebPage\",\"@id\":\"https:\\\/\\\/www.project44.com\\\/de\\\/unternehmen\\\/karriere\\\/unsere-teams\\\/softwareentwicklung\\\/\",\"url\":\"https:\\\/\\\/www.project44.com\\\/de\\\/unternehmen\\\/karriere\\\/unsere-teams\\\/softwareentwicklung\\\/\",\"name\":\"Softwareentwicklung | project44\",\"isPartOf\":{\"@id\":\"https:\\\/\\\/www.project44.com\\\/de\\\/#website\"},\"primaryImageOfPage\":{\"@id\":\"https:\\\/\\\/www.project44.com\\\/de\\\/unternehmen\\\/karriere\\\/unsere-teams\\\/softwareentwicklung\\\/#primaryimage\"},\"image\":{\"@id\":\"https:\\\/\\\/www.project44.com\\\/de\\\/unternehmen\\\/karriere\\\/unsere-teams\\\/softwareentwicklung\\\/#primaryimage\"},\"thumbnailUrl\":\"https:\\\/\\\/www.project44.com\\\/wp-content\\\/uploads\\\/2024\\\/03\\\/engineering-hero-bg.webp\",\"datePublished\":\"2024-03-24T05:17:50+00:00\",\"dateModified\":\"2024-09-06T16:28:28+00:00\",\"description\":\"Lernen Sie die Softwareentwickler:innen von project44 kennen. Erkunden Sie offene Stellen.\",\"breadcrumb\":{\"@id\":\"https:\\\/\\\/www.project44.com\\\/de\\\/unternehmen\\\/karriere\\\/unsere-teams\\\/softwareentwicklung\\\/#breadcrumb\"},\"inLanguage\":\"de-DE\",\"potentialAction\":[{\"@type\":\"ReadAction\",\"target\":[\"https:\\\/\\\/www.project44.com\\\/de\\\/unternehmen\\\/karriere\\\/unsere-teams\\\/softwareentwicklung\\\/\"]}]},{\"@type\":\"ImageObject\",\"inLanguage\":\"de-DE\",\"@id\":\"https:\\\/\\\/www.project44.com\\\/de\\\/unternehmen\\\/karriere\\\/unsere-teams\\\/softwareentwicklung\\\/#primaryimage\",\"url\":\"https:\\\/\\\/www.project44.com\\\/wp-content\\\/uploads\\\/2024\\\/03\\\/engineering-hero-bg.webp\",\"contentUrl\":\"https:\\\/\\\/www.project44.com\\\/wp-content\\\/uploads\\\/2024\\\/03\\\/engineering-hero-bg.webp\"},{\"@type\":\"BreadcrumbList\",\"@id\":\"https:\\\/\\\/www.project44.com\\\/de\\\/unternehmen\\\/karriere\\\/unsere-teams\\\/softwareentwicklung\\\/#breadcrumb\",\"itemListElement\":[{\"@type\":\"ListItem\",\"position\":1,\"name\":\"Home\",\"item\":\"https:\\\/\\\/www.project44.com\\\/de\\\/\"},{\"@type\":\"ListItem\",\"position\":2,\"name\":\"Unternehmen\",\"item\":\"https:\\\/\\\/www.project44.com\\\/de\\\/unternehmen\\\/\"},{\"@type\":\"ListItem\",\"position\":3,\"name\":\"Karriere\",\"item\":\"https:\\\/\\\/www.project44.com\\\/de\\\/unternehmen\\\/karriere\\\/\"},{\"@type\":\"ListItem\",\"position\":4,\"name\":\"Unsere Teams\",\"item\":\"https:\\\/\\\/www.project44.com\\\/de\\\/unternehmen\\\/karriere\\\/unsere-teams\\\/\"},{\"@type\":\"ListItem\",\"position\":5,\"name\":\"Softwareentwicklung\"}]},{\"@type\":\"WebSite\",\"@id\":\"https:\\\/\\\/www.project44.com\\\/de\\\/#website\",\"url\":\"https:\\\/\\\/www.project44.com\\\/de\\\/\",\"name\":\"project44\",\"description\":\"\",\"publisher\":{\"@id\":\"https:\\\/\\\/www.project44.com\\\/de\\\/#organization\"},\"potentialAction\":[{\"@type\":\"SearchAction\",\"target\":{\"@type\":\"EntryPoint\",\"urlTemplate\":\"https:\\\/\\\/www.project44.com\\\/de\\\/?s={search_term_string}\"},\"query-input\":{\"@type\":\"PropertyValueSpecification\",\"valueRequired\":true,\"valueName\":\"search_term_string\"}}],\"inLanguage\":\"de-DE\"},{\"@type\":\"Organization\",\"@id\":\"https:\\\/\\\/www.project44.com\\\/de\\\/#organization\",\"name\":\"project44\",\"url\":\"https:\\\/\\\/www.project44.com\\\/de\\\/\",\"logo\":{\"@type\":\"ImageObject\",\"inLanguage\":\"de-DE\",\"@id\":\"https:\\\/\\\/www.project44.com\\\/de\\\/#\\\/schema\\\/logo\\\/image\\\/\",\"url\":\"https:\\\/\\\/www.project44.com\\\/wp-content\\\/uploads\\\/2024\\\/01\\\/logo.svg\",\"contentUrl\":\"https:\\\/\\\/www.project44.com\\\/wp-content\\\/uploads\\\/2024\\\/01\\\/logo.svg\",\"width\":213,\"height\":73,\"caption\":\"project44\"},\"image\":{\"@id\":\"https:\\\/\\\/www.project44.com\\\/de\\\/#\\\/schema\\\/logo\\\/image\\\/\"},\"sameAs\":[\"https:\\\/\\\/www.facebook.com\\\/project44Visibility\",\"https:\\\/\\\/x.com\\\/freightpipes\",\"https:\\\/\\\/www.linkedin.com\\\/company\\\/project-44\",\"https:\\\/\\\/www.instagram.com\\\/project44global\"]}]}<\/script>\n<!-- \/ Yoast SEO Premium plugin. -->","yoast_head_json":{"title":"Softwareentwicklung | project44","description":"Lernen Sie die Softwareentwickler:innen von project44 kennen. Erkunden Sie offene Stellen.","robots":{"index":"index","follow":"follow","max-snippet":"max-snippet:-1","max-image-preview":"max-image-preview:large","max-video-preview":"max-video-preview:-1"},"canonical":"https:\/\/www.project44.com\/de\/unternehmen\/karriere\/unsere-teams\/softwareentwicklung\/","og_locale":"de_DE","og_type":"article","og_title":"Softwareentwicklung","og_description":"Lernen Sie die Softwareentwickler:innen von project44 kennen. Erkunden Sie offene Stellen.","og_url":"https:\/\/www.project44.com\/de\/unternehmen\/karriere\/unsere-teams\/softwareentwicklung\/","og_site_name":"project44","article_publisher":"https:\/\/www.facebook.com\/project44Visibility","article_modified_time":"2024-09-06T16:28:28+00:00","og_image":[{"url":"https:\/\/www.project44.com\/wp-content\/uploads\/2024\/03\/engineering-hero-bg.webp","type":"","width":"","height":""}],"twitter_card":"summary_large_image","twitter_site":"@freightpipes","twitter_misc":{"Gesch\u00e4tzte Lesezeit":"1 Minute"},"schema":{"@context":"https:\/\/schema.org","@graph":[{"@type":"WebPage","@id":"https:\/\/www.project44.com\/de\/unternehmen\/karriere\/unsere-teams\/softwareentwicklung\/","url":"https:\/\/www.project44.com\/de\/unternehmen\/karriere\/unsere-teams\/softwareentwicklung\/","name":"Softwareentwicklung | project44","isPartOf":{"@id":"https:\/\/www.project44.com\/de\/#website"},"primaryImageOfPage":{"@id":"https:\/\/www.project44.com\/de\/unternehmen\/karriere\/unsere-teams\/softwareentwicklung\/#primaryimage"},"image":{"@id":"https:\/\/www.project44.com\/de\/unternehmen\/karriere\/unsere-teams\/softwareentwicklung\/#primaryimage"},"thumbnailUrl":"https:\/\/www.project44.com\/wp-content\/uploads\/2024\/03\/engineering-hero-bg.webp","datePublished":"2024-03-24T05:17:50+00:00","dateModified":"2024-09-06T16:28:28+00:00","description":"Lernen Sie die Softwareentwickler:innen von project44 kennen. Erkunden Sie offene Stellen.","breadcrumb":{"@id":"https:\/\/www.project44.com\/de\/unternehmen\/karriere\/unsere-teams\/softwareentwicklung\/#breadcrumb"},"inLanguage":"de-DE","potentialAction":[{"@type":"ReadAction","target":["https:\/\/www.project44.com\/de\/unternehmen\/karriere\/unsere-teams\/softwareentwicklung\/"]}]},{"@type":"ImageObject","inLanguage":"de-DE","@id":"https:\/\/www.project44.com\/de\/unternehmen\/karriere\/unsere-teams\/softwareentwicklung\/#primaryimage","url":"https:\/\/www.project44.com\/wp-content\/uploads\/2024\/03\/engineering-hero-bg.webp","contentUrl":"https:\/\/www.project44.com\/wp-content\/uploads\/2024\/03\/engineering-hero-bg.webp"},{"@type":"BreadcrumbList","@id":"https:\/\/www.project44.com\/de\/unternehmen\/karriere\/unsere-teams\/softwareentwicklung\/#breadcrumb","itemListElement":[{"@type":"ListItem","position":1,"name":"Home","item":"https:\/\/www.project44.com\/de\/"},{"@type":"ListItem","position":2,"name":"Unternehmen","item":"https:\/\/www.project44.com\/de\/unternehmen\/"},{"@type":"ListItem","position":3,"name":"Karriere","item":"https:\/\/www.project44.com\/de\/unternehmen\/karriere\/"},{"@type":"ListItem","position":4,"name":"Unsere Teams","item":"https:\/\/www.project44.com\/de\/unternehmen\/karriere\/unsere-teams\/"},{"@type":"ListItem","position":5,"name":"Softwareentwicklung"}]},{"@type":"WebSite","@id":"https:\/\/www.project44.com\/de\/#website","url":"https:\/\/www.project44.com\/de\/","name":"project44","description":"","publisher":{"@id":"https:\/\/www.project44.com\/de\/#organization"},"potentialAction":[{"@type":"SearchAction","target":{"@type":"EntryPoint","urlTemplate":"https:\/\/www.project44.com\/de\/?s={search_term_string}"},"query-input":{"@type":"PropertyValueSpecification","valueRequired":true,"valueName":"search_term_string"}}],"inLanguage":"de-DE"},{"@type":"Organization","@id":"https:\/\/www.project44.com\/de\/#organization","name":"project44","url":"https:\/\/www.project44.com\/de\/","logo":{"@type":"ImageObject","inLanguage":"de-DE","@id":"https:\/\/www.project44.com\/de\/#\/schema\/logo\/image\/","url":"https:\/\/www.project44.com\/wp-content\/uploads\/2024\/01\/logo.svg","contentUrl":"https:\/\/www.project44.com\/wp-content\/uploads\/2024\/01\/logo.svg","width":213,"height":73,"caption":"project44"},"image":{"@id":"https:\/\/www.project44.com\/de\/#\/schema\/logo\/image\/"},"sameAs":["https:\/\/www.facebook.com\/project44Visibility","https:\/\/x.com\/freightpipes","https:\/\/www.linkedin.com\/company\/project-44","https:\/\/www.instagram.com\/project44global"]}]}},"_links":{"self":[{"href":"https:\/\/www.project44.com\/de\/wp-json\/wp\/v2\/pages\/40899","targetHints":{"allow":["GET"]}}],"collection":[{"href":"https:\/\/www.project44.com\/de\/wp-json\/wp\/v2\/pages"}],"about":[{"href":"https:\/\/www.project44.com\/de\/wp-json\/wp\/v2\/types\/page"}],"author":[{"embeddable":true,"href":"https:\/\/www.project44.com\/de\/wp-json\/wp\/v2\/users\/1"}],"replies":[{"embeddable":true,"href":"https:\/\/www.project44.com\/de\/wp-json\/wp\/v2\/comments?post=40899"}],"version-history":[{"count":0,"href":"https:\/\/www.project44.com\/de\/wp-json\/wp\/v2\/pages\/40899\/revisions"}],"up":[{"embeddable":true,"href":"https:\/\/www.project44.com\/de\/wp-json\/wp\/v2\/pages\/40874"}],"wp:attachment":[{"href":"https:\/\/www.project44.com\/de\/wp-json\/wp\/v2\/media?parent=40899"}],"curies":[{"name":"wp","href":"https:\/\/api.w.org\/{rel}","templated":true}]}}