{"id":40904,"date":"2024-03-28T11:31:50","date_gmt":"2024-03-28T16:31:50","guid":{"rendered":"https:\/\/www.project44.com\/unternehmen\/karriere\/unsere-teams\/netzwerk\/"},"modified":"2024-09-06T11:28:27","modified_gmt":"2024-09-06T16:28:27","slug":"netzwerk","status":"publish","type":"page","link":"https:\/\/www.project44.com\/de\/unternehmen\/karriere\/unsere-teams\/netzwerk\/","title":{"rendered":"Netzwerk"},"content":{"rendered":"\n<div class=\"wp-block-cover alignfull is-style-hero\" style=\"padding-top:0\"><span aria-hidden=\"true\" class=\"wp-block-cover__background has-black-background-color has-background-dim-0 has-background-dim\"><\/span><img loading=\"lazy\" decoding=\"async\" width=\"1512\" height=\"414\" class=\"wp-block-cover__image-background wp-image-21271\" alt=\"\" src=\"https:\/\/www.project44.com\/wp-content\/uploads\/2024\/03\/network-hero-bg.webp\" data-object-fit=\"cover\" srcset=\"https:\/\/www.project44.com\/wp-content\/uploads\/2024\/03\/network-hero-bg.webp 1512w, https:\/\/www.project44.com\/wp-content\/uploads\/2024\/03\/network-hero-bg-300x82.webp 300w, https:\/\/www.project44.com\/wp-content\/uploads\/2024\/03\/network-hero-bg-1024x280.webp 1024w, https:\/\/www.project44.com\/wp-content\/uploads\/2024\/03\/network-hero-bg-768x210.webp 768w\" sizes=\"auto, (max-width: 1512px) 100vw, 1512px\" \/><div class=\"wp-block-cover__inner-container has-global-padding is-layout-constrained wp-container-core-cover-is-layout-949d87ff wp-block-cover-is-layout-constrained\">\n<div class=\"wp-block-group has-global-padding is-layout-constrained wp-container-core-group-is-layout-d7cb3538 wp-block-group-is-layout-constrained\">\n<h1 class=\"wp-block-heading has-text-align-center is-style-default has-white-color has-text-color has-link-color has-gigantic-size wp-elements-3fa725a720b931bbcbe950302bdc0a6e\" id=\"h-network\">Netzwerk<\/h1>\n<\/div>\n<\/div><\/div>\n\n<div class=\"wp-block-group alignfull has-white-background-color has-background is-style-hero-pull-content-wide is-layout-flow wp-block-group-is-layout-flow\" style=\"border-radius:48px\">\n<div class=\"wp-block-group has-global-padding is-layout-constrained wp-container-core-group-is-layout-6993c734 wp-block-group-is-layout-constrained\" style=\"padding-top:var(--wp--preset--spacing--64);padding-bottom:var(--wp--preset--spacing--64)\">\n<h2 class=\"wp-block-heading has-text-align-center has-h1-size\" id=\"h-we-drive-towards-our-key-values-of-delivering-customer-value-operational-excellence-and-continuous-improvement\">Wir streben nach unseren Schl\u00fcsselwerten, n\u00e4mlich Kundenwert, operative Exzellenz und kontinuierliche Verbesserung<\/h2>\n\n\n\n<div class=\"wp-block-buttons is-content-justification-center is-layout-flex wp-container-core-buttons-is-layout-a89b3969 wp-block-buttons-is-layout-flex\">\n<div class=\"wp-block-button has-x-large-size has-arrow\"><a class=\"wp-block-button__link has-primary-background-color has-background wp-element-button\" href=\"https:\/\/www.project44.com\/de\/unternehmen\/karriere\/offene-stellen\/?department=Network\">Offene Stellen ansehen<\/a><\/div>\n<\/div>\n<\/div>\n<\/div>\n\n<div class=\"wp-block-group is-style-row-padding has-global-padding is-layout-constrained wp-container-core-group-is-layout-d0583175 wp-block-group-is-layout-constrained\">\n<h2 class=\"wp-block-heading has-text-align-center\" id=\"h-our-philosophy\">Unsere Philosophie<\/h2>\n\n\n\n<div class=\"wp-block-columns is-layout-flex wp-container-core-columns-is-layout-2f0fa7f0 wp-block-columns-is-layout-flex\">\n<div class=\"wp-block-column is-layout-flow wp-container-core-column-is-layout-e227e91a wp-block-column-is-layout-flow\" style=\"padding-top:var(--wp--preset--spacing--32);padding-bottom:var(--wp--preset--spacing--32)\">\n<h3 class=\"wp-block-heading\" id=\"h-take-ownership\">\u00dcbernahme der Eigent\u00fcmerschaft<\/h3>\n\n\n\n<p class=\"has-large-font-size\">Das Netzwerk von p44 ist das Bindegewebe unseres Produktangebots. Das Wachstum, die Wartung und Verbesserung zu besitzen, ist der Kern unseres Handelns. <\/p>\n<\/div>\n\n\n\n<div class=\"wp-block-column is-layout-flow wp-container-core-column-is-layout-e227e91a wp-block-column-is-layout-flow\" style=\"padding-top:var(--wp--preset--spacing--32);padding-bottom:var(--wp--preset--spacing--32)\">\n<h3 class=\"wp-block-heading\" id=\"h-share-the-wheel\">Teilen Sie das Rad<\/h3>\n\n\n\n<p class=\"has-large-font-size\">Wir sind bestrebt, gemeinsam zu bauen, zu wachsen und uns zu verbessern, indem wir das Rad \u00fcber Teams und Abteilungen hinweg teilen.<\/p>\n<\/div>\n\n\n\n<div class=\"wp-block-column is-layout-flow wp-container-core-column-is-layout-e227e91a wp-block-column-is-layout-flow\" style=\"padding-top:var(--wp--preset--spacing--32);padding-bottom:var(--wp--preset--spacing--32)\">\n<h3 class=\"wp-block-heading\" id=\"h-develop-top-talent-nbsp\">Top-Talente entwickeln <\/h3>\n\n\n\n<p class=\"has-large-font-size\">Wir sind bestrebt, zu verstehen, was Teammitglieder ben\u00f6tigen, um die wertvollen Lernm\u00f6glichkeiten zu schaffen und die Berufserfahrungen zu nutzen, um diese Ziele zu erreichen.<\/p>\n<\/div>\n<\/div>\n<\/div>\n\n<div class=\"wp-block-cover alignfull is-light is-repeated has-custom-content-position is-position-top-center has-border-color has-gray-lighter-border-color is-style-row-padding is-style-gap-none\" style=\"border-width:1px;border-radius:24px\"><span aria-hidden=\"true\" class=\"wp-block-cover__background has-background-dim-0 has-background-dim\"><\/span><div class=\"wp-block-cover__image-background wp-image-7492 is-repeated\" style=\"background-position:0% 5%;background-image:url(https:\/\/www.project44.com\/wp-content\/uploads\/2024\/01\/bg-grid-white-120.svg)\"><\/div><div class=\"wp-block-cover__inner-container has-global-padding is-layout-constrained wp-container-core-cover-is-layout-2cade157 wp-block-cover-is-layout-constrained\">\n<div class=\"wp-block-columns is-layout-flex wp-container-core-columns-is-layout-0b339b1a wp-block-columns-is-layout-flex\">\n<div class=\"wp-block-column is-layout-flow wp-block-column-is-layout-flow\">\n<div class=\"wp-block-group is-style-box-shadow-2 has-white-background-color has-background has-global-padding is-layout-constrained wp-container-core-group-is-layout-60c92ee3 wp-block-group-is-layout-constrained\" style=\"border-radius:24px;padding-top:var(--wp--preset--spacing--16);padding-right:var(--wp--preset--spacing--16);padding-bottom:var(--wp--preset--spacing--16);padding-left:var(--wp--preset--spacing--16)\">\n<figure class=\"wp-block-image size-full is-style-rounded is-style-img-responsive\"><img loading=\"lazy\" decoding=\"async\" width=\"592\" height=\"600\" src=\"https:\/\/www.project44.com\/wp-content\/uploads\/2024\/03\/network-trust.webp\" alt=\"Wir sind der vertrauensw&#xFC;rdige Partner, der das umfangreichste und zuverl&#xE4;ssigste Netzwerk von Lieferungs-Assets &#xFC;ber alle Modi weltweit aufbaut und unterh&#xE4;lt.\" class=\"wp-image-21279\" srcset=\"https:\/\/www.project44.com\/wp-content\/uploads\/2024\/03\/network-trust.webp 592w, https:\/\/www.project44.com\/wp-content\/uploads\/2024\/03\/network-trust-296x300.webp 296w\" sizes=\"auto, (max-width: 592px) 100vw, 592px\" \/><\/figure>\n<\/div>\n<\/div>\n\n\n\n<div class=\"wp-block-column is-vertically-aligned-center is-layout-flow wp-block-column-is-layout-flow\">\n<div class=\"wp-block-group has-global-padding is-content-justification-left is-layout-constrained wp-container-core-group-is-layout-d5209ea4 wp-block-group-is-layout-constrained\">\n<h2 class=\"wp-block-heading has-h1-size\" id=\"h-we-are-the-trusted-partner-that-builds-and-maintains-the-most-expansive-and-reliable-network-of-delivery-assets-across-all-modes-globally\">Wir sind der vertrauensw\u00fcrdige Partner, der das umfangreichste und zuverl\u00e4ssigste Netzwerk von Lieferungs-Assets \u00fcber alle Modi weltweit aufbaut und unterh\u00e4lt.<\/h2>\n<\/div>\n<\/div>\n<\/div>\n\n\n\n<div class=\"wp-block-columns is-style-mobile-reverse-rows is-layout-flex wp-container-core-columns-is-layout-0b339b1a wp-block-columns-is-layout-flex\">\n<div class=\"wp-block-column is-vertically-aligned-center is-layout-flow wp-block-column-is-layout-flow\">\n<div class=\"wp-block-group has-global-padding is-content-justification-left is-layout-constrained wp-container-core-group-is-layout-d5209ea4 wp-block-group-is-layout-constrained\">\n<h2 class=\"wp-block-heading has-h1-size\" id=\"h-we-unlock-network-effects-that-power-our-path-for-growth-with-high-operating-and-quality-standards\">Wir schalten Netzwerkeffekte frei, die unseren Wachstumspfad mit hohen Betriebs- und Qualit\u00e4tsstandards vorantreiben.<\/h2>\n<\/div>\n<\/div>\n\n\n\n<div class=\"wp-block-column is-layout-flow wp-block-column-is-layout-flow\">\n<div class=\"wp-block-group is-style-box-shadow-2 has-white-background-color has-background has-global-padding is-layout-constrained wp-container-core-group-is-layout-60c92ee3 wp-block-group-is-layout-constrained\" style=\"border-radius:24px;padding-top:var(--wp--preset--spacing--16);padding-right:var(--wp--preset--spacing--16);padding-bottom:var(--wp--preset--spacing--16);padding-left:var(--wp--preset--spacing--16)\">\n<figure class=\"wp-block-image size-full is-style-rounded is-style-img-responsive\"><img loading=\"lazy\" decoding=\"async\" width=\"592\" height=\"600\" src=\"https:\/\/www.project44.com\/wp-content\/uploads\/2024\/03\/network-standards.webp\" alt=\"Wir schalten Netzwerkeffekte frei, die unseren Wachstumspfad mit hohen Betriebs- und Qualit&#xE4;tsstandards vorantreiben.\" class=\"wp-image-21286\" srcset=\"https:\/\/www.project44.com\/wp-content\/uploads\/2024\/03\/network-standards.webp 592w, https:\/\/www.project44.com\/wp-content\/uploads\/2024\/03\/network-standards-296x300.webp 296w\" sizes=\"auto, (max-width: 592px) 100vw, 592px\" \/><\/figure>\n<\/div>\n<\/div>\n<\/div>\n\n\n\n<div class=\"wp-block-columns is-layout-flex wp-container-core-columns-is-layout-0b339b1a wp-block-columns-is-layout-flex\">\n<div class=\"wp-block-column is-layout-flow wp-block-column-is-layout-flow\">\n<div class=\"wp-block-group is-style-box-shadow-2 has-white-background-color has-background has-global-padding is-layout-constrained wp-container-core-group-is-layout-60c92ee3 wp-block-group-is-layout-constrained\" style=\"border-radius:24px;padding-top:var(--wp--preset--spacing--16);padding-right:var(--wp--preset--spacing--16);padding-bottom:var(--wp--preset--spacing--16);padding-left:var(--wp--preset--spacing--16)\">\n<figure class=\"wp-block-image size-full is-style-rounded is-style-img-responsive\"><img loading=\"lazy\" decoding=\"async\" width=\"592\" height=\"600\" src=\"https:\/\/www.project44.com\/wp-content\/uploads\/2024\/03\/network-collaboration.webp\" alt=\"Durch die Erleichterung der Zusammenarbeit und die Verbesserung von Compliance- und Logistik-Workflows.&#x202F; \" class=\"wp-image-21292\" srcset=\"https:\/\/www.project44.com\/wp-content\/uploads\/2024\/03\/network-collaboration.webp 592w, https:\/\/www.project44.com\/wp-content\/uploads\/2024\/03\/network-collaboration-296x300.webp 296w\" sizes=\"auto, (max-width: 592px) 100vw, 592px\" \/><\/figure>\n<\/div>\n<\/div>\n\n\n\n<div class=\"wp-block-column is-vertically-aligned-center is-layout-flow wp-block-column-is-layout-flow\">\n<div class=\"wp-block-group has-global-padding is-content-justification-left is-layout-constrained wp-container-core-group-is-layout-d5209ea4 wp-block-group-is-layout-constrained\">\n<h2 class=\"wp-block-heading has-h1-size\" id=\"h-by-facilitating-collaboration-and-improving-compliance-and-logistics-workflows-nbsp\">Durch die Erleichterung der Zusammenarbeit und die Verbesserung von Compliance- und Logistik-Workflows.\u202f <\/h2>\n<\/div>\n<\/div>\n<\/div>\n<\/div><\/div>\n\n<div class=\"wp-block-group is-style-row-padding has-global-padding is-layout-constrained wp-block-group-is-layout-constrained\">\n<div class=\"wp-block-group has-border-color has-black-border-color is-style-row-padding has-global-padding is-layout-constrained wp-container-core-group-is-layout-cc3ec867 wp-block-group-is-layout-constrained\" style=\"border-width:1px;border-radius:24px;padding-right:var(--wp--preset--spacing--64);padding-left:var(--wp--preset--spacing--64)\">\n<div class=\"wp-block-group has-global-padding is-layout-constrained wp-block-group-is-layout-constrained\" style=\"padding-top:var(--wp--preset--spacing--64);padding-bottom:var(--wp--preset--spacing--64)\">\n<blockquote class=\"wp-block-quote is-layout-flow wp-block-quote-is-layout-flow\">\n<h2 class=\"wp-block-heading has-h2-size\" id=\"h-every-day-brings-unique-and-interesting-problems-to-solve-for-our-network-of-carriers-and-data-providers-it-s-incredibly-rewarding-to-see-the-direct-benefit-we-deliver-for-our-customers-supply-chain-ecosystems-as-a-result-of-our-daily-work\" style=\"margin-top:0;margin-bottom:0\">Jeder Tag bringt einzigartige und interessante Probleme f\u00fcr unser Netzwerk von Spediteuren und Datenanbietern mit sich. Es ist unglaublich lohnend, den direkten Nutzen zu sehen, den wir als Ergebnis unserer t\u00e4glichen Arbeit f\u00fcr die Lieferketten-\u00d6kosysteme unserer Kunden bieten.<\/h2>\n<cite><strong><mark style=\"background-color:rgba(0, 0, 0, 0)\" class=\"has-inline-color has-primary-color\">Nick D.<\/mark><\/strong><br><strong><mark style=\"background-color:rgba(0, 0, 0, 0)\" class=\"has-inline-color has-primary-color\">Director, Network Health<\/mark><\/strong><\/cite><\/blockquote>\n<\/div>\n<\/div>\n<\/div>\n\n<div class=\"wp-block-group is-style-row-padding has-global-padding is-layout-constrained wp-block-group-is-layout-constrained\">\n<div class=\"wp-block-group has-white-background-color has-background is-style-box-shadow-2 has-global-padding is-layout-constrained wp-container-core-group-is-layout-60e89b47 wp-block-group-is-layout-constrained\" style=\"border-radius:24px;padding-top:var(--wp--preset--spacing--64);padding-right:var(--wp--preset--spacing--32);padding-bottom:var(--wp--preset--spacing--64);padding-left:var(--wp--preset--spacing--32)\">\n<h2 class=\"wp-block-heading has-text-align-center has-h3-size\" id=\"h-latest-network-open-roles\">Die neuesten offenen Netzwerkstellen<\/h2>\n\n\n<div class=\"wp-block-knightowl-blocks-greenhouse-jobs\"><div class=\"wp-block-grid columns-2 columns-tablet-2 columns-stack-mobile wp-block-knightowl-blocks-greenhouse-jobs\"><div class=\"grid-item\"><div class=\"job-item\"><h3 class=\"job-title is-style-stretched-link\"><a href=\"\/company\/careers\/open-roles\/job?detail=7646485\">Technical Integration Consultant<\/a><\/h3><p>Krak\u00f3w, Poland<\/p><\/div><\/div><\/div><\/div>\n\n\n<div class=\"wp-block-buttons is-content-justification-center is-layout-flex wp-container-core-buttons-is-layout-a89b3969 wp-block-buttons-is-layout-flex\">\n<div class=\"wp-block-button has-x-large-size\"><a class=\"wp-block-button__link has-primary-background-color has-background wp-element-button\" href=\"https:\/\/www.project44.com\/de\/unternehmen\/karriere\/offene-stellen\/?department=Network\">Alle Netzwerkstellen anzeigen<\/a><\/div>\n<\/div>\n<\/div>\n<\/div>\n","protected":false},"excerpt":{"rendered":"<p>Wir streben nach unseren Schl\u00fcsselwerten, n\u00e4mlich Kundenwert, operative Exzellenz und kontinuierliche Verbesserung Unsere Philosophie \u00dcbernahme der Eigent\u00fcmerschaft Das Netzwerk von p44 ist das Bindegewebe unseres Produktangebots. Das Wachstum, die Wartung&#8230;<\/p>\n","protected":false},"author":4,"featured_media":0,"parent":40874,"menu_order":0,"comment_status":"closed","ping_status":"closed","template":"","meta":{"_acf_changed":false,"_relevanssi_hide_post":"","_relevanssi_hide_content":"","_relevanssi_pin_for_all":"","_relevanssi_pin_keywords":"","_relevanssi_unpin_keywords":"","_relevanssi_related_keywords":"","_relevanssi_related_include_ids":"","_relevanssi_related_exclude_ids":"","_relevanssi_related_no_append":"","_relevanssi_related_not_related":"","_relevanssi_related_posts":"","_relevanssi_noindex_reason":"","footnotes":""},"class_list":["post-40904","page","type-page","status-publish","hentry"],"acf":[],"yoast_head":"<!-- This site is optimized with the Yoast SEO Premium plugin v27.4 (Yoast SEO v27.4) - https:\/\/yoast.com\/product\/yoast-seo-premium-wordpress\/ -->\n<title>Unsere Teams | project44<\/title>\n<meta name=\"description\" content=\"Lernen Sie das project44-Netzwerkteam kennen. Erkunden Sie offene Stellen.\" \/>\n<meta name=\"robots\" content=\"index, follow, max-snippet:-1, max-image-preview:large, max-video-preview:-1\" \/>\n<link rel=\"canonical\" href=\"https:\/\/www.project44.com\/de\/unternehmen\/karriere\/unsere-teams\/netzwerk\/\" \/>\n<meta property=\"og:locale\" content=\"de_DE\" \/>\n<meta property=\"og:type\" content=\"article\" \/>\n<meta property=\"og:title\" content=\"Netzwerk\" \/>\n<meta property=\"og:description\" content=\"Lernen Sie das project44-Netzwerkteam kennen. Erkunden Sie offene Stellen.\" \/>\n<meta property=\"og:url\" content=\"https:\/\/www.project44.com\/de\/unternehmen\/karriere\/unsere-teams\/netzwerk\/\" \/>\n<meta property=\"og:site_name\" content=\"project44\" \/>\n<meta property=\"article:publisher\" content=\"https:\/\/www.facebook.com\/project44Visibility\" \/>\n<meta property=\"article:modified_time\" content=\"2024-09-06T16:28:27+00:00\" \/>\n<meta property=\"og:image\" content=\"https:\/\/www.project44.com\/wp-content\/uploads\/2024\/03\/network-hero-bg.webp\" \/>\n<meta name=\"twitter:card\" content=\"summary_large_image\" \/>\n<meta name=\"twitter:site\" content=\"@freightpipes\" \/>\n<meta name=\"twitter:label1\" content=\"Gesch\u00e4tzte Lesezeit\" \/>\n\t<meta name=\"twitter:data1\" content=\"1 Minute\" \/>\n<script type=\"application\/ld+json\" class=\"yoast-schema-graph\">{\"@context\":\"https:\\\/\\\/schema.org\",\"@graph\":[{\"@type\":\"WebPage\",\"@id\":\"https:\\\/\\\/www.project44.com\\\/de\\\/unternehmen\\\/karriere\\\/unsere-teams\\\/netzwerk\\\/\",\"url\":\"https:\\\/\\\/www.project44.com\\\/de\\\/unternehmen\\\/karriere\\\/unsere-teams\\\/netzwerk\\\/\",\"name\":\"Unsere Teams | project44\",\"isPartOf\":{\"@id\":\"https:\\\/\\\/www.project44.com\\\/de\\\/#website\"},\"primaryImageOfPage\":{\"@id\":\"https:\\\/\\\/www.project44.com\\\/de\\\/unternehmen\\\/karriere\\\/unsere-teams\\\/netzwerk\\\/#primaryimage\"},\"image\":{\"@id\":\"https:\\\/\\\/www.project44.com\\\/de\\\/unternehmen\\\/karriere\\\/unsere-teams\\\/netzwerk\\\/#primaryimage\"},\"thumbnailUrl\":\"https:\\\/\\\/www.project44.com\\\/wp-content\\\/uploads\\\/2024\\\/03\\\/network-hero-bg.webp\",\"datePublished\":\"2024-03-28T16:31:50+00:00\",\"dateModified\":\"2024-09-06T16:28:27+00:00\",\"description\":\"Lernen Sie das project44-Netzwerkteam kennen. Erkunden Sie offene Stellen.\",\"breadcrumb\":{\"@id\":\"https:\\\/\\\/www.project44.com\\\/de\\\/unternehmen\\\/karriere\\\/unsere-teams\\\/netzwerk\\\/#breadcrumb\"},\"inLanguage\":\"de-DE\",\"potentialAction\":[{\"@type\":\"ReadAction\",\"target\":[\"https:\\\/\\\/www.project44.com\\\/de\\\/unternehmen\\\/karriere\\\/unsere-teams\\\/netzwerk\\\/\"]}]},{\"@type\":\"ImageObject\",\"inLanguage\":\"de-DE\",\"@id\":\"https:\\\/\\\/www.project44.com\\\/de\\\/unternehmen\\\/karriere\\\/unsere-teams\\\/netzwerk\\\/#primaryimage\",\"url\":\"https:\\\/\\\/www.project44.com\\\/wp-content\\\/uploads\\\/2024\\\/03\\\/network-hero-bg.webp\",\"contentUrl\":\"https:\\\/\\\/www.project44.com\\\/wp-content\\\/uploads\\\/2024\\\/03\\\/network-hero-bg.webp\"},{\"@type\":\"BreadcrumbList\",\"@id\":\"https:\\\/\\\/www.project44.com\\\/de\\\/unternehmen\\\/karriere\\\/unsere-teams\\\/netzwerk\\\/#breadcrumb\",\"itemListElement\":[{\"@type\":\"ListItem\",\"position\":1,\"name\":\"Home\",\"item\":\"https:\\\/\\\/www.project44.com\\\/de\\\/\"},{\"@type\":\"ListItem\",\"position\":2,\"name\":\"Unternehmen\",\"item\":\"https:\\\/\\\/www.project44.com\\\/de\\\/unternehmen\\\/\"},{\"@type\":\"ListItem\",\"position\":3,\"name\":\"Karriere\",\"item\":\"https:\\\/\\\/www.project44.com\\\/de\\\/unternehmen\\\/karriere\\\/\"},{\"@type\":\"ListItem\",\"position\":4,\"name\":\"Unsere Teams\",\"item\":\"https:\\\/\\\/www.project44.com\\\/de\\\/unternehmen\\\/karriere\\\/unsere-teams\\\/\"},{\"@type\":\"ListItem\",\"position\":5,\"name\":\"Netzwerk\"}]},{\"@type\":\"WebSite\",\"@id\":\"https:\\\/\\\/www.project44.com\\\/de\\\/#website\",\"url\":\"https:\\\/\\\/www.project44.com\\\/de\\\/\",\"name\":\"project44\",\"description\":\"\",\"publisher\":{\"@id\":\"https:\\\/\\\/www.project44.com\\\/de\\\/#organization\"},\"potentialAction\":[{\"@type\":\"SearchAction\",\"target\":{\"@type\":\"EntryPoint\",\"urlTemplate\":\"https:\\\/\\\/www.project44.com\\\/de\\\/?s={search_term_string}\"},\"query-input\":{\"@type\":\"PropertyValueSpecification\",\"valueRequired\":true,\"valueName\":\"search_term_string\"}}],\"inLanguage\":\"de-DE\"},{\"@type\":\"Organization\",\"@id\":\"https:\\\/\\\/www.project44.com\\\/de\\\/#organization\",\"name\":\"project44\",\"url\":\"https:\\\/\\\/www.project44.com\\\/de\\\/\",\"logo\":{\"@type\":\"ImageObject\",\"inLanguage\":\"de-DE\",\"@id\":\"https:\\\/\\\/www.project44.com\\\/de\\\/#\\\/schema\\\/logo\\\/image\\\/\",\"url\":\"https:\\\/\\\/www.project44.com\\\/wp-content\\\/uploads\\\/2024\\\/01\\\/logo.svg\",\"contentUrl\":\"https:\\\/\\\/www.project44.com\\\/wp-content\\\/uploads\\\/2024\\\/01\\\/logo.svg\",\"width\":213,\"height\":73,\"caption\":\"project44\"},\"image\":{\"@id\":\"https:\\\/\\\/www.project44.com\\\/de\\\/#\\\/schema\\\/logo\\\/image\\\/\"},\"sameAs\":[\"https:\\\/\\\/www.facebook.com\\\/project44Visibility\",\"https:\\\/\\\/x.com\\\/freightpipes\",\"https:\\\/\\\/www.linkedin.com\\\/company\\\/project-44\",\"https:\\\/\\\/www.instagram.com\\\/project44global\"]}]}<\/script>\n<!-- \/ Yoast SEO Premium plugin. -->","yoast_head_json":{"title":"Unsere Teams | project44","description":"Lernen Sie das project44-Netzwerkteam kennen. Erkunden Sie offene Stellen.","robots":{"index":"index","follow":"follow","max-snippet":"max-snippet:-1","max-image-preview":"max-image-preview:large","max-video-preview":"max-video-preview:-1"},"canonical":"https:\/\/www.project44.com\/de\/unternehmen\/karriere\/unsere-teams\/netzwerk\/","og_locale":"de_DE","og_type":"article","og_title":"Netzwerk","og_description":"Lernen Sie das project44-Netzwerkteam kennen. Erkunden Sie offene Stellen.","og_url":"https:\/\/www.project44.com\/de\/unternehmen\/karriere\/unsere-teams\/netzwerk\/","og_site_name":"project44","article_publisher":"https:\/\/www.facebook.com\/project44Visibility","article_modified_time":"2024-09-06T16:28:27+00:00","og_image":[{"url":"https:\/\/www.project44.com\/wp-content\/uploads\/2024\/03\/network-hero-bg.webp","type":"","width":"","height":""}],"twitter_card":"summary_large_image","twitter_site":"@freightpipes","twitter_misc":{"Gesch\u00e4tzte Lesezeit":"1 Minute"},"schema":{"@context":"https:\/\/schema.org","@graph":[{"@type":"WebPage","@id":"https:\/\/www.project44.com\/de\/unternehmen\/karriere\/unsere-teams\/netzwerk\/","url":"https:\/\/www.project44.com\/de\/unternehmen\/karriere\/unsere-teams\/netzwerk\/","name":"Unsere Teams | project44","isPartOf":{"@id":"https:\/\/www.project44.com\/de\/#website"},"primaryImageOfPage":{"@id":"https:\/\/www.project44.com\/de\/unternehmen\/karriere\/unsere-teams\/netzwerk\/#primaryimage"},"image":{"@id":"https:\/\/www.project44.com\/de\/unternehmen\/karriere\/unsere-teams\/netzwerk\/#primaryimage"},"thumbnailUrl":"https:\/\/www.project44.com\/wp-content\/uploads\/2024\/03\/network-hero-bg.webp","datePublished":"2024-03-28T16:31:50+00:00","dateModified":"2024-09-06T16:28:27+00:00","description":"Lernen Sie das project44-Netzwerkteam kennen. Erkunden Sie offene Stellen.","breadcrumb":{"@id":"https:\/\/www.project44.com\/de\/unternehmen\/karriere\/unsere-teams\/netzwerk\/#breadcrumb"},"inLanguage":"de-DE","potentialAction":[{"@type":"ReadAction","target":["https:\/\/www.project44.com\/de\/unternehmen\/karriere\/unsere-teams\/netzwerk\/"]}]},{"@type":"ImageObject","inLanguage":"de-DE","@id":"https:\/\/www.project44.com\/de\/unternehmen\/karriere\/unsere-teams\/netzwerk\/#primaryimage","url":"https:\/\/www.project44.com\/wp-content\/uploads\/2024\/03\/network-hero-bg.webp","contentUrl":"https:\/\/www.project44.com\/wp-content\/uploads\/2024\/03\/network-hero-bg.webp"},{"@type":"BreadcrumbList","@id":"https:\/\/www.project44.com\/de\/unternehmen\/karriere\/unsere-teams\/netzwerk\/#breadcrumb","itemListElement":[{"@type":"ListItem","position":1,"name":"Home","item":"https:\/\/www.project44.com\/de\/"},{"@type":"ListItem","position":2,"name":"Unternehmen","item":"https:\/\/www.project44.com\/de\/unternehmen\/"},{"@type":"ListItem","position":3,"name":"Karriere","item":"https:\/\/www.project44.com\/de\/unternehmen\/karriere\/"},{"@type":"ListItem","position":4,"name":"Unsere Teams","item":"https:\/\/www.project44.com\/de\/unternehmen\/karriere\/unsere-teams\/"},{"@type":"ListItem","position":5,"name":"Netzwerk"}]},{"@type":"WebSite","@id":"https:\/\/www.project44.com\/de\/#website","url":"https:\/\/www.project44.com\/de\/","name":"project44","description":"","publisher":{"@id":"https:\/\/www.project44.com\/de\/#organization"},"potentialAction":[{"@type":"SearchAction","target":{"@type":"EntryPoint","urlTemplate":"https:\/\/www.project44.com\/de\/?s={search_term_string}"},"query-input":{"@type":"PropertyValueSpecification","valueRequired":true,"valueName":"search_term_string"}}],"inLanguage":"de-DE"},{"@type":"Organization","@id":"https:\/\/www.project44.com\/de\/#organization","name":"project44","url":"https:\/\/www.project44.com\/de\/","logo":{"@type":"ImageObject","inLanguage":"de-DE","@id":"https:\/\/www.project44.com\/de\/#\/schema\/logo\/image\/","url":"https:\/\/www.project44.com\/wp-content\/uploads\/2024\/01\/logo.svg","contentUrl":"https:\/\/www.project44.com\/wp-content\/uploads\/2024\/01\/logo.svg","width":213,"height":73,"caption":"project44"},"image":{"@id":"https:\/\/www.project44.com\/de\/#\/schema\/logo\/image\/"},"sameAs":["https:\/\/www.facebook.com\/project44Visibility","https:\/\/x.com\/freightpipes","https:\/\/www.linkedin.com\/company\/project-44","https:\/\/www.instagram.com\/project44global"]}]}},"_links":{"self":[{"href":"https:\/\/www.project44.com\/de\/wp-json\/wp\/v2\/pages\/40904","targetHints":{"allow":["GET"]}}],"collection":[{"href":"https:\/\/www.project44.com\/de\/wp-json\/wp\/v2\/pages"}],"about":[{"href":"https:\/\/www.project44.com\/de\/wp-json\/wp\/v2\/types\/page"}],"author":[{"embeddable":true,"href":"https:\/\/www.project44.com\/de\/wp-json\/wp\/v2\/users\/4"}],"replies":[{"embeddable":true,"href":"https:\/\/www.project44.com\/de\/wp-json\/wp\/v2\/comments?post=40904"}],"version-history":[{"count":0,"href":"https:\/\/www.project44.com\/de\/wp-json\/wp\/v2\/pages\/40904\/revisions"}],"up":[{"embeddable":true,"href":"https:\/\/www.project44.com\/de\/wp-json\/wp\/v2\/pages\/40874"}],"wp:attachment":[{"href":"https:\/\/www.project44.com\/de\/wp-json\/wp\/v2\/media?parent=40904"}],"curies":[{"name":"wp","href":"https:\/\/api.w.org\/{rel}","templated":true}]}}