{"id":40909,"date":"2024-03-27T16:01:19","date_gmt":"2024-03-27T21:01:19","guid":{"rendered":"https:\/\/www.project44.com\/datenschutzerklaerung\/driveview-datenschutzerklaerung\/"},"modified":"2024-09-06T11:28:26","modified_gmt":"2024-09-06T16:28:26","slug":"driveview-datenschutzerklaerung","status":"publish","type":"page","link":"https:\/\/www.project44.com\/de\/datenschutzerklaerung\/driveview-datenschutzerklaerung\/","title":{"rendered":"DriveView-Datenschutzerkl\u00e4rung"},"content":{"rendered":"\n<div class=\"wp-block-group has-global-padding is-layout-constrained wp-container-core-group-is-layout-7a7093bd wp-block-group-is-layout-constrained\" style=\"padding-top:var(--wp--preset--spacing--88);padding-bottom:var(--wp--preset--spacing--88)\">\n<div class=\"wp-block-group is-content-justification-space-between is-layout-flex wp-container-core-group-is-layout-23669fc3 wp-block-group-is-layout-flex\">\n<div class=\"wp-block-buttons is-layout-flex wp-block-buttons-is-layout-flex\">\n<div class=\"wp-block-button is-style-link back-link has-arrow\"><a class=\"wp-block-button__link has-primary-color has-text-color has-link-color wp-element-button\" href=\"https:\/\/www.project44.com\/de\/datenschutzerklaerung\/\">Zur\u00fcck zu Datenschutz<\/a><\/div>\n<\/div>\n<\/div>\n\n\n\n<h1 class=\"wp-block-heading\" id=\"h-driveview-privacy-policy-nbsp\">DriveView-Datenschutzerkl\u00e4rung <\/h1>\n\n\n\n<p>Project44 Inc. (\u201eProject44\u201c, \u201ewir\u201c\u202f \u201eunser\u201c, und\/oder \u201euns\u201c) sch\u00e4tzt die Privatsph\u00e4re der Fahrer, die unsere mobile Anwendung (unser \u201eService\u201c) verwenden. Diese Datenschutzerkl\u00e4rung (die \u201eDatenschutzerkl\u00e4rung\u201c) erl\u00e4utert, wie wir Informationen von Personen erfassen, verwenden und weitergeben, die unseren Service nutzen (\u201eNutzer\u201c,\u202f\u201eSie\u201c,\u00a0\u201eFahrer\u201c). Abgesehen von dieser Datenschutzerkl\u00e4rung unterliegt die Nutzung unseres Dienstes auch unseren Allgemeinen Gesch\u00e4ftsbedingungen. Durch die Nutzung unseres Dienstes stimmen Sie der Erfassung, Nutzung, Offenlegung und den Verfahren zu, die diese Datenschutzerkl\u00e4rung beschreibt. <\/p>\n\n\n\n<p>Wenn Sie eine Person in der Europ\u00e4ischen Union, in Island, Liechtenstein, im Vereinigten K\u00f6nigreich, in der Schweiz oder in Norwegen sind, lesen Sie bitte auch die EU\/Swiss-US Datenschutzerkl\u00e4rung von project44, die project44 im Rahmen der Einhaltung des Privacy Shield und seiner Prinzipien zum Datenschutz und zum Informationsschutz zur Verf\u00fcgung gestellt und sich dazu verpflichtet hat. <\/p>\n\n\n\n<h2 class=\"wp-block-heading has-h3-size\" id=\"h-information-we-collect-nbsp\">Informationen, die wir erfassen <\/h2>\n\n\n\n<p>Wir k\u00f6nnen eine Vielzahl von Informationen von oder \u00fcber Sie oder Ihre Ger\u00e4te aus verschiedenen Quellen erfassen, wie unten beschrieben. Wenn Sie Ihre Informationen nicht wie angefordert zur Verf\u00fcgung stellen, k\u00f6nnen Sie unseren Service m\u00f6glicherweise nicht nutzen, wenn diese Informationen zur Bereitstellung unseres Dienstes erforderlich sind oder wir gesetzlich dazu verpflichtet sind, sie zu erfassen. <\/p>\n\n\n\n<h2 class=\"wp-block-heading has-h3-size\" id=\"h-information-you-provide-to-us-nbsp\">Informationen, die Sie uns zur Verf\u00fcgung stellen <\/h2>\n\n\n\n<p><strong>Registrierungsinformationen. <\/strong>Wenn Sie eine Einladung zum Herunterladen unserer mobilen App erhalten, bitten wir Sie um Informationen wie Ihre Telefonnummer. <\/p>\n\n\n\n<p><strong>Kommunikation. <\/strong>Wenn Sie uns direkt kontaktieren, k\u00f6nnen wir zus\u00e4tzliche Informationen \u00fcber Sie erhalten. <\/p>\n\n\n\n<p><strong>Benutzerinhalte. <\/strong>Wir k\u00f6nnen alle Inhalte erhalten, die Sie in den Dienst hochladen, wie Fotos, elektronische Signaturen oder elektronische Dateien, die mit einer Lieferung in Verbindung stehen. <\/p>\n\n\n\n<h2 class=\"wp-block-heading has-h3-size\" id=\"h-information-we-collect-when-you-use-or-interact-with-our-service-nbsp\">Informationen, die wir erfassen, wenn Sie unseren Service nutzen oder damit interagieren <\/h2>\n\n\n\n<p><strong>Standortinformationen.<\/strong> Wenn Sie unseren Service nutzen, einschlie\u00dflich wenn unser Service im Vordergrund oder im Hintergrund l\u00e4uft, erhalten wir Ihre genauen Standortinformationen f\u00fcr einen Zeitraum von 180 Minuten vor Ihrer geplanten Abholzeit, f\u00fcr die Dauer der Lieferung und f\u00fcr bis zu 48 Stunden nach Ihrer geplanten Abholzeit, damit wir beispielsweise bestimmen k\u00f6nnen, wann eine Sendung geliefert wird und ob eine Sendung rechtzeitig zugestellt wurde. <\/p>\n\n\n\n<p><strong>Informationen von Cookies und \u00e4hnlichen Technologien. <\/strong>Wir und unsere Drittanbieter, wie Werbe- und Analysepartner, k\u00f6nnen Informationen mit Cookies, Pixeln und \u00e4hnlichen Tracking-Technologien erfassen. Wir k\u00f6nnen sowohl Sitzungscookies als auch dauerhafte Cookies verwenden. Ein Sitzungscookie verschwindet, nachdem Sie Ihren Browser geschlossen haben. Ein dauerhaftes Cookie bleibt auch, nachdem Sie Ihren Browser geschlossen haben und kann von Ihrem Browser bei nachfolgenden Besuchen des Dienstes verwendet werden. Bitte \u00fcberpr\u00fcfen Sie die \u201eHilfe\u201c-Datei Ihres Webbrowsers, um zu erfahren, wie Sie Ihre Cookie-Einstellungen \u00e4ndern k\u00f6nnen. Bitte beachten Sie, dass Sie, wenn Sie Cookies unseres Service l\u00f6schen oder sie nicht akzeptieren, die Funktionen unseres Service m\u00f6glicherweise nicht im vollen Umfang nutzen k\u00f6nnen. <\/p>\n\n\n\n<p><strong>Ger\u00e4teinformationen.<\/strong> Wir erfassen automatisch bestimmte technische Informationen \u00fcber das Ger\u00e4t, das Sie f\u00fcr den Zugriff auf unseren Dienst verwenden, einschlie\u00dflich zum Beispiel Ihre IP-Adresse, die Betriebssystemversion (z.\u00a0B. iOS, Android), Telefonanbieter und Hersteller, Push-Benachrichtigungstoken und Ger\u00e4tekennungen. <\/p>\n\n\n\n<p><strong>Nutzungsinformationen. <\/strong>Damit wir verstehen k\u00f6nnen, wie Sie unseren Service nutzen, und damit wir den Lieferungsprozess verbessern k\u00f6nnen, erhalten wir automatisch Informationen \u00fcber Ihre Interaktionen mit unserem Service, wie die von Ihnen besuchten Seiten und die Daten und Zeiten Ihres Besuchs. <\/p>\n\n\n\n<h2 class=\"wp-block-heading has-h3-size\" id=\"h-how-we-use-the-information-we-collect-nbsp\">Wie wir die von uns erfassten Informationen nutzen <\/h2>\n\n\n\n<p>Wir verwenden die Informationen, die wir von Ihnen erfassen, auf verschiedene Arten, einschlie\u00dflich: <\/p>\n\n\n\n<ul class=\"wp-block-list\">\n<li>um zu bestimmen, ob eine Lieferung rechtzeitig geliefert wird; <\/li>\n\n\n\n<li>um den Status einer Lieferung zu bestimmen; <\/li>\n\n\n\n<li>um die Fertigstellung einer Lieferung zu \u00fcberpr\u00fcfen; <\/li>\n\n\n\n<li>um zu verstehen und zu analysieren, wie Sie unseren Service nutzen und wie man ihn effektiver gestalten kann; <\/li>\n\n\n\n<li>um neue Produkte, Dienstleistungen und Funktionen zu entwickeln; <\/li>\n\n\n\n<li>um anonymisierte, aggregierte Daten zu generieren, die anonymisierte, nicht-personenbezogene Informationen im Zusammenhang mit Lieferungen enthalten; <\/li>\n\n\n\n<li>um mit Ihnen zu kommunizieren, entweder direkt oder \u00fcber einen unserer Partner, einschlie\u00dflich f\u00fcr den Fahrerservice und -support, um Ihnen Updates und andere Informationen in Bezug auf unseren Service zur Verf\u00fcgung zu stellen und f\u00fcr Werbung, Marketing und Werbezwecke; <\/li>\n\n\n\n<li>um Ihnen Textnachrichten und Push-Benachrichtigungen zu senden; <\/li>\n\n\n\n<li>um Betrug aufzudecken und zu verhindern; <\/li>\n\n\n\n<li>f\u00fcr Compliance-Zwecke, einschlie\u00dflich der Durchsetzung unserer Allgemeinen Gesch\u00e4ftsbedingungen oder anderer Rechte oder wie es durch anwendbare Gesetze und Vorschriften erforderlich ist oder von einem gerichtlichen Verfahren oder einer Regierungsbeh\u00f6rde angefordert wird;\u00a0und <\/li>\n\n\n\n<li>f\u00fcr andere Zwecke, f\u00fcr die wir zum Zeitpunkt der Erfassung der Informationen eine spezifische Benachrichtigung bereitstellen. <\/li>\n<\/ul>\n\n\n\n<h2 class=\"wp-block-heading has-h3-size\" id=\"h-how-we-share-the-information-we-collect-nbsp\">Wie wir die Informationen weitergeben, die wir erfassen <\/h2>\n\n\n\n<p><strong>Verbundene Unternehmen<\/strong>. Wir k\u00f6nnen alle Informationen, die wir erhalten, f\u00fcr alle in dieser Datenschutzerkl\u00e4rung beschriebenen Zwecke an unsere verbundenen Unternehmen weitergeben. <\/p>\n\n\n\n<p><strong>Verlader und Frachtf\u00fchrer<\/strong>. Wir k\u00f6nnen alle Informationen, die wir erhalten, an die Verlader und Frachtf\u00fchrer weitergeben, die den Service nutzen, um Lieferungen zu erleichtern. <\/p>\n\n\n\n<p><strong>Anbieter und Dienstleister<\/strong>. Wir k\u00f6nnen alle Informationen, die wir erhalten, an Anbieter und Dienstleister weitergeben, die in Verbindung mit der Bereitstellung unseres Dienstes besch\u00e4ftigt sind. <\/p>\n\n\n\n<p><strong>Marketing<\/strong>. Wir k\u00f6nnen Informationen \u00fcber Sie an Dritte weitergeben, die in aggregierter oder anonymisierter Form vorliegen und die nicht vern\u00fcnftigerweise verwendet werden k\u00f6nnen, um Sie zu identifizieren. <\/p>\n\n\n\n<p><strong>Analyse-Partner<\/strong>. Wir verwenden Analysedienste wie Google Analytics, um bestimmte Analysedaten zu erfassen und zu verarbeiten. Diese Dienste k\u00f6nnen auch Informationen \u00fcber Ihre Nutzung anderer Apps oder Onlinedienste erfassen. Sie k\u00f6nnen sich \u00fcber die Praktiken von Google informieren, indem Sie auf\u202fhttps:\/\/www.google.com\/policies\/privacy\/partners gehen und sie abmelden, indem Sie das Browser-Add-on f\u00fcr Google Analytics zur Deaktivierung herunterladen, das unter https:\/\/tools.google.com\/dlpage\/gaoptout verf\u00fcgbar ist. <\/p>\n\n\n\n<p><strong>Werbepartner<\/strong>. Wir arbeiten mit Drittanbieter-Werbepartnern zusammen, um Ihnen Anzeigen zu zeigen, von denen wir glauben, dass sie Sie interessieren k\u00f6nnten. Einige unserer Werbepartner k\u00f6nnen Mitglieder der Network Advertising Initiative (https:\/\/www.networkadvertising.org) oder der Digital Advertising Alliance (https:\/\/www.digitaladvertisingalliance.org) sein. Bitte besuchen Sie die Opt-out-Seiten dieser Organisationen, um zu erfahren, wie Sie sich vom Erhalt personalisierter Werbung abmelden k\u00f6nnen. <\/p>\n\n\n\n<p><strong>Wie gesetzlich vorgeschrieben und \u00e4hnliche Offenlegungen<\/strong>. Wir k\u00f6nnen auf Ihre Informationen zugreifen, sie aufbewahren und offenlegen, wenn wir der Ansicht sind, dass dies erforderlich oder angemessen ist, um: (a) die rechtliche und regulatorische Einhaltung zu gew\u00e4hrleisten; (b) Strafverfolgungsanfragen und rechtliche Verfahren zu befolgen, wie einem gerichtlichen Beschluss oder einer Vorladung; c) die Rechte, das Eigentum oder die Sicherheit von Ihnen, uns oder anderen zu sch\u00fctzen; oder (d) Ihre Anfragen zu beantworten. <\/p>\n\n\n\n<p><strong>Fusion, Verkauf oder andere Asset\u00fcbertragungen<\/strong>. Wir k\u00f6nnen Ihre Informationen an Dienstleister, Berater, potenzielle Transaktionspartner oder andere Dritte in Verbindung mit der Gegenleistung, Verhandlung oder dem Abschluss einer Unternehmenstransaktion \u00fcbertragen, bei der wir von einem anderen Unternehmen erworben oder mit diesem fusioniert werden, oder wir alle oder einen Teil unserer Assets verkaufen, liquidieren oder \u00fcbertragen. Die Nutzung Ihrer Informationen nach einem dieser Ereignisse unterliegt den Bestimmungen dieser Datenschutzerkl\u00e4rung, die zum Zeitpunkt der Erfassung der anwendbaren Informationen in Kraft waren. <\/p>\n\n\n\n<p><strong>Einwilligung<\/strong>. Wir k\u00f6nnen Ihre Informationen auch mit Ihrer Erlaubnis offenlegen. <\/p>\n\n\n\n<h2 class=\"wp-block-heading has-h3-size\" id=\"h-your-choices-nbsp\">Ihre Wahlm\u00f6glichkeiten <\/h2>\n\n\n\n<p><strong>Standortinformationen.<\/strong> \u00dcber die Betriebssystemeinstellungen Ihres Ger\u00e4ts k\u00f6nnen Sie jederzeit verhindern, dass Ihr Ger\u00e4t genaue Standortinformationen weitergibt. Der Standort ist jedoch der Kern unseres Dienstes, und ohne ihn k\u00f6nnen Sie unseren Service nicht erfolgreich nutzen. <\/p>\n\n\n\n<h2 class=\"wp-block-heading has-h3-size\" id=\"h-third-parties-nbsp\">Drittparteien <\/h2>\n\n\n\n<p>Unser Service kann Links zu anderen Websites, Produkten oder Dienstleistungen enthalten, die wir nicht besitzen oder betreiben. Wir sind nicht f\u00fcr die Datenschutzpraktiken dieser Dritten verantwortlich. Bitte beachten Sie, dass diese Datenschutzerkl\u00e4rung nicht f\u00fcr Ihre Aktivit\u00e4ten oder etwaigen Informationen gilt, die Sie diesen Dritten offenlegen. <\/p>\n\n\n\n<h2 class=\"wp-block-heading has-h3-size\" id=\"h-security-nbsp\">Sicherheit <\/h2>\n\n\n\n<p>Wir sind verpflichtet, Ihre Informationen zu sch\u00fctzen. Auch wenn wir angemessene Vorkehrungen treffen, um Ihre Daten zu sch\u00fctzen, weil unser Service elektronisch gehostet wird, k\u00f6nnen wir die Sicherheit oder den Datenschutz Ihrer Informationen nicht garantieren. <\/p>\n\n\n\n<h2 class=\"wp-block-heading has-h3-size\" id=\"h-children-s-privacy-nbsp\">Datenschutz von Kindern <\/h2>\n\n\n\n<p>Unser Service richtet sich nicht an Minderj\u00e4hrige unter 18 Jahren. Sie m\u00fcssen mindestens 18 Jahre alt sein, um unseren Service zu nutzen. <\/p>\n\n\n\n<h2 class=\"wp-block-heading has-h3-size\" id=\"h-international-users-nbsp\">Internationale Benutzer <\/h2>\n\n\n\n<p>Unser Service wird in den USA gehostet. Wenn Sie sich entscheiden, unseren Service aus Mexiko, Kanada oder anderen Regionen der Welt mit Gesetzen zu nutzen, die die Datenerfassung und -nutzung regeln, die sich vom US-Recht unterscheiden k\u00f6nnen, beachten Sie bitte, dass Sie Ihre personenbezogenen Daten au\u00dferhalb dieser Regionen zur Speicherung und Verarbeitung in die USA \u00fcbertragen. Auch k\u00f6nnen wir Ihre Daten aus den USA in andere L\u00e4nder oder Regionen in Verbindung mit der Speicherung und Verarbeitung von Daten, der Erf\u00fcllung Ihrer Anfragen und dem Betrieb unseres Dienstes \u00fcbertragen. Durch die Bereitstellung von Informationen, einschlie\u00dflich personenbezogener Daten, in oder an unseren Service, stimmen Sie einer solchen \u00dcbertragung, Speicherung und Verarbeitung zu. <\/p>\n\n\n\n<p>Wenn Sie eine Person in der Europ\u00e4ischen Union, in Island, Liechtenstein, im Vereinigten K\u00f6nigreich, in der Schweiz oder in Norwegen sind, lesen Sie bitte auch die EU\/UK\/Swiss-US Datenschutzerkl\u00e4rung von project44, die project44 im Rahmen der Einhaltung des Privacy Shield und seiner Prinzipien zum Datenschutz und zum Informationsschutz zur Verf\u00fcgung gestellt und sich dazu verpflichtet hat. <\/p>\n\n\n\n<h2 class=\"wp-block-heading has-h3-size\" id=\"h-changes-to-this-privacy-policy-nbsp\">\u00c4nderungen an dieser Datenschutzerkl\u00e4rung <\/h2>\n\n\n\n<p>Wir werden alle Anpassungen der Datenschutzerkl\u00e4rung auf dieser Seite ver\u00f6ffentlichen, und die \u00fcberarbeitete Version wird wirksam, wenn sie ver\u00f6ffentlicht wird. Wenn wir die Art und Weise wesentlich \u00e4ndern, wie wir personenbezogene Daten verwenden oder weitergeben, die zuvor \u00fcber unseren Service erfasst wurden, werden wir Sie \u00fcber unseren Service oder eine andere Art der Kommunikation informieren. <\/p>\n\n\n\n<h2 class=\"wp-block-heading has-h3-size\" id=\"h-contact-us-nbsp\">Kontakt <\/h2>\n\n\n\n<p>Wenn Sie Fragen zu dieser Datenschutzerkl\u00e4rung haben, kontaktieren Sie uns bitte unter\u202fprivacy@project44.com. <\/p>\n\n\n\n<p>Diese DriveView-Datenschutzerkl\u00e4rung gilt seit dem 10. April 2019. <\/p>\n<\/div>\n","protected":false},"excerpt":{"rendered":"<p>DriveView-Datenschutzerkl\u00e4rung Project44 Inc. (\u201eProject44\u201c, \u201ewir\u201c\u202f \u201eunser\u201c, und\/oder \u201euns\u201c) sch\u00e4tzt die Privatsph\u00e4re der Fahrer, die unsere mobile Anwendung (unser \u201eService\u201c) verwenden. Diese Datenschutzerkl\u00e4rung (die \u201eDatenschutzerkl\u00e4rung\u201c) erl\u00e4utert, wie wir Informationen von Personen&#8230;<\/p>\n","protected":false},"author":4,"featured_media":0,"parent":40776,"menu_order":0,"comment_status":"closed","ping_status":"closed","template":"","meta":{"_acf_changed":false,"_relevanssi_hide_post":"","_relevanssi_hide_content":"","_relevanssi_pin_for_all":"","_relevanssi_pin_keywords":"","_relevanssi_unpin_keywords":"","_relevanssi_related_keywords":"","_relevanssi_related_include_ids":"","_relevanssi_related_exclude_ids":"","_relevanssi_related_no_append":"","_relevanssi_related_not_related":"","_relevanssi_related_posts":"","_relevanssi_noindex_reason":"","footnotes":""},"class_list":["post-40909","page","type-page","status-publish","hentry"],"acf":[],"yoast_head":"<!-- This site is optimized with the Yoast SEO Premium plugin v27.4 (Yoast SEO v27.4) - https:\/\/yoast.com\/product\/yoast-seo-premium-wordpress\/ -->\n<title>DriveView-Datenschutzerkl\u00e4rung | project44<\/title>\n<meta name=\"description\" content=\"Diese Richtlinie erl\u00e4utert, wie wir Informationen von Personen erfassen, verwenden und weitergeben, die DriveView verwenden.\" \/>\n<meta name=\"robots\" content=\"index, follow, max-snippet:-1, max-image-preview:large, max-video-preview:-1\" \/>\n<link rel=\"canonical\" href=\"https:\/\/www.project44.com\/de\/datenschutzerklaerung\/driveview-datenschutzerklaerung\/\" \/>\n<meta property=\"og:locale\" content=\"de_DE\" \/>\n<meta property=\"og:type\" content=\"article\" \/>\n<meta property=\"og:title\" content=\"DriveView-Datenschutzerkl\u00e4rung\" \/>\n<meta property=\"og:description\" content=\"Diese Richtlinie erl\u00e4utert, wie wir Informationen von Personen erfassen, verwenden und weitergeben, die DriveView verwenden.\" \/>\n<meta property=\"og:url\" content=\"https:\/\/www.project44.com\/de\/datenschutzerklaerung\/driveview-datenschutzerklaerung\/\" \/>\n<meta property=\"og:site_name\" content=\"project44\" \/>\n<meta property=\"article:publisher\" content=\"https:\/\/www.facebook.com\/project44Visibility\" \/>\n<meta property=\"article:modified_time\" content=\"2024-09-06T16:28:26+00:00\" \/>\n<meta name=\"twitter:card\" content=\"summary_large_image\" \/>\n<meta name=\"twitter:site\" content=\"@freightpipes\" \/>\n<meta name=\"twitter:label1\" content=\"Gesch\u00e4tzte Lesezeit\" \/>\n\t<meta name=\"twitter:data1\" content=\"8 Minuten\" \/>\n<script type=\"application\/ld+json\" class=\"yoast-schema-graph\">{\"@context\":\"https:\\\/\\\/schema.org\",\"@graph\":[{\"@type\":\"WebPage\",\"@id\":\"https:\\\/\\\/www.project44.com\\\/de\\\/datenschutzerklaerung\\\/driveview-datenschutzerklaerung\\\/\",\"url\":\"https:\\\/\\\/www.project44.com\\\/de\\\/datenschutzerklaerung\\\/driveview-datenschutzerklaerung\\\/\",\"name\":\"DriveView-Datenschutzerkl\u00e4rung | project44\",\"isPartOf\":{\"@id\":\"https:\\\/\\\/www.project44.com\\\/de\\\/#website\"},\"datePublished\":\"2024-03-27T21:01:19+00:00\",\"dateModified\":\"2024-09-06T16:28:26+00:00\",\"description\":\"Diese Richtlinie erl\u00e4utert, wie wir Informationen von Personen erfassen, verwenden und weitergeben, die DriveView verwenden.\",\"breadcrumb\":{\"@id\":\"https:\\\/\\\/www.project44.com\\\/de\\\/datenschutzerklaerung\\\/driveview-datenschutzerklaerung\\\/#breadcrumb\"},\"inLanguage\":\"de-DE\",\"potentialAction\":[{\"@type\":\"ReadAction\",\"target\":[\"https:\\\/\\\/www.project44.com\\\/de\\\/datenschutzerklaerung\\\/driveview-datenschutzerklaerung\\\/\"]}]},{\"@type\":\"BreadcrumbList\",\"@id\":\"https:\\\/\\\/www.project44.com\\\/de\\\/datenschutzerklaerung\\\/driveview-datenschutzerklaerung\\\/#breadcrumb\",\"itemListElement\":[{\"@type\":\"ListItem\",\"position\":1,\"name\":\"Home\",\"item\":\"https:\\\/\\\/www.project44.com\\\/de\\\/\"},{\"@type\":\"ListItem\",\"position\":2,\"name\":\"Datenschutzerkl\u00e4rung\",\"item\":\"https:\\\/\\\/www.project44.com\\\/de\\\/datenschutzerklaerung\\\/\"},{\"@type\":\"ListItem\",\"position\":3,\"name\":\"DriveView-Datenschutzerkl\u00e4rung\"}]},{\"@type\":\"WebSite\",\"@id\":\"https:\\\/\\\/www.project44.com\\\/de\\\/#website\",\"url\":\"https:\\\/\\\/www.project44.com\\\/de\\\/\",\"name\":\"project44\",\"description\":\"\",\"publisher\":{\"@id\":\"https:\\\/\\\/www.project44.com\\\/de\\\/#organization\"},\"potentialAction\":[{\"@type\":\"SearchAction\",\"target\":{\"@type\":\"EntryPoint\",\"urlTemplate\":\"https:\\\/\\\/www.project44.com\\\/de\\\/?s={search_term_string}\"},\"query-input\":{\"@type\":\"PropertyValueSpecification\",\"valueRequired\":true,\"valueName\":\"search_term_string\"}}],\"inLanguage\":\"de-DE\"},{\"@type\":\"Organization\",\"@id\":\"https:\\\/\\\/www.project44.com\\\/de\\\/#organization\",\"name\":\"project44\",\"url\":\"https:\\\/\\\/www.project44.com\\\/de\\\/\",\"logo\":{\"@type\":\"ImageObject\",\"inLanguage\":\"de-DE\",\"@id\":\"https:\\\/\\\/www.project44.com\\\/de\\\/#\\\/schema\\\/logo\\\/image\\\/\",\"url\":\"https:\\\/\\\/www.project44.com\\\/wp-content\\\/uploads\\\/2024\\\/01\\\/logo.svg\",\"contentUrl\":\"https:\\\/\\\/www.project44.com\\\/wp-content\\\/uploads\\\/2024\\\/01\\\/logo.svg\",\"width\":213,\"height\":73,\"caption\":\"project44\"},\"image\":{\"@id\":\"https:\\\/\\\/www.project44.com\\\/de\\\/#\\\/schema\\\/logo\\\/image\\\/\"},\"sameAs\":[\"https:\\\/\\\/www.facebook.com\\\/project44Visibility\",\"https:\\\/\\\/x.com\\\/freightpipes\",\"https:\\\/\\\/www.linkedin.com\\\/company\\\/project-44\",\"https:\\\/\\\/www.instagram.com\\\/project44global\"]}]}<\/script>\n<!-- \/ Yoast SEO Premium plugin. -->","yoast_head_json":{"title":"DriveView-Datenschutzerkl\u00e4rung | project44","description":"Diese Richtlinie erl\u00e4utert, wie wir Informationen von Personen erfassen, verwenden und weitergeben, die DriveView verwenden.","robots":{"index":"index","follow":"follow","max-snippet":"max-snippet:-1","max-image-preview":"max-image-preview:large","max-video-preview":"max-video-preview:-1"},"canonical":"https:\/\/www.project44.com\/de\/datenschutzerklaerung\/driveview-datenschutzerklaerung\/","og_locale":"de_DE","og_type":"article","og_title":"DriveView-Datenschutzerkl\u00e4rung","og_description":"Diese Richtlinie erl\u00e4utert, wie wir Informationen von Personen erfassen, verwenden und weitergeben, die DriveView verwenden.","og_url":"https:\/\/www.project44.com\/de\/datenschutzerklaerung\/driveview-datenschutzerklaerung\/","og_site_name":"project44","article_publisher":"https:\/\/www.facebook.com\/project44Visibility","article_modified_time":"2024-09-06T16:28:26+00:00","twitter_card":"summary_large_image","twitter_site":"@freightpipes","twitter_misc":{"Gesch\u00e4tzte Lesezeit":"8 Minuten"},"schema":{"@context":"https:\/\/schema.org","@graph":[{"@type":"WebPage","@id":"https:\/\/www.project44.com\/de\/datenschutzerklaerung\/driveview-datenschutzerklaerung\/","url":"https:\/\/www.project44.com\/de\/datenschutzerklaerung\/driveview-datenschutzerklaerung\/","name":"DriveView-Datenschutzerkl\u00e4rung | project44","isPartOf":{"@id":"https:\/\/www.project44.com\/de\/#website"},"datePublished":"2024-03-27T21:01:19+00:00","dateModified":"2024-09-06T16:28:26+00:00","description":"Diese Richtlinie erl\u00e4utert, wie wir Informationen von Personen erfassen, verwenden und weitergeben, die DriveView verwenden.","breadcrumb":{"@id":"https:\/\/www.project44.com\/de\/datenschutzerklaerung\/driveview-datenschutzerklaerung\/#breadcrumb"},"inLanguage":"de-DE","potentialAction":[{"@type":"ReadAction","target":["https:\/\/www.project44.com\/de\/datenschutzerklaerung\/driveview-datenschutzerklaerung\/"]}]},{"@type":"BreadcrumbList","@id":"https:\/\/www.project44.com\/de\/datenschutzerklaerung\/driveview-datenschutzerklaerung\/#breadcrumb","itemListElement":[{"@type":"ListItem","position":1,"name":"Home","item":"https:\/\/www.project44.com\/de\/"},{"@type":"ListItem","position":2,"name":"Datenschutzerkl\u00e4rung","item":"https:\/\/www.project44.com\/de\/datenschutzerklaerung\/"},{"@type":"ListItem","position":3,"name":"DriveView-Datenschutzerkl\u00e4rung"}]},{"@type":"WebSite","@id":"https:\/\/www.project44.com\/de\/#website","url":"https:\/\/www.project44.com\/de\/","name":"project44","description":"","publisher":{"@id":"https:\/\/www.project44.com\/de\/#organization"},"potentialAction":[{"@type":"SearchAction","target":{"@type":"EntryPoint","urlTemplate":"https:\/\/www.project44.com\/de\/?s={search_term_string}"},"query-input":{"@type":"PropertyValueSpecification","valueRequired":true,"valueName":"search_term_string"}}],"inLanguage":"de-DE"},{"@type":"Organization","@id":"https:\/\/www.project44.com\/de\/#organization","name":"project44","url":"https:\/\/www.project44.com\/de\/","logo":{"@type":"ImageObject","inLanguage":"de-DE","@id":"https:\/\/www.project44.com\/de\/#\/schema\/logo\/image\/","url":"https:\/\/www.project44.com\/wp-content\/uploads\/2024\/01\/logo.svg","contentUrl":"https:\/\/www.project44.com\/wp-content\/uploads\/2024\/01\/logo.svg","width":213,"height":73,"caption":"project44"},"image":{"@id":"https:\/\/www.project44.com\/de\/#\/schema\/logo\/image\/"},"sameAs":["https:\/\/www.facebook.com\/project44Visibility","https:\/\/x.com\/freightpipes","https:\/\/www.linkedin.com\/company\/project-44","https:\/\/www.instagram.com\/project44global"]}]}},"_links":{"self":[{"href":"https:\/\/www.project44.com\/de\/wp-json\/wp\/v2\/pages\/40909","targetHints":{"allow":["GET"]}}],"collection":[{"href":"https:\/\/www.project44.com\/de\/wp-json\/wp\/v2\/pages"}],"about":[{"href":"https:\/\/www.project44.com\/de\/wp-json\/wp\/v2\/types\/page"}],"author":[{"embeddable":true,"href":"https:\/\/www.project44.com\/de\/wp-json\/wp\/v2\/users\/4"}],"replies":[{"embeddable":true,"href":"https:\/\/www.project44.com\/de\/wp-json\/wp\/v2\/comments?post=40909"}],"version-history":[{"count":0,"href":"https:\/\/www.project44.com\/de\/wp-json\/wp\/v2\/pages\/40909\/revisions"}],"up":[{"embeddable":true,"href":"https:\/\/www.project44.com\/de\/wp-json\/wp\/v2\/pages\/40776"}],"wp:attachment":[{"href":"https:\/\/www.project44.com\/de\/wp-json\/wp\/v2\/media?parent=40909"}],"curies":[{"name":"wp","href":"https:\/\/api.w.org\/{rel}","templated":true}]}}