{"id":40931,"date":"2024-05-08T10:05:40","date_gmt":"2024-05-08T15:05:40","guid":{"rendered":"https:\/\/www.project44.com\/ty-ressourcen-download\/"},"modified":"2024-09-06T11:28:20","modified_gmt":"2024-09-06T16:28:20","slug":"ty-ressourcen-download","status":"publish","type":"page","link":"https:\/\/www.project44.com\/de\/ty-ressourcen-download\/","title":{"rendered":"[TY] Ressourcen-Download"},"content":{"rendered":"\n<div class=\"wp-block-cover alignfull is-light is-repeated is-style-hero\" style=\"border-top-style:none;border-top-width:0px;border-right-style:none;border-right-width:0px;border-bottom-color:var(--wp--preset--color--gray-lighter);border-bottom-width:1px;border-left-style:none;border-left-width:0px;padding-top:0;min-height:200px;aspect-ratio:unset;\"><span aria-hidden=\"true\" class=\"wp-block-cover__background has-background-dim-0 has-background-dim\"><\/span><div class=\"wp-block-cover__image-background wp-image-7492 is-repeated\" style=\"background-position:0% 52%;background-image:url(https:\/\/www.project44.com\/wp-content\/uploads\/2024\/01\/bg-grid-white-120.svg)\"><\/div><div class=\"wp-block-cover__inner-container has-global-padding is-layout-constrained wp-container-core-cover-is-layout-5a80e97f wp-block-cover-is-layout-constrained\">\n<div class=\"wp-block-group is-style-row-padding has-global-padding is-layout-constrained wp-container-core-group-is-layout-a8ac2269 wp-block-group-is-layout-constrained\">\n<p class=\"has-text-align-center has-gray-dark-color has-text-color has-link-color has-small-font-size wp-elements-e6a653c94b9e19dc83edbfeb9f7f2309\" style=\"text-transform:uppercase\">Ihre Inhalte sind auf dem Weg<\/p>\n\n\n\n<h1 class=\"wp-block-heading has-text-align-center has-h1-size\" id=\"h-please-check-your-email-to-access-this-resource-thank-you-for-your-nbsp-interest\">Bitte \u00fcberpr\u00fcfen Sie Ihre E-Mail, um auf diese Ressource zuzugreifen. Vielen Dank f\u00fcr Ihr Interesse!<\/h1>\n\n\n\n<p class=\"has-text-align-center has-large-font-size\">Wenn Sie sofort mit einem Visibilit\u00e4tsexperten chatten m\u00f6chten oder Fragen an unser Team haben, k\u00f6nnen Sie uns immer unter <a href=\"mailto:info@project44.com\">info@project44.com<\/a> oder 312-376-8883 kontaktieren.<\/p>\n<\/div>\n<\/div><\/div>\n\n<div class=\"wp-block-cover alignfull is-light has-custom-content-position is-position-top-center is-style-overflow-visible\" style=\"margin-top:0;min-height:100px;aspect-ratio:unset;\"><span aria-hidden=\"true\" class=\"wp-block-cover__background has-white-background-color has-background-dim-100 has-background-dim\"><\/span><div class=\"wp-block-cover__inner-container has-global-padding is-layout-constrained wp-block-cover-is-layout-constrained\">\n<div class=\"wp-block-group is-style-hero-pull-content has-global-padding is-layout-constrained wp-block-group-is-layout-constrained\">        <div class=\"knightowl-blocks-post-loop\" id=\"post-loop-2962\" data-args=\"{&quot;post_loop_block_classes&quot;:&quot;class=\\&quot;wp-block-post-loop wp-block-grid columns-5 columns-tablet-3 columns-stack-mobile wp-block-knightowl-blocks-post-loop\\&quot;&quot;,&quot;post_loop_layout_numbers&quot;:[&quot;26&quot;,&quot;56&quot;],&quot;post_loop_pattern&quot;:&quot;post-tile-news&quot;,&quot;post_loop_preferred_pattern&quot;:false,&quot;post_loop_pagination&quot;:false,&quot;post_loop_scroll_top&quot;:false,&quot;post_loop_explicit_exclude&quot;:[],&quot;post_loop_loader&quot;:&quot;circle&quot;,&quot;post_loop_no_results_text&quot;:&quot;No results found.&quot;,&quot;post_loop_filters_display_info&quot;:[],&quot;post_loop_unset_filter_relation&quot;:false,&quot;post_type&quot;:[&quot;news&quot;,&quot;resource&quot;],&quot;post_status&quot;:&quot;publish&quot;,&quot;posts_per_page&quot;:5,&quot;orderby&quot;:&quot;date&quot;,&quot;order&quot;:&quot;desc&quot;,&quot;has_password&quot;:false}\">\n            \n            <div class=\"post-loop-data\"><div class=\"wp-block-post-loop wp-block-grid columns-5 columns-tablet-3 columns-stack-mobile wp-block-knightowl-blocks-post-loop\">            <div class=\"grid-item\">\n                \n<div class=\"wp-block-group tile tile-news is-layout-flow wp-container-core-group-is-layout-26ef70db wp-block-group-is-layout-flow\">\n<div class=\"wp-block-cover is-light is-style-width-100\" style=\"border-radius:12px;min-height:312px;aspect-ratio:unset;\"><span aria-hidden=\"true\" class=\"wp-block-cover__background has-background-dim-0 has-background-dim\" style=\"background-color:#FFF\"><\/span><img loading=\"lazy\" decoding=\"async\" width=\"1707\" height=\"2560\" src=\"https:\/\/www.project44.com\/wp-content\/uploads\/2025\/07\/tobias-rademacher-sBtfKwCmiN8-unsplash-scaled.jpg\" class=\"wp-block-cover__image-background wp-post-image\" alt=\"\" data-object-fit=\"cover\" srcset=\"https:\/\/www.project44.com\/wp-content\/uploads\/2025\/07\/tobias-rademacher-sBtfKwCmiN8-unsplash-scaled.jpg 1707w, https:\/\/www.project44.com\/wp-content\/uploads\/2025\/07\/tobias-rademacher-sBtfKwCmiN8-unsplash-200x300.jpg 200w, https:\/\/www.project44.com\/wp-content\/uploads\/2025\/07\/tobias-rademacher-sBtfKwCmiN8-unsplash-683x1024.jpg 683w, https:\/\/www.project44.com\/wp-content\/uploads\/2025\/07\/tobias-rademacher-sBtfKwCmiN8-unsplash-768x1152.jpg 768w, https:\/\/www.project44.com\/wp-content\/uploads\/2025\/07\/tobias-rademacher-sBtfKwCmiN8-unsplash-1024x1536.jpg 1024w, https:\/\/www.project44.com\/wp-content\/uploads\/2025\/07\/tobias-rademacher-sBtfKwCmiN8-unsplash-1365x2048.jpg 1365w\" sizes=\"auto, (max-width: 1707px) 100vw, 1707px\" \/><div class=\"wp-block-cover__inner-container is-layout-flow wp-block-cover-is-layout-flow\">\n<p class=\"has-text-align-center has-large-font-size\"><\/p>\n<\/div><\/div>\n\n\n\n<div class=\"wp-block-group is-style-width-100 has-global-padding is-layout-constrained wp-container-core-group-is-layout-56bca08a wp-block-group-is-layout-constrained\"><h2 class=\"has-text-align-left has-p-size wp-block-knightowl-blocks-post-title\" >Zolltarifsturm: Wie SAP und project44 Notfallpl\u00e4ne f\u00fcr die Lieferkette entwickeln<\/h2>\n\n\n<div class=\"wp-block-buttons is-layout-flex wp-block-buttons-is-layout-flex\">\n<div class=\"wp-block-button is-style-link has-medium-size has-arrow is-style-stretched-link\"><a href=\"https:\/\/www.project44.com\/de\/resources\/zolltarifsturm-wie-sap-und-project44-notfallplaene-fuer-die-lieferkette-entwickeln\/\" class=\"wp-block-button__link has-primary-color has-text-color has-link-color wp-element-button\">Lesen Sie mehr<\/a><\/div>\n<\/div>\n<\/div>\n<\/div>\n\n            <\/div>            <div class=\"grid-item\">\n                \n<div class=\"wp-block-group tile tile-news is-layout-flow wp-container-core-group-is-layout-26ef70db wp-block-group-is-layout-flow\">\n<div class=\"wp-block-cover is-light is-style-width-100\" style=\"border-radius:12px;min-height:312px;aspect-ratio:unset;\"><span aria-hidden=\"true\" class=\"wp-block-cover__background has-background-dim-0 has-background-dim\" style=\"background-color:#FFF\"><\/span><img loading=\"lazy\" decoding=\"async\" width=\"2560\" height=\"1600\" src=\"https:\/\/www.project44.com\/wp-content\/uploads\/2025\/03\/Tariff_Header_2560x1600.png\" class=\"wp-block-cover__image-background wp-post-image\" alt=\"\" data-object-fit=\"cover\" srcset=\"https:\/\/www.project44.com\/wp-content\/uploads\/2025\/03\/Tariff_Header_2560x1600.png 2560w, https:\/\/www.project44.com\/wp-content\/uploads\/2025\/03\/Tariff_Header_2560x1600-300x188.png 300w, https:\/\/www.project44.com\/wp-content\/uploads\/2025\/03\/Tariff_Header_2560x1600-1024x640.png 1024w, https:\/\/www.project44.com\/wp-content\/uploads\/2025\/03\/Tariff_Header_2560x1600-768x480.png 768w, https:\/\/www.project44.com\/wp-content\/uploads\/2025\/03\/Tariff_Header_2560x1600-1536x960.png 1536w, https:\/\/www.project44.com\/wp-content\/uploads\/2025\/03\/Tariff_Header_2560x1600-2048x1280.png 2048w\" sizes=\"auto, (max-width: 2560px) 100vw, 2560px\" \/><div class=\"wp-block-cover__inner-container is-layout-flow wp-block-cover-is-layout-flow\">\n<p class=\"has-text-align-center has-large-font-size\"><\/p>\n<\/div><\/div>\n\n\n\n<div class=\"wp-block-group is-style-width-100 has-global-padding is-layout-constrained wp-container-core-group-is-layout-56bca08a wp-block-group-is-layout-constrained\"><h2 class=\"has-text-align-left has-p-size wp-block-knightowl-blocks-post-title\" >Toolkit f\u00fcr Z\u00f6lle in der Lieferkette<\/h2>\n\n\n<div class=\"wp-block-buttons is-layout-flex wp-block-buttons-is-layout-flex\">\n<div class=\"wp-block-button is-style-link has-medium-size has-arrow is-style-stretched-link\"><a href=\"https:\/\/www.project44.com\/de\/resources\/toolkit-fuer-zoelle-in-der-lieferkette\/\" class=\"wp-block-button__link has-primary-color has-text-color has-link-color wp-element-button\">Lesen Sie mehr<\/a><\/div>\n<\/div>\n<\/div>\n<\/div>\n\n            <\/div>            <div class=\"grid-item\">\n                \n<div class=\"wp-block-group tile tile-news is-layout-flow wp-container-core-group-is-layout-26ef70db wp-block-group-is-layout-flow\">\n<div class=\"wp-block-cover is-light is-style-width-100\" style=\"border-radius:12px;min-height:312px;aspect-ratio:unset;\"><span aria-hidden=\"true\" class=\"wp-block-cover__background has-background-dim-0 has-background-dim\" style=\"background-color:#FFF\"><\/span><img loading=\"lazy\" decoding=\"async\" width=\"1800\" height=\"1012\" src=\"https:\/\/www.project44.com\/wp-content\/uploads\/2024\/10\/Supply-Chain-Champions_2024-10-09_Website_1800x1012.png\" class=\"wp-block-cover__image-background wp-post-image\" alt=\"Supply Chain Champions image\" data-object-fit=\"cover\" srcset=\"https:\/\/www.project44.com\/wp-content\/uploads\/2024\/10\/Supply-Chain-Champions_2024-10-09_Website_1800x1012.png 1800w, https:\/\/www.project44.com\/wp-content\/uploads\/2024\/10\/Supply-Chain-Champions_2024-10-09_Website_1800x1012-300x169.png 300w, https:\/\/www.project44.com\/wp-content\/uploads\/2024\/10\/Supply-Chain-Champions_2024-10-09_Website_1800x1012-1024x576.png 1024w, https:\/\/www.project44.com\/wp-content\/uploads\/2024\/10\/Supply-Chain-Champions_2024-10-09_Website_1800x1012-768x432.png 768w, https:\/\/www.project44.com\/wp-content\/uploads\/2024\/10\/Supply-Chain-Champions_2024-10-09_Website_1800x1012-1536x864.png 1536w\" sizes=\"auto, (max-width: 1800px) 100vw, 1800px\" \/><div class=\"wp-block-cover__inner-container is-layout-flow wp-block-cover-is-layout-flow\">\n<p class=\"has-text-align-center has-large-font-size\"><\/p>\n<\/div><\/div>\n\n\n\n<div class=\"wp-block-group is-style-width-100 has-global-padding is-layout-constrained wp-container-core-group-is-layout-56bca08a wp-block-group-is-layout-constrained\"><h2 class=\"has-text-align-left has-p-size wp-block-knightowl-blocks-post-title\" >Folge 17: Der Einfluss der Menschen bei jeder Lieferkettenentscheidung mit Kristen Kravitz<\/h2>\n\n\n<div class=\"wp-block-buttons is-layout-flex wp-block-buttons-is-layout-flex\">\n<div class=\"wp-block-button is-style-link has-medium-size has-arrow is-style-stretched-link\"><a href=\"https:\/\/www.project44.com\/de\/resources\/folge-17-der-einfluss-der-menschen-bei-jeder-lieferkettenentscheidung-mit-kristen-kravitz\/\" class=\"wp-block-button__link has-primary-color has-text-color has-link-color wp-element-button\">Lesen Sie mehr<\/a><\/div>\n<\/div>\n<\/div>\n<\/div>\n\n            <\/div>            <div class=\"grid-item\">\n                \n<div class=\"wp-block-group tile tile-news is-layout-flow wp-container-core-group-is-layout-26ef70db wp-block-group-is-layout-flow\">\n<div class=\"wp-block-cover is-light is-style-width-100\" style=\"border-radius:12px;min-height:312px;aspect-ratio:unset;\"><span aria-hidden=\"true\" class=\"wp-block-cover__background has-background-dim-0 has-background-dim\" style=\"background-color:#FFF\"><\/span><img loading=\"lazy\" decoding=\"async\" width=\"1800\" height=\"1012\" src=\"https:\/\/www.project44.com\/wp-content\/uploads\/2024\/10\/Supply-Chain-Champions_2024-10-09_Website_1800x1012.png\" class=\"wp-block-cover__image-background wp-post-image\" alt=\"Supply Chain Champions image\" data-object-fit=\"cover\" srcset=\"https:\/\/www.project44.com\/wp-content\/uploads\/2024\/10\/Supply-Chain-Champions_2024-10-09_Website_1800x1012.png 1800w, https:\/\/www.project44.com\/wp-content\/uploads\/2024\/10\/Supply-Chain-Champions_2024-10-09_Website_1800x1012-300x169.png 300w, https:\/\/www.project44.com\/wp-content\/uploads\/2024\/10\/Supply-Chain-Champions_2024-10-09_Website_1800x1012-1024x576.png 1024w, https:\/\/www.project44.com\/wp-content\/uploads\/2024\/10\/Supply-Chain-Champions_2024-10-09_Website_1800x1012-768x432.png 768w, https:\/\/www.project44.com\/wp-content\/uploads\/2024\/10\/Supply-Chain-Champions_2024-10-09_Website_1800x1012-1536x864.png 1536w\" sizes=\"auto, (max-width: 1800px) 100vw, 1800px\" \/><div class=\"wp-block-cover__inner-container is-layout-flow wp-block-cover-is-layout-flow\">\n<p class=\"has-text-align-center has-large-font-size\"><\/p>\n<\/div><\/div>\n\n\n\n<div class=\"wp-block-group is-style-width-100 has-global-padding is-layout-constrained wp-container-core-group-is-layout-56bca08a wp-block-group-is-layout-constrained\"><h2 class=\"has-text-align-left has-p-size wp-block-knightowl-blocks-post-title\" >Folge 16: Schneller ist in der modernen Lieferkette nicht immer besser mit Nate Shutes<\/h2>\n\n\n<div class=\"wp-block-buttons is-layout-flex wp-block-buttons-is-layout-flex\">\n<div class=\"wp-block-button is-style-link has-medium-size has-arrow is-style-stretched-link\"><a href=\"https:\/\/www.project44.com\/de\/resources\/folge-16-schneller-ist-in-der-modernen-lieferkette-nicht-immer-besser-mit-nate-shutes\/\" class=\"wp-block-button__link has-primary-color has-text-color has-link-color wp-element-button\">Lesen Sie mehr<\/a><\/div>\n<\/div>\n<\/div>\n<\/div>\n\n            <\/div>            <div class=\"grid-item\">\n                \n<div class=\"wp-block-group tile tile-news is-layout-flow wp-container-core-group-is-layout-26ef70db wp-block-group-is-layout-flow\">\n<div class=\"wp-block-cover is-light is-style-width-100\" style=\"border-radius:12px;min-height:312px;aspect-ratio:unset;\"><span aria-hidden=\"true\" class=\"wp-block-cover__background has-background-dim-0 has-background-dim\" style=\"background-color:#FFF\"><\/span><img loading=\"lazy\" decoding=\"async\" width=\"1800\" height=\"1012\" src=\"https:\/\/www.project44.com\/wp-content\/uploads\/2024\/10\/Supply-Chain-Champions_2024-10-09_Website_1800x1012.png\" class=\"wp-block-cover__image-background wp-post-image\" alt=\"Supply Chain Champions image\" data-object-fit=\"cover\" srcset=\"https:\/\/www.project44.com\/wp-content\/uploads\/2024\/10\/Supply-Chain-Champions_2024-10-09_Website_1800x1012.png 1800w, https:\/\/www.project44.com\/wp-content\/uploads\/2024\/10\/Supply-Chain-Champions_2024-10-09_Website_1800x1012-300x169.png 300w, https:\/\/www.project44.com\/wp-content\/uploads\/2024\/10\/Supply-Chain-Champions_2024-10-09_Website_1800x1012-1024x576.png 1024w, https:\/\/www.project44.com\/wp-content\/uploads\/2024\/10\/Supply-Chain-Champions_2024-10-09_Website_1800x1012-768x432.png 768w, https:\/\/www.project44.com\/wp-content\/uploads\/2024\/10\/Supply-Chain-Champions_2024-10-09_Website_1800x1012-1536x864.png 1536w\" sizes=\"auto, (max-width: 1800px) 100vw, 1800px\" \/><div class=\"wp-block-cover__inner-container is-layout-flow wp-block-cover-is-layout-flow\">\n<p class=\"has-text-align-center has-large-font-size\"><\/p>\n<\/div><\/div>\n\n\n\n<div class=\"wp-block-group is-style-width-100 has-global-padding is-layout-constrained wp-container-core-group-is-layout-56bca08a wp-block-group-is-layout-constrained\"><h2 class=\"has-text-align-left has-p-size wp-block-knightowl-blocks-post-title\" >Folge 15: Schutz von Lieferketten vor Tarifschocks mit Eric Fullerton<\/h2>\n\n\n<div class=\"wp-block-buttons is-layout-flex wp-block-buttons-is-layout-flex\">\n<div class=\"wp-block-button is-style-link has-medium-size has-arrow is-style-stretched-link\"><a href=\"https:\/\/www.project44.com\/de\/resources\/folge-15-schutz-von-lieferketten-vor-tarifschocks-mit-eric-fullerton\/\" class=\"wp-block-button__link has-primary-color has-text-color has-link-color wp-element-button\">Lesen Sie mehr<\/a><\/div>\n<\/div>\n<\/div>\n<\/div>\n\n            <\/div><\/div><\/div>\n        <\/div><\/div>\n<\/div><\/div>\n","protected":false},"excerpt":{"rendered":"","protected":false},"author":3,"featured_media":0,"parent":0,"menu_order":0,"comment_status":"closed","ping_status":"closed","template":"","meta":{"_acf_changed":false,"_relevanssi_hide_post":"","_relevanssi_hide_content":"","_relevanssi_pin_for_all":"","_relevanssi_pin_keywords":"","_relevanssi_unpin_keywords":"","_relevanssi_related_keywords":"","_relevanssi_related_include_ids":"","_relevanssi_related_exclude_ids":"","_relevanssi_related_no_append":"","_relevanssi_related_not_related":"","_relevanssi_related_posts":"","_relevanssi_noindex_reason":"","footnotes":""},"class_list":["post-40931","page","type-page","status-publish","hentry"],"acf":[],"yoast_head":"<!-- This site is optimized with the Yoast SEO Premium plugin v27.4 (Yoast SEO v27.4) - https:\/\/yoast.com\/product\/yoast-seo-premium-wordpress\/ -->\n<title>Ihre Inhalte sind auf dem Weg\u00a0|\u00a0project44<\/title>\n<meta name=\"robots\" content=\"index, follow, max-snippet:-1, max-image-preview:large, max-video-preview:-1\" \/>\n<link rel=\"canonical\" href=\"https:\/\/www.project44.com\/de\/ty-ressourcen-download\/\" \/>\n<meta property=\"og:locale\" content=\"de_DE\" \/>\n<meta property=\"og:type\" content=\"article\" \/>\n<meta property=\"og:title\" content=\"[TY] Ressourcen-Download\" \/>\n<meta property=\"og:url\" content=\"https:\/\/www.project44.com\/de\/ty-ressourcen-download\/\" \/>\n<meta property=\"og:site_name\" content=\"project44\" \/>\n<meta property=\"article:publisher\" content=\"https:\/\/www.facebook.com\/project44Visibility\" \/>\n<meta property=\"article:modified_time\" content=\"2024-09-06T16:28:20+00:00\" \/>\n<meta property=\"og:image\" content=\"https:\/\/www.project44.com\/wp-content\/uploads\/2024\/03\/visibility-in-movement.webp\" \/>\n\t<meta property=\"og:image:width\" content=\"1232\" \/>\n\t<meta property=\"og:image:height\" content=\"1049\" \/>\n\t<meta property=\"og:image:type\" content=\"image\/webp\" \/>\n<meta name=\"twitter:card\" content=\"summary_large_image\" \/>\n<meta name=\"twitter:site\" content=\"@freightpipes\" \/>\n<script type=\"application\/ld+json\" class=\"yoast-schema-graph\">{\"@context\":\"https:\\\/\\\/schema.org\",\"@graph\":[{\"@type\":\"WebPage\",\"@id\":\"https:\\\/\\\/www.project44.com\\\/de\\\/ty-ressourcen-download\\\/\",\"url\":\"https:\\\/\\\/www.project44.com\\\/de\\\/ty-ressourcen-download\\\/\",\"name\":\"Ihre Inhalte sind auf dem Weg\u00a0|\u00a0project44\",\"isPartOf\":{\"@id\":\"https:\\\/\\\/www.project44.com\\\/de\\\/#website\"},\"datePublished\":\"2024-05-08T15:05:40+00:00\",\"dateModified\":\"2024-09-06T16:28:20+00:00\",\"breadcrumb\":{\"@id\":\"https:\\\/\\\/www.project44.com\\\/de\\\/ty-ressourcen-download\\\/#breadcrumb\"},\"inLanguage\":\"de-DE\",\"potentialAction\":[{\"@type\":\"ReadAction\",\"target\":[\"https:\\\/\\\/www.project44.com\\\/de\\\/ty-ressourcen-download\\\/\"]}]},{\"@type\":\"BreadcrumbList\",\"@id\":\"https:\\\/\\\/www.project44.com\\\/de\\\/ty-ressourcen-download\\\/#breadcrumb\",\"itemListElement\":[{\"@type\":\"ListItem\",\"position\":1,\"name\":\"Home\",\"item\":\"https:\\\/\\\/www.project44.com\\\/de\\\/\"},{\"@type\":\"ListItem\",\"position\":2,\"name\":\"[TY] Ressourcen-Download\"}]},{\"@type\":\"WebSite\",\"@id\":\"https:\\\/\\\/www.project44.com\\\/de\\\/#website\",\"url\":\"https:\\\/\\\/www.project44.com\\\/de\\\/\",\"name\":\"project44\",\"description\":\"\",\"publisher\":{\"@id\":\"https:\\\/\\\/www.project44.com\\\/de\\\/#organization\"},\"potentialAction\":[{\"@type\":\"SearchAction\",\"target\":{\"@type\":\"EntryPoint\",\"urlTemplate\":\"https:\\\/\\\/www.project44.com\\\/de\\\/?s={search_term_string}\"},\"query-input\":{\"@type\":\"PropertyValueSpecification\",\"valueRequired\":true,\"valueName\":\"search_term_string\"}}],\"inLanguage\":\"de-DE\"},{\"@type\":\"Organization\",\"@id\":\"https:\\\/\\\/www.project44.com\\\/de\\\/#organization\",\"name\":\"project44\",\"url\":\"https:\\\/\\\/www.project44.com\\\/de\\\/\",\"logo\":{\"@type\":\"ImageObject\",\"inLanguage\":\"de-DE\",\"@id\":\"https:\\\/\\\/www.project44.com\\\/de\\\/#\\\/schema\\\/logo\\\/image\\\/\",\"url\":\"https:\\\/\\\/www.project44.com\\\/wp-content\\\/uploads\\\/2024\\\/01\\\/logo.svg\",\"contentUrl\":\"https:\\\/\\\/www.project44.com\\\/wp-content\\\/uploads\\\/2024\\\/01\\\/logo.svg\",\"width\":213,\"height\":73,\"caption\":\"project44\"},\"image\":{\"@id\":\"https:\\\/\\\/www.project44.com\\\/de\\\/#\\\/schema\\\/logo\\\/image\\\/\"},\"sameAs\":[\"https:\\\/\\\/www.facebook.com\\\/project44Visibility\",\"https:\\\/\\\/x.com\\\/freightpipes\",\"https:\\\/\\\/www.linkedin.com\\\/company\\\/project-44\",\"https:\\\/\\\/www.instagram.com\\\/project44global\"]}]}<\/script>\n<!-- \/ Yoast SEO Premium plugin. -->","yoast_head_json":{"title":"Ihre Inhalte sind auf dem Weg\u00a0|\u00a0project44","robots":{"index":"index","follow":"follow","max-snippet":"max-snippet:-1","max-image-preview":"max-image-preview:large","max-video-preview":"max-video-preview:-1"},"canonical":"https:\/\/www.project44.com\/de\/ty-ressourcen-download\/","og_locale":"de_DE","og_type":"article","og_title":"[TY] Ressourcen-Download","og_url":"https:\/\/www.project44.com\/de\/ty-ressourcen-download\/","og_site_name":"project44","article_publisher":"https:\/\/www.facebook.com\/project44Visibility","article_modified_time":"2024-09-06T16:28:20+00:00","og_image":[{"width":1232,"height":1049,"url":"https:\/\/www.project44.com\/wp-content\/uploads\/2024\/03\/visibility-in-movement.webp","type":"image\/webp"}],"twitter_card":"summary_large_image","twitter_site":"@freightpipes","schema":{"@context":"https:\/\/schema.org","@graph":[{"@type":"WebPage","@id":"https:\/\/www.project44.com\/de\/ty-ressourcen-download\/","url":"https:\/\/www.project44.com\/de\/ty-ressourcen-download\/","name":"Ihre Inhalte sind auf dem Weg\u00a0|\u00a0project44","isPartOf":{"@id":"https:\/\/www.project44.com\/de\/#website"},"datePublished":"2024-05-08T15:05:40+00:00","dateModified":"2024-09-06T16:28:20+00:00","breadcrumb":{"@id":"https:\/\/www.project44.com\/de\/ty-ressourcen-download\/#breadcrumb"},"inLanguage":"de-DE","potentialAction":[{"@type":"ReadAction","target":["https:\/\/www.project44.com\/de\/ty-ressourcen-download\/"]}]},{"@type":"BreadcrumbList","@id":"https:\/\/www.project44.com\/de\/ty-ressourcen-download\/#breadcrumb","itemListElement":[{"@type":"ListItem","position":1,"name":"Home","item":"https:\/\/www.project44.com\/de\/"},{"@type":"ListItem","position":2,"name":"[TY] Ressourcen-Download"}]},{"@type":"WebSite","@id":"https:\/\/www.project44.com\/de\/#website","url":"https:\/\/www.project44.com\/de\/","name":"project44","description":"","publisher":{"@id":"https:\/\/www.project44.com\/de\/#organization"},"potentialAction":[{"@type":"SearchAction","target":{"@type":"EntryPoint","urlTemplate":"https:\/\/www.project44.com\/de\/?s={search_term_string}"},"query-input":{"@type":"PropertyValueSpecification","valueRequired":true,"valueName":"search_term_string"}}],"inLanguage":"de-DE"},{"@type":"Organization","@id":"https:\/\/www.project44.com\/de\/#organization","name":"project44","url":"https:\/\/www.project44.com\/de\/","logo":{"@type":"ImageObject","inLanguage":"de-DE","@id":"https:\/\/www.project44.com\/de\/#\/schema\/logo\/image\/","url":"https:\/\/www.project44.com\/wp-content\/uploads\/2024\/01\/logo.svg","contentUrl":"https:\/\/www.project44.com\/wp-content\/uploads\/2024\/01\/logo.svg","width":213,"height":73,"caption":"project44"},"image":{"@id":"https:\/\/www.project44.com\/de\/#\/schema\/logo\/image\/"},"sameAs":["https:\/\/www.facebook.com\/project44Visibility","https:\/\/x.com\/freightpipes","https:\/\/www.linkedin.com\/company\/project-44","https:\/\/www.instagram.com\/project44global"]}]}},"_links":{"self":[{"href":"https:\/\/www.project44.com\/de\/wp-json\/wp\/v2\/pages\/40931","targetHints":{"allow":["GET"]}}],"collection":[{"href":"https:\/\/www.project44.com\/de\/wp-json\/wp\/v2\/pages"}],"about":[{"href":"https:\/\/www.project44.com\/de\/wp-json\/wp\/v2\/types\/page"}],"author":[{"embeddable":true,"href":"https:\/\/www.project44.com\/de\/wp-json\/wp\/v2\/users\/3"}],"replies":[{"embeddable":true,"href":"https:\/\/www.project44.com\/de\/wp-json\/wp\/v2\/comments?post=40931"}],"version-history":[{"count":0,"href":"https:\/\/www.project44.com\/de\/wp-json\/wp\/v2\/pages\/40931\/revisions"}],"wp:attachment":[{"href":"https:\/\/www.project44.com\/de\/wp-json\/wp\/v2\/media?parent=40931"}],"curies":[{"name":"wp","href":"https:\/\/api.w.org\/{rel}","templated":true}]}}