{"id":73843,"date":"2025-10-09T16:44:33","date_gmt":"2025-10-09T21:44:33","guid":{"rendered":"https:\/\/www.project44.com\/plattform\/sichtbarkeit\/zollanalysen\/"},"modified":"2025-10-09T16:44:33","modified_gmt":"2025-10-09T21:44:33","slug":"zollanalysen","status":"publish","type":"page","link":"https:\/\/www.project44.com\/de\/plattform\/sichtbarkeit\/zollanalysen\/","title":{"rendered":"Zollanalysen"},"content":{"rendered":"","protected":false},"excerpt":{"rendered":"","protected":false},"author":79,"featured_media":0,"parent":40761,"menu_order":0,"comment_status":"closed","ping_status":"closed","template":"","meta":{"_acf_changed":false,"_relevanssi_hide_post":"","_relevanssi_hide_content":"","_relevanssi_pin_for_all":"","_relevanssi_pin_keywords":"","_relevanssi_unpin_keywords":"","_relevanssi_related_keywords":"","_relevanssi_related_include_ids":"","_relevanssi_related_exclude_ids":"","_relevanssi_related_no_append":"","_relevanssi_related_not_related":"","_relevanssi_related_posts":"","_relevanssi_noindex_reason":"","footnotes":""},"class_list":["post-73843","page","type-page","status-publish","hentry"],"acf":[],"yoast_head":"<!-- This site is optimized with the Yoast SEO Premium plugin v27.4 (Yoast SEO v27.4) - https:\/\/yoast.com\/product\/yoast-seo-premium-wordpress\/ -->\n<title>Zollanalysen | project44<\/title>\n<meta name=\"description\" content=\"Entdecken Sie, wie Tarifanalysen Ihre Beschaffungsentscheidungen vereinfachen k\u00f6nnen und Einblicke in die Komplexit\u00e4t der US-Z\u00f6lle bieten.\" \/>\n<meta name=\"robots\" content=\"index, follow, max-snippet:-1, max-image-preview:large, max-video-preview:-1\" \/>\n<link rel=\"canonical\" href=\"https:\/\/www.project44.com\/de\/plattform\/sichtbarkeit\/zollanalysen\/\" \/>\n<meta property=\"og:locale\" content=\"de_DE\" \/>\n<meta property=\"og:type\" content=\"article\" \/>\n<meta property=\"og:title\" content=\"Zollanalysen\" \/>\n<meta property=\"og:description\" content=\"Entdecken Sie, wie Tarifanalysen Ihre Beschaffungsentscheidungen vereinfachen k\u00f6nnen und Einblicke in die Komplexit\u00e4t der US-Z\u00f6lle bieten.\" \/>\n<meta property=\"og:url\" content=\"https:\/\/www.project44.com\/de\/plattform\/sichtbarkeit\/zollanalysen\/\" \/>\n<meta property=\"og:site_name\" content=\"project44\" \/>\n<meta property=\"article:publisher\" content=\"https:\/\/www.facebook.com\/project44Visibility\" \/>\n<meta property=\"og:image\" content=\"https:\/\/www.project44.com\/wp-content\/uploads\/2025\/10\/victoire-joncheray-361064-unsplash4-scaled.jpg\" \/>\n\t<meta property=\"og:image:width\" content=\"2560\" \/>\n\t<meta property=\"og:image:height\" content=\"1135\" \/>\n\t<meta property=\"og:image:type\" content=\"image\/jpeg\" \/>\n<meta name=\"twitter:card\" content=\"summary_large_image\" \/>\n<meta name=\"twitter:site\" content=\"@freightpipes\" \/>\n<script type=\"application\/ld+json\" class=\"yoast-schema-graph\">{\"@context\":\"https:\\\/\\\/schema.org\",\"@graph\":[{\"@type\":\"WebPage\",\"@id\":\"https:\\\/\\\/www.project44.com\\\/de\\\/plattform\\\/sichtbarkeit\\\/zollanalysen\\\/\",\"url\":\"https:\\\/\\\/www.project44.com\\\/de\\\/plattform\\\/sichtbarkeit\\\/zollanalysen\\\/\",\"name\":\"Zollanalysen | project44\",\"isPartOf\":{\"@id\":\"https:\\\/\\\/www.project44.com\\\/de\\\/#website\"},\"datePublished\":\"2025-10-09T21:44:33+00:00\",\"description\":\"Entdecken Sie, wie Tarifanalysen Ihre Beschaffungsentscheidungen vereinfachen k\u00f6nnen und Einblicke in die Komplexit\u00e4t der US-Z\u00f6lle bieten.\",\"breadcrumb\":{\"@id\":\"https:\\\/\\\/www.project44.com\\\/de\\\/plattform\\\/sichtbarkeit\\\/zollanalysen\\\/#breadcrumb\"},\"inLanguage\":\"de-DE\",\"potentialAction\":[{\"@type\":\"ReadAction\",\"target\":[\"https:\\\/\\\/www.project44.com\\\/de\\\/plattform\\\/sichtbarkeit\\\/zollanalysen\\\/\"]}]},{\"@type\":\"BreadcrumbList\",\"@id\":\"https:\\\/\\\/www.project44.com\\\/de\\\/plattform\\\/sichtbarkeit\\\/zollanalysen\\\/#breadcrumb\",\"itemListElement\":[{\"@type\":\"ListItem\",\"position\":1,\"name\":\"Home\",\"item\":\"https:\\\/\\\/www.project44.com\\\/de\\\/\"},{\"@type\":\"ListItem\",\"position\":2,\"name\":\"Plattform\",\"item\":\"https:\\\/\\\/www.project44.com\\\/de\\\/plattform\\\/\"},{\"@type\":\"ListItem\",\"position\":3,\"name\":\"Visibilit\u00e4t\",\"item\":\"https:\\\/\\\/www.project44.com\\\/de\\\/plattform\\\/sichtbarkeit\\\/\"},{\"@type\":\"ListItem\",\"position\":4,\"name\":\"Zollanalysen\"}]},{\"@type\":\"WebSite\",\"@id\":\"https:\\\/\\\/www.project44.com\\\/de\\\/#website\",\"url\":\"https:\\\/\\\/www.project44.com\\\/de\\\/\",\"name\":\"project44\",\"description\":\"\",\"publisher\":{\"@id\":\"https:\\\/\\\/www.project44.com\\\/de\\\/#organization\"},\"potentialAction\":[{\"@type\":\"SearchAction\",\"target\":{\"@type\":\"EntryPoint\",\"urlTemplate\":\"https:\\\/\\\/www.project44.com\\\/de\\\/?s={search_term_string}\"},\"query-input\":{\"@type\":\"PropertyValueSpecification\",\"valueRequired\":true,\"valueName\":\"search_term_string\"}}],\"inLanguage\":\"de-DE\"},{\"@type\":\"Organization\",\"@id\":\"https:\\\/\\\/www.project44.com\\\/de\\\/#organization\",\"name\":\"project44\",\"url\":\"https:\\\/\\\/www.project44.com\\\/de\\\/\",\"logo\":{\"@type\":\"ImageObject\",\"inLanguage\":\"de-DE\",\"@id\":\"https:\\\/\\\/www.project44.com\\\/de\\\/#\\\/schema\\\/logo\\\/image\\\/\",\"url\":\"https:\\\/\\\/www.project44.com\\\/wp-content\\\/uploads\\\/2024\\\/01\\\/logo.svg\",\"contentUrl\":\"https:\\\/\\\/www.project44.com\\\/wp-content\\\/uploads\\\/2024\\\/01\\\/logo.svg\",\"width\":213,\"height\":73,\"caption\":\"project44\"},\"image\":{\"@id\":\"https:\\\/\\\/www.project44.com\\\/de\\\/#\\\/schema\\\/logo\\\/image\\\/\"},\"sameAs\":[\"https:\\\/\\\/www.facebook.com\\\/project44Visibility\",\"https:\\\/\\\/x.com\\\/freightpipes\",\"https:\\\/\\\/www.linkedin.com\\\/company\\\/project-44\",\"https:\\\/\\\/www.instagram.com\\\/project44global\"]}]}<\/script>\n<!-- \/ Yoast SEO Premium plugin. -->","yoast_head_json":{"title":"Zollanalysen | project44","description":"Entdecken Sie, wie Tarifanalysen Ihre Beschaffungsentscheidungen vereinfachen k\u00f6nnen und Einblicke in die Komplexit\u00e4t der US-Z\u00f6lle bieten.","robots":{"index":"index","follow":"follow","max-snippet":"max-snippet:-1","max-image-preview":"max-image-preview:large","max-video-preview":"max-video-preview:-1"},"canonical":"https:\/\/www.project44.com\/de\/plattform\/sichtbarkeit\/zollanalysen\/","og_locale":"de_DE","og_type":"article","og_title":"Zollanalysen","og_description":"Entdecken Sie, wie Tarifanalysen Ihre Beschaffungsentscheidungen vereinfachen k\u00f6nnen und Einblicke in die Komplexit\u00e4t der US-Z\u00f6lle bieten.","og_url":"https:\/\/www.project44.com\/de\/plattform\/sichtbarkeit\/zollanalysen\/","og_site_name":"project44","article_publisher":"https:\/\/www.facebook.com\/project44Visibility","og_image":[{"width":2560,"height":1135,"url":"https:\/\/www.project44.com\/wp-content\/uploads\/2025\/10\/victoire-joncheray-361064-unsplash4-scaled.jpg","type":"image\/jpeg"}],"twitter_card":"summary_large_image","twitter_site":"@freightpipes","schema":{"@context":"https:\/\/schema.org","@graph":[{"@type":"WebPage","@id":"https:\/\/www.project44.com\/de\/plattform\/sichtbarkeit\/zollanalysen\/","url":"https:\/\/www.project44.com\/de\/plattform\/sichtbarkeit\/zollanalysen\/","name":"Zollanalysen | project44","isPartOf":{"@id":"https:\/\/www.project44.com\/de\/#website"},"datePublished":"2025-10-09T21:44:33+00:00","description":"Entdecken Sie, wie Tarifanalysen Ihre Beschaffungsentscheidungen vereinfachen k\u00f6nnen und Einblicke in die Komplexit\u00e4t der US-Z\u00f6lle bieten.","breadcrumb":{"@id":"https:\/\/www.project44.com\/de\/plattform\/sichtbarkeit\/zollanalysen\/#breadcrumb"},"inLanguage":"de-DE","potentialAction":[{"@type":"ReadAction","target":["https:\/\/www.project44.com\/de\/plattform\/sichtbarkeit\/zollanalysen\/"]}]},{"@type":"BreadcrumbList","@id":"https:\/\/www.project44.com\/de\/plattform\/sichtbarkeit\/zollanalysen\/#breadcrumb","itemListElement":[{"@type":"ListItem","position":1,"name":"Home","item":"https:\/\/www.project44.com\/de\/"},{"@type":"ListItem","position":2,"name":"Plattform","item":"https:\/\/www.project44.com\/de\/plattform\/"},{"@type":"ListItem","position":3,"name":"Visibilit\u00e4t","item":"https:\/\/www.project44.com\/de\/plattform\/sichtbarkeit\/"},{"@type":"ListItem","position":4,"name":"Zollanalysen"}]},{"@type":"WebSite","@id":"https:\/\/www.project44.com\/de\/#website","url":"https:\/\/www.project44.com\/de\/","name":"project44","description":"","publisher":{"@id":"https:\/\/www.project44.com\/de\/#organization"},"potentialAction":[{"@type":"SearchAction","target":{"@type":"EntryPoint","urlTemplate":"https:\/\/www.project44.com\/de\/?s={search_term_string}"},"query-input":{"@type":"PropertyValueSpecification","valueRequired":true,"valueName":"search_term_string"}}],"inLanguage":"de-DE"},{"@type":"Organization","@id":"https:\/\/www.project44.com\/de\/#organization","name":"project44","url":"https:\/\/www.project44.com\/de\/","logo":{"@type":"ImageObject","inLanguage":"de-DE","@id":"https:\/\/www.project44.com\/de\/#\/schema\/logo\/image\/","url":"https:\/\/www.project44.com\/wp-content\/uploads\/2024\/01\/logo.svg","contentUrl":"https:\/\/www.project44.com\/wp-content\/uploads\/2024\/01\/logo.svg","width":213,"height":73,"caption":"project44"},"image":{"@id":"https:\/\/www.project44.com\/de\/#\/schema\/logo\/image\/"},"sameAs":["https:\/\/www.facebook.com\/project44Visibility","https:\/\/x.com\/freightpipes","https:\/\/www.linkedin.com\/company\/project-44","https:\/\/www.instagram.com\/project44global"]}]}},"_links":{"self":[{"href":"https:\/\/www.project44.com\/de\/wp-json\/wp\/v2\/pages\/73843","targetHints":{"allow":["GET"]}}],"collection":[{"href":"https:\/\/www.project44.com\/de\/wp-json\/wp\/v2\/pages"}],"about":[{"href":"https:\/\/www.project44.com\/de\/wp-json\/wp\/v2\/types\/page"}],"author":[{"embeddable":true,"href":"https:\/\/www.project44.com\/de\/wp-json\/wp\/v2\/users\/79"}],"replies":[{"embeddable":true,"href":"https:\/\/www.project44.com\/de\/wp-json\/wp\/v2\/comments?post=73843"}],"version-history":[{"count":0,"href":"https:\/\/www.project44.com\/de\/wp-json\/wp\/v2\/pages\/73843\/revisions"}],"up":[{"embeddable":true,"href":"https:\/\/www.project44.com\/de\/wp-json\/wp\/v2\/pages\/40761"}],"wp:attachment":[{"href":"https:\/\/www.project44.com\/de\/wp-json\/wp\/v2\/media?parent=73843"}],"curies":[{"name":"wp","href":"https:\/\/api.w.org\/{rel}","templated":true}]}}