{"id":44799,"date":"2024-01-25T21:57:33","date_gmt":"2024-01-26T03:57:33","guid":{"rendered":"https:\/\/www.project44.com\/obtener-una-demostracion\/"},"modified":"2024-10-29T09:06:53","modified_gmt":"2024-10-29T14:06:53","slug":"obtener-una-demostracion","status":"publish","type":"page","link":"https:\/\/www.project44.com\/es\/obtener-una-demostracion\/","title":{"rendered":"Obtener una demo"},"content":{"rendered":"\n<div class=\"wp-block-cover alignfull is-light has-custom-content-position is-position-top-center is-style-hero\" style=\"padding-top:0;min-height:575px;aspect-ratio:unset;\"><span aria-hidden=\"true\" class=\"wp-block-cover__background has-background-dim-0 has-background-dim\"><\/span><video class=\"wp-block-cover__video-background intrinsic-ignore\" autoplay muted loop playsinline src=\"https:\/\/www.project44.com\/wp-content\/uploads\/2023\/05\/6329fb26f23bf394cf2b08a0_cta-cube-transcode.mp4\" data-object-fit=\"cover\"><\/video><div class=\"wp-block-cover__inner-container has-global-padding is-layout-constrained wp-container-core-cover-is-layout-949d87ff wp-block-cover-is-layout-constrained\">\n<p class=\"has-text-align-center has-large-font-size\"><\/p>\n<\/div><\/div>\n\n<div class=\"wp-block-cover alignfull is-light is-repeated has-custom-content-position is-position-top-center is-style-overflow-visible\" style=\"margin-top:0;min-height:100px;aspect-ratio:unset;\"><span aria-hidden=\"true\" class=\"wp-block-cover__background has-background-dim-0 has-background-dim\"><\/span><div class=\"wp-block-cover__image-background wp-image-7492 is-repeated\" style=\"background-position:0% 0%;background-image:url(https:\/\/www.project44.com\/wp-content\/uploads\/2024\/01\/bg-grid-white-120.svg)\"><\/div><div class=\"wp-block-cover__inner-container has-global-padding is-layout-constrained wp-container-core-cover-is-layout-e6c763b7 wp-block-cover-is-layout-constrained\">\n<div class=\"wp-block-group is-style-hero-pull-content-full is-layout-flow wp-block-group-is-layout-flow\">\n<div class=\"wp-block-group has-global-padding is-layout-constrained wp-block-group-is-layout-constrained\" style=\"padding-top:0\">\n<div class=\"wp-block-columns is-style-row-padding is-layout-flex wp-container-core-columns-is-layout-6ff537d5 wp-block-columns-is-layout-flex\">\n<div class=\"wp-block-column is-layout-flow wp-block-column-is-layout-flow\">\n<div class=\"wp-block-group has-white-color has-text-color has-link-color wp-elements-092bd9a5d02af1ca59c538b26d9ede9f has-global-padding is-content-justification-left is-layout-constrained wp-container-core-group-is-layout-df9d7b1a wp-block-group-is-layout-constrained\" style=\"padding-bottom:var(--wp--preset--spacing--20)\">\n<h1 class=\"wp-block-heading has-text-align-left is-style-default has-gigantic-size\" id=\"h-request-a-personalized-demo\">Solicite una demostraci\u00f3n personalizada<\/h1>\n\n\n\n<p class=\"is-style-default has-large-font-size\">Libere todo el potencial de su cadena de suministro. Descubra por qu\u00e9 miles de empresas conf\u00edan en la plataforma impulsada por IA de project44 para superar la fricci\u00f3n en la cadena de suministro y transformar sus cadenas de suministro de centro de costes a generador de ingresos estrat\u00e9gicos.<\/p>\n<\/div>\n\n\n\n<div class=\"wp-block-group has-white-background-color has-background is-style-box-shadow-2 has-global-padding is-layout-constrained wp-container-core-group-is-layout-035972fa wp-block-group-is-layout-constrained\" style=\"border-radius:24px;padding-top:var(--wp--preset--spacing--32);padding-right:var(--wp--preset--spacing--32);padding-bottom:var(--wp--preset--spacing--32);padding-left:var(--wp--preset--spacing--32)\">\n<div class=\"wp-block-group has-global-padding is-layout-constrained wp-block-group-is-layout-constrained\" style=\"padding-top:0\">\n<p class=\"has-text-align-center is-style-default has-x-large-font-size\"><strong>Hacemos avanzar a las mejores marcas del mundo<\/strong><\/p>\n\n\n\n<div class=\"wp-block-group is-layout-grid wp-container-core-group-is-layout-aaee5833 wp-block-group-is-layout-grid\">\n<figure class=\"wp-block-image size-full\"><img loading=\"lazy\" decoding=\"async\" width=\"120\" height=\"50\" src=\"https:\/\/www.project44.com\/wp-content\/uploads\/2024\/04\/logo-abbvie.svg\" alt=\"Abbvie\" class=\"wp-image-24381\"\/><\/figure>\n\n\n\n<figure class=\"wp-block-image size-full\"><img loading=\"lazy\" decoding=\"async\" width=\"120\" height=\"50\" src=\"https:\/\/www.project44.com\/wp-content\/uploads\/2024\/05\/logo-mars.svg\" alt=\"\" class=\"wp-image-37485\"\/><\/figure>\n\n\n\n<figure class=\"wp-block-image size-full\"><img loading=\"lazy\" decoding=\"async\" width=\"121\" height=\"50\" src=\"https:\/\/www.project44.com\/wp-content\/uploads\/2024\/04\/logo-nestle.svg\" alt=\"Nestl&#xE9;\" class=\"wp-image-23353\"\/><\/figure>\n\n\n\n<figure class=\"wp-block-image size-full\"><img loading=\"lazy\" decoding=\"async\" width=\"120\" height=\"50\" src=\"https:\/\/www.project44.com\/wp-content\/uploads\/2024\/04\/logo-google.svg\" alt=\"Google\" class=\"wp-image-30571\"\/><\/figure>\n<\/div>\n\n\n\n<div class=\"wp-block-group is-layout-grid wp-container-core-group-is-layout-aaee5833 wp-block-group-is-layout-grid\">\n<figure class=\"wp-block-image size-full\"><img loading=\"lazy\" decoding=\"async\" width=\"120\" height=\"50\" src=\"https:\/\/www.project44.com\/wp-content\/uploads\/2024\/04\/logo-exxon-mobil.svg\" alt=\"ExxonMobil\" class=\"wp-image-23369\"\/><\/figure>\n\n\n\n<figure class=\"wp-block-image size-full\"><img loading=\"lazy\" decoding=\"async\" width=\"120\" height=\"50\" src=\"https:\/\/www.project44.com\/wp-content\/uploads\/2024\/01\/logo-mondelez.svg\" alt=\"Mondelez\" class=\"wp-image-7504\"\/><\/figure>\n\n\n\n<figure class=\"wp-block-image size-full\"><img loading=\"lazy\" decoding=\"async\" width=\"120\" height=\"50\" src=\"https:\/\/www.project44.com\/wp-content\/uploads\/2024\/03\/logo-ford.svg\" alt=\"Ford\" class=\"wp-image-22167\"\/><\/figure>\n\n\n\n<figure class=\"wp-block-image size-full\"><img loading=\"lazy\" decoding=\"async\" width=\"120\" height=\"50\" src=\"https:\/\/www.project44.com\/wp-content\/uploads\/2024\/05\/logo-whirlpool.svg\" alt=\"\" class=\"wp-image-37479\"\/><\/figure>\n<\/div>\n\n\n\n<div class=\"wp-block-group is-layout-grid wp-container-core-group-is-layout-aaee5833 wp-block-group-is-layout-grid\">\n<figure class=\"wp-block-image size-full\"><img loading=\"lazy\" decoding=\"async\" width=\"120\" height=\"50\" src=\"https:\/\/www.project44.com\/wp-content\/uploads\/2024\/04\/logo-unilever.svg\" alt=\"Unilever\" class=\"wp-image-23337\"\/><\/figure>\n\n\n\n<figure class=\"wp-block-image size-full\"><img loading=\"lazy\" decoding=\"async\" width=\"121\" height=\"50\" src=\"https:\/\/www.project44.com\/wp-content\/uploads\/2024\/04\/logo-toyota.svg\" alt=\"Toyota\" class=\"wp-image-23361\"\/><\/figure>\n\n\n\n<figure class=\"wp-block-image size-full\"><img loading=\"lazy\" decoding=\"async\" width=\"120\" height=\"50\" src=\"https:\/\/www.project44.com\/wp-content\/uploads\/2024\/04\/logo-coca-cola.svg\" alt=\"Coca Cola\" class=\"wp-image-30591\"\/><\/figure>\n\n\n\n<figure class=\"wp-block-image size-full\"><img loading=\"lazy\" decoding=\"async\" width=\"120\" height=\"50\" src=\"https:\/\/www.project44.com\/wp-content\/uploads\/2024\/04\/logo-fedex.svg\" alt=\"FedEx\" class=\"wp-image-30603\"\/><\/figure>\n<\/div>\n<\/div>\n\n\n\n<p class=\"has-text-align-center has-x-large-font-size\" style=\"padding-top:var(--wp--preset--spacing--20);padding-bottom:var(--wp--preset--spacing--20)\"><strong>El n.\u00ba 1 seg\u00fan nuestros clientes<\/strong><\/p>\n\n\n\n<div class=\"wp-block-columns is-not-stacked-on-mobile is-layout-flex wp-container-core-columns-is-layout-f92ffa15 wp-block-columns-is-layout-flex\">\n<div class=\"wp-block-column is-layout-flow wp-block-column-is-layout-flow\" style=\"flex-basis:50%\">\n<figure class=\"wp-block-image size-full\"><img loading=\"lazy\" decoding=\"async\" width=\"370\" height=\"118\" src=\"https:\/\/www.project44.com\/wp-content\/uploads\/2024\/09\/G2-Review_09-24-24.png\" alt=\"\" class=\"wp-image-48963\" srcset=\"https:\/\/www.project44.com\/wp-content\/uploads\/2024\/09\/G2-Review_09-24-24.png 370w, https:\/\/www.project44.com\/wp-content\/uploads\/2024\/09\/G2-Review_09-24-24-300x96.png 300w\" sizes=\"auto, (max-width: 370px) 100vw, 370px\" \/><\/figure>\n<\/div>\n\n\n\n<div class=\"wp-block-column is-layout-flow wp-block-column-is-layout-flow\" style=\"flex-basis:50%\">\n<div class=\"wp-block-group is-style-width-100 has-global-padding is-content-justification-left is-layout-constrained wp-container-core-group-is-layout-12dd3699 wp-block-group-is-layout-constrained\" style=\"border-bottom-style:none;border-bottom-width:0px\">\n<figure class=\"wp-block-image size-full\"><img loading=\"lazy\" decoding=\"async\" width=\"370\" height=\"118\" src=\"https:\/\/www.project44.com\/wp-content\/uploads\/2024\/09\/PeerInsights_09-24-24.png\" alt=\"\" class=\"wp-image-48969\" srcset=\"https:\/\/www.project44.com\/wp-content\/uploads\/2024\/09\/PeerInsights_09-24-24.png 370w, https:\/\/www.project44.com\/wp-content\/uploads\/2024\/09\/PeerInsights_09-24-24-300x96.png 300w\" sizes=\"auto, (max-width: 370px) 100vw, 370px\" \/><\/figure>\n<\/div>\n<\/div>\n<\/div>\n<\/div>\n<\/div>\n\n\n\n<div class=\"wp-block-column is-layout-flow wp-block-column-is-layout-flow\" style=\"flex-basis:35%\">\n<div class=\"wp-block-group has-border-color has-black-border-color has-white-background-color has-background is-style-height-100 has-global-padding is-layout-constrained wp-container-core-group-is-layout-9197debc wp-block-group-is-layout-constrained\" style=\"border-width:1px;border-radius:24px;padding-top:var(--wp--preset--spacing--32);padding-right:var(--wp--preset--spacing--32);padding-bottom:var(--wp--preset--spacing--32);padding-left:var(--wp--preset--spacing--32)\">\n<h2 class=\"wp-block-heading has-h5-size\" id=\"h-schedule-a-demo\">Programe una demostraci\u00f3n<\/h2>\n\n\n\n<p>Rellene el siguiente formulario para hablar con un experto en visibilidad.<\/p>\n\n\n<div class=\"wp-block-knightowl-blocks-marketo-form\"><script src=\"\/\/go.project44.com\/js\/forms2\/js\/forms2.min.js\"><\/script><form id=\"mktoForm_1697\"><\/form><script>\n        MktoForms2.loadForm(\"\/\/go.project44.com\", \"049-IOY-754\", 1697, function(form) {});\n    <\/script><\/div><\/div>\n<\/div>\n<\/div>\n<\/div>\n<\/div>\n<\/div><\/div>\n","protected":false},"excerpt":{"rendered":"","protected":false},"author":1,"featured_media":0,"parent":0,"menu_order":0,"comment_status":"closed","ping_status":"closed","template":"","meta":{"_acf_changed":false,"_relevanssi_hide_post":"","_relevanssi_hide_content":"","_relevanssi_pin_for_all":"","_relevanssi_pin_keywords":"","_relevanssi_unpin_keywords":"","_relevanssi_related_keywords":"","_relevanssi_related_include_ids":"","_relevanssi_related_exclude_ids":"","_relevanssi_related_no_append":"","_relevanssi_related_not_related":"","_relevanssi_related_posts":"","_relevanssi_noindex_reason":"","footnotes":""},"class_list":["post-44799","page","type-page","status-publish","hentry"],"acf":[],"yoast_head":"<!-- This site is optimized with the Yoast SEO Premium plugin v27.6 (Yoast SEO v27.6) - https:\/\/yoast.com\/product\/yoast-seo-premium-wordpress\/ -->\n<title>Obtener una demostraci\u00f3n | project44<\/title>\n<meta name=\"description\" content=\"Obtenga una demostraci\u00f3n de la plataforma impulsada por IA de project44, que transforma las cadenas de suministro, de centro de costes a generador de ingresos.\" \/>\n<meta name=\"robots\" content=\"index, follow, max-snippet:-1, max-image-preview:large, max-video-preview:-1\" \/>\n<link rel=\"canonical\" href=\"https:\/\/www.project44.com\/es\/obtener-una-demostracion\/\" \/>\n<meta property=\"og:locale\" content=\"es_ES\" \/>\n<meta property=\"og:type\" content=\"article\" \/>\n<meta property=\"og:title\" content=\"Obtener una demo\" \/>\n<meta property=\"og:description\" content=\"Obtenga una demostraci\u00f3n de la plataforma impulsada por IA de project44, que transforma las cadenas de suministro, de centro de costes a generador de ingresos.\" \/>\n<meta property=\"og:url\" content=\"https:\/\/www.project44.com\/es\/obtener-una-demostracion\/\" \/>\n<meta property=\"og:site_name\" content=\"project44\" \/>\n<meta property=\"article:publisher\" content=\"https:\/\/www.facebook.com\/project44Visibility\" \/>\n<meta property=\"article:modified_time\" content=\"2024-10-29T14:06:53+00:00\" \/>\n<meta name=\"twitter:card\" content=\"summary_large_image\" \/>\n<meta name=\"twitter:site\" content=\"@freightpipes\" \/>\n<script type=\"application\/ld+json\" class=\"yoast-schema-graph\">{\"@context\":\"https:\\\/\\\/schema.org\",\"@graph\":[{\"@type\":\"WebPage\",\"@id\":\"https:\\\/\\\/www.project44.com\\\/es\\\/obtener-una-demostracion\\\/\",\"url\":\"https:\\\/\\\/www.project44.com\\\/es\\\/obtener-una-demostracion\\\/\",\"name\":\"Obtener una demostraci\u00f3n | project44\",\"isPartOf\":{\"@id\":\"https:\\\/\\\/www.project44.com\\\/es\\\/#website\"},\"primaryImageOfPage\":{\"@id\":\"https:\\\/\\\/www.project44.com\\\/es\\\/obtener-una-demostracion\\\/#primaryimage\"},\"image\":{\"@id\":\"https:\\\/\\\/www.project44.com\\\/es\\\/obtener-una-demostracion\\\/#primaryimage\"},\"thumbnailUrl\":\"https:\\\/\\\/www.project44.com\\\/wp-content\\\/uploads\\\/2024\\\/04\\\/logo-abbvie.svg\",\"datePublished\":\"2024-01-26T03:57:33+00:00\",\"dateModified\":\"2024-10-29T14:06:53+00:00\",\"description\":\"Obtenga una demostraci\u00f3n de la plataforma impulsada por IA de project44, que transforma las cadenas de suministro, de centro de costes a generador de ingresos.\",\"breadcrumb\":{\"@id\":\"https:\\\/\\\/www.project44.com\\\/es\\\/obtener-una-demostracion\\\/#breadcrumb\"},\"inLanguage\":\"es\",\"potentialAction\":[{\"@type\":\"ReadAction\",\"target\":[\"https:\\\/\\\/www.project44.com\\\/es\\\/obtener-una-demostracion\\\/\"]}]},{\"@type\":\"ImageObject\",\"inLanguage\":\"es\",\"@id\":\"https:\\\/\\\/www.project44.com\\\/es\\\/obtener-una-demostracion\\\/#primaryimage\",\"url\":\"https:\\\/\\\/www.project44.com\\\/wp-content\\\/uploads\\\/2024\\\/04\\\/logo-abbvie.svg\",\"contentUrl\":\"https:\\\/\\\/www.project44.com\\\/wp-content\\\/uploads\\\/2024\\\/04\\\/logo-abbvie.svg\"},{\"@type\":\"BreadcrumbList\",\"@id\":\"https:\\\/\\\/www.project44.com\\\/es\\\/obtener-una-demostracion\\\/#breadcrumb\",\"itemListElement\":[{\"@type\":\"ListItem\",\"position\":1,\"name\":\"Home\",\"item\":\"https:\\\/\\\/www.project44.com\\\/es\\\/\"},{\"@type\":\"ListItem\",\"position\":2,\"name\":\"Obtener una demo\"}]},{\"@type\":\"WebSite\",\"@id\":\"https:\\\/\\\/www.project44.com\\\/es\\\/#website\",\"url\":\"https:\\\/\\\/www.project44.com\\\/es\\\/\",\"name\":\"project44\",\"description\":\"\",\"publisher\":{\"@id\":\"https:\\\/\\\/www.project44.com\\\/es\\\/#organization\"},\"potentialAction\":[{\"@type\":\"SearchAction\",\"target\":{\"@type\":\"EntryPoint\",\"urlTemplate\":\"https:\\\/\\\/www.project44.com\\\/es\\\/?s={search_term_string}\"},\"query-input\":{\"@type\":\"PropertyValueSpecification\",\"valueRequired\":true,\"valueName\":\"search_term_string\"}}],\"inLanguage\":\"es\"},{\"@type\":\"Organization\",\"@id\":\"https:\\\/\\\/www.project44.com\\\/es\\\/#organization\",\"name\":\"project44\",\"url\":\"https:\\\/\\\/www.project44.com\\\/es\\\/\",\"logo\":{\"@type\":\"ImageObject\",\"inLanguage\":\"es\",\"@id\":\"https:\\\/\\\/www.project44.com\\\/es\\\/#\\\/schema\\\/logo\\\/image\\\/\",\"url\":\"https:\\\/\\\/www.project44.com\\\/wp-content\\\/uploads\\\/2024\\\/01\\\/logo.svg\",\"contentUrl\":\"https:\\\/\\\/www.project44.com\\\/wp-content\\\/uploads\\\/2024\\\/01\\\/logo.svg\",\"width\":213,\"height\":73,\"caption\":\"project44\"},\"image\":{\"@id\":\"https:\\\/\\\/www.project44.com\\\/es\\\/#\\\/schema\\\/logo\\\/image\\\/\"},\"sameAs\":[\"https:\\\/\\\/www.facebook.com\\\/project44Visibility\",\"https:\\\/\\\/x.com\\\/freightpipes\",\"https:\\\/\\\/www.linkedin.com\\\/company\\\/project-44\",\"https:\\\/\\\/www.instagram.com\\\/project44global\"]}]}<\/script>\n<!-- \/ Yoast SEO Premium plugin. -->","yoast_head_json":{"title":"Obtener una demostraci\u00f3n | project44","description":"Obtenga una demostraci\u00f3n de la plataforma impulsada por IA de project44, que transforma las cadenas de suministro, de centro de costes a generador de ingresos.","robots":{"index":"index","follow":"follow","max-snippet":"max-snippet:-1","max-image-preview":"max-image-preview:large","max-video-preview":"max-video-preview:-1"},"canonical":"https:\/\/www.project44.com\/es\/obtener-una-demostracion\/","og_locale":"es_ES","og_type":"article","og_title":"Obtener una demo","og_description":"Obtenga una demostraci\u00f3n de la plataforma impulsada por IA de project44, que transforma las cadenas de suministro, de centro de costes a generador de ingresos.","og_url":"https:\/\/www.project44.com\/es\/obtener-una-demostracion\/","og_site_name":"project44","article_publisher":"https:\/\/www.facebook.com\/project44Visibility","article_modified_time":"2024-10-29T14:06:53+00:00","twitter_card":"summary_large_image","twitter_site":"@freightpipes","schema":{"@context":"https:\/\/schema.org","@graph":[{"@type":"WebPage","@id":"https:\/\/www.project44.com\/es\/obtener-una-demostracion\/","url":"https:\/\/www.project44.com\/es\/obtener-una-demostracion\/","name":"Obtener una demostraci\u00f3n | project44","isPartOf":{"@id":"https:\/\/www.project44.com\/es\/#website"},"primaryImageOfPage":{"@id":"https:\/\/www.project44.com\/es\/obtener-una-demostracion\/#primaryimage"},"image":{"@id":"https:\/\/www.project44.com\/es\/obtener-una-demostracion\/#primaryimage"},"thumbnailUrl":"https:\/\/www.project44.com\/wp-content\/uploads\/2024\/04\/logo-abbvie.svg","datePublished":"2024-01-26T03:57:33+00:00","dateModified":"2024-10-29T14:06:53+00:00","description":"Obtenga una demostraci\u00f3n de la plataforma impulsada por IA de project44, que transforma las cadenas de suministro, de centro de costes a generador de ingresos.","breadcrumb":{"@id":"https:\/\/www.project44.com\/es\/obtener-una-demostracion\/#breadcrumb"},"inLanguage":"es","potentialAction":[{"@type":"ReadAction","target":["https:\/\/www.project44.com\/es\/obtener-una-demostracion\/"]}]},{"@type":"ImageObject","inLanguage":"es","@id":"https:\/\/www.project44.com\/es\/obtener-una-demostracion\/#primaryimage","url":"https:\/\/www.project44.com\/wp-content\/uploads\/2024\/04\/logo-abbvie.svg","contentUrl":"https:\/\/www.project44.com\/wp-content\/uploads\/2024\/04\/logo-abbvie.svg"},{"@type":"BreadcrumbList","@id":"https:\/\/www.project44.com\/es\/obtener-una-demostracion\/#breadcrumb","itemListElement":[{"@type":"ListItem","position":1,"name":"Home","item":"https:\/\/www.project44.com\/es\/"},{"@type":"ListItem","position":2,"name":"Obtener una demo"}]},{"@type":"WebSite","@id":"https:\/\/www.project44.com\/es\/#website","url":"https:\/\/www.project44.com\/es\/","name":"project44","description":"","publisher":{"@id":"https:\/\/www.project44.com\/es\/#organization"},"potentialAction":[{"@type":"SearchAction","target":{"@type":"EntryPoint","urlTemplate":"https:\/\/www.project44.com\/es\/?s={search_term_string}"},"query-input":{"@type":"PropertyValueSpecification","valueRequired":true,"valueName":"search_term_string"}}],"inLanguage":"es"},{"@type":"Organization","@id":"https:\/\/www.project44.com\/es\/#organization","name":"project44","url":"https:\/\/www.project44.com\/es\/","logo":{"@type":"ImageObject","inLanguage":"es","@id":"https:\/\/www.project44.com\/es\/#\/schema\/logo\/image\/","url":"https:\/\/www.project44.com\/wp-content\/uploads\/2024\/01\/logo.svg","contentUrl":"https:\/\/www.project44.com\/wp-content\/uploads\/2024\/01\/logo.svg","width":213,"height":73,"caption":"project44"},"image":{"@id":"https:\/\/www.project44.com\/es\/#\/schema\/logo\/image\/"},"sameAs":["https:\/\/www.facebook.com\/project44Visibility","https:\/\/x.com\/freightpipes","https:\/\/www.linkedin.com\/company\/project-44","https:\/\/www.instagram.com\/project44global"]}]}},"_links":{"self":[{"href":"https:\/\/www.project44.com\/es\/wp-json\/wp\/v2\/pages\/44799","targetHints":{"allow":["GET"]}}],"collection":[{"href":"https:\/\/www.project44.com\/es\/wp-json\/wp\/v2\/pages"}],"about":[{"href":"https:\/\/www.project44.com\/es\/wp-json\/wp\/v2\/types\/page"}],"author":[{"embeddable":true,"href":"https:\/\/www.project44.com\/es\/wp-json\/wp\/v2\/users\/1"}],"replies":[{"embeddable":true,"href":"https:\/\/www.project44.com\/es\/wp-json\/wp\/v2\/comments?post=44799"}],"version-history":[{"count":0,"href":"https:\/\/www.project44.com\/es\/wp-json\/wp\/v2\/pages\/44799\/revisions"}],"wp:attachment":[{"href":"https:\/\/www.project44.com\/es\/wp-json\/wp\/v2\/media?parent=44799"}],"curies":[{"name":"wp","href":"https:\/\/api.w.org\/{rel}","templated":true}]}}