{"id":45193,"date":"2023-05-18T15:33:52","date_gmt":"2023-05-18T20:33:52","guid":{"rendered":"https:\/\/www.project44.com\/generador-de-patrones\/"},"modified":"2024-09-09T11:32:24","modified_gmt":"2024-09-09T16:32:24","slug":"generador-de-patrones","status":"publish","type":"page","link":"https:\/\/www.project44.com\/es\/generador-de-patrones\/","title":{"rendered":"Generador de patrones"},"content":{"rendered":"\n<div class=\"wp-block-cover alignfull is-light has-custom-content-position is-position-top-center is-style-hero is-style-dark-highlight-top\" style=\"min-height:700px;aspect-ratio:unset;\"><span aria-hidden=\"true\" class=\"wp-block-cover__background has-background-dim-0 has-background-dim\"><\/span><img loading=\"lazy\" decoding=\"async\" width=\"2560\" height=\"1707\" src=\"https:\/\/www.project44.com\/wp-content\/uploads\/2023\/05\/Ningbo_Port_3000x2000-scaled.jpg\" class=\"wp-block-cover__image-background wp-post-image\" alt=\"\" data-object-fit=\"cover\" srcset=\"https:\/\/www.project44.com\/wp-content\/uploads\/2023\/05\/Ningbo_Port_3000x2000-scaled.jpg 2560w, https:\/\/www.project44.com\/wp-content\/uploads\/2023\/05\/Ningbo_Port_3000x2000-300x200.jpg 300w, https:\/\/www.project44.com\/wp-content\/uploads\/2023\/05\/Ningbo_Port_3000x2000-1024x683.jpg 1024w, https:\/\/www.project44.com\/wp-content\/uploads\/2023\/05\/Ningbo_Port_3000x2000-768x512.jpg 768w, https:\/\/www.project44.com\/wp-content\/uploads\/2023\/05\/Ningbo_Port_3000x2000-1536x1024.jpg 1536w, https:\/\/www.project44.com\/wp-content\/uploads\/2023\/05\/Ningbo_Port_3000x2000-2048x1365.jpg 2048w\" sizes=\"auto, (max-width: 2560px) 100vw, 2560px\" \/><div class=\"wp-block-cover__inner-container is-layout-flow wp-container-core-cover-is-layout-119bc444 wp-block-cover-is-layout-flow\">\n<div class=\"wp-block-group has-global-padding is-content-justification-center is-layout-constrained wp-container-core-group-is-layout-b225bd7e wp-block-group-is-layout-constrained\" style=\"margin-top:var(--wp--preset--spacing--50);margin-bottom:0;padding-top:var(--wp--preset--spacing--60);padding-bottom:var(--wp--preset--spacing--80)\">\n<h2 class=\"wp-block-heading has-text-align-left has-white-color has-text-color\" style=\"font-weight:400\">Construimos software<\/h2>\n<\/div>\n<\/div><\/div>\n\n<hr class=\"wp-block-separator has-alpha-channel-opacity is-style-dots\" style=\"margin-top:var(--wp--preset--spacing--50);margin-bottom:var(--wp--preset--spacing--50)\"\/>\n<div class=\"wp-block-post-date has-text-color has-custom-6-color\"><time datetime=\"2023-05-18T15:33:52-05:00\">May 18, 2023<\/time><\/div><h1 class=\"has-h2-size wp-block-post-title has-text-color has-white-color\">Generador de patrones<\/h1>\n<div class=\"wp-block-group is-nowrap is-layout-flex wp-container-core-group-is-layout-6c531013 wp-block-group-is-layout-flex\"><a class=\"wp-block-button__link has-primary-background-color has-background wp-element-button wp-block-read-more\" href=\"https:\/\/www.project44.com\/es\/generador-de-patrones\/\" target=\"_self\">Read Article<span class=\"screen-reader-text\">: Generador de patrones<\/span><\/a><\/div>\n\n<hr class=\"wp-block-separator has-alpha-channel-opacity is-style-dots\" style=\"margin-top:var(--wp--preset--spacing--50);margin-bottom:var(--wp--preset--spacing--50)\"\/>\n\n<div class=\"wp-block-columns tile is-style-glass is-layout-flex wp-container-core-columns-is-layout-244aab75 wp-block-columns-is-layout-flex\" style=\"border-radius:25px;padding-top:var(--wp--preset--spacing--40);padding-right:var(--wp--preset--spacing--40);padding-bottom:var(--wp--preset--spacing--40);padding-left:var(--wp--preset--spacing--40)\">\n<div class=\"wp-block-column is-layout-flow wp-block-column-is-layout-flow\" style=\"flex-basis:50%\">\n<div class=\"wp-block-group has-global-padding is-layout-constrained wp-block-group-is-layout-constrained\"><div class=\"wp-block-post-date has-text-color has-custom-5-color\"><time datetime=\"2023-05-18T15:33:52-05:00\">mayo 18, 2023<\/time><\/div>\n\n<h3 class=\"stretched-link has-h5-size wp-block-post-title\"><a href=\"https:\/\/www.project44.com\/es\/generador-de-patrones\/\" target=\"_self\" >Generador de patrones<\/a><\/h3><\/div>\n<\/div>\n\n\n\n<div class=\"wp-block-column is-layout-flow wp-block-column-is-layout-flow\" style=\"flex-basis:50%\"><figure style=\"width:200px;height:200px;\" class=\"alignright wp-block-post-featured-image\"><img loading=\"lazy\" decoding=\"async\" width=\"2560\" height=\"1707\" src=\"https:\/\/www.project44.com\/wp-content\/uploads\/2023\/05\/Ningbo_Port_3000x2000-scaled.jpg\" class=\"attachment-post-thumbnail size-post-thumbnail wp-post-image\" alt=\"\" style=\"border-radius:12px;height:200px;object-fit:cover;\" srcset=\"https:\/\/www.project44.com\/wp-content\/uploads\/2023\/05\/Ningbo_Port_3000x2000-scaled.jpg 2560w, https:\/\/www.project44.com\/wp-content\/uploads\/2023\/05\/Ningbo_Port_3000x2000-300x200.jpg 300w, https:\/\/www.project44.com\/wp-content\/uploads\/2023\/05\/Ningbo_Port_3000x2000-1024x683.jpg 1024w, https:\/\/www.project44.com\/wp-content\/uploads\/2023\/05\/Ningbo_Port_3000x2000-768x512.jpg 768w, https:\/\/www.project44.com\/wp-content\/uploads\/2023\/05\/Ningbo_Port_3000x2000-1536x1024.jpg 1536w, https:\/\/www.project44.com\/wp-content\/uploads\/2023\/05\/Ningbo_Port_3000x2000-2048x1365.jpg 2048w\" sizes=\"auto, (max-width: 2560px) 100vw, 2560px\" \/><\/figure><\/div>\n<\/div>\n\n<hr class=\"wp-block-separator has-alpha-channel-opacity is-style-dots\" style=\"margin-top:var(--wp--preset--spacing--50);margin-bottom:var(--wp--preset--spacing--50)\"\/>\n\n<div class=\"wp-block-group tile has-global-padding is-layout-constrained wp-block-group-is-layout-constrained\" style=\"border-radius:0px\">\n<div class=\"wp-block-group is-content-justification-left is-nowrap is-layout-flex wp-container-core-group-is-layout-327ecd92 wp-block-group-is-layout-flex\"><div class=\"wp-block-post-date\"><time datetime=\"2023-05-18T15:33:52-05:00\">mayo 18, 2023<\/time><\/div>\n\n<div class=\"wp-block-post-author-name\">project44<\/div><\/div>\n\n\n<h2 class=\"wp-block-post-title has-x-large-font-size\">Generador de patrones<\/h2>\n\n<div class=\"stretched-link wp-block-post-excerpt\"><p class=\"wp-block-post-excerpt__excerpt\"><\/p><p class=\"wp-block-post-excerpt__more-text\"><a class=\"wp-block-post-excerpt__more-link\" href=\"https:\/\/www.project44.com\/es\/generador-de-patrones\/\">M\u00e1s informaci\u00f3n<\/a><\/p><\/div><\/div>\n\n<hr class=\"wp-block-separator has-alpha-channel-opacity is-style-dots\" style=\"margin-top:var(--wp--preset--spacing--50);margin-bottom:var(--wp--preset--spacing--50)\"\/>\n\n<div class=\"wp-block-group tile is-style-glass has-global-padding is-layout-constrained wp-container-core-group-is-layout-301020a0 wp-block-group-is-layout-constrained\" style=\"border-radius:25px;padding-top:var(--wp--preset--spacing--50);padding-right:var(--wp--preset--spacing--50);padding-bottom:var(--wp--preset--spacing--50);padding-left:var(--wp--preset--spacing--50)\">\n<div class=\"wp-block-group has-global-padding is-layout-constrained wp-block-group-is-layout-constrained\"><div class=\"wp-block-post-date has-text-color has-custom-5-color\"><time datetime=\"2023-05-18T15:33:52-05:00\">mayo 18, 2023<\/time><\/div>\n\n<h3 class=\"stretched-link has-h5-size wp-block-post-title\"><a href=\"https:\/\/www.project44.com\/es\/generador-de-patrones\/\" target=\"_self\" >Generador de patrones<\/a><\/h3>\n\n\n<div class=\"wp-block-buttons is-layout-flex wp-block-buttons-is-layout-flex\">\n<div class=\"wp-block-button is-style-link has-arrow\"><a class=\"wp-block-button__link has-primary-color has-text-color wp-element-button\">Leer comunicados de prensa<\/a><\/div>\n<\/div>\n<\/div>\n<\/div>\n\n<hr class=\"wp-block-separator has-alpha-channel-opacity is-style-dots\" style=\"margin-top:var(--wp--preset--spacing--50);margin-bottom:var(--wp--preset--spacing--50)\"\/>\n\n<div class=\"wp-block-group tile is-style-glass is-style-glass-small has-global-padding is-layout-constrained wp-block-group-is-layout-constrained\">\n<div class=\"wp-block-group has-global-padding is-layout-constrained wp-container-core-group-is-layout-adeeb09d wp-block-group-is-layout-constrained\" style=\"padding-top:0;padding-right:0;padding-bottom:0;padding-left:0\"><div class=\"wp-block-post-date has-text-color has-custom-5-color\"><time datetime=\"2023-05-18T15:33:52-05:00\">mayo 18, 2023<\/time><\/div>\n\n<h3 class=\"has-text-align-left has-h5-size stretched-link wp-block-knightowl-blocks-post-title\" ><a role=\"button\" href=\"https:\/\/www.project44.com\/es\/generador-de-patrones\/\" target=\"_self\"  class=\"\">Generador de patrones<\/a><\/h3>\n\n\n<div class=\"wp-block-buttons is-layout-flex wp-block-buttons-is-layout-flex\">\n<div class=\"wp-block-button is-style-link has-arrow\"><a class=\"wp-block-button__link has-primary-color has-text-color wp-element-button\">Leer art\u00edculo<\/a><\/div>\n<\/div>\n<\/div>\n<\/div>\n\n<hr class=\"wp-block-separator has-alpha-channel-opacity is-style-dots\" style=\"margin-top:var(--wp--preset--spacing--50);margin-bottom:var(--wp--preset--spacing--50)\"\/>\n\n<div class=\"wp-block-cover alignfull is-light is-style-dark-highlight-bottom\"><span aria-hidden=\"true\" class=\"wp-block-cover__background has-background-dim-0 has-background-dim\"><\/span><div class=\"wp-block-cover__inner-container is-layout-flow wp-block-cover-is-layout-flow\">\n<div class=\"wp-block-group has-global-padding is-layout-constrained wp-container-core-group-is-layout-65c94d0c wp-block-group-is-layout-constrained\" style=\"padding-top:var(--wp--preset--spacing--50);padding-bottom:var(--wp--preset--spacing--50)\">\n<div class=\"wp-block-group is-style-glass has-global-padding is-layout-constrained wp-container-core-group-is-layout-0643751a wp-block-group-is-layout-constrained\" style=\"padding-top:var(--wp--preset--spacing--80);padding-right:var(--wp--preset--spacing--40);padding-bottom:var(--wp--preset--spacing--80);padding-left:var(--wp--preset--spacing--40)\">\n<h3 class=\"wp-block-heading has-text-align-center has-white-color has-text-color has-h1-size\"><strong>Lorem Ipsum<\/strong> no es m\u00e1s que un simple texto de relleno de la industria del dise\u00f1o gr\u00e1fico<\/h3>\n\n\n\n<h4 class=\"wp-block-heading has-text-align-center has-white-color has-text-color has-h5-size\" style=\"font-weight:400\"><strong>Lorem Ipsum<\/strong><\/h4>\n\n\n\n<div class=\"wp-block-buttons is-content-justification-center is-layout-flex wp-container-core-buttons-is-layout-a89b3969 wp-block-buttons-is-layout-flex\">\n<div class=\"wp-block-button\"><a class=\"wp-block-button__link wp-element-button\">M\u00e1s informaci\u00f3n<\/a><\/div>\n<\/div>\n<\/div>\n<\/div>\n<\/div><\/div>\n","protected":false},"excerpt":{"rendered":"","protected":false},"author":1,"featured_media":13855,"parent":0,"menu_order":0,"comment_status":"closed","ping_status":"closed","template":"","meta":{"_acf_changed":false,"_relevanssi_hide_post":"","_relevanssi_hide_content":"","_relevanssi_pin_for_all":"","_relevanssi_pin_keywords":"","_relevanssi_unpin_keywords":"","_relevanssi_related_keywords":"","_relevanssi_related_include_ids":"","_relevanssi_related_exclude_ids":"","_relevanssi_related_no_append":"","_relevanssi_related_not_related":"","_relevanssi_related_posts":"","_relevanssi_noindex_reason":"","footnotes":""},"class_list":["post-45193","page","type-page","status-publish","has-post-thumbnail","hentry"],"acf":[],"yoast_head":"<!-- This site is optimized with the Yoast SEO Premium plugin v27.3 (Yoast SEO v27.3) - https:\/\/yoast.com\/product\/yoast-seo-premium-wordpress\/ -->\n<title>Generador de patrones | project44<\/title>\n<meta name=\"robots\" content=\"index, follow, max-snippet:-1, max-image-preview:large, max-video-preview:-1\" \/>\n<link rel=\"canonical\" href=\"https:\/\/www.project44.com\/es\/generador-de-patrones\/\" \/>\n<meta property=\"og:locale\" content=\"es_ES\" \/>\n<meta property=\"og:type\" content=\"article\" \/>\n<meta property=\"og:title\" content=\"Generador de patrones\" \/>\n<meta property=\"og:url\" content=\"https:\/\/www.project44.com\/es\/generador-de-patrones\/\" \/>\n<meta property=\"og:site_name\" content=\"project44\" \/>\n<meta property=\"article:publisher\" content=\"https:\/\/www.facebook.com\/project44Visibility\" \/>\n<meta property=\"article:modified_time\" content=\"2024-09-09T16:32:24+00:00\" \/>\n<meta property=\"og:image\" content=\"https:\/\/www.project44.com\/wp-content\/uploads\/2023\/05\/Ningbo_Port_3000x2000-scaled.jpg\" \/>\n\t<meta property=\"og:image:width\" content=\"2560\" \/>\n\t<meta property=\"og:image:height\" content=\"1707\" \/>\n\t<meta property=\"og:image:type\" content=\"image\/jpeg\" \/>\n<meta name=\"twitter:card\" content=\"summary_large_image\" \/>\n<meta name=\"twitter:site\" content=\"@freightpipes\" \/>\n<script type=\"application\/ld+json\" class=\"yoast-schema-graph\">{\"@context\":\"https:\\\/\\\/schema.org\",\"@graph\":[{\"@type\":\"WebPage\",\"@id\":\"https:\\\/\\\/www.project44.com\\\/es\\\/generador-de-patrones\\\/\",\"url\":\"https:\\\/\\\/www.project44.com\\\/es\\\/generador-de-patrones\\\/\",\"name\":\"Generador de patrones | project44\",\"isPartOf\":{\"@id\":\"https:\\\/\\\/www.project44.com\\\/es\\\/#website\"},\"primaryImageOfPage\":{\"@id\":\"https:\\\/\\\/www.project44.com\\\/es\\\/generador-de-patrones\\\/#primaryimage\"},\"image\":{\"@id\":\"https:\\\/\\\/www.project44.com\\\/es\\\/generador-de-patrones\\\/#primaryimage\"},\"thumbnailUrl\":\"https:\\\/\\\/www.project44.com\\\/wp-content\\\/uploads\\\/2023\\\/05\\\/Ningbo_Port_3000x2000-scaled.jpg\",\"datePublished\":\"2023-05-18T20:33:52+00:00\",\"dateModified\":\"2024-09-09T16:32:24+00:00\",\"breadcrumb\":{\"@id\":\"https:\\\/\\\/www.project44.com\\\/es\\\/generador-de-patrones\\\/#breadcrumb\"},\"inLanguage\":\"es\",\"potentialAction\":[{\"@type\":\"ReadAction\",\"target\":[\"https:\\\/\\\/www.project44.com\\\/es\\\/generador-de-patrones\\\/\"]}]},{\"@type\":\"ImageObject\",\"inLanguage\":\"es\",\"@id\":\"https:\\\/\\\/www.project44.com\\\/es\\\/generador-de-patrones\\\/#primaryimage\",\"url\":\"https:\\\/\\\/www.project44.com\\\/wp-content\\\/uploads\\\/2023\\\/05\\\/Ningbo_Port_3000x2000-scaled.jpg\",\"contentUrl\":\"https:\\\/\\\/www.project44.com\\\/wp-content\\\/uploads\\\/2023\\\/05\\\/Ningbo_Port_3000x2000-scaled.jpg\",\"width\":2560,\"height\":1707},{\"@type\":\"BreadcrumbList\",\"@id\":\"https:\\\/\\\/www.project44.com\\\/es\\\/generador-de-patrones\\\/#breadcrumb\",\"itemListElement\":[{\"@type\":\"ListItem\",\"position\":1,\"name\":\"Home\",\"item\":\"https:\\\/\\\/www.project44.com\\\/es\\\/\"},{\"@type\":\"ListItem\",\"position\":2,\"name\":\"Generador de patrones\"}]},{\"@type\":\"WebSite\",\"@id\":\"https:\\\/\\\/www.project44.com\\\/es\\\/#website\",\"url\":\"https:\\\/\\\/www.project44.com\\\/es\\\/\",\"name\":\"project44\",\"description\":\"\",\"publisher\":{\"@id\":\"https:\\\/\\\/www.project44.com\\\/es\\\/#organization\"},\"potentialAction\":[{\"@type\":\"SearchAction\",\"target\":{\"@type\":\"EntryPoint\",\"urlTemplate\":\"https:\\\/\\\/www.project44.com\\\/es\\\/?s={search_term_string}\"},\"query-input\":{\"@type\":\"PropertyValueSpecification\",\"valueRequired\":true,\"valueName\":\"search_term_string\"}}],\"inLanguage\":\"es\"},{\"@type\":\"Organization\",\"@id\":\"https:\\\/\\\/www.project44.com\\\/es\\\/#organization\",\"name\":\"project44\",\"url\":\"https:\\\/\\\/www.project44.com\\\/es\\\/\",\"logo\":{\"@type\":\"ImageObject\",\"inLanguage\":\"es\",\"@id\":\"https:\\\/\\\/www.project44.com\\\/es\\\/#\\\/schema\\\/logo\\\/image\\\/\",\"url\":\"https:\\\/\\\/www.project44.com\\\/wp-content\\\/uploads\\\/2024\\\/01\\\/logo.svg\",\"contentUrl\":\"https:\\\/\\\/www.project44.com\\\/wp-content\\\/uploads\\\/2024\\\/01\\\/logo.svg\",\"width\":213,\"height\":73,\"caption\":\"project44\"},\"image\":{\"@id\":\"https:\\\/\\\/www.project44.com\\\/es\\\/#\\\/schema\\\/logo\\\/image\\\/\"},\"sameAs\":[\"https:\\\/\\\/www.facebook.com\\\/project44Visibility\",\"https:\\\/\\\/x.com\\\/freightpipes\",\"https:\\\/\\\/www.linkedin.com\\\/company\\\/project-44\",\"https:\\\/\\\/www.instagram.com\\\/project44global\"]}]}<\/script>\n<!-- \/ Yoast SEO Premium plugin. -->","yoast_head_json":{"title":"Generador de patrones | project44","robots":{"index":"index","follow":"follow","max-snippet":"max-snippet:-1","max-image-preview":"max-image-preview:large","max-video-preview":"max-video-preview:-1"},"canonical":"https:\/\/www.project44.com\/es\/generador-de-patrones\/","og_locale":"es_ES","og_type":"article","og_title":"Generador de patrones","og_url":"https:\/\/www.project44.com\/es\/generador-de-patrones\/","og_site_name":"project44","article_publisher":"https:\/\/www.facebook.com\/project44Visibility","article_modified_time":"2024-09-09T16:32:24+00:00","og_image":[{"width":2560,"height":1707,"url":"https:\/\/www.project44.com\/wp-content\/uploads\/2023\/05\/Ningbo_Port_3000x2000-scaled.jpg","type":"image\/jpeg"}],"twitter_card":"summary_large_image","twitter_site":"@freightpipes","schema":{"@context":"https:\/\/schema.org","@graph":[{"@type":"WebPage","@id":"https:\/\/www.project44.com\/es\/generador-de-patrones\/","url":"https:\/\/www.project44.com\/es\/generador-de-patrones\/","name":"Generador de patrones | project44","isPartOf":{"@id":"https:\/\/www.project44.com\/es\/#website"},"primaryImageOfPage":{"@id":"https:\/\/www.project44.com\/es\/generador-de-patrones\/#primaryimage"},"image":{"@id":"https:\/\/www.project44.com\/es\/generador-de-patrones\/#primaryimage"},"thumbnailUrl":"https:\/\/www.project44.com\/wp-content\/uploads\/2023\/05\/Ningbo_Port_3000x2000-scaled.jpg","datePublished":"2023-05-18T20:33:52+00:00","dateModified":"2024-09-09T16:32:24+00:00","breadcrumb":{"@id":"https:\/\/www.project44.com\/es\/generador-de-patrones\/#breadcrumb"},"inLanguage":"es","potentialAction":[{"@type":"ReadAction","target":["https:\/\/www.project44.com\/es\/generador-de-patrones\/"]}]},{"@type":"ImageObject","inLanguage":"es","@id":"https:\/\/www.project44.com\/es\/generador-de-patrones\/#primaryimage","url":"https:\/\/www.project44.com\/wp-content\/uploads\/2023\/05\/Ningbo_Port_3000x2000-scaled.jpg","contentUrl":"https:\/\/www.project44.com\/wp-content\/uploads\/2023\/05\/Ningbo_Port_3000x2000-scaled.jpg","width":2560,"height":1707},{"@type":"BreadcrumbList","@id":"https:\/\/www.project44.com\/es\/generador-de-patrones\/#breadcrumb","itemListElement":[{"@type":"ListItem","position":1,"name":"Home","item":"https:\/\/www.project44.com\/es\/"},{"@type":"ListItem","position":2,"name":"Generador de patrones"}]},{"@type":"WebSite","@id":"https:\/\/www.project44.com\/es\/#website","url":"https:\/\/www.project44.com\/es\/","name":"project44","description":"","publisher":{"@id":"https:\/\/www.project44.com\/es\/#organization"},"potentialAction":[{"@type":"SearchAction","target":{"@type":"EntryPoint","urlTemplate":"https:\/\/www.project44.com\/es\/?s={search_term_string}"},"query-input":{"@type":"PropertyValueSpecification","valueRequired":true,"valueName":"search_term_string"}}],"inLanguage":"es"},{"@type":"Organization","@id":"https:\/\/www.project44.com\/es\/#organization","name":"project44","url":"https:\/\/www.project44.com\/es\/","logo":{"@type":"ImageObject","inLanguage":"es","@id":"https:\/\/www.project44.com\/es\/#\/schema\/logo\/image\/","url":"https:\/\/www.project44.com\/wp-content\/uploads\/2024\/01\/logo.svg","contentUrl":"https:\/\/www.project44.com\/wp-content\/uploads\/2024\/01\/logo.svg","width":213,"height":73,"caption":"project44"},"image":{"@id":"https:\/\/www.project44.com\/es\/#\/schema\/logo\/image\/"},"sameAs":["https:\/\/www.facebook.com\/project44Visibility","https:\/\/x.com\/freightpipes","https:\/\/www.linkedin.com\/company\/project-44","https:\/\/www.instagram.com\/project44global"]}]}},"_links":{"self":[{"href":"https:\/\/www.project44.com\/es\/wp-json\/wp\/v2\/pages\/45193","targetHints":{"allow":["GET"]}}],"collection":[{"href":"https:\/\/www.project44.com\/es\/wp-json\/wp\/v2\/pages"}],"about":[{"href":"https:\/\/www.project44.com\/es\/wp-json\/wp\/v2\/types\/page"}],"author":[{"embeddable":true,"href":"https:\/\/www.project44.com\/es\/wp-json\/wp\/v2\/users\/1"}],"replies":[{"embeddable":true,"href":"https:\/\/www.project44.com\/es\/wp-json\/wp\/v2\/comments?post=45193"}],"version-history":[{"count":0,"href":"https:\/\/www.project44.com\/es\/wp-json\/wp\/v2\/pages\/45193\/revisions"}],"wp:featuredmedia":[{"embeddable":true,"href":"https:\/\/www.project44.com\/es\/wp-json\/wp\/v2\/media\/13855"}],"wp:attachment":[{"href":"https:\/\/www.project44.com\/es\/wp-json\/wp\/v2\/media?parent=45193"}],"curies":[{"name":"wp","href":"https:\/\/api.w.org\/{rel}","templated":true}]}}