{"id":45408,"date":"2024-03-27T16:01:19","date_gmt":"2024-03-27T21:01:19","guid":{"rendered":"https:\/\/www.project44.com\/politica-de-privacidad\/politica-de-privacidad-de-driveview\/"},"modified":"2024-09-09T11:34:22","modified_gmt":"2024-09-09T16:34:22","slug":"politica-de-privacidad-de-driveview","status":"publish","type":"page","link":"https:\/\/www.project44.com\/es\/politica-de-privacidad\/politica-de-privacidad-de-driveview\/","title":{"rendered":"Pol\u00edtica&nbsp;de&nbsp;privacidad de DriveView"},"content":{"rendered":"\n<div class=\"wp-block-group has-global-padding is-layout-constrained wp-container-core-group-is-layout-7a7093bd wp-block-group-is-layout-constrained\" style=\"padding-top:var(--wp--preset--spacing--88);padding-bottom:var(--wp--preset--spacing--88)\">\n<div class=\"wp-block-group is-content-justification-space-between is-layout-flex wp-container-core-group-is-layout-23669fc3 wp-block-group-is-layout-flex\">\n<div class=\"wp-block-buttons is-layout-flex wp-block-buttons-is-layout-flex\">\n<div class=\"wp-block-button is-style-link back-link has-arrow\"><a class=\"wp-block-button__link has-primary-color has-text-color has-link-color wp-element-button\" href=\"https:\/\/www.project44.com\/es\/politica-de-privacidad\/\">Volver a privacidad<\/a><\/div>\n<\/div>\n<\/div>\n\n\n\n<h1 class=\"wp-block-heading\" id=\"h-driveview-privacy-policy-nbsp\">Pol\u00edtica\u00a0de\u00a0privacidad de DriveView <\/h1>\n\n\n\n<p>Project44 Inc. (\u00abProject44\u00bb, \u00abnosotros\u00bb, \u00abnuestro\u00bb y\/o \u00abnos\u00bb) valora la privacidad de los conductores que usan nuestra aplicaci\u00f3n m\u00f3vil (nuestro \u00abServicio\u00bb). Esta pol\u00edtica de privacidad (la \u00abPol\u00edtica de privacidad\u00bb) explica c\u00f3mo recopilamos, usamos y compartimos informaci\u00f3n de las personas que usan nuestro Servicio (\u00abusuarios\u00bb, \u00abusted\u00bb, \u00abconductores\u00bb). M\u00e1s all\u00e1 de esta Pol\u00edtica de privacidad, el uso de nuestro Servicio tambi\u00e9n est\u00e1 sujeto a nuestros T\u00e9rminos y Condiciones. Al usar nuestro Servicio, usted acepta la recopilaci\u00f3n, uso, divulgaci\u00f3n y procedimientos que describe esta Pol\u00edtica de privacidad. <\/p>\n\n\n\n<p>Si usted es una persona ubicada en la Uni\u00f3n Europea, Islandia, Liechtenstein, Reino Unido, Suiza o Noruega, consulte tambi\u00e9n la Pol\u00edtica de privacidad de la UE\/Suiza-EE.\u00a0UU. de project44, que project44 ha puesto a disposici\u00f3n y se ha comprometido como parte de la adhesi\u00f3n de project44 al Escudo de la privacidad y sus principios sobre privacidad y protecci\u00f3n de la informaci\u00f3n. <\/p>\n\n\n\n<h2 class=\"wp-block-heading has-h3-size\" id=\"h-information-we-collect-nbsp\">Informaci\u00f3n que recopilamos <\/h2>\n\n\n\n<p>Podemos recopilar una variedad de informaci\u00f3n de o sobre usted o sus dispositivos de varias fuentes, como se describe a continuaci\u00f3n. Si no proporciona su informaci\u00f3n seg\u00fan lo solicitado, es posible que no pueda usar nuestro Servicio si esa informaci\u00f3n es necesaria para proporcionar nuestro Servicio o si estamos legalmente obligados a recopilarla. <\/p>\n\n\n\n<h2 class=\"wp-block-heading has-h3-size\" id=\"h-information-you-provide-to-us-nbsp\">Informaci\u00f3n que nos proporciona <\/h2>\n\n\n\n<p><strong>Informaci\u00f3n de registro. <\/strong>Cuando recibe una invitaci\u00f3n para descargar nuestra aplicaci\u00f3n m\u00f3vil, le pedimos informaci\u00f3n como su n\u00famero\u00a0de\u00a0tel\u00e9fono. <\/p>\n\n\n\n<p><strong>Comunicaciones. <\/strong>Si se comunica con nosotros directamente, podemos recibir informaci\u00f3n adicional sobre\u00a0usted. <\/p>\n\n\n\n<p><strong>Contenido de usuario. <\/strong>Podemos recibir cualquier contenido que cargue en el Servicio, como fotos, firmas electr\u00f3nicas o archivos electr\u00f3nicos asociados a un env\u00edo. <\/p>\n\n\n\n<h2 class=\"wp-block-heading has-h3-size\" id=\"h-information-we-collect-when-you-use-or-interact-with-our-service-nbsp\">Informaci\u00f3n que recopilamos cuando usa o interact\u00faa con nuestro\u00a0Servicio <\/h2>\n\n\n\n<p><strong>Informaci\u00f3n de ubicaci\u00f3n.<\/strong> Cuando utiliza nuestro Servicio, incluso cuando nuestro Servicio se ejecuta en primer plano o en segundo plano, recibimos su informaci\u00f3n de ubicaci\u00f3n precisa durante un per\u00edodo de\u00a0180\u00a0minutos antes de su hora de recogida programada, durante la duraci\u00f3n del env\u00edo y hasta 48\u00a0horas despu\u00e9s de su hora de entrega programada, para que podamos determinar, por ejemplo, cu\u00e1ndo se entregar\u00e1 un env\u00edo y si un env\u00edo se entreg\u00f3 de manera\u00a0oportuna. <\/p>\n\n\n\n<p><strong>Informaci\u00f3n de cookies y tecnolog\u00edas similares. <\/strong>Nosotros y nuestros socios externos, como los socios de publicidad y anal\u00edtica, podemos recopilar informaci\u00f3n utilizando cookies, p\u00edxeles y tecnolog\u00edas de seguimiento similares. Podemos usar tanto cookies de sesi\u00f3n como cookies persistentes. Una cookie de sesi\u00f3n desaparece despu\u00e9s de cerrar el navegador. Una cookie\u00a0persistente permanece despu\u00e9s de que cierre el navegador y puede ser utilizada por su navegador en visitas posteriores al Servicio. Revise el archivo \u00abAyuda\u00bb de su navegador web para aprender a modificar la configuraci\u00f3n de cookies. Tenga en cuenta que si elimina, o elige no aceptar, las cookies en nuestro Servicio, es posible que no pueda utilizar las caracter\u00edsticas de nuestro Servicio a su m\u00e1ximo potencial. <\/p>\n\n\n\n<p><strong>Informaci\u00f3n del dispositivo.<\/strong> Recopilamos autom\u00e1ticamente cierta informaci\u00f3n t\u00e9cnica sobre el dispositivo que utiliza para acceder a nuestro Servicio, incluida, por ejemplo, su direcci\u00f3n IP, la versi\u00f3n del sistema operativo (por ejemplo, iOS, Android), el operador de tel\u00e9fono y el fabricante, los tokens de notificaci\u00f3n push y los identificadores de dispositivo. <\/p>\n\n\n\n<p><strong>Informaci\u00f3n de uso. <\/strong>Para ayudarnos a comprender c\u00f3mo usa nuestro Servicio y mejorar el proceso de entrega, recibimos autom\u00e1ticamente informaci\u00f3n sobre sus interacciones con nuestro Servicio, como las p\u00e1ginas que visita y las fechas y horas de la\u00a0visita. <\/p>\n\n\n\n<h2 class=\"wp-block-heading has-h3-size\" id=\"h-how-we-use-the-information-we-collect-nbsp\">C\u00f3mo usamos la informaci\u00f3n que recopilamos <\/h2>\n\n\n\n<p>Usamos la informaci\u00f3n que recopilamos de usted de\u00a0varias maneras, que incluyen: <\/p>\n\n\n\n<ul class=\"wp-block-list\">\n<li>Para determinar si un\u00a0env\u00edo se entregar\u00e1 de manera oportuna; <\/li>\n\n\n\n<li>Para determinar el estado de un env\u00edo; <\/li>\n\n\n\n<li>Para verificar la finalizaci\u00f3n de un env\u00edo; <\/li>\n\n\n\n<li>Para comprender y evaluar c\u00f3mo usa nuestro Servicio y c\u00f3mo hacerlo m\u00e1s efectivo; <\/li>\n\n\n\n<li>Desarrollar nuevos productos, servicios, caracter\u00edsticas y funcionalidad; <\/li>\n\n\n\n<li>Para generar datos agregados y an\u00f3nimos que contienen informaci\u00f3n no personal y no identificada relacionada con los env\u00edos; <\/li>\n\n\n\n<li>Para comunicarnos con usted, ya sea directamente o a trav\u00e9s de uno de nuestros socios, incluyendo el servicio y soporte para conductores, para proporcionarle actualizaciones y otra informaci\u00f3n relacionada con nuestro Servicio y con fines publicitarios, de marketing y promocionales; <\/li>\n\n\n\n<li>Para enviarle mensajes de texto y notificaciones emergentes; <\/li>\n\n\n\n<li>Para detectar y prevenir\u00a0el\u00a0fraude; <\/li>\n\n\n\n<li>Para fines de cumplimiento, incluida la aplicaci\u00f3n de nuestros T\u00e9rminos y condiciones u otros derechos legales, o seg\u00fan lo exijan las leyes y reglamentos aplicables o lo solicite cualquier proceso judicial o agencia gubernamental;\u00a0y <\/li>\n\n\n\n<li>Para otros fines para los que proporcionamos un aviso espec\u00edfico en el momento en que se recopila la informaci\u00f3n. <\/li>\n<\/ul>\n\n\n\n<h2 class=\"wp-block-heading has-h3-size\" id=\"h-how-we-share-the-information-we-collect-nbsp\">C\u00f3mo compartimos la informaci\u00f3n que recopilamos <\/h2>\n\n\n\n<p><strong>Afiliados<\/strong>. Podemos compartir cualquier informaci\u00f3n que recibamos con nuestros afiliados para cualquiera de los fines descritos en esta Pol\u00edtica\u00a0de\u00a0privacidad. <\/p>\n\n\n\n<p><strong>Cargadores y transportistas<\/strong>. Podemos compartir cualquier informaci\u00f3n que recibamos con los cargadores y transportistas que usan el Servicio para facilitar las entregas. <\/p>\n\n\n\n<p><strong>Proveedores de servicios<\/strong> Podemos compartir cualquier informaci\u00f3n que recibamos con proveedores de servicios retenidos en relaci\u00f3n con la prestaci\u00f3n de nuestro\u00a0Servicio. <\/p>\n\n\n\n<p><strong>Marketing<\/strong>. Podemos compartir informaci\u00f3n sobre usted con terceros que est\u00e9 en forma agregada o no identificada y que no pueda usarse razonablemente para identificarlo. <\/p>\n\n\n\n<p><strong>Socios Anal\u00edticos<\/strong>. Utilizamos servicios de an\u00e1lisis, como Google Analytics, para recopilar y procesar ciertos datos de an\u00e1lisis. Estos servicios tambi\u00e9n pueden recopilar informaci\u00f3n sobre su uso de otras aplicaciones o servicios en l\u00ednea. Puede obtener informaci\u00f3n sobre las pr\u00e1cticas de Google yendo a https:\/\/www.google.com\/policies\/privacy\/partners, y optar por no participar descargando el complemento del navegador de exclusi\u00f3n voluntaria de Google Analytics, disponible en https:\/\/tools.google.com\/dlpage\/gaoptout. <\/p>\n\n\n\n<p><strong>Socios publicitarios<\/strong>. Trabajamos con socios publicitarios externos para mostrarle anuncios que creemos que pueden interesarle. Algunos de nuestros socios publicitarios pueden ser miembros de la Network Advertising Initiative (https:\/\/www.networkadvertising.org) o Digital Advertising Alliance (https:\/\/www.digitaladvertisingalliance.org). Visite las p\u00e1ginas de exclusi\u00f3n voluntaria de estas organizaciones para aprender c\u00f3mo optar por no recibir anuncios personalizados. <\/p>\n\n\n\n<p><strong>Seg\u00fan lo exija la ley y divulgaciones similares<\/strong>. Podemos acceder, preservar y divulgar su informaci\u00f3n si creemos que hacerlo es necesario o apropiado para: (a) garantizar el cumplimiento legal y reglamentario; (b) cumplir con las solicitudes de aplicaci\u00f3n de la ley y el proceso legal, como una orden judicial o citaci\u00f3n; \u00a9 proteger sus derechos, la propiedad o la seguridad de los nuestros o de otros; o (d) responder a sus solicitudes. <\/p>\n\n\n\n<p><strong>Fusi\u00f3n, venta u otras transferencias de activos<\/strong>. Podemos transferir su informaci\u00f3n a proveedores de servicios, asesores, socios transaccionales potenciales u otros terceros en relaci\u00f3n con la consideraci\u00f3n, negociaci\u00f3n o finalizaci\u00f3n de una transacci\u00f3n corporativa en la que somos adquiridos por o fusionados con otra empresa o vendemos, liquidamos o transferimos la totalidad o una parte de nuestros activos. El uso de su informaci\u00f3n despu\u00e9s de cualquiera de estos eventos se regir\u00e1 por las disposiciones de esta Pol\u00edtica de privacidad en vigor en el momento en que se recopil\u00f3 la informaci\u00f3n aplicable. <\/p>\n\n\n\n<p><strong>Consentimiento<\/strong>. Tambi\u00e9n podemos divulgar su informaci\u00f3n con su permiso. <\/p>\n\n\n\n<h2 class=\"wp-block-heading has-h3-size\" id=\"h-your-choices-nbsp\">Sus opciones <\/h2>\n\n\n\n<p><strong>Informaci\u00f3n de ubicaci\u00f3n.<\/strong> Puede evitar que su dispositivo comparta informaci\u00f3n de ubicaci\u00f3n precisa en cualquier momento a trav\u00e9s de la configuraci\u00f3n del sistema operativo de su dispositivo. Sin embargo, la ubicaci\u00f3n es fundamental para nuestro Servicio y sin ella, no podr\u00e1 usar con \u00e9xito nuestro\u00a0Servicio. <\/p>\n\n\n\n<h2 class=\"wp-block-heading has-h3-size\" id=\"h-third-parties-nbsp\">Terceros <\/h2>\n\n\n\n<p>Nuestro Servicio puede contener enlaces a otros sitios web, productos o servicios que no poseemos u operamos. No somos responsables de las pr\u00e1cticas de privacidad de estos terceros. Tenga en cuenta que esta Pol\u00edtica de privacidad no se aplica a sus actividades ni a ninguna informaci\u00f3n que divulgue a estos\u00a0terceros. <\/p>\n\n\n\n<h2 class=\"wp-block-heading has-h3-size\" id=\"h-security-nbsp\">Seguridad <\/h2>\n\n\n\n<p>Estamos comprometidos a proteger su informaci\u00f3n. Aunque tomamos precauciones razonables para proteger sus datos, dado que nuestro Servicio es de naturaleza digital, no podemos garantizar la seguridad o privacidad de su informaci\u00f3n. <\/p>\n\n\n\n<h2 class=\"wp-block-heading has-h3-size\" id=\"h-children-s-privacy-nbsp\">Privacidad de los ni\u00f1os <\/h2>\n\n\n\n<p>Nuestro Servicio no est\u00e1 dirigido a menores de 18 a\u00f1os. Debe tener al menos 18 a\u00f1os de edad para usar nuestro Servicio. <\/p>\n\n\n\n<h2 class=\"wp-block-heading has-h3-size\" id=\"h-international-users-nbsp\">Usuarios internacionales <\/h2>\n\n\n\n<p>Nuestro Servicio est\u00e1 ubicado en los Estados Unidos. Si elige usar nuestro Servicio desde M\u00e9xico, Canad\u00e1 u otras regiones del mundo con leyes que rigen la recopilaci\u00f3n y el uso de datos que pueden diferir de la ley de los Estados Unidos, tenga en cuenta que est\u00e1 transfiriendo su informaci\u00f3n personal fuera de esas regiones a los Estados Unidos para su almacenamiento y procesamiento. Adem\u00e1s, podemos transferir sus datos desde los Estados Unidos a otros pa\u00edses o regiones en relaci\u00f3n con el almacenamiento y el procesamiento de datos, cumplir con sus solicitudes y operar nuestro Servicio. Al proporcionar cualquier informaci\u00f3n, incluida la informaci\u00f3n personal, en o hacia nuestro Servicio, usted acepta dicha transferencia, almacenamiento y procesamiento. <\/p>\n\n\n\n<p>Si usted es una persona ubicada en la Uni\u00f3n Europea, Islandia, Liechtenstein, Reino Unido, Suiza o Noruega, consulte la Pol\u00edtica de privacidad de la UE\/RU\/Suiza-EE.\u00a0UU.\u00a0de\u00a0project44, que project44 ha puesto a disposici\u00f3n y se ha comprometido como parte de la adhesi\u00f3n de project44 al Escudo de la privacidad y sus principios sobre privacidad y protecci\u00f3n de la informaci\u00f3n. <\/p>\n\n\n\n<h2 class=\"wp-block-heading has-h3-size\" id=\"h-changes-to-this-privacy-policy-nbsp\">Cambios en esta Pol\u00edtica\u00a0de\u00a0privacidad <\/h2>\n\n\n\n<p>Publicaremos cualquier ajuste a la Pol\u00edtica de privacidad en esta p\u00e1gina y la versi\u00f3n revisada ser\u00e1 efectiva cuando se publique. Si cambiamos sustancialmente las formas en que usamos o compartimos la informaci\u00f3n personal recopilada previamente de usted a trav\u00e9s de nuestro Servicio, se lo notificaremos a trav\u00e9s de nuestro Servicio u otra comunicaci\u00f3n. <\/p>\n\n\n\n<h2 class=\"wp-block-heading has-h3-size\" id=\"h-contact-us-nbsp\">Contacte con nosotros <\/h2>\n\n\n\n<p>Si tiene alguna pregunta sobre esta Pol\u00edtica de privacidad, comun\u00edquese con nosotros a trav\u00e9s de privacy@project44.com. <\/p>\n\n\n\n<p>Esta Pol\u00edtica de privacidad de DriveView es efectiva a partir del 10\u00a0de\u00a0abril\u00a0de\u00a02019. <\/p>\n<\/div>\n","protected":false},"excerpt":{"rendered":"<p>Pol\u00edtica\u00a0de\u00a0privacidad de DriveView Project44 Inc. (\u00abProject44\u00bb, \u00abnosotros\u00bb, \u00abnuestro\u00bb y\/o \u00abnos\u00bb) valora la privacidad de los conductores que usan nuestra aplicaci\u00f3n m\u00f3vil (nuestro \u00abServicio\u00bb). Esta pol\u00edtica de privacidad (la \u00abPol\u00edtica de&#8230;<\/p>\n","protected":false},"author":4,"featured_media":0,"parent":45176,"menu_order":0,"comment_status":"closed","ping_status":"closed","template":"","meta":{"_acf_changed":false,"_relevanssi_hide_post":"","_relevanssi_hide_content":"","_relevanssi_pin_for_all":"","_relevanssi_pin_keywords":"","_relevanssi_unpin_keywords":"","_relevanssi_related_keywords":"","_relevanssi_related_include_ids":"","_relevanssi_related_exclude_ids":"","_relevanssi_related_no_append":"","_relevanssi_related_not_related":"","_relevanssi_related_posts":"","_relevanssi_noindex_reason":"","footnotes":""},"class_list":["post-45408","page","type-page","status-publish","hentry"],"acf":[],"yoast_head":"<!-- This site is optimized with the Yoast SEO Premium plugin v27.5 (Yoast SEO v27.5) - https:\/\/yoast.com\/product\/yoast-seo-premium-wordpress\/ -->\n<title>Pol\u00edtica de privacidad de DriveView | project44<\/title>\n<meta name=\"description\" content=\"Esta pol\u00edtica explica c\u00f3mo recopilamos, usamos y compartimos la informaci\u00f3n de las personas que usan DriveView.\" \/>\n<meta name=\"robots\" content=\"index, follow, max-snippet:-1, max-image-preview:large, max-video-preview:-1\" \/>\n<link rel=\"canonical\" href=\"https:\/\/www.project44.com\/es\/politica-de-privacidad\/politica-de-privacidad-de-driveview\/\" \/>\n<meta property=\"og:locale\" content=\"es_ES\" \/>\n<meta property=\"og:type\" content=\"article\" \/>\n<meta property=\"og:title\" content=\"Pol\u00edtica&nbsp;de&nbsp;privacidad de DriveView\" \/>\n<meta property=\"og:description\" content=\"Esta pol\u00edtica explica c\u00f3mo recopilamos, usamos y compartimos la informaci\u00f3n de las personas que usan DriveView.\" \/>\n<meta property=\"og:url\" content=\"https:\/\/www.project44.com\/es\/politica-de-privacidad\/politica-de-privacidad-de-driveview\/\" \/>\n<meta property=\"og:site_name\" content=\"project44\" \/>\n<meta property=\"article:publisher\" content=\"https:\/\/www.facebook.com\/project44Visibility\" \/>\n<meta property=\"article:modified_time\" content=\"2024-09-09T16:34:22+00:00\" \/>\n<meta name=\"twitter:card\" content=\"summary_large_image\" \/>\n<meta name=\"twitter:site\" content=\"@freightpipes\" \/>\n<meta name=\"twitter:label1\" content=\"Tiempo de lectura\" \/>\n\t<meta name=\"twitter:data1\" content=\"9 minutos\" \/>\n<script type=\"application\/ld+json\" class=\"yoast-schema-graph\">{\"@context\":\"https:\\\/\\\/schema.org\",\"@graph\":[{\"@type\":\"WebPage\",\"@id\":\"https:\\\/\\\/www.project44.com\\\/es\\\/politica-de-privacidad\\\/politica-de-privacidad-de-driveview\\\/\",\"url\":\"https:\\\/\\\/www.project44.com\\\/es\\\/politica-de-privacidad\\\/politica-de-privacidad-de-driveview\\\/\",\"name\":\"Pol\u00edtica de privacidad de DriveView | project44\",\"isPartOf\":{\"@id\":\"https:\\\/\\\/www.project44.com\\\/es\\\/#website\"},\"datePublished\":\"2024-03-27T21:01:19+00:00\",\"dateModified\":\"2024-09-09T16:34:22+00:00\",\"description\":\"Esta pol\u00edtica explica c\u00f3mo recopilamos, usamos y compartimos la informaci\u00f3n de las personas que usan DriveView.\",\"breadcrumb\":{\"@id\":\"https:\\\/\\\/www.project44.com\\\/es\\\/politica-de-privacidad\\\/politica-de-privacidad-de-driveview\\\/#breadcrumb\"},\"inLanguage\":\"es\",\"potentialAction\":[{\"@type\":\"ReadAction\",\"target\":[\"https:\\\/\\\/www.project44.com\\\/es\\\/politica-de-privacidad\\\/politica-de-privacidad-de-driveview\\\/\"]}]},{\"@type\":\"BreadcrumbList\",\"@id\":\"https:\\\/\\\/www.project44.com\\\/es\\\/politica-de-privacidad\\\/politica-de-privacidad-de-driveview\\\/#breadcrumb\",\"itemListElement\":[{\"@type\":\"ListItem\",\"position\":1,\"name\":\"Home\",\"item\":\"https:\\\/\\\/www.project44.com\\\/es\\\/\"},{\"@type\":\"ListItem\",\"position\":2,\"name\":\"Pol\u00edtica de privacidad\",\"item\":\"https:\\\/\\\/www.project44.com\\\/es\\\/politica-de-privacidad\\\/\"},{\"@type\":\"ListItem\",\"position\":3,\"name\":\"Pol\u00edtica&nbsp;de&nbsp;privacidad de DriveView\"}]},{\"@type\":\"WebSite\",\"@id\":\"https:\\\/\\\/www.project44.com\\\/es\\\/#website\",\"url\":\"https:\\\/\\\/www.project44.com\\\/es\\\/\",\"name\":\"project44\",\"description\":\"\",\"publisher\":{\"@id\":\"https:\\\/\\\/www.project44.com\\\/es\\\/#organization\"},\"potentialAction\":[{\"@type\":\"SearchAction\",\"target\":{\"@type\":\"EntryPoint\",\"urlTemplate\":\"https:\\\/\\\/www.project44.com\\\/es\\\/?s={search_term_string}\"},\"query-input\":{\"@type\":\"PropertyValueSpecification\",\"valueRequired\":true,\"valueName\":\"search_term_string\"}}],\"inLanguage\":\"es\"},{\"@type\":\"Organization\",\"@id\":\"https:\\\/\\\/www.project44.com\\\/es\\\/#organization\",\"name\":\"project44\",\"url\":\"https:\\\/\\\/www.project44.com\\\/es\\\/\",\"logo\":{\"@type\":\"ImageObject\",\"inLanguage\":\"es\",\"@id\":\"https:\\\/\\\/www.project44.com\\\/es\\\/#\\\/schema\\\/logo\\\/image\\\/\",\"url\":\"https:\\\/\\\/www.project44.com\\\/wp-content\\\/uploads\\\/2024\\\/01\\\/logo.svg\",\"contentUrl\":\"https:\\\/\\\/www.project44.com\\\/wp-content\\\/uploads\\\/2024\\\/01\\\/logo.svg\",\"width\":213,\"height\":73,\"caption\":\"project44\"},\"image\":{\"@id\":\"https:\\\/\\\/www.project44.com\\\/es\\\/#\\\/schema\\\/logo\\\/image\\\/\"},\"sameAs\":[\"https:\\\/\\\/www.facebook.com\\\/project44Visibility\",\"https:\\\/\\\/x.com\\\/freightpipes\",\"https:\\\/\\\/www.linkedin.com\\\/company\\\/project-44\",\"https:\\\/\\\/www.instagram.com\\\/project44global\"]}]}<\/script>\n<!-- \/ Yoast SEO Premium plugin. -->","yoast_head_json":{"title":"Pol\u00edtica de privacidad de DriveView | project44","description":"Esta pol\u00edtica explica c\u00f3mo recopilamos, usamos y compartimos la informaci\u00f3n de las personas que usan DriveView.","robots":{"index":"index","follow":"follow","max-snippet":"max-snippet:-1","max-image-preview":"max-image-preview:large","max-video-preview":"max-video-preview:-1"},"canonical":"https:\/\/www.project44.com\/es\/politica-de-privacidad\/politica-de-privacidad-de-driveview\/","og_locale":"es_ES","og_type":"article","og_title":"Pol\u00edtica&nbsp;de&nbsp;privacidad de DriveView","og_description":"Esta pol\u00edtica explica c\u00f3mo recopilamos, usamos y compartimos la informaci\u00f3n de las personas que usan DriveView.","og_url":"https:\/\/www.project44.com\/es\/politica-de-privacidad\/politica-de-privacidad-de-driveview\/","og_site_name":"project44","article_publisher":"https:\/\/www.facebook.com\/project44Visibility","article_modified_time":"2024-09-09T16:34:22+00:00","twitter_card":"summary_large_image","twitter_site":"@freightpipes","twitter_misc":{"Tiempo de lectura":"9 minutos"},"schema":{"@context":"https:\/\/schema.org","@graph":[{"@type":"WebPage","@id":"https:\/\/www.project44.com\/es\/politica-de-privacidad\/politica-de-privacidad-de-driveview\/","url":"https:\/\/www.project44.com\/es\/politica-de-privacidad\/politica-de-privacidad-de-driveview\/","name":"Pol\u00edtica de privacidad de DriveView | project44","isPartOf":{"@id":"https:\/\/www.project44.com\/es\/#website"},"datePublished":"2024-03-27T21:01:19+00:00","dateModified":"2024-09-09T16:34:22+00:00","description":"Esta pol\u00edtica explica c\u00f3mo recopilamos, usamos y compartimos la informaci\u00f3n de las personas que usan DriveView.","breadcrumb":{"@id":"https:\/\/www.project44.com\/es\/politica-de-privacidad\/politica-de-privacidad-de-driveview\/#breadcrumb"},"inLanguage":"es","potentialAction":[{"@type":"ReadAction","target":["https:\/\/www.project44.com\/es\/politica-de-privacidad\/politica-de-privacidad-de-driveview\/"]}]},{"@type":"BreadcrumbList","@id":"https:\/\/www.project44.com\/es\/politica-de-privacidad\/politica-de-privacidad-de-driveview\/#breadcrumb","itemListElement":[{"@type":"ListItem","position":1,"name":"Home","item":"https:\/\/www.project44.com\/es\/"},{"@type":"ListItem","position":2,"name":"Pol\u00edtica de privacidad","item":"https:\/\/www.project44.com\/es\/politica-de-privacidad\/"},{"@type":"ListItem","position":3,"name":"Pol\u00edtica&nbsp;de&nbsp;privacidad de DriveView"}]},{"@type":"WebSite","@id":"https:\/\/www.project44.com\/es\/#website","url":"https:\/\/www.project44.com\/es\/","name":"project44","description":"","publisher":{"@id":"https:\/\/www.project44.com\/es\/#organization"},"potentialAction":[{"@type":"SearchAction","target":{"@type":"EntryPoint","urlTemplate":"https:\/\/www.project44.com\/es\/?s={search_term_string}"},"query-input":{"@type":"PropertyValueSpecification","valueRequired":true,"valueName":"search_term_string"}}],"inLanguage":"es"},{"@type":"Organization","@id":"https:\/\/www.project44.com\/es\/#organization","name":"project44","url":"https:\/\/www.project44.com\/es\/","logo":{"@type":"ImageObject","inLanguage":"es","@id":"https:\/\/www.project44.com\/es\/#\/schema\/logo\/image\/","url":"https:\/\/www.project44.com\/wp-content\/uploads\/2024\/01\/logo.svg","contentUrl":"https:\/\/www.project44.com\/wp-content\/uploads\/2024\/01\/logo.svg","width":213,"height":73,"caption":"project44"},"image":{"@id":"https:\/\/www.project44.com\/es\/#\/schema\/logo\/image\/"},"sameAs":["https:\/\/www.facebook.com\/project44Visibility","https:\/\/x.com\/freightpipes","https:\/\/www.linkedin.com\/company\/project-44","https:\/\/www.instagram.com\/project44global"]}]}},"_links":{"self":[{"href":"https:\/\/www.project44.com\/es\/wp-json\/wp\/v2\/pages\/45408","targetHints":{"allow":["GET"]}}],"collection":[{"href":"https:\/\/www.project44.com\/es\/wp-json\/wp\/v2\/pages"}],"about":[{"href":"https:\/\/www.project44.com\/es\/wp-json\/wp\/v2\/types\/page"}],"author":[{"embeddable":true,"href":"https:\/\/www.project44.com\/es\/wp-json\/wp\/v2\/users\/4"}],"replies":[{"embeddable":true,"href":"https:\/\/www.project44.com\/es\/wp-json\/wp\/v2\/comments?post=45408"}],"version-history":[{"count":0,"href":"https:\/\/www.project44.com\/es\/wp-json\/wp\/v2\/pages\/45408\/revisions"}],"up":[{"embeddable":true,"href":"https:\/\/www.project44.com\/es\/wp-json\/wp\/v2\/pages\/45176"}],"wp:attachment":[{"href":"https:\/\/www.project44.com\/es\/wp-json\/wp\/v2\/media?parent=45408"}],"curies":[{"name":"wp","href":"https:\/\/api.w.org\/{rel}","templated":true}]}}