{"id":45427,"date":"2024-03-28T11:31:50","date_gmt":"2024-03-28T16:31:50","guid":{"rendered":"https:\/\/www.project44.com\/empresa\/empleo\/conozca-a-nuestro-equipo\/telecomunicaciones\/"},"modified":"2024-09-09T11:34:35","modified_gmt":"2024-09-09T16:34:35","slug":"telecomunicaciones","status":"publish","type":"page","link":"https:\/\/www.project44.com\/es\/empresa\/empleo\/conozca-a-nuestro-equipo\/telecomunicaciones\/","title":{"rendered":"Telecomunicaciones"},"content":{"rendered":"\n<div class=\"wp-block-cover alignfull is-style-hero\" style=\"padding-top:0\"><span aria-hidden=\"true\" class=\"wp-block-cover__background has-black-background-color has-background-dim-0 has-background-dim\"><\/span><img loading=\"lazy\" decoding=\"async\" width=\"1512\" height=\"414\" class=\"wp-block-cover__image-background wp-image-21271\" alt=\"\" src=\"https:\/\/www.project44.com\/wp-content\/uploads\/2024\/03\/network-hero-bg.webp\" data-object-fit=\"cover\" srcset=\"https:\/\/www.project44.com\/wp-content\/uploads\/2024\/03\/network-hero-bg.webp 1512w, https:\/\/www.project44.com\/wp-content\/uploads\/2024\/03\/network-hero-bg-300x82.webp 300w, https:\/\/www.project44.com\/wp-content\/uploads\/2024\/03\/network-hero-bg-1024x280.webp 1024w, https:\/\/www.project44.com\/wp-content\/uploads\/2024\/03\/network-hero-bg-768x210.webp 768w\" sizes=\"auto, (max-width: 1512px) 100vw, 1512px\" \/><div class=\"wp-block-cover__inner-container has-global-padding is-layout-constrained wp-container-core-cover-is-layout-949d87ff wp-block-cover-is-layout-constrained\">\n<div class=\"wp-block-group has-global-padding is-layout-constrained wp-container-core-group-is-layout-d7cb3538 wp-block-group-is-layout-constrained\">\n<h1 class=\"wp-block-heading has-text-align-center is-style-default has-white-color has-text-color has-link-color has-gigantic-size wp-elements-4d148431ff009aa0ede082904860411c\" id=\"h-network\">Telecomunicaciones<\/h1>\n<\/div>\n<\/div><\/div>\n\n<div class=\"wp-block-group alignfull has-white-background-color has-background is-style-hero-pull-content-wide is-layout-flow wp-block-group-is-layout-flow\" style=\"border-radius:48px\">\n<div class=\"wp-block-group has-global-padding is-layout-constrained wp-container-core-group-is-layout-6993c734 wp-block-group-is-layout-constrained\" style=\"padding-top:var(--wp--preset--spacing--64);padding-bottom:var(--wp--preset--spacing--64)\">\n<h2 class=\"wp-block-heading has-text-align-center has-h1-size\" id=\"h-we-drive-towards-our-key-values-of-delivering-customer-value-operational-excellence-and-continuous-improvement\">Nos esforzamos mucho por alcanzar nuestras metas: ofrecer valor al cliente, la excelencia operativa y una mejora constante<\/h2>\n\n\n\n<div class=\"wp-block-buttons is-content-justification-center is-layout-flex wp-container-core-buttons-is-layout-a89b3969 wp-block-buttons-is-layout-flex\">\n<div class=\"wp-block-button has-x-large-size has-arrow\"><a class=\"wp-block-button__link has-primary-background-color has-background wp-element-button\" href=\"https:\/\/www.project44.com\/es\/vacantes\/?department=Network\">Ver vacantes<\/a><\/div>\n<\/div>\n<\/div>\n<\/div>\n\n<div class=\"wp-block-group is-style-row-padding has-global-padding is-layout-constrained wp-container-core-group-is-layout-d0583175 wp-block-group-is-layout-constrained\">\n<h2 class=\"wp-block-heading has-text-align-center\" id=\"h-our-philosophy\">Nuestra filosof\u00eda<\/h2>\n\n\n\n<div class=\"wp-block-columns is-layout-flex wp-container-core-columns-is-layout-2f0fa7f0 wp-block-columns-is-layout-flex\">\n<div class=\"wp-block-column is-layout-flow wp-container-core-column-is-layout-e227e91a wp-block-column-is-layout-flow\" style=\"padding-top:var(--wp--preset--spacing--32);padding-bottom:var(--wp--preset--spacing--32)\">\n<h3 class=\"wp-block-heading\" id=\"h-take-ownership\">Asumir el control<\/h3>\n\n\n\n<p class=\"has-large-font-size\">La red de p44 es el tejido que conecta nuestra oferta de productos. Liderar su crecimiento, mantenimiento y mejora constante es la piedra angular de nuestro trabajo. <\/p>\n<\/div>\n\n\n\n<div class=\"wp-block-column is-layout-flow wp-container-core-column-is-layout-e227e91a wp-block-column-is-layout-flow\" style=\"padding-top:var(--wp--preset--spacing--32);padding-bottom:var(--wp--preset--spacing--32)\">\n<h3 class=\"wp-block-heading\" id=\"h-share-the-wheel\">Codo con codo<\/h3>\n\n\n\n<p class=\"has-large-font-size\">Nos esforzamos por crecer y mejorar juntos, codo con codo con el resto de equipos y departamentos.<\/p>\n<\/div>\n\n\n\n<div class=\"wp-block-column is-layout-flow wp-container-core-column-is-layout-e227e91a wp-block-column-is-layout-flow\" style=\"padding-top:var(--wp--preset--spacing--32);padding-bottom:var(--wp--preset--spacing--32)\">\n<h3 class=\"wp-block-heading\" id=\"h-develop-top-talent-nbsp\">Estimulaci\u00f3n del talento <\/h3>\n\n\n\n<p class=\"has-large-font-size\">Nos esforzamos por entender las necesidades de cada miembro del equipo para crear oportunidades de aprendizaje valiosas y aprovechar la experiencia laboral en pro de los objetivos.<\/p>\n<\/div>\n<\/div>\n<\/div>\n\n<div class=\"wp-block-cover alignfull is-light is-repeated has-custom-content-position is-position-top-center has-border-color has-gray-lighter-border-color is-style-row-padding is-style-gap-none\" style=\"border-width:1px;border-radius:24px\"><span aria-hidden=\"true\" class=\"wp-block-cover__background has-background-dim-0 has-background-dim\"><\/span><div class=\"wp-block-cover__image-background wp-image-7492 is-repeated\" style=\"background-position:0% 5%;background-image:url(https:\/\/www.project44.com\/wp-content\/uploads\/2024\/01\/bg-grid-white-120.svg)\"><\/div><div class=\"wp-block-cover__inner-container has-global-padding is-layout-constrained wp-container-core-cover-is-layout-2cade157 wp-block-cover-is-layout-constrained\">\n<div class=\"wp-block-columns is-layout-flex wp-container-core-columns-is-layout-0b339b1a wp-block-columns-is-layout-flex\">\n<div class=\"wp-block-column is-layout-flow wp-block-column-is-layout-flow\">\n<div class=\"wp-block-group is-style-box-shadow-2 has-white-background-color has-background has-global-padding is-layout-constrained wp-container-core-group-is-layout-60c92ee3 wp-block-group-is-layout-constrained\" style=\"border-radius:24px;padding-top:var(--wp--preset--spacing--16);padding-right:var(--wp--preset--spacing--16);padding-bottom:var(--wp--preset--spacing--16);padding-left:var(--wp--preset--spacing--16)\">\n<figure class=\"wp-block-image size-full is-style-rounded is-style-img-responsive\"><img loading=\"lazy\" decoding=\"async\" width=\"592\" height=\"600\" src=\"https:\/\/www.project44.com\/wp-content\/uploads\/2024\/03\/network-trust.webp\" alt=\"Somos el socio de confianza que construye y sustenta la red de entregas de activos m&#xE1;s extensa y fiable del mundo, independientemente del medio de transporte.\" class=\"wp-image-21279\" srcset=\"https:\/\/www.project44.com\/wp-content\/uploads\/2024\/03\/network-trust.webp 592w, https:\/\/www.project44.com\/wp-content\/uploads\/2024\/03\/network-trust-296x300.webp 296w\" sizes=\"auto, (max-width: 592px) 100vw, 592px\" \/><\/figure>\n<\/div>\n<\/div>\n\n\n\n<div class=\"wp-block-column is-vertically-aligned-center is-layout-flow wp-block-column-is-layout-flow\">\n<div class=\"wp-block-group has-global-padding is-content-justification-left is-layout-constrained wp-container-core-group-is-layout-d5209ea4 wp-block-group-is-layout-constrained\">\n<h2 class=\"wp-block-heading has-h1-size\" id=\"h-we-are-the-trusted-partner-that-builds-and-maintains-the-most-expansive-and-reliable-network-of-delivery-assets-across-all-modes-globally\">Somos el socio de confianza que construye y sustenta la red de entregas de activos m\u00e1s extensa y fiable del mundo, independientemente del medio de transporte.<\/h2>\n<\/div>\n<\/div>\n<\/div>\n\n\n\n<div class=\"wp-block-columns is-style-mobile-reverse-rows is-layout-flex wp-container-core-columns-is-layout-0b339b1a wp-block-columns-is-layout-flex\">\n<div class=\"wp-block-column is-vertically-aligned-center is-layout-flow wp-block-column-is-layout-flow\">\n<div class=\"wp-block-group has-global-padding is-content-justification-left is-layout-constrained wp-container-core-group-is-layout-d5209ea4 wp-block-group-is-layout-constrained\">\n<h2 class=\"wp-block-heading has-h1-size\" id=\"h-we-unlock-network-effects-that-power-our-path-for-growth-with-high-operating-and-quality-standards\">Desarrollamos los efectos de red que impulsan nuestro camino hacia el \u00e9xito gracias a los m\u00e1s altos est\u00e1ndares operativos y de calidad.<\/h2>\n<\/div>\n<\/div>\n\n\n\n<div class=\"wp-block-column is-layout-flow wp-block-column-is-layout-flow\">\n<div class=\"wp-block-group is-style-box-shadow-2 has-white-background-color has-background has-global-padding is-layout-constrained wp-container-core-group-is-layout-60c92ee3 wp-block-group-is-layout-constrained\" style=\"border-radius:24px;padding-top:var(--wp--preset--spacing--16);padding-right:var(--wp--preset--spacing--16);padding-bottom:var(--wp--preset--spacing--16);padding-left:var(--wp--preset--spacing--16)\">\n<figure class=\"wp-block-image size-full is-style-rounded is-style-img-responsive\"><img loading=\"lazy\" decoding=\"async\" width=\"592\" height=\"600\" src=\"https:\/\/www.project44.com\/wp-content\/uploads\/2024\/03\/network-standards.webp\" alt=\"Desarrollamos los efectos de red que impulsan nuestro camino hacia el &#xE9;xito gracias a los m&#xE1;s altos est&#xE1;ndares operativos y de calidad.\" class=\"wp-image-21286\" srcset=\"https:\/\/www.project44.com\/wp-content\/uploads\/2024\/03\/network-standards.webp 592w, https:\/\/www.project44.com\/wp-content\/uploads\/2024\/03\/network-standards-296x300.webp 296w\" sizes=\"auto, (max-width: 592px) 100vw, 592px\" \/><\/figure>\n<\/div>\n<\/div>\n<\/div>\n\n\n\n<div class=\"wp-block-columns is-layout-flex wp-container-core-columns-is-layout-0b339b1a wp-block-columns-is-layout-flex\">\n<div class=\"wp-block-column is-layout-flow wp-block-column-is-layout-flow\">\n<div class=\"wp-block-group is-style-box-shadow-2 has-white-background-color has-background has-global-padding is-layout-constrained wp-container-core-group-is-layout-60c92ee3 wp-block-group-is-layout-constrained\" style=\"border-radius:24px;padding-top:var(--wp--preset--spacing--16);padding-right:var(--wp--preset--spacing--16);padding-bottom:var(--wp--preset--spacing--16);padding-left:var(--wp--preset--spacing--16)\">\n<figure class=\"wp-block-image size-full is-style-rounded is-style-img-responsive\"><img loading=\"lazy\" decoding=\"async\" width=\"592\" height=\"600\" src=\"https:\/\/www.project44.com\/wp-content\/uploads\/2024\/03\/network-collaboration.webp\" alt=\"Facilitando la colaboraci&#xF3;n y mejorando la optimizaci&#xF3;n y el cumplimiento de los flujos de trabajo en log&#xED;stica.&#x202F; \" class=\"wp-image-21292\" srcset=\"https:\/\/www.project44.com\/wp-content\/uploads\/2024\/03\/network-collaboration.webp 592w, https:\/\/www.project44.com\/wp-content\/uploads\/2024\/03\/network-collaboration-296x300.webp 296w\" sizes=\"auto, (max-width: 592px) 100vw, 592px\" \/><\/figure>\n<\/div>\n<\/div>\n\n\n\n<div class=\"wp-block-column is-vertically-aligned-center is-layout-flow wp-block-column-is-layout-flow\">\n<div class=\"wp-block-group has-global-padding is-content-justification-left is-layout-constrained wp-container-core-group-is-layout-d5209ea4 wp-block-group-is-layout-constrained\">\n<h2 class=\"wp-block-heading has-h1-size\" id=\"h-by-facilitating-collaboration-and-improving-compliance-and-logistics-workflows-nbsp\">Facilitando la colaboraci\u00f3n y mejorando la optimizaci\u00f3n y el cumplimiento de los flujos de trabajo en log\u00edstica.\u202f <\/h2>\n<\/div>\n<\/div>\n<\/div>\n<\/div><\/div>\n\n<div class=\"wp-block-group is-style-row-padding has-global-padding is-layout-constrained wp-block-group-is-layout-constrained\">\n<div class=\"wp-block-group has-border-color has-black-border-color is-style-row-padding has-global-padding is-layout-constrained wp-container-core-group-is-layout-cc3ec867 wp-block-group-is-layout-constrained\" style=\"border-width:1px;border-radius:24px;padding-right:var(--wp--preset--spacing--64);padding-left:var(--wp--preset--spacing--64)\">\n<div class=\"wp-block-group has-global-padding is-layout-constrained wp-block-group-is-layout-constrained\" style=\"padding-top:var(--wp--preset--spacing--64);padding-bottom:var(--wp--preset--spacing--64)\">\n<blockquote class=\"wp-block-quote is-layout-flow wp-block-quote-is-layout-flow\">\n<h2 class=\"wp-block-heading has-h2-size\" id=\"h-every-day-brings-unique-and-interesting-problems-to-solve-for-our-network-of-carriers-and-data-providers-it-s-incredibly-rewarding-to-see-the-direct-benefit-we-deliver-for-our-customers-supply-chain-ecosystems-as-a-result-of-our-daily-work\" style=\"margin-top:0;margin-bottom:0\">Cada d\u00eda, nuestra red de transportistas y proveedores nos desaf\u00eda con problemas \u00fanicos e interesantes. Resulta muy gratificante ver el impacto positivo que tiene nuestro esfuerzo diario en las cadenas de suministro de nuestros clientes.<\/h2>\n<cite><strong><mark style=\"background-color:rgba(0, 0, 0, 0)\" class=\"has-inline-color has-primary-color\">Nick D.<\/mark><\/strong><br><strong><mark style=\"background-color:rgba(0, 0, 0, 0)\" class=\"has-inline-color has-primary-color\">Director de telecomunicaciones<\/mark><\/strong><\/cite><\/blockquote>\n<\/div>\n<\/div>\n<\/div>\n\n<div class=\"wp-block-group is-style-row-padding has-global-padding is-layout-constrained wp-block-group-is-layout-constrained\">\n<div class=\"wp-block-group has-white-background-color has-background is-style-box-shadow-2 has-global-padding is-layout-constrained wp-container-core-group-is-layout-60e89b47 wp-block-group-is-layout-constrained\" style=\"border-radius:24px;padding-top:var(--wp--preset--spacing--64);padding-right:var(--wp--preset--spacing--32);padding-bottom:var(--wp--preset--spacing--64);padding-left:var(--wp--preset--spacing--32)\">\n<h2 class=\"wp-block-heading has-text-align-center has-h3-size\" id=\"h-latest-network-open-roles\">Vacantes recientes en Telecomunicaciones<\/h2>\n\n\n<div class=\"wp-block-knightowl-blocks-greenhouse-jobs\"><div class=\"wp-block-grid columns-2 columns-tablet-2 columns-stack-mobile wp-block-knightowl-blocks-greenhouse-jobs\"><div class=\"grid-item\"><div class=\"job-item\"><h3 class=\"job-title is-style-stretched-link\"><a href=\"\/company\/careers\/open-roles\/job?detail=7646485\">Technical Integration Consultant<\/a><\/h3><p>Krak\u00f3w, Poland<\/p><\/div><\/div><\/div><\/div>\n\n\n<div class=\"wp-block-buttons is-content-justification-center is-layout-flex wp-container-core-buttons-is-layout-a89b3969 wp-block-buttons-is-layout-flex\">\n<div class=\"wp-block-button has-x-large-size\"><a class=\"wp-block-button__link has-primary-background-color has-background wp-element-button\" href=\"https:\/\/www.project44.com\/es\/vacantes\/?department=Network\">Todas las vacantes en Telecomunicaciones<\/a><\/div>\n<\/div>\n<\/div>\n<\/div>\n","protected":false},"excerpt":{"rendered":"<p>Nos esforzamos mucho por alcanzar nuestras metas: ofrecer valor al cliente, la excelencia operativa y una mejora constante Nuestra filosof\u00eda Asumir el control La red de p44 es el tejido&#8230;<\/p>\n","protected":false},"author":4,"featured_media":0,"parent":45401,"menu_order":0,"comment_status":"closed","ping_status":"closed","template":"","meta":{"_acf_changed":false,"_relevanssi_hide_post":"","_relevanssi_hide_content":"","_relevanssi_pin_for_all":"","_relevanssi_pin_keywords":"","_relevanssi_unpin_keywords":"","_relevanssi_related_keywords":"","_relevanssi_related_include_ids":"","_relevanssi_related_exclude_ids":"","_relevanssi_related_no_append":"","_relevanssi_related_not_related":"","_relevanssi_related_posts":"","_relevanssi_noindex_reason":"","footnotes":""},"class_list":["post-45427","page","type-page","status-publish","hentry"],"acf":[],"yoast_head":"<!-- This site is optimized with the Yoast SEO Premium plugin v27.4 (Yoast SEO v27.4) - https:\/\/yoast.com\/product\/yoast-seo-premium-wordpress\/ -->\n<title>Conozca a nuestro equipo | project44<\/title>\n<meta name=\"description\" content=\"Conozca al equipo de Telecomunicaciones de project44. Ver vacantes.\" \/>\n<meta name=\"robots\" content=\"index, follow, max-snippet:-1, max-image-preview:large, max-video-preview:-1\" \/>\n<link rel=\"canonical\" href=\"https:\/\/www.project44.com\/es\/empresa\/empleo\/conozca-a-nuestro-equipo\/telecomunicaciones\/\" \/>\n<meta property=\"og:locale\" content=\"es_ES\" \/>\n<meta property=\"og:type\" content=\"article\" \/>\n<meta property=\"og:title\" content=\"Telecomunicaciones\" \/>\n<meta property=\"og:description\" content=\"Conozca al equipo de Telecomunicaciones de project44. Ver vacantes.\" \/>\n<meta property=\"og:url\" content=\"https:\/\/www.project44.com\/es\/empresa\/empleo\/conozca-a-nuestro-equipo\/telecomunicaciones\/\" \/>\n<meta property=\"og:site_name\" content=\"project44\" \/>\n<meta property=\"article:publisher\" content=\"https:\/\/www.facebook.com\/project44Visibility\" \/>\n<meta property=\"article:modified_time\" content=\"2024-09-09T16:34:35+00:00\" \/>\n<meta property=\"og:image\" content=\"https:\/\/www.project44.com\/wp-content\/uploads\/2024\/03\/network-hero-bg.webp\" \/>\n<meta name=\"twitter:card\" content=\"summary_large_image\" \/>\n<meta name=\"twitter:site\" content=\"@freightpipes\" \/>\n<meta name=\"twitter:label1\" content=\"Tiempo de lectura\" \/>\n\t<meta name=\"twitter:data1\" content=\"1 minuto\" \/>\n<script type=\"application\/ld+json\" class=\"yoast-schema-graph\">{\"@context\":\"https:\\\/\\\/schema.org\",\"@graph\":[{\"@type\":\"WebPage\",\"@id\":\"https:\\\/\\\/www.project44.com\\\/es\\\/empresa\\\/empleo\\\/conozca-a-nuestro-equipo\\\/telecomunicaciones\\\/\",\"url\":\"https:\\\/\\\/www.project44.com\\\/es\\\/empresa\\\/empleo\\\/conozca-a-nuestro-equipo\\\/telecomunicaciones\\\/\",\"name\":\"Conozca a nuestro equipo | project44\",\"isPartOf\":{\"@id\":\"https:\\\/\\\/www.project44.com\\\/es\\\/#website\"},\"primaryImageOfPage\":{\"@id\":\"https:\\\/\\\/www.project44.com\\\/es\\\/empresa\\\/empleo\\\/conozca-a-nuestro-equipo\\\/telecomunicaciones\\\/#primaryimage\"},\"image\":{\"@id\":\"https:\\\/\\\/www.project44.com\\\/es\\\/empresa\\\/empleo\\\/conozca-a-nuestro-equipo\\\/telecomunicaciones\\\/#primaryimage\"},\"thumbnailUrl\":\"https:\\\/\\\/www.project44.com\\\/wp-content\\\/uploads\\\/2024\\\/03\\\/network-hero-bg.webp\",\"datePublished\":\"2024-03-28T16:31:50+00:00\",\"dateModified\":\"2024-09-09T16:34:35+00:00\",\"description\":\"Conozca al equipo de Telecomunicaciones de project44. Ver vacantes.\",\"breadcrumb\":{\"@id\":\"https:\\\/\\\/www.project44.com\\\/es\\\/empresa\\\/empleo\\\/conozca-a-nuestro-equipo\\\/telecomunicaciones\\\/#breadcrumb\"},\"inLanguage\":\"es\",\"potentialAction\":[{\"@type\":\"ReadAction\",\"target\":[\"https:\\\/\\\/www.project44.com\\\/es\\\/empresa\\\/empleo\\\/conozca-a-nuestro-equipo\\\/telecomunicaciones\\\/\"]}]},{\"@type\":\"ImageObject\",\"inLanguage\":\"es\",\"@id\":\"https:\\\/\\\/www.project44.com\\\/es\\\/empresa\\\/empleo\\\/conozca-a-nuestro-equipo\\\/telecomunicaciones\\\/#primaryimage\",\"url\":\"https:\\\/\\\/www.project44.com\\\/wp-content\\\/uploads\\\/2024\\\/03\\\/network-hero-bg.webp\",\"contentUrl\":\"https:\\\/\\\/www.project44.com\\\/wp-content\\\/uploads\\\/2024\\\/03\\\/network-hero-bg.webp\"},{\"@type\":\"BreadcrumbList\",\"@id\":\"https:\\\/\\\/www.project44.com\\\/es\\\/empresa\\\/empleo\\\/conozca-a-nuestro-equipo\\\/telecomunicaciones\\\/#breadcrumb\",\"itemListElement\":[{\"@type\":\"ListItem\",\"position\":1,\"name\":\"Home\",\"item\":\"https:\\\/\\\/www.project44.com\\\/es\\\/\"},{\"@type\":\"ListItem\",\"position\":2,\"name\":\"Empresa\",\"item\":\"https:\\\/\\\/www.project44.com\\\/es\\\/empresa\\\/\"},{\"@type\":\"ListItem\",\"position\":3,\"name\":\"Empleo\",\"item\":\"https:\\\/\\\/www.project44.com\\\/es\\\/empresa\\\/empleo\\\/\"},{\"@type\":\"ListItem\",\"position\":4,\"name\":\"Conozca a nuestro equipo\",\"item\":\"https:\\\/\\\/www.project44.com\\\/es\\\/empresa\\\/empleo\\\/conozca-a-nuestro-equipo\\\/\"},{\"@type\":\"ListItem\",\"position\":5,\"name\":\"Telecomunicaciones\"}]},{\"@type\":\"WebSite\",\"@id\":\"https:\\\/\\\/www.project44.com\\\/es\\\/#website\",\"url\":\"https:\\\/\\\/www.project44.com\\\/es\\\/\",\"name\":\"project44\",\"description\":\"\",\"publisher\":{\"@id\":\"https:\\\/\\\/www.project44.com\\\/es\\\/#organization\"},\"potentialAction\":[{\"@type\":\"SearchAction\",\"target\":{\"@type\":\"EntryPoint\",\"urlTemplate\":\"https:\\\/\\\/www.project44.com\\\/es\\\/?s={search_term_string}\"},\"query-input\":{\"@type\":\"PropertyValueSpecification\",\"valueRequired\":true,\"valueName\":\"search_term_string\"}}],\"inLanguage\":\"es\"},{\"@type\":\"Organization\",\"@id\":\"https:\\\/\\\/www.project44.com\\\/es\\\/#organization\",\"name\":\"project44\",\"url\":\"https:\\\/\\\/www.project44.com\\\/es\\\/\",\"logo\":{\"@type\":\"ImageObject\",\"inLanguage\":\"es\",\"@id\":\"https:\\\/\\\/www.project44.com\\\/es\\\/#\\\/schema\\\/logo\\\/image\\\/\",\"url\":\"https:\\\/\\\/www.project44.com\\\/wp-content\\\/uploads\\\/2024\\\/01\\\/logo.svg\",\"contentUrl\":\"https:\\\/\\\/www.project44.com\\\/wp-content\\\/uploads\\\/2024\\\/01\\\/logo.svg\",\"width\":213,\"height\":73,\"caption\":\"project44\"},\"image\":{\"@id\":\"https:\\\/\\\/www.project44.com\\\/es\\\/#\\\/schema\\\/logo\\\/image\\\/\"},\"sameAs\":[\"https:\\\/\\\/www.facebook.com\\\/project44Visibility\",\"https:\\\/\\\/x.com\\\/freightpipes\",\"https:\\\/\\\/www.linkedin.com\\\/company\\\/project-44\",\"https:\\\/\\\/www.instagram.com\\\/project44global\"]}]}<\/script>\n<!-- \/ Yoast SEO Premium plugin. -->","yoast_head_json":{"title":"Conozca a nuestro equipo | project44","description":"Conozca al equipo de Telecomunicaciones de project44. Ver vacantes.","robots":{"index":"index","follow":"follow","max-snippet":"max-snippet:-1","max-image-preview":"max-image-preview:large","max-video-preview":"max-video-preview:-1"},"canonical":"https:\/\/www.project44.com\/es\/empresa\/empleo\/conozca-a-nuestro-equipo\/telecomunicaciones\/","og_locale":"es_ES","og_type":"article","og_title":"Telecomunicaciones","og_description":"Conozca al equipo de Telecomunicaciones de project44. Ver vacantes.","og_url":"https:\/\/www.project44.com\/es\/empresa\/empleo\/conozca-a-nuestro-equipo\/telecomunicaciones\/","og_site_name":"project44","article_publisher":"https:\/\/www.facebook.com\/project44Visibility","article_modified_time":"2024-09-09T16:34:35+00:00","og_image":[{"url":"https:\/\/www.project44.com\/wp-content\/uploads\/2024\/03\/network-hero-bg.webp","type":"","width":"","height":""}],"twitter_card":"summary_large_image","twitter_site":"@freightpipes","twitter_misc":{"Tiempo de lectura":"1 minuto"},"schema":{"@context":"https:\/\/schema.org","@graph":[{"@type":"WebPage","@id":"https:\/\/www.project44.com\/es\/empresa\/empleo\/conozca-a-nuestro-equipo\/telecomunicaciones\/","url":"https:\/\/www.project44.com\/es\/empresa\/empleo\/conozca-a-nuestro-equipo\/telecomunicaciones\/","name":"Conozca a nuestro equipo | project44","isPartOf":{"@id":"https:\/\/www.project44.com\/es\/#website"},"primaryImageOfPage":{"@id":"https:\/\/www.project44.com\/es\/empresa\/empleo\/conozca-a-nuestro-equipo\/telecomunicaciones\/#primaryimage"},"image":{"@id":"https:\/\/www.project44.com\/es\/empresa\/empleo\/conozca-a-nuestro-equipo\/telecomunicaciones\/#primaryimage"},"thumbnailUrl":"https:\/\/www.project44.com\/wp-content\/uploads\/2024\/03\/network-hero-bg.webp","datePublished":"2024-03-28T16:31:50+00:00","dateModified":"2024-09-09T16:34:35+00:00","description":"Conozca al equipo de Telecomunicaciones de project44. Ver vacantes.","breadcrumb":{"@id":"https:\/\/www.project44.com\/es\/empresa\/empleo\/conozca-a-nuestro-equipo\/telecomunicaciones\/#breadcrumb"},"inLanguage":"es","potentialAction":[{"@type":"ReadAction","target":["https:\/\/www.project44.com\/es\/empresa\/empleo\/conozca-a-nuestro-equipo\/telecomunicaciones\/"]}]},{"@type":"ImageObject","inLanguage":"es","@id":"https:\/\/www.project44.com\/es\/empresa\/empleo\/conozca-a-nuestro-equipo\/telecomunicaciones\/#primaryimage","url":"https:\/\/www.project44.com\/wp-content\/uploads\/2024\/03\/network-hero-bg.webp","contentUrl":"https:\/\/www.project44.com\/wp-content\/uploads\/2024\/03\/network-hero-bg.webp"},{"@type":"BreadcrumbList","@id":"https:\/\/www.project44.com\/es\/empresa\/empleo\/conozca-a-nuestro-equipo\/telecomunicaciones\/#breadcrumb","itemListElement":[{"@type":"ListItem","position":1,"name":"Home","item":"https:\/\/www.project44.com\/es\/"},{"@type":"ListItem","position":2,"name":"Empresa","item":"https:\/\/www.project44.com\/es\/empresa\/"},{"@type":"ListItem","position":3,"name":"Empleo","item":"https:\/\/www.project44.com\/es\/empresa\/empleo\/"},{"@type":"ListItem","position":4,"name":"Conozca a nuestro equipo","item":"https:\/\/www.project44.com\/es\/empresa\/empleo\/conozca-a-nuestro-equipo\/"},{"@type":"ListItem","position":5,"name":"Telecomunicaciones"}]},{"@type":"WebSite","@id":"https:\/\/www.project44.com\/es\/#website","url":"https:\/\/www.project44.com\/es\/","name":"project44","description":"","publisher":{"@id":"https:\/\/www.project44.com\/es\/#organization"},"potentialAction":[{"@type":"SearchAction","target":{"@type":"EntryPoint","urlTemplate":"https:\/\/www.project44.com\/es\/?s={search_term_string}"},"query-input":{"@type":"PropertyValueSpecification","valueRequired":true,"valueName":"search_term_string"}}],"inLanguage":"es"},{"@type":"Organization","@id":"https:\/\/www.project44.com\/es\/#organization","name":"project44","url":"https:\/\/www.project44.com\/es\/","logo":{"@type":"ImageObject","inLanguage":"es","@id":"https:\/\/www.project44.com\/es\/#\/schema\/logo\/image\/","url":"https:\/\/www.project44.com\/wp-content\/uploads\/2024\/01\/logo.svg","contentUrl":"https:\/\/www.project44.com\/wp-content\/uploads\/2024\/01\/logo.svg","width":213,"height":73,"caption":"project44"},"image":{"@id":"https:\/\/www.project44.com\/es\/#\/schema\/logo\/image\/"},"sameAs":["https:\/\/www.facebook.com\/project44Visibility","https:\/\/x.com\/freightpipes","https:\/\/www.linkedin.com\/company\/project-44","https:\/\/www.instagram.com\/project44global"]}]}},"_links":{"self":[{"href":"https:\/\/www.project44.com\/es\/wp-json\/wp\/v2\/pages\/45427","targetHints":{"allow":["GET"]}}],"collection":[{"href":"https:\/\/www.project44.com\/es\/wp-json\/wp\/v2\/pages"}],"about":[{"href":"https:\/\/www.project44.com\/es\/wp-json\/wp\/v2\/types\/page"}],"author":[{"embeddable":true,"href":"https:\/\/www.project44.com\/es\/wp-json\/wp\/v2\/users\/4"}],"replies":[{"embeddable":true,"href":"https:\/\/www.project44.com\/es\/wp-json\/wp\/v2\/comments?post=45427"}],"version-history":[{"count":0,"href":"https:\/\/www.project44.com\/es\/wp-json\/wp\/v2\/pages\/45427\/revisions"}],"up":[{"embeddable":true,"href":"https:\/\/www.project44.com\/es\/wp-json\/wp\/v2\/pages\/45401"}],"wp:attachment":[{"href":"https:\/\/www.project44.com\/es\/wp-json\/wp\/v2\/media?parent=45427"}],"curies":[{"name":"wp","href":"https:\/\/api.w.org\/{rel}","templated":true}]}}