{"id":73850,"date":"2025-10-09T16:44:33","date_gmt":"2025-10-09T21:44:33","guid":{"rendered":"https:\/\/www.project44.com\/plataforma\/visibilidad\/analisis-de-aranceles\/"},"modified":"2025-10-09T16:44:33","modified_gmt":"2025-10-09T21:44:33","slug":"analisis-de-aranceles","status":"publish","type":"page","link":"https:\/\/www.project44.com\/es\/plataforma\/visibilidad\/analisis-de-aranceles\/","title":{"rendered":"An\u00e1lisis de aranceles"},"content":{"rendered":"","protected":false},"excerpt":{"rendered":"","protected":false},"author":79,"featured_media":73247,"parent":45221,"menu_order":0,"comment_status":"closed","ping_status":"closed","template":"","meta":{"_acf_changed":false,"_relevanssi_hide_post":"","_relevanssi_hide_content":"","_relevanssi_pin_for_all":"","_relevanssi_pin_keywords":"","_relevanssi_unpin_keywords":"","_relevanssi_related_keywords":"","_relevanssi_related_include_ids":"","_relevanssi_related_exclude_ids":"","_relevanssi_related_no_append":"","_relevanssi_related_not_related":"","_relevanssi_related_posts":"","_relevanssi_noindex_reason":"","footnotes":""},"class_list":["post-73850","page","type-page","status-publish","has-post-thumbnail","hentry"],"acf":[],"yoast_head":"<!-- This site is optimized with the Yoast SEO Premium plugin v27.4 (Yoast SEO v27.4) - https:\/\/yoast.com\/product\/yoast-seo-premium-wordpress\/ -->\n<title>An\u00e1lisis de aranceles | project44<\/title>\n<meta name=\"description\" content=\"Descubra c\u00f3mo el an\u00e1lisis de aranceles puede simplificar sus decisiones de abastecimiento y proporcionar informaci\u00f3n sobre las complejidades de los aranceles de Estados\u00a0Unidos.\" \/>\n<meta name=\"robots\" content=\"index, follow, max-snippet:-1, max-image-preview:large, max-video-preview:-1\" \/>\n<link rel=\"canonical\" href=\"https:\/\/www.project44.com\/es\/plataforma\/visibilidad\/analisis-de-aranceles\/\" \/>\n<meta property=\"og:locale\" content=\"es_ES\" \/>\n<meta property=\"og:type\" content=\"article\" \/>\n<meta property=\"og:title\" content=\"An\u00e1lisis de aranceles\" \/>\n<meta property=\"og:description\" content=\"Descubra c\u00f3mo el an\u00e1lisis de aranceles puede simplificar sus decisiones de abastecimiento y proporcionar informaci\u00f3n sobre las complejidades de los aranceles de Estados\u00a0Unidos.\" \/>\n<meta property=\"og:url\" content=\"https:\/\/www.project44.com\/es\/plataforma\/visibilidad\/analisis-de-aranceles\/\" \/>\n<meta property=\"og:site_name\" content=\"project44\" \/>\n<meta property=\"article:publisher\" content=\"https:\/\/www.facebook.com\/project44Visibility\" \/>\n<meta property=\"og:image\" content=\"https:\/\/www.project44.com\/wp-content\/uploads\/2025\/10\/victoire-joncheray-361064-unsplash4-scaled.jpg\" \/>\n\t<meta property=\"og:image:width\" content=\"2560\" \/>\n\t<meta property=\"og:image:height\" content=\"1135\" \/>\n\t<meta property=\"og:image:type\" content=\"image\/jpeg\" \/>\n<meta name=\"twitter:card\" content=\"summary_large_image\" \/>\n<meta name=\"twitter:site\" content=\"@freightpipes\" \/>\n<script type=\"application\/ld+json\" class=\"yoast-schema-graph\">{\"@context\":\"https:\\\/\\\/schema.org\",\"@graph\":[{\"@type\":\"WebPage\",\"@id\":\"https:\\\/\\\/www.project44.com\\\/es\\\/plataforma\\\/visibilidad\\\/analisis-de-aranceles\\\/\",\"url\":\"https:\\\/\\\/www.project44.com\\\/es\\\/plataforma\\\/visibilidad\\\/analisis-de-aranceles\\\/\",\"name\":\"An\u00e1lisis de aranceles | project44\",\"isPartOf\":{\"@id\":\"https:\\\/\\\/www.project44.com\\\/es\\\/#website\"},\"primaryImageOfPage\":{\"@id\":\"https:\\\/\\\/www.project44.com\\\/es\\\/plataforma\\\/visibilidad\\\/analisis-de-aranceles\\\/#primaryimage\"},\"image\":{\"@id\":\"https:\\\/\\\/www.project44.com\\\/es\\\/plataforma\\\/visibilidad\\\/analisis-de-aranceles\\\/#primaryimage\"},\"thumbnailUrl\":\"https:\\\/\\\/www.project44.com\\\/wp-content\\\/uploads\\\/2025\\\/10\\\/victoire-joncheray-361064-unsplash4-scaled.jpg\",\"datePublished\":\"2025-10-09T21:44:33+00:00\",\"description\":\"Descubra c\u00f3mo el an\u00e1lisis de aranceles puede simplificar sus decisiones de abastecimiento y proporcionar informaci\u00f3n sobre las complejidades de los aranceles de Estados\u00a0Unidos.\",\"breadcrumb\":{\"@id\":\"https:\\\/\\\/www.project44.com\\\/es\\\/plataforma\\\/visibilidad\\\/analisis-de-aranceles\\\/#breadcrumb\"},\"inLanguage\":\"es\",\"potentialAction\":[{\"@type\":\"ReadAction\",\"target\":[\"https:\\\/\\\/www.project44.com\\\/es\\\/plataforma\\\/visibilidad\\\/analisis-de-aranceles\\\/\"]}]},{\"@type\":\"ImageObject\",\"inLanguage\":\"es\",\"@id\":\"https:\\\/\\\/www.project44.com\\\/es\\\/plataforma\\\/visibilidad\\\/analisis-de-aranceles\\\/#primaryimage\",\"url\":\"https:\\\/\\\/www.project44.com\\\/wp-content\\\/uploads\\\/2025\\\/10\\\/victoire-joncheray-361064-unsplash4-scaled.jpg\",\"contentUrl\":\"https:\\\/\\\/www.project44.com\\\/wp-content\\\/uploads\\\/2025\\\/10\\\/victoire-joncheray-361064-unsplash4-scaled.jpg\",\"width\":2560,\"height\":1135},{\"@type\":\"BreadcrumbList\",\"@id\":\"https:\\\/\\\/www.project44.com\\\/es\\\/plataforma\\\/visibilidad\\\/analisis-de-aranceles\\\/#breadcrumb\",\"itemListElement\":[{\"@type\":\"ListItem\",\"position\":1,\"name\":\"Home\",\"item\":\"https:\\\/\\\/www.project44.com\\\/es\\\/\"},{\"@type\":\"ListItem\",\"position\":2,\"name\":\"Plataforma\",\"item\":\"https:\\\/\\\/www.project44.com\\\/es\\\/plataforma\\\/\"},{\"@type\":\"ListItem\",\"position\":3,\"name\":\"Visibilidad\",\"item\":\"https:\\\/\\\/www.project44.com\\\/es\\\/plataforma\\\/visibilidad\\\/\"},{\"@type\":\"ListItem\",\"position\":4,\"name\":\"An\u00e1lisis de aranceles\"}]},{\"@type\":\"WebSite\",\"@id\":\"https:\\\/\\\/www.project44.com\\\/es\\\/#website\",\"url\":\"https:\\\/\\\/www.project44.com\\\/es\\\/\",\"name\":\"project44\",\"description\":\"\",\"publisher\":{\"@id\":\"https:\\\/\\\/www.project44.com\\\/es\\\/#organization\"},\"potentialAction\":[{\"@type\":\"SearchAction\",\"target\":{\"@type\":\"EntryPoint\",\"urlTemplate\":\"https:\\\/\\\/www.project44.com\\\/es\\\/?s={search_term_string}\"},\"query-input\":{\"@type\":\"PropertyValueSpecification\",\"valueRequired\":true,\"valueName\":\"search_term_string\"}}],\"inLanguage\":\"es\"},{\"@type\":\"Organization\",\"@id\":\"https:\\\/\\\/www.project44.com\\\/es\\\/#organization\",\"name\":\"project44\",\"url\":\"https:\\\/\\\/www.project44.com\\\/es\\\/\",\"logo\":{\"@type\":\"ImageObject\",\"inLanguage\":\"es\",\"@id\":\"https:\\\/\\\/www.project44.com\\\/es\\\/#\\\/schema\\\/logo\\\/image\\\/\",\"url\":\"https:\\\/\\\/www.project44.com\\\/wp-content\\\/uploads\\\/2024\\\/01\\\/logo.svg\",\"contentUrl\":\"https:\\\/\\\/www.project44.com\\\/wp-content\\\/uploads\\\/2024\\\/01\\\/logo.svg\",\"width\":213,\"height\":73,\"caption\":\"project44\"},\"image\":{\"@id\":\"https:\\\/\\\/www.project44.com\\\/es\\\/#\\\/schema\\\/logo\\\/image\\\/\"},\"sameAs\":[\"https:\\\/\\\/www.facebook.com\\\/project44Visibility\",\"https:\\\/\\\/x.com\\\/freightpipes\",\"https:\\\/\\\/www.linkedin.com\\\/company\\\/project-44\",\"https:\\\/\\\/www.instagram.com\\\/project44global\"]}]}<\/script>\n<!-- \/ Yoast SEO Premium plugin. -->","yoast_head_json":{"title":"An\u00e1lisis de aranceles | project44","description":"Descubra c\u00f3mo el an\u00e1lisis de aranceles puede simplificar sus decisiones de abastecimiento y proporcionar informaci\u00f3n sobre las complejidades de los aranceles de Estados\u00a0Unidos.","robots":{"index":"index","follow":"follow","max-snippet":"max-snippet:-1","max-image-preview":"max-image-preview:large","max-video-preview":"max-video-preview:-1"},"canonical":"https:\/\/www.project44.com\/es\/plataforma\/visibilidad\/analisis-de-aranceles\/","og_locale":"es_ES","og_type":"article","og_title":"An\u00e1lisis de aranceles","og_description":"Descubra c\u00f3mo el an\u00e1lisis de aranceles puede simplificar sus decisiones de abastecimiento y proporcionar informaci\u00f3n sobre las complejidades de los aranceles de Estados\u00a0Unidos.","og_url":"https:\/\/www.project44.com\/es\/plataforma\/visibilidad\/analisis-de-aranceles\/","og_site_name":"project44","article_publisher":"https:\/\/www.facebook.com\/project44Visibility","og_image":[{"width":2560,"height":1135,"url":"https:\/\/www.project44.com\/wp-content\/uploads\/2025\/10\/victoire-joncheray-361064-unsplash4-scaled.jpg","type":"image\/jpeg"}],"twitter_card":"summary_large_image","twitter_site":"@freightpipes","schema":{"@context":"https:\/\/schema.org","@graph":[{"@type":"WebPage","@id":"https:\/\/www.project44.com\/es\/plataforma\/visibilidad\/analisis-de-aranceles\/","url":"https:\/\/www.project44.com\/es\/plataforma\/visibilidad\/analisis-de-aranceles\/","name":"An\u00e1lisis de aranceles | project44","isPartOf":{"@id":"https:\/\/www.project44.com\/es\/#website"},"primaryImageOfPage":{"@id":"https:\/\/www.project44.com\/es\/plataforma\/visibilidad\/analisis-de-aranceles\/#primaryimage"},"image":{"@id":"https:\/\/www.project44.com\/es\/plataforma\/visibilidad\/analisis-de-aranceles\/#primaryimage"},"thumbnailUrl":"https:\/\/www.project44.com\/wp-content\/uploads\/2025\/10\/victoire-joncheray-361064-unsplash4-scaled.jpg","datePublished":"2025-10-09T21:44:33+00:00","description":"Descubra c\u00f3mo el an\u00e1lisis de aranceles puede simplificar sus decisiones de abastecimiento y proporcionar informaci\u00f3n sobre las complejidades de los aranceles de Estados\u00a0Unidos.","breadcrumb":{"@id":"https:\/\/www.project44.com\/es\/plataforma\/visibilidad\/analisis-de-aranceles\/#breadcrumb"},"inLanguage":"es","potentialAction":[{"@type":"ReadAction","target":["https:\/\/www.project44.com\/es\/plataforma\/visibilidad\/analisis-de-aranceles\/"]}]},{"@type":"ImageObject","inLanguage":"es","@id":"https:\/\/www.project44.com\/es\/plataforma\/visibilidad\/analisis-de-aranceles\/#primaryimage","url":"https:\/\/www.project44.com\/wp-content\/uploads\/2025\/10\/victoire-joncheray-361064-unsplash4-scaled.jpg","contentUrl":"https:\/\/www.project44.com\/wp-content\/uploads\/2025\/10\/victoire-joncheray-361064-unsplash4-scaled.jpg","width":2560,"height":1135},{"@type":"BreadcrumbList","@id":"https:\/\/www.project44.com\/es\/plataforma\/visibilidad\/analisis-de-aranceles\/#breadcrumb","itemListElement":[{"@type":"ListItem","position":1,"name":"Home","item":"https:\/\/www.project44.com\/es\/"},{"@type":"ListItem","position":2,"name":"Plataforma","item":"https:\/\/www.project44.com\/es\/plataforma\/"},{"@type":"ListItem","position":3,"name":"Visibilidad","item":"https:\/\/www.project44.com\/es\/plataforma\/visibilidad\/"},{"@type":"ListItem","position":4,"name":"An\u00e1lisis de aranceles"}]},{"@type":"WebSite","@id":"https:\/\/www.project44.com\/es\/#website","url":"https:\/\/www.project44.com\/es\/","name":"project44","description":"","publisher":{"@id":"https:\/\/www.project44.com\/es\/#organization"},"potentialAction":[{"@type":"SearchAction","target":{"@type":"EntryPoint","urlTemplate":"https:\/\/www.project44.com\/es\/?s={search_term_string}"},"query-input":{"@type":"PropertyValueSpecification","valueRequired":true,"valueName":"search_term_string"}}],"inLanguage":"es"},{"@type":"Organization","@id":"https:\/\/www.project44.com\/es\/#organization","name":"project44","url":"https:\/\/www.project44.com\/es\/","logo":{"@type":"ImageObject","inLanguage":"es","@id":"https:\/\/www.project44.com\/es\/#\/schema\/logo\/image\/","url":"https:\/\/www.project44.com\/wp-content\/uploads\/2024\/01\/logo.svg","contentUrl":"https:\/\/www.project44.com\/wp-content\/uploads\/2024\/01\/logo.svg","width":213,"height":73,"caption":"project44"},"image":{"@id":"https:\/\/www.project44.com\/es\/#\/schema\/logo\/image\/"},"sameAs":["https:\/\/www.facebook.com\/project44Visibility","https:\/\/x.com\/freightpipes","https:\/\/www.linkedin.com\/company\/project-44","https:\/\/www.instagram.com\/project44global"]}]}},"_links":{"self":[{"href":"https:\/\/www.project44.com\/es\/wp-json\/wp\/v2\/pages\/73850","targetHints":{"allow":["GET"]}}],"collection":[{"href":"https:\/\/www.project44.com\/es\/wp-json\/wp\/v2\/pages"}],"about":[{"href":"https:\/\/www.project44.com\/es\/wp-json\/wp\/v2\/types\/page"}],"author":[{"embeddable":true,"href":"https:\/\/www.project44.com\/es\/wp-json\/wp\/v2\/users\/79"}],"replies":[{"embeddable":true,"href":"https:\/\/www.project44.com\/es\/wp-json\/wp\/v2\/comments?post=73850"}],"version-history":[{"count":0,"href":"https:\/\/www.project44.com\/es\/wp-json\/wp\/v2\/pages\/73850\/revisions"}],"up":[{"embeddable":true,"href":"https:\/\/www.project44.com\/es\/wp-json\/wp\/v2\/pages\/45221"}],"wp:featuredmedia":[{"embeddable":true,"href":"https:\/\/www.project44.com\/es\/wp-json\/wp\/v2\/media\/73247"}],"wp:attachment":[{"href":"https:\/\/www.project44.com\/es\/wp-json\/wp\/v2\/media?parent=73850"}],"curies":[{"name":"wp","href":"https:\/\/api.w.org\/{rel}","templated":true}]}}