{"id":43039,"date":"2024-01-25T21:57:33","date_gmt":"2024-01-26T03:57:33","guid":{"rendered":"https:\/\/www.project44.com\/obtenez-une-demo\/"},"modified":"2024-10-29T09:06:53","modified_gmt":"2024-10-29T14:06:53","slug":"obtenez-une-demo","status":"publish","type":"page","link":"https:\/\/www.project44.com\/fr\/obtenez-une-demo\/","title":{"rendered":"Obtenez une d\u00e9mo"},"content":{"rendered":"\n<div class=\"wp-block-cover alignfull is-light has-custom-content-position is-position-top-center is-style-hero\" style=\"padding-top:0;min-height:575px;aspect-ratio:unset;\"><span aria-hidden=\"true\" class=\"wp-block-cover__background has-background-dim-0 has-background-dim\"><\/span><video class=\"wp-block-cover__video-background intrinsic-ignore\" autoplay muted loop playsinline src=\"https:\/\/www.project44.com\/wp-content\/uploads\/2023\/05\/6329fb26f23bf394cf2b08a0_cta-cube-transcode.mp4\" data-object-fit=\"cover\"><\/video><div class=\"wp-block-cover__inner-container has-global-padding is-layout-constrained wp-container-core-cover-is-layout-949d87ff wp-block-cover-is-layout-constrained\">\n<p class=\"has-text-align-center has-large-font-size\"><\/p>\n<\/div><\/div>\n\n<div class=\"wp-block-cover alignfull is-light is-repeated has-custom-content-position is-position-top-center is-style-overflow-visible\" style=\"margin-top:0;min-height:100px;aspect-ratio:unset;\"><span aria-hidden=\"true\" class=\"wp-block-cover__background has-background-dim-0 has-background-dim\"><\/span><div class=\"wp-block-cover__image-background wp-image-7492 is-repeated\" style=\"background-position:0% 0%;background-image:url(https:\/\/www.project44.com\/wp-content\/uploads\/2024\/01\/bg-grid-white-120.svg)\"><\/div><div class=\"wp-block-cover__inner-container has-global-padding is-layout-constrained wp-container-core-cover-is-layout-e6c763b7 wp-block-cover-is-layout-constrained\">\n<div class=\"wp-block-group is-style-hero-pull-content-full is-layout-flow wp-block-group-is-layout-flow\">\n<div class=\"wp-block-group has-global-padding is-layout-constrained wp-block-group-is-layout-constrained\" style=\"padding-top:0\">\n<div class=\"wp-block-columns is-style-row-padding is-layout-flex wp-container-core-columns-is-layout-6ff537d5 wp-block-columns-is-layout-flex\">\n<div class=\"wp-block-column is-layout-flow wp-block-column-is-layout-flow\">\n<div class=\"wp-block-group has-white-color has-text-color has-link-color wp-elements-b60b77a5248bdec1ea32302ed0a417d2 has-global-padding is-content-justification-left is-layout-constrained wp-container-core-group-is-layout-df9d7b1a wp-block-group-is-layout-constrained\" style=\"padding-bottom:var(--wp--preset--spacing--20)\">\n<h1 class=\"wp-block-heading has-text-align-left is-style-default has-gigantic-size\" id=\"h-request-a-personalized-demo\">Demander une d\u00e9mo personnalis\u00e9e<\/h1>\n\n\n\n<p class=\"is-style-default has-large-font-size\">Lib\u00e9rez le plein potentiel de votre cha\u00eene d&rsquo;approvisionnement. D\u00e9couvrez pourquoi des milliers d&rsquo;entreprises comptent sur la plateforme aliment\u00e9e par l&rsquo;IA de project44 pour \u00e9liminer les frictions de la cha\u00eene d&rsquo;approvisionnement et faire de leurs cha\u00eenes d&rsquo;approvisionnement un g\u00e9n\u00e9rateur de revenus strat\u00e9gique.\u2028\u2028<\/p>\n<\/div>\n\n\n\n<div class=\"wp-block-group has-white-background-color has-background is-style-box-shadow-2 has-global-padding is-layout-constrained wp-container-core-group-is-layout-035972fa wp-block-group-is-layout-constrained\" style=\"border-radius:24px;padding-top:var(--wp--preset--spacing--32);padding-right:var(--wp--preset--spacing--32);padding-bottom:var(--wp--preset--spacing--32);padding-left:var(--wp--preset--spacing--32)\">\n<div class=\"wp-block-group has-global-padding is-layout-constrained wp-block-group-is-layout-constrained\" style=\"padding-top:0\">\n<p class=\"has-text-align-center is-style-default has-x-large-font-size\"><strong>Faire \u00e9voluer les meilleures marques au monde<\/strong><\/p>\n\n\n\n<div class=\"wp-block-group is-layout-grid wp-container-core-group-is-layout-aaee5833 wp-block-group-is-layout-grid\">\n<figure class=\"wp-block-image size-full\"><img loading=\"lazy\" decoding=\"async\" width=\"120\" height=\"50\" src=\"https:\/\/www.project44.com\/wp-content\/uploads\/2024\/04\/logo-abbvie.svg\" alt=\"Abbvie\" class=\"wp-image-24381\"\/><\/figure>\n\n\n\n<figure class=\"wp-block-image size-full\"><img loading=\"lazy\" decoding=\"async\" width=\"120\" height=\"50\" src=\"https:\/\/www.project44.com\/wp-content\/uploads\/2024\/05\/logo-mars.svg\" alt=\"\" class=\"wp-image-37485\"\/><\/figure>\n\n\n\n<figure class=\"wp-block-image size-full\"><img loading=\"lazy\" decoding=\"async\" width=\"121\" height=\"50\" src=\"https:\/\/www.project44.com\/wp-content\/uploads\/2024\/04\/logo-nestle.svg\" alt=\"Nestl&#xE9;\" class=\"wp-image-23353\"\/><\/figure>\n\n\n\n<figure class=\"wp-block-image size-full\"><img loading=\"lazy\" decoding=\"async\" width=\"120\" height=\"50\" src=\"https:\/\/www.project44.com\/wp-content\/uploads\/2024\/04\/logo-google.svg\" alt=\"Google\" class=\"wp-image-30571\"\/><\/figure>\n<\/div>\n\n\n\n<div class=\"wp-block-group is-layout-grid wp-container-core-group-is-layout-aaee5833 wp-block-group-is-layout-grid\">\n<figure class=\"wp-block-image size-full\"><img loading=\"lazy\" decoding=\"async\" width=\"120\" height=\"50\" src=\"https:\/\/www.project44.com\/wp-content\/uploads\/2024\/04\/logo-exxon-mobil.svg\" alt=\"ExxonMobil\" class=\"wp-image-23369\"\/><\/figure>\n\n\n\n<figure class=\"wp-block-image size-full\"><img loading=\"lazy\" decoding=\"async\" width=\"120\" height=\"50\" src=\"https:\/\/www.project44.com\/wp-content\/uploads\/2024\/01\/logo-mondelez.svg\" alt=\"Mondelez\" class=\"wp-image-7504\"\/><\/figure>\n\n\n\n<figure class=\"wp-block-image size-full\"><img loading=\"lazy\" decoding=\"async\" width=\"120\" height=\"50\" src=\"https:\/\/www.project44.com\/wp-content\/uploads\/2024\/03\/logo-ford.svg\" alt=\"Ford\" class=\"wp-image-22167\"\/><\/figure>\n\n\n\n<figure class=\"wp-block-image size-full\"><img loading=\"lazy\" decoding=\"async\" width=\"120\" height=\"50\" src=\"https:\/\/www.project44.com\/wp-content\/uploads\/2024\/05\/logo-whirlpool.svg\" alt=\"\" class=\"wp-image-37479\"\/><\/figure>\n<\/div>\n\n\n\n<div class=\"wp-block-group is-layout-grid wp-container-core-group-is-layout-aaee5833 wp-block-group-is-layout-grid\">\n<figure class=\"wp-block-image size-full\"><img loading=\"lazy\" decoding=\"async\" width=\"120\" height=\"50\" src=\"https:\/\/www.project44.com\/wp-content\/uploads\/2024\/04\/logo-unilever.svg\" alt=\"Unilever\" class=\"wp-image-23337\"\/><\/figure>\n\n\n\n<figure class=\"wp-block-image size-full\"><img loading=\"lazy\" decoding=\"async\" width=\"121\" height=\"50\" src=\"https:\/\/www.project44.com\/wp-content\/uploads\/2024\/04\/logo-toyota.svg\" alt=\"Toyota\" class=\"wp-image-23361\"\/><\/figure>\n\n\n\n<figure class=\"wp-block-image size-full\"><img loading=\"lazy\" decoding=\"async\" width=\"120\" height=\"50\" src=\"https:\/\/www.project44.com\/wp-content\/uploads\/2024\/04\/logo-coca-cola.svg\" alt=\"Coca Cola\" class=\"wp-image-30591\"\/><\/figure>\n\n\n\n<figure class=\"wp-block-image size-full\"><img loading=\"lazy\" decoding=\"async\" width=\"120\" height=\"50\" src=\"https:\/\/www.project44.com\/wp-content\/uploads\/2024\/04\/logo-fedex.svg\" alt=\"FedEx\" class=\"wp-image-30603\"\/><\/figure>\n<\/div>\n<\/div>\n\n\n\n<p class=\"has-text-align-center has-x-large-font-size\" style=\"padding-top:var(--wp--preset--spacing--20);padding-bottom:var(--wp--preset--spacing--20)\"><strong>Class\u00e9 n\u00b01 par nos clients<\/strong><\/p>\n\n\n\n<div class=\"wp-block-columns is-not-stacked-on-mobile is-layout-flex wp-container-core-columns-is-layout-f92ffa15 wp-block-columns-is-layout-flex\">\n<div class=\"wp-block-column is-layout-flow wp-block-column-is-layout-flow\" style=\"flex-basis:50%\">\n<figure class=\"wp-block-image size-full\"><img loading=\"lazy\" decoding=\"async\" width=\"370\" height=\"118\" src=\"https:\/\/www.project44.com\/wp-content\/uploads\/2024\/09\/G2-Review_09-24-24.png\" alt=\"\" class=\"wp-image-48963\" srcset=\"https:\/\/www.project44.com\/wp-content\/uploads\/2024\/09\/G2-Review_09-24-24.png 370w, https:\/\/www.project44.com\/wp-content\/uploads\/2024\/09\/G2-Review_09-24-24-300x96.png 300w\" sizes=\"auto, (max-width: 370px) 100vw, 370px\" \/><\/figure>\n<\/div>\n\n\n\n<div class=\"wp-block-column is-layout-flow wp-block-column-is-layout-flow\" style=\"flex-basis:50%\">\n<div class=\"wp-block-group is-style-width-100 has-global-padding is-content-justification-left is-layout-constrained wp-container-core-group-is-layout-12dd3699 wp-block-group-is-layout-constrained\" style=\"border-bottom-style:none;border-bottom-width:0px\">\n<figure class=\"wp-block-image size-full\"><img loading=\"lazy\" decoding=\"async\" width=\"370\" height=\"118\" src=\"https:\/\/www.project44.com\/wp-content\/uploads\/2024\/09\/PeerInsights_09-24-24.png\" alt=\"\" class=\"wp-image-48969\" srcset=\"https:\/\/www.project44.com\/wp-content\/uploads\/2024\/09\/PeerInsights_09-24-24.png 370w, https:\/\/www.project44.com\/wp-content\/uploads\/2024\/09\/PeerInsights_09-24-24-300x96.png 300w\" sizes=\"auto, (max-width: 370px) 100vw, 370px\" \/><\/figure>\n<\/div>\n<\/div>\n<\/div>\n<\/div>\n<\/div>\n\n\n\n<div class=\"wp-block-column is-layout-flow wp-block-column-is-layout-flow\" style=\"flex-basis:35%\">\n<div class=\"wp-block-group has-border-color has-black-border-color has-white-background-color has-background is-style-height-100 has-global-padding is-layout-constrained wp-container-core-group-is-layout-9197debc wp-block-group-is-layout-constrained\" style=\"border-width:1px;border-radius:24px;padding-top:var(--wp--preset--spacing--32);padding-right:var(--wp--preset--spacing--32);padding-bottom:var(--wp--preset--spacing--32);padding-left:var(--wp--preset--spacing--32)\">\n<h2 class=\"wp-block-heading has-h5-size\" id=\"h-schedule-a-demo\">Planifiez une d\u00e9mo<\/h2>\n\n\n\n<p>Remplissez le formulaire ci-dessous pour parler \u00e0 un expert de la visibilit\u00e9.<\/p>\n\n\n<div class=\"wp-block-knightowl-blocks-marketo-form\"><script src=\"\/\/go.project44.com\/js\/forms2\/js\/forms2.min.js\"><\/script><form id=\"mktoForm_1345\"><\/form><script>\n        MktoForms2.loadForm(\"\/\/go.project44.com\", \"049-IOY-754\", 1345, function(form) {});\n    <\/script><\/div><\/div>\n<\/div>\n<\/div>\n<\/div>\n<\/div>\n<\/div><\/div>\n","protected":false},"excerpt":{"rendered":"","protected":false},"author":1,"featured_media":0,"parent":0,"menu_order":0,"comment_status":"closed","ping_status":"closed","template":"","meta":{"_acf_changed":false,"_relevanssi_hide_post":"","_relevanssi_hide_content":"","_relevanssi_pin_for_all":"","_relevanssi_pin_keywords":"","_relevanssi_unpin_keywords":"","_relevanssi_related_keywords":"","_relevanssi_related_include_ids":"","_relevanssi_related_exclude_ids":"","_relevanssi_related_no_append":"","_relevanssi_related_not_related":"","_relevanssi_related_posts":"","_relevanssi_noindex_reason":"","footnotes":""},"class_list":["post-43039","page","type-page","status-publish","hentry"],"acf":[],"yoast_head":"<!-- This site is optimized with the Yoast SEO Premium plugin v27.4 (Yoast SEO v27.4) - https:\/\/yoast.com\/product\/yoast-seo-premium-wordpress\/ -->\n<title>Obtenez une d\u00e9mo | project44<\/title>\n<meta name=\"description\" content=\"Obtenez une d\u00e9monstration de la plateforme aliment\u00e9e par l&#039;IA de project44 qui transforme les cha\u00eenes d&#039;approvisionnement d&#039;un centre de co\u00fbts en un g\u00e9n\u00e9rateur de revenus.\" \/>\n<meta name=\"robots\" content=\"index, follow, max-snippet:-1, max-image-preview:large, max-video-preview:-1\" \/>\n<link rel=\"canonical\" href=\"https:\/\/www.project44.com\/fr\/obtenez-une-demo\/\" \/>\n<meta property=\"og:locale\" content=\"fr_FR\" \/>\n<meta property=\"og:type\" content=\"article\" \/>\n<meta property=\"og:title\" content=\"Obtenez une d\u00e9mo\" \/>\n<meta property=\"og:description\" content=\"Obtenez une d\u00e9monstration de la plateforme aliment\u00e9e par l&#039;IA de project44 qui transforme les cha\u00eenes d&#039;approvisionnement d&#039;un centre de co\u00fbts en un g\u00e9n\u00e9rateur de revenus.\" \/>\n<meta property=\"og:url\" content=\"https:\/\/www.project44.com\/fr\/obtenez-une-demo\/\" \/>\n<meta property=\"og:site_name\" content=\"project44\" \/>\n<meta property=\"article:publisher\" content=\"https:\/\/www.facebook.com\/project44Visibility\" \/>\n<meta property=\"article:modified_time\" content=\"2024-10-29T14:06:53+00:00\" \/>\n<meta name=\"twitter:card\" content=\"summary_large_image\" \/>\n<meta name=\"twitter:site\" content=\"@freightpipes\" \/>\n<script type=\"application\/ld+json\" class=\"yoast-schema-graph\">{\"@context\":\"https:\\\/\\\/schema.org\",\"@graph\":[{\"@type\":\"WebPage\",\"@id\":\"https:\\\/\\\/www.project44.com\\\/fr\\\/obtenez-une-demo\\\/\",\"url\":\"https:\\\/\\\/www.project44.com\\\/fr\\\/obtenez-une-demo\\\/\",\"name\":\"Obtenez une d\u00e9mo | project44\",\"isPartOf\":{\"@id\":\"https:\\\/\\\/www.project44.com\\\/fr\\\/#website\"},\"primaryImageOfPage\":{\"@id\":\"https:\\\/\\\/www.project44.com\\\/fr\\\/obtenez-une-demo\\\/#primaryimage\"},\"image\":{\"@id\":\"https:\\\/\\\/www.project44.com\\\/fr\\\/obtenez-une-demo\\\/#primaryimage\"},\"thumbnailUrl\":\"https:\\\/\\\/www.project44.com\\\/wp-content\\\/uploads\\\/2024\\\/04\\\/logo-abbvie.svg\",\"datePublished\":\"2024-01-26T03:57:33+00:00\",\"dateModified\":\"2024-10-29T14:06:53+00:00\",\"description\":\"Obtenez une d\u00e9monstration de la plateforme aliment\u00e9e par l'IA de project44 qui transforme les cha\u00eenes d'approvisionnement d'un centre de co\u00fbts en un g\u00e9n\u00e9rateur de revenus.\",\"breadcrumb\":{\"@id\":\"https:\\\/\\\/www.project44.com\\\/fr\\\/obtenez-une-demo\\\/#breadcrumb\"},\"inLanguage\":\"fr-FR\",\"potentialAction\":[{\"@type\":\"ReadAction\",\"target\":[\"https:\\\/\\\/www.project44.com\\\/fr\\\/obtenez-une-demo\\\/\"]}]},{\"@type\":\"ImageObject\",\"inLanguage\":\"fr-FR\",\"@id\":\"https:\\\/\\\/www.project44.com\\\/fr\\\/obtenez-une-demo\\\/#primaryimage\",\"url\":\"https:\\\/\\\/www.project44.com\\\/wp-content\\\/uploads\\\/2024\\\/04\\\/logo-abbvie.svg\",\"contentUrl\":\"https:\\\/\\\/www.project44.com\\\/wp-content\\\/uploads\\\/2024\\\/04\\\/logo-abbvie.svg\"},{\"@type\":\"BreadcrumbList\",\"@id\":\"https:\\\/\\\/www.project44.com\\\/fr\\\/obtenez-une-demo\\\/#breadcrumb\",\"itemListElement\":[{\"@type\":\"ListItem\",\"position\":1,\"name\":\"Home\",\"item\":\"https:\\\/\\\/www.project44.com\\\/fr\\\/\"},{\"@type\":\"ListItem\",\"position\":2,\"name\":\"Obtenez une d\u00e9mo\"}]},{\"@type\":\"WebSite\",\"@id\":\"https:\\\/\\\/www.project44.com\\\/fr\\\/#website\",\"url\":\"https:\\\/\\\/www.project44.com\\\/fr\\\/\",\"name\":\"project44\",\"description\":\"\",\"publisher\":{\"@id\":\"https:\\\/\\\/www.project44.com\\\/fr\\\/#organization\"},\"potentialAction\":[{\"@type\":\"SearchAction\",\"target\":{\"@type\":\"EntryPoint\",\"urlTemplate\":\"https:\\\/\\\/www.project44.com\\\/fr\\\/?s={search_term_string}\"},\"query-input\":{\"@type\":\"PropertyValueSpecification\",\"valueRequired\":true,\"valueName\":\"search_term_string\"}}],\"inLanguage\":\"fr-FR\"},{\"@type\":\"Organization\",\"@id\":\"https:\\\/\\\/www.project44.com\\\/fr\\\/#organization\",\"name\":\"project44\",\"url\":\"https:\\\/\\\/www.project44.com\\\/fr\\\/\",\"logo\":{\"@type\":\"ImageObject\",\"inLanguage\":\"fr-FR\",\"@id\":\"https:\\\/\\\/www.project44.com\\\/fr\\\/#\\\/schema\\\/logo\\\/image\\\/\",\"url\":\"https:\\\/\\\/www.project44.com\\\/wp-content\\\/uploads\\\/2024\\\/01\\\/logo.svg\",\"contentUrl\":\"https:\\\/\\\/www.project44.com\\\/wp-content\\\/uploads\\\/2024\\\/01\\\/logo.svg\",\"width\":213,\"height\":73,\"caption\":\"project44\"},\"image\":{\"@id\":\"https:\\\/\\\/www.project44.com\\\/fr\\\/#\\\/schema\\\/logo\\\/image\\\/\"},\"sameAs\":[\"https:\\\/\\\/www.facebook.com\\\/project44Visibility\",\"https:\\\/\\\/x.com\\\/freightpipes\",\"https:\\\/\\\/www.linkedin.com\\\/company\\\/project-44\",\"https:\\\/\\\/www.instagram.com\\\/project44global\"]}]}<\/script>\n<!-- \/ Yoast SEO Premium plugin. -->","yoast_head_json":{"title":"Obtenez une d\u00e9mo | project44","description":"Obtenez une d\u00e9monstration de la plateforme aliment\u00e9e par l'IA de project44 qui transforme les cha\u00eenes d'approvisionnement d'un centre de co\u00fbts en un g\u00e9n\u00e9rateur de revenus.","robots":{"index":"index","follow":"follow","max-snippet":"max-snippet:-1","max-image-preview":"max-image-preview:large","max-video-preview":"max-video-preview:-1"},"canonical":"https:\/\/www.project44.com\/fr\/obtenez-une-demo\/","og_locale":"fr_FR","og_type":"article","og_title":"Obtenez une d\u00e9mo","og_description":"Obtenez une d\u00e9monstration de la plateforme aliment\u00e9e par l'IA de project44 qui transforme les cha\u00eenes d'approvisionnement d'un centre de co\u00fbts en un g\u00e9n\u00e9rateur de revenus.","og_url":"https:\/\/www.project44.com\/fr\/obtenez-une-demo\/","og_site_name":"project44","article_publisher":"https:\/\/www.facebook.com\/project44Visibility","article_modified_time":"2024-10-29T14:06:53+00:00","twitter_card":"summary_large_image","twitter_site":"@freightpipes","schema":{"@context":"https:\/\/schema.org","@graph":[{"@type":"WebPage","@id":"https:\/\/www.project44.com\/fr\/obtenez-une-demo\/","url":"https:\/\/www.project44.com\/fr\/obtenez-une-demo\/","name":"Obtenez une d\u00e9mo | project44","isPartOf":{"@id":"https:\/\/www.project44.com\/fr\/#website"},"primaryImageOfPage":{"@id":"https:\/\/www.project44.com\/fr\/obtenez-une-demo\/#primaryimage"},"image":{"@id":"https:\/\/www.project44.com\/fr\/obtenez-une-demo\/#primaryimage"},"thumbnailUrl":"https:\/\/www.project44.com\/wp-content\/uploads\/2024\/04\/logo-abbvie.svg","datePublished":"2024-01-26T03:57:33+00:00","dateModified":"2024-10-29T14:06:53+00:00","description":"Obtenez une d\u00e9monstration de la plateforme aliment\u00e9e par l'IA de project44 qui transforme les cha\u00eenes d'approvisionnement d'un centre de co\u00fbts en un g\u00e9n\u00e9rateur de revenus.","breadcrumb":{"@id":"https:\/\/www.project44.com\/fr\/obtenez-une-demo\/#breadcrumb"},"inLanguage":"fr-FR","potentialAction":[{"@type":"ReadAction","target":["https:\/\/www.project44.com\/fr\/obtenez-une-demo\/"]}]},{"@type":"ImageObject","inLanguage":"fr-FR","@id":"https:\/\/www.project44.com\/fr\/obtenez-une-demo\/#primaryimage","url":"https:\/\/www.project44.com\/wp-content\/uploads\/2024\/04\/logo-abbvie.svg","contentUrl":"https:\/\/www.project44.com\/wp-content\/uploads\/2024\/04\/logo-abbvie.svg"},{"@type":"BreadcrumbList","@id":"https:\/\/www.project44.com\/fr\/obtenez-une-demo\/#breadcrumb","itemListElement":[{"@type":"ListItem","position":1,"name":"Home","item":"https:\/\/www.project44.com\/fr\/"},{"@type":"ListItem","position":2,"name":"Obtenez une d\u00e9mo"}]},{"@type":"WebSite","@id":"https:\/\/www.project44.com\/fr\/#website","url":"https:\/\/www.project44.com\/fr\/","name":"project44","description":"","publisher":{"@id":"https:\/\/www.project44.com\/fr\/#organization"},"potentialAction":[{"@type":"SearchAction","target":{"@type":"EntryPoint","urlTemplate":"https:\/\/www.project44.com\/fr\/?s={search_term_string}"},"query-input":{"@type":"PropertyValueSpecification","valueRequired":true,"valueName":"search_term_string"}}],"inLanguage":"fr-FR"},{"@type":"Organization","@id":"https:\/\/www.project44.com\/fr\/#organization","name":"project44","url":"https:\/\/www.project44.com\/fr\/","logo":{"@type":"ImageObject","inLanguage":"fr-FR","@id":"https:\/\/www.project44.com\/fr\/#\/schema\/logo\/image\/","url":"https:\/\/www.project44.com\/wp-content\/uploads\/2024\/01\/logo.svg","contentUrl":"https:\/\/www.project44.com\/wp-content\/uploads\/2024\/01\/logo.svg","width":213,"height":73,"caption":"project44"},"image":{"@id":"https:\/\/www.project44.com\/fr\/#\/schema\/logo\/image\/"},"sameAs":["https:\/\/www.facebook.com\/project44Visibility","https:\/\/x.com\/freightpipes","https:\/\/www.linkedin.com\/company\/project-44","https:\/\/www.instagram.com\/project44global"]}]}},"_links":{"self":[{"href":"https:\/\/www.project44.com\/fr\/wp-json\/wp\/v2\/pages\/43039","targetHints":{"allow":["GET"]}}],"collection":[{"href":"https:\/\/www.project44.com\/fr\/wp-json\/wp\/v2\/pages"}],"about":[{"href":"https:\/\/www.project44.com\/fr\/wp-json\/wp\/v2\/types\/page"}],"author":[{"embeddable":true,"href":"https:\/\/www.project44.com\/fr\/wp-json\/wp\/v2\/users\/1"}],"replies":[{"embeddable":true,"href":"https:\/\/www.project44.com\/fr\/wp-json\/wp\/v2\/comments?post=43039"}],"version-history":[{"count":0,"href":"https:\/\/www.project44.com\/fr\/wp-json\/wp\/v2\/pages\/43039\/revisions"}],"wp:attachment":[{"href":"https:\/\/www.project44.com\/fr\/wp-json\/wp\/v2\/media?parent=43039"}],"curies":[{"name":"wp","href":"https:\/\/api.w.org\/{rel}","templated":true}]}}