{"id":45224,"date":"2023-06-06T15:13:05","date_gmt":"2023-06-06T20:13:05","guid":{"rendered":"https:\/\/www.project44.com\/entreprise\/carrieres\/postes-vacants\/"},"modified":"2024-09-09T11:32:38","modified_gmt":"2024-09-09T16:32:38","slug":"postes-vacants","status":"publish","type":"page","link":"https:\/\/www.project44.com\/fr\/entreprise\/carrieres\/postes-vacants\/","title":{"rendered":"Postes vacants"},"content":{"rendered":"\n<div class=\"wp-block-cover alignfull is-style-hero\" style=\"padding-top:0\"><span aria-hidden=\"true\" class=\"wp-block-cover__background has-black-background-color has-background-dim-20 has-background-dim\"><\/span><img loading=\"lazy\" decoding=\"async\" width=\"1512\" height=\"388\" class=\"wp-block-cover__image-background wp-image-25127\" alt=\"\" src=\"https:\/\/www.project44.com\/wp-content\/uploads\/2024\/04\/open-roles-hero-bg.webp\" data-object-fit=\"cover\" srcset=\"https:\/\/www.project44.com\/wp-content\/uploads\/2024\/04\/open-roles-hero-bg.webp 1512w, https:\/\/www.project44.com\/wp-content\/uploads\/2024\/04\/open-roles-hero-bg-300x77.webp 300w, https:\/\/www.project44.com\/wp-content\/uploads\/2024\/04\/open-roles-hero-bg-1024x263.webp 1024w, https:\/\/www.project44.com\/wp-content\/uploads\/2024\/04\/open-roles-hero-bg-768x197.webp 768w\" sizes=\"auto, (max-width: 1512px) 100vw, 1512px\" \/><div class=\"wp-block-cover__inner-container has-global-padding is-layout-constrained wp-container-core-cover-is-layout-949d87ff wp-block-cover-is-layout-constrained\">\n<div class=\"wp-block-group has-global-padding is-layout-constrained wp-container-core-group-is-layout-618f0713 wp-block-group-is-layout-constrained\" style=\"padding-top:var(--wp--preset--spacing--64);padding-bottom:var(--wp--preset--spacing--64)\">\n<h2 class=\"wp-block-heading has-text-align-center has-p-size\" id=\"h-careers\" style=\"text-transform:uppercase\">Carri\u00e8res<\/h2>\n\n\n\n<h1 class=\"wp-block-heading has-text-align-center is-style-default has-white-color has-text-color has-link-color has-gigantic-size wp-elements-5fead944e1a92332d329fe8f89a7fd8e\" id=\"h-open-roles\">Postes vacants<\/h1>\n<\/div>\n<\/div><\/div>\n\n<div class=\"wp-block-group alignfull has-white-background-color has-background is-style-hero-pull-content-wide has-global-padding is-layout-constrained wp-block-group-is-layout-constrained\" id=\"new-list\" style=\"border-radius:48px\">\n<div class=\"wp-block-columns is-layout-flex wp-container-core-columns-is-layout-ae072c6c wp-block-columns-is-layout-flex\" style=\"padding-top:var(--wp--preset--spacing--64);padding-right:0;padding-bottom:var(--wp--preset--spacing--64);padding-left:0\">\n<div class=\"wp-block-column is-layout-flow wp-container-core-column-is-layout-6be150da wp-block-column-is-layout-flow\" style=\"flex-basis:30%\">\n<div id=\"greenhouse-jobs-filter\" class=\"greenhouse-jobs-filters\">\n  <div>\n    <label for=\"search-department\">D\u00e9partement<\/label>\n    <select class=\"greenhouse-jobs-filter-teams\" id=\"search-department\">\n      <option value=\"\" disabled=\"disabled\" selected=\"selected\">Tous<\/option>\n    <\/select>\n  <\/div>\n  <div>\n    <label for=\"search-office\">Localisation<\/label>\n    <select class=\"greenhouse-jobs-filter-locations\" id=\"search-office\">\n      <option value=\"\" disabled=\"disabled\" selected=\"selected\">Tous<\/option>\n    <\/select>\n  <\/div>\n\n  <!-- <select class=\"greenhouse-jobs-filter-work-types\">-->\n  <!-- <option value=\"\" disabled selected>Filter by work type<\/option>-->\n  <!-- <\/select>-->\n\n  <!-- <select class=\"greenhouse-jobs-filter-departments\">-->\n  <!-- <option value=\"\" disabled selected>Filter by department<\/option>-->\n  <!-- <\/select>-->\n\n  <div class=\"search-jobs\">\n    <label for=\"greenhouse-jobs-search\">Rechercher<\/label>\n    <input type=\"text\" id=\"greenhouse-jobs-search\" class=\"search\" placeholder=\"Saisir des mots cl\u00e9s\"\/>\n  <\/div>\n\n  <a role=\"button\" id=\"greenhouse-clear-filters\" class=\"clear-filters\" style=\"display: none;\">R\u00e9initialiser<\/a>\n<\/div>\n<\/div>\n\n\n\n<div class=\"wp-block-column is-layout-flow wp-container-core-column-is-layout-6be150da wp-block-column-is-layout-flow\" style=\"flex-basis:70%\">\n<div id=\"greenhouse-no-results\" class=\"greenhouse-no-results\" style=\"display: none;\">Aucun r\u00e9sultat<\/div>\n                  <!-- \/greenhouse-no-results -->\n\n                  <ul class=\"list\">\n                  <\/ul>\n                  <!-- \/list -->\n\n                  <div id=\"greenhouse-jobs-container\" class=\"greenhouse-jobs-container\"><\/div>\n<\/div>\n<\/div>\n<\/div>\n","protected":false},"excerpt":{"rendered":"<p>D\u00e9partement Tous Localisation Tous Rechercher R\u00e9initialiser Aucun r\u00e9sultat<\/p>\n","protected":false},"author":1,"featured_media":16632,"parent":45195,"menu_order":0,"comment_status":"closed","ping_status":"closed","template":"","meta":{"_acf_changed":false,"_relevanssi_hide_post":"","_relevanssi_hide_content":"","_relevanssi_pin_for_all":"","_relevanssi_pin_keywords":"","_relevanssi_unpin_keywords":"","_relevanssi_related_keywords":"","_relevanssi_related_include_ids":"","_relevanssi_related_exclude_ids":"","_relevanssi_related_no_append":"","_relevanssi_related_not_related":"","_relevanssi_related_posts":"","_relevanssi_noindex_reason":"","footnotes":""},"class_list":["post-45224","page","type-page","status-publish","has-post-thumbnail","hentry"],"acf":[],"yoast_head":"<!-- This site is optimized with the Yoast SEO Premium plugin v27.5 (Yoast SEO v27.5) - https:\/\/yoast.com\/product\/yoast-seo-premium-wordpress\/ -->\n<title>Postes ouverts | project44<\/title>\n<meta name=\"description\" content=\"Explorer les postes \u00e0 pourvoir chez project44.\" \/>\n<meta name=\"robots\" content=\"index, follow, max-snippet:-1, max-image-preview:large, max-video-preview:-1\" \/>\n<link rel=\"canonical\" href=\"https:\/\/www.project44.com\/fr\/entreprise\/carrieres\/postes-vacants\/\" \/>\n<meta property=\"og:locale\" content=\"fr_FR\" \/>\n<meta property=\"og:type\" content=\"article\" \/>\n<meta property=\"og:title\" content=\"Postes vacants\" \/>\n<meta property=\"og:description\" content=\"Explorer les postes \u00e0 pourvoir chez project44.\" \/>\n<meta property=\"og:url\" content=\"https:\/\/www.project44.com\/fr\/entreprise\/carrieres\/postes-vacants\/\" \/>\n<meta property=\"og:site_name\" content=\"project44\" \/>\n<meta property=\"article:publisher\" content=\"https:\/\/www.facebook.com\/project44Visibility\" \/>\n<meta property=\"article:modified_time\" content=\"2024-09-09T16:32:38+00:00\" \/>\n<meta property=\"og:image\" content=\"https:\/\/www.project44.com\/wp-content\/uploads\/2023\/06\/sithamshu-manoj-bik_lIl9Nco-unsplash-1-scaled.jpg\" \/>\n\t<meta property=\"og:image:width\" content=\"2560\" \/>\n\t<meta property=\"og:image:height\" content=\"891\" \/>\n\t<meta property=\"og:image:type\" content=\"image\/jpeg\" \/>\n<meta name=\"twitter:card\" content=\"summary_large_image\" \/>\n<meta name=\"twitter:site\" content=\"@freightpipes\" \/>\n<script type=\"application\/ld+json\" class=\"yoast-schema-graph\">{\"@context\":\"https:\\\/\\\/schema.org\",\"@graph\":[{\"@type\":\"WebPage\",\"@id\":\"https:\\\/\\\/www.project44.com\\\/fr\\\/entreprise\\\/carrieres\\\/postes-vacants\\\/\",\"url\":\"https:\\\/\\\/www.project44.com\\\/fr\\\/entreprise\\\/carrieres\\\/postes-vacants\\\/\",\"name\":\"Postes ouverts | project44\",\"isPartOf\":{\"@id\":\"https:\\\/\\\/www.project44.com\\\/fr\\\/#website\"},\"primaryImageOfPage\":{\"@id\":\"https:\\\/\\\/www.project44.com\\\/fr\\\/entreprise\\\/carrieres\\\/postes-vacants\\\/#primaryimage\"},\"image\":{\"@id\":\"https:\\\/\\\/www.project44.com\\\/fr\\\/entreprise\\\/carrieres\\\/postes-vacants\\\/#primaryimage\"},\"thumbnailUrl\":\"https:\\\/\\\/www.project44.com\\\/wp-content\\\/uploads\\\/2023\\\/06\\\/sithamshu-manoj-bik_lIl9Nco-unsplash-1-scaled.jpg\",\"datePublished\":\"2023-06-06T20:13:05+00:00\",\"dateModified\":\"2024-09-09T16:32:38+00:00\",\"description\":\"Explorer les postes \u00e0 pourvoir chez project44.\",\"breadcrumb\":{\"@id\":\"https:\\\/\\\/www.project44.com\\\/fr\\\/entreprise\\\/carrieres\\\/postes-vacants\\\/#breadcrumb\"},\"inLanguage\":\"fr-FR\",\"potentialAction\":[{\"@type\":\"ReadAction\",\"target\":[\"https:\\\/\\\/www.project44.com\\\/fr\\\/entreprise\\\/carrieres\\\/postes-vacants\\\/\"]}]},{\"@type\":\"ImageObject\",\"inLanguage\":\"fr-FR\",\"@id\":\"https:\\\/\\\/www.project44.com\\\/fr\\\/entreprise\\\/carrieres\\\/postes-vacants\\\/#primaryimage\",\"url\":\"https:\\\/\\\/www.project44.com\\\/wp-content\\\/uploads\\\/2023\\\/06\\\/sithamshu-manoj-bik_lIl9Nco-unsplash-1-scaled.jpg\",\"contentUrl\":\"https:\\\/\\\/www.project44.com\\\/wp-content\\\/uploads\\\/2023\\\/06\\\/sithamshu-manoj-bik_lIl9Nco-unsplash-1-scaled.jpg\",\"width\":2560,\"height\":891},{\"@type\":\"BreadcrumbList\",\"@id\":\"https:\\\/\\\/www.project44.com\\\/fr\\\/entreprise\\\/carrieres\\\/postes-vacants\\\/#breadcrumb\",\"itemListElement\":[{\"@type\":\"ListItem\",\"position\":1,\"name\":\"Home\",\"item\":\"https:\\\/\\\/www.project44.com\\\/fr\\\/\"},{\"@type\":\"ListItem\",\"position\":2,\"name\":\"Entreprise\",\"item\":\"https:\\\/\\\/www.project44.com\\\/fr\\\/entreprise\\\/\"},{\"@type\":\"ListItem\",\"position\":3,\"name\":\"Carri\u00e8res\",\"item\":\"https:\\\/\\\/www.project44.com\\\/fr\\\/entreprise\\\/carrieres\\\/\"},{\"@type\":\"ListItem\",\"position\":4,\"name\":\"Postes vacants\"}]},{\"@type\":\"WebSite\",\"@id\":\"https:\\\/\\\/www.project44.com\\\/fr\\\/#website\",\"url\":\"https:\\\/\\\/www.project44.com\\\/fr\\\/\",\"name\":\"project44\",\"description\":\"\",\"publisher\":{\"@id\":\"https:\\\/\\\/www.project44.com\\\/fr\\\/#organization\"},\"potentialAction\":[{\"@type\":\"SearchAction\",\"target\":{\"@type\":\"EntryPoint\",\"urlTemplate\":\"https:\\\/\\\/www.project44.com\\\/fr\\\/?s={search_term_string}\"},\"query-input\":{\"@type\":\"PropertyValueSpecification\",\"valueRequired\":true,\"valueName\":\"search_term_string\"}}],\"inLanguage\":\"fr-FR\"},{\"@type\":\"Organization\",\"@id\":\"https:\\\/\\\/www.project44.com\\\/fr\\\/#organization\",\"name\":\"project44\",\"url\":\"https:\\\/\\\/www.project44.com\\\/fr\\\/\",\"logo\":{\"@type\":\"ImageObject\",\"inLanguage\":\"fr-FR\",\"@id\":\"https:\\\/\\\/www.project44.com\\\/fr\\\/#\\\/schema\\\/logo\\\/image\\\/\",\"url\":\"https:\\\/\\\/www.project44.com\\\/wp-content\\\/uploads\\\/2024\\\/01\\\/logo.svg\",\"contentUrl\":\"https:\\\/\\\/www.project44.com\\\/wp-content\\\/uploads\\\/2024\\\/01\\\/logo.svg\",\"width\":213,\"height\":73,\"caption\":\"project44\"},\"image\":{\"@id\":\"https:\\\/\\\/www.project44.com\\\/fr\\\/#\\\/schema\\\/logo\\\/image\\\/\"},\"sameAs\":[\"https:\\\/\\\/www.facebook.com\\\/project44Visibility\",\"https:\\\/\\\/x.com\\\/freightpipes\",\"https:\\\/\\\/www.linkedin.com\\\/company\\\/project-44\",\"https:\\\/\\\/www.instagram.com\\\/project44global\"]}]}<\/script>\n<!-- \/ Yoast SEO Premium plugin. -->","yoast_head_json":{"title":"Postes ouverts | project44","description":"Explorer les postes \u00e0 pourvoir chez project44.","robots":{"index":"index","follow":"follow","max-snippet":"max-snippet:-1","max-image-preview":"max-image-preview:large","max-video-preview":"max-video-preview:-1"},"canonical":"https:\/\/www.project44.com\/fr\/entreprise\/carrieres\/postes-vacants\/","og_locale":"fr_FR","og_type":"article","og_title":"Postes vacants","og_description":"Explorer les postes \u00e0 pourvoir chez project44.","og_url":"https:\/\/www.project44.com\/fr\/entreprise\/carrieres\/postes-vacants\/","og_site_name":"project44","article_publisher":"https:\/\/www.facebook.com\/project44Visibility","article_modified_time":"2024-09-09T16:32:38+00:00","og_image":[{"width":2560,"height":891,"url":"https:\/\/www.project44.com\/wp-content\/uploads\/2023\/06\/sithamshu-manoj-bik_lIl9Nco-unsplash-1-scaled.jpg","type":"image\/jpeg"}],"twitter_card":"summary_large_image","twitter_site":"@freightpipes","schema":{"@context":"https:\/\/schema.org","@graph":[{"@type":"WebPage","@id":"https:\/\/www.project44.com\/fr\/entreprise\/carrieres\/postes-vacants\/","url":"https:\/\/www.project44.com\/fr\/entreprise\/carrieres\/postes-vacants\/","name":"Postes ouverts | project44","isPartOf":{"@id":"https:\/\/www.project44.com\/fr\/#website"},"primaryImageOfPage":{"@id":"https:\/\/www.project44.com\/fr\/entreprise\/carrieres\/postes-vacants\/#primaryimage"},"image":{"@id":"https:\/\/www.project44.com\/fr\/entreprise\/carrieres\/postes-vacants\/#primaryimage"},"thumbnailUrl":"https:\/\/www.project44.com\/wp-content\/uploads\/2023\/06\/sithamshu-manoj-bik_lIl9Nco-unsplash-1-scaled.jpg","datePublished":"2023-06-06T20:13:05+00:00","dateModified":"2024-09-09T16:32:38+00:00","description":"Explorer les postes \u00e0 pourvoir chez project44.","breadcrumb":{"@id":"https:\/\/www.project44.com\/fr\/entreprise\/carrieres\/postes-vacants\/#breadcrumb"},"inLanguage":"fr-FR","potentialAction":[{"@type":"ReadAction","target":["https:\/\/www.project44.com\/fr\/entreprise\/carrieres\/postes-vacants\/"]}]},{"@type":"ImageObject","inLanguage":"fr-FR","@id":"https:\/\/www.project44.com\/fr\/entreprise\/carrieres\/postes-vacants\/#primaryimage","url":"https:\/\/www.project44.com\/wp-content\/uploads\/2023\/06\/sithamshu-manoj-bik_lIl9Nco-unsplash-1-scaled.jpg","contentUrl":"https:\/\/www.project44.com\/wp-content\/uploads\/2023\/06\/sithamshu-manoj-bik_lIl9Nco-unsplash-1-scaled.jpg","width":2560,"height":891},{"@type":"BreadcrumbList","@id":"https:\/\/www.project44.com\/fr\/entreprise\/carrieres\/postes-vacants\/#breadcrumb","itemListElement":[{"@type":"ListItem","position":1,"name":"Home","item":"https:\/\/www.project44.com\/fr\/"},{"@type":"ListItem","position":2,"name":"Entreprise","item":"https:\/\/www.project44.com\/fr\/entreprise\/"},{"@type":"ListItem","position":3,"name":"Carri\u00e8res","item":"https:\/\/www.project44.com\/fr\/entreprise\/carrieres\/"},{"@type":"ListItem","position":4,"name":"Postes vacants"}]},{"@type":"WebSite","@id":"https:\/\/www.project44.com\/fr\/#website","url":"https:\/\/www.project44.com\/fr\/","name":"project44","description":"","publisher":{"@id":"https:\/\/www.project44.com\/fr\/#organization"},"potentialAction":[{"@type":"SearchAction","target":{"@type":"EntryPoint","urlTemplate":"https:\/\/www.project44.com\/fr\/?s={search_term_string}"},"query-input":{"@type":"PropertyValueSpecification","valueRequired":true,"valueName":"search_term_string"}}],"inLanguage":"fr-FR"},{"@type":"Organization","@id":"https:\/\/www.project44.com\/fr\/#organization","name":"project44","url":"https:\/\/www.project44.com\/fr\/","logo":{"@type":"ImageObject","inLanguage":"fr-FR","@id":"https:\/\/www.project44.com\/fr\/#\/schema\/logo\/image\/","url":"https:\/\/www.project44.com\/wp-content\/uploads\/2024\/01\/logo.svg","contentUrl":"https:\/\/www.project44.com\/wp-content\/uploads\/2024\/01\/logo.svg","width":213,"height":73,"caption":"project44"},"image":{"@id":"https:\/\/www.project44.com\/fr\/#\/schema\/logo\/image\/"},"sameAs":["https:\/\/www.facebook.com\/project44Visibility","https:\/\/x.com\/freightpipes","https:\/\/www.linkedin.com\/company\/project-44","https:\/\/www.instagram.com\/project44global"]}]}},"_links":{"self":[{"href":"https:\/\/www.project44.com\/fr\/wp-json\/wp\/v2\/pages\/45224","targetHints":{"allow":["GET"]}}],"collection":[{"href":"https:\/\/www.project44.com\/fr\/wp-json\/wp\/v2\/pages"}],"about":[{"href":"https:\/\/www.project44.com\/fr\/wp-json\/wp\/v2\/types\/page"}],"author":[{"embeddable":true,"href":"https:\/\/www.project44.com\/fr\/wp-json\/wp\/v2\/users\/1"}],"replies":[{"embeddable":true,"href":"https:\/\/www.project44.com\/fr\/wp-json\/wp\/v2\/comments?post=45224"}],"version-history":[{"count":0,"href":"https:\/\/www.project44.com\/fr\/wp-json\/wp\/v2\/pages\/45224\/revisions"}],"up":[{"embeddable":true,"href":"https:\/\/www.project44.com\/fr\/wp-json\/wp\/v2\/pages\/45195"}],"wp:featuredmedia":[{"embeddable":true,"href":"https:\/\/www.project44.com\/fr\/wp-json\/wp\/v2\/media\/16632"}],"wp:attachment":[{"href":"https:\/\/www.project44.com\/fr\/wp-json\/wp\/v2\/media?parent=45224"}],"curies":[{"name":"wp","href":"https:\/\/api.w.org\/{rel}","templated":true}]}}