{"id":45436,"date":"2024-03-28T11:12:36","date_gmt":"2024-03-28T16:12:36","guid":{"rendered":"https:\/\/www.project44.com\/entreprise\/carrieres\/nos-equipes\/finance\/"},"modified":"2024-09-09T11:34:27","modified_gmt":"2024-09-09T16:34:27","slug":"finance","status":"publish","type":"page","link":"https:\/\/www.project44.com\/fr\/entreprise\/carrieres\/nos-equipes\/finance\/","title":{"rendered":"Finance"},"content":{"rendered":"\n<div class=\"wp-block-cover alignfull is-light is-style-hero\" style=\"padding-top:0\"><span aria-hidden=\"true\" class=\"wp-block-cover__background has-black-background-color has-background-dim-40 has-background-dim\"><\/span><img loading=\"lazy\" decoding=\"async\" width=\"1512\" height=\"414\" class=\"wp-block-cover__image-background wp-image-21221\" alt=\"\" src=\"https:\/\/www.project44.com\/wp-content\/uploads\/2024\/03\/finance-hero-bg.webp\" data-object-fit=\"cover\" srcset=\"https:\/\/www.project44.com\/wp-content\/uploads\/2024\/03\/finance-hero-bg.webp 1512w, https:\/\/www.project44.com\/wp-content\/uploads\/2024\/03\/finance-hero-bg-300x82.webp 300w, https:\/\/www.project44.com\/wp-content\/uploads\/2024\/03\/finance-hero-bg-1024x280.webp 1024w, https:\/\/www.project44.com\/wp-content\/uploads\/2024\/03\/finance-hero-bg-768x210.webp 768w\" sizes=\"auto, (max-width: 1512px) 100vw, 1512px\" \/><div class=\"wp-block-cover__inner-container has-global-padding is-layout-constrained wp-container-core-cover-is-layout-949d87ff wp-block-cover-is-layout-constrained\">\n<div class=\"wp-block-group has-global-padding is-layout-constrained wp-container-core-group-is-layout-d7cb3538 wp-block-group-is-layout-constrained\">\n<h1 class=\"wp-block-heading has-text-align-center is-style-default has-white-color has-text-color has-link-color has-gigantic-size wp-elements-63475a7c7b313048dd5478c3a12256af\" id=\"h-finance\">Finance<\/h1>\n<\/div>\n<\/div><\/div>\n\n<div class=\"wp-block-group alignfull has-white-background-color has-background is-style-hero-pull-content-wide is-layout-flow wp-block-group-is-layout-flow\" style=\"border-radius:48px\">\n<div class=\"wp-block-group has-global-padding is-layout-constrained wp-container-core-group-is-layout-6993c734 wp-block-group-is-layout-constrained\" style=\"padding-top:var(--wp--preset--spacing--64);padding-bottom:var(--wp--preset--spacing--64)\">\n<h2 class=\"wp-block-heading has-text-align-center has-h1-size\" id=\"h-we-champion-process-transformation-and-support-decision-making-through-strategic-business-partnership\">Nous revendiquons la transformation des processus et soutenons la prise de d\u00e9cision gr\u00e2ce \u00e0 un partenariat commercial strat\u00e9gique<\/h2>\n\n\n\n<div class=\"wp-block-buttons is-content-justification-center is-layout-flex wp-container-core-buttons-is-layout-a89b3969 wp-block-buttons-is-layout-flex\">\n<div class=\"wp-block-button has-x-large-size has-arrow\"><a class=\"wp-block-button__link has-primary-background-color has-background wp-element-button\" href=\"https:\/\/www.project44.com\/fr\/entreprise\/carrieres\/postes-vacants\/?department=Finance\">Voir les postes vacants<\/a><\/div>\n<\/div>\n<\/div>\n<\/div>\n\n<div class=\"wp-block-group is-style-row-padding has-global-padding is-layout-constrained wp-container-core-group-is-layout-d0583175 wp-block-group-is-layout-constrained\">\n<h2 class=\"wp-block-heading has-text-align-center\" id=\"h-our-philosophy\">Notre philosophie<\/h2>\n\n\n\n<div class=\"wp-block-columns is-layout-flex wp-container-core-columns-is-layout-2f0fa7f0 wp-block-columns-is-layout-flex\">\n<div class=\"wp-block-column is-layout-flow wp-container-core-column-is-layout-e227e91a wp-block-column-is-layout-flow\" style=\"padding-top:var(--wp--preset--spacing--32);padding-bottom:var(--wp--preset--spacing--32)\">\n<h3 class=\"wp-block-heading\" id=\"h-business-partners\">Partenaires commerciaux<\/h3>\n\n\n\n<p class=\"has-large-font-size\">Nous mettons \u00e0 profit nos comp\u00e9tences analytiques pour effectuer des analyses financi\u00e8res approfondies, \u00e9laborer des plans strat\u00e9giques et participer \u00e0 une prise de d\u00e9cision \u00e9clair\u00e9e qui stimule le succ\u00e8s de notre organisation.<\/p>\n<\/div>\n\n\n\n<div class=\"wp-block-column is-layout-flow wp-container-core-column-is-layout-e227e91a wp-block-column-is-layout-flow\" style=\"padding-top:var(--wp--preset--spacing--32);padding-bottom:var(--wp--preset--spacing--32)\">\n<h3 class=\"wp-block-heading\" id=\"h-masters-of-financial-reporting\">Ma\u00eetrises des informations financi\u00e8res<\/h3>\n\n\n\n<p class=\"has-large-font-size\">Nous sommes des experts en conformit\u00e9 et reporting financiers. Nous garantissons des relev\u00e9s financiers pr\u00e9cis et transparents, nous respectons les exigences r\u00e9glementaires et nous maintenons les normes les plus \u00e9lev\u00e9es en mati\u00e8re d&rsquo;int\u00e9grit\u00e9 financi\u00e8re.<\/p>\n<\/div>\n\n\n\n<div class=\"wp-block-column is-layout-flow wp-container-core-column-is-layout-e227e91a wp-block-column-is-layout-flow\" style=\"padding-top:var(--wp--preset--spacing--32);padding-bottom:var(--wp--preset--spacing--32)\">\n<h3 class=\"wp-block-heading\" id=\"h-growth-drivers\">Moteurs de croissance<\/h3>\n\n\n\n<p class=\"has-large-font-size\">Nous jouons un r\u00f4le central dans la croissance des entreprises. Nous d\u00e9veloppons et ex\u00e9cutons des strat\u00e9gies financi\u00e8res, stimulons la discipline op\u00e9rationnelle et collaborons avec des \u00e9quipes interfonctionnelles pour atteindre les objectifs strat\u00e9giques de notre organisation.<\/p>\n<\/div>\n<\/div>\n<\/div>\n\n<div class=\"wp-block-cover alignfull is-light is-repeated has-custom-content-position is-position-top-center has-border-color has-gray-lighter-border-color is-style-row-padding is-style-gap-none\" style=\"border-width:1px;border-radius:24px\"><span aria-hidden=\"true\" class=\"wp-block-cover__background has-background-dim-0 has-background-dim\"><\/span><div class=\"wp-block-cover__image-background wp-image-7492 is-repeated\" style=\"background-position:0% 5%;background-image:url(https:\/\/www.project44.com\/wp-content\/uploads\/2024\/01\/bg-grid-white-120.svg)\"><\/div><div class=\"wp-block-cover__inner-container has-global-padding is-layout-constrained wp-container-core-cover-is-layout-2cade157 wp-block-cover-is-layout-constrained\">\n<div class=\"wp-block-columns is-layout-flex wp-container-core-columns-is-layout-0b339b1a wp-block-columns-is-layout-flex\">\n<div class=\"wp-block-column is-layout-flow wp-block-column-is-layout-flow\">\n<div class=\"wp-block-group is-style-box-shadow-2 has-white-background-color has-background has-global-padding is-layout-constrained wp-container-core-group-is-layout-60c92ee3 wp-block-group-is-layout-constrained\" style=\"border-radius:24px;padding-top:var(--wp--preset--spacing--16);padding-right:var(--wp--preset--spacing--16);padding-bottom:var(--wp--preset--spacing--16);padding-left:var(--wp--preset--spacing--16)\">\n<figure class=\"wp-block-image size-full is-style-rounded is-style-img-responsive\"><img loading=\"lazy\" decoding=\"async\" width=\"592\" height=\"600\" src=\"https:\/\/www.project44.com\/wp-content\/uploads\/2024\/03\/finance-trust.webp\" alt=\"Nous sommes des partenaires commerciaux fiables, participons &#xE0; la prise de d&#xE9;cision et stimulons des r&#xE9;sultats exceptionnels,\" class=\"wp-image-21227\" srcset=\"https:\/\/www.project44.com\/wp-content\/uploads\/2024\/03\/finance-trust.webp 592w, https:\/\/www.project44.com\/wp-content\/uploads\/2024\/03\/finance-trust-296x300.webp 296w\" sizes=\"auto, (max-width: 592px) 100vw, 592px\" \/><\/figure>\n<\/div>\n<\/div>\n\n\n\n<div class=\"wp-block-column is-vertically-aligned-center is-layout-flow wp-block-column-is-layout-flow\">\n<div class=\"wp-block-group has-global-padding is-content-justification-left is-layout-constrained wp-container-core-group-is-layout-d5209ea4 wp-block-group-is-layout-constrained\">\n<h2 class=\"wp-block-heading has-h1-size\" id=\"h-we-are-trusted-business-partners-who-drive-world-class-decision-making-and-outcomes\">Nous sommes des partenaires commerciaux fiables, participons \u00e0 la prise de d\u00e9cision et stimulons des r\u00e9sultats exceptionnels,<\/h2>\n<\/div>\n<\/div>\n<\/div>\n\n\n\n<div class=\"wp-block-columns is-style-mobile-reverse-rows is-layout-flex wp-container-core-columns-is-layout-0b339b1a wp-block-columns-is-layout-flex\">\n<div class=\"wp-block-column is-vertically-aligned-center is-layout-flow wp-block-column-is-layout-flow\">\n<div class=\"wp-block-group has-global-padding is-content-justification-left is-layout-constrained wp-container-core-group-is-layout-d5209ea4 wp-block-group-is-layout-constrained\">\n<h2 class=\"wp-block-heading has-h1-size\" id=\"h-through-reliable-insights-and-analysis-that-increase-shareholder-value\">gr\u00e2ce \u00e0 des insights et des analyses fiables qui augmentent la valeur de l&rsquo;entreprise pour les actionnaires.<\/h2>\n<\/div>\n<\/div>\n\n\n\n<div class=\"wp-block-column is-layout-flow wp-block-column-is-layout-flow\">\n<div class=\"wp-block-group is-style-box-shadow-2 has-white-background-color has-background has-global-padding is-layout-constrained wp-container-core-group-is-layout-60c92ee3 wp-block-group-is-layout-constrained\" style=\"border-radius:24px;padding-top:var(--wp--preset--spacing--16);padding-right:var(--wp--preset--spacing--16);padding-bottom:var(--wp--preset--spacing--16);padding-left:var(--wp--preset--spacing--16)\">\n<figure class=\"wp-block-image size-full is-style-rounded is-style-img-responsive\"><img loading=\"lazy\" decoding=\"async\" width=\"592\" height=\"600\" src=\"https:\/\/www.project44.com\/wp-content\/uploads\/2024\/03\/finance-insights.webp\" alt=\"gr&#xE2;ce &#xE0; des insights et des analyses fiables qui augmentent la valeur de l'entreprise pour les actionnaires.\" class=\"wp-image-21241\" srcset=\"https:\/\/www.project44.com\/wp-content\/uploads\/2024\/03\/finance-insights.webp 592w, https:\/\/www.project44.com\/wp-content\/uploads\/2024\/03\/finance-insights-296x300.webp 296w\" sizes=\"auto, (max-width: 592px) 100vw, 592px\" \/><\/figure>\n<\/div>\n<\/div>\n<\/div>\n\n\n\n<div class=\"wp-block-columns is-layout-flex wp-container-core-columns-is-layout-0b339b1a wp-block-columns-is-layout-flex\">\n<div class=\"wp-block-column is-layout-flow wp-block-column-is-layout-flow\">\n<div class=\"wp-block-group is-style-box-shadow-2 has-white-background-color has-background has-global-padding is-layout-constrained wp-container-core-group-is-layout-60c92ee3 wp-block-group-is-layout-constrained\" style=\"border-radius:24px;padding-top:var(--wp--preset--spacing--16);padding-right:var(--wp--preset--spacing--16);padding-bottom:var(--wp--preset--spacing--16);padding-left:var(--wp--preset--spacing--16)\">\n<figure class=\"wp-block-image size-full is-style-rounded is-style-img-responsive\"><img loading=\"lazy\" decoding=\"async\" width=\"592\" height=\"600\" src=\"https:\/\/www.project44.com\/wp-content\/uploads\/2024\/03\/finance-clarity.webp\" alt=\"Nous comprenons le pass&#xE9; et nous appr&#xE9;hendons l'avenir avec clart&#xE9;.\" class=\"wp-image-21249\" srcset=\"https:\/\/www.project44.com\/wp-content\/uploads\/2024\/03\/finance-clarity.webp 592w, https:\/\/www.project44.com\/wp-content\/uploads\/2024\/03\/finance-clarity-296x300.webp 296w\" sizes=\"auto, (max-width: 592px) 100vw, 592px\" \/><\/figure>\n<\/div>\n<\/div>\n\n\n\n<div class=\"wp-block-column is-vertically-aligned-center is-layout-flow wp-block-column-is-layout-flow\">\n<div class=\"wp-block-group has-global-padding is-content-justification-left is-layout-constrained wp-container-core-group-is-layout-d5209ea4 wp-block-group-is-layout-constrained\">\n<h2 class=\"wp-block-heading has-h1-size\" id=\"h-by-understanding-the-past-with-certainty-and-seeing-the-future-with-clarity\">Nous comprenons le pass\u00e9 et nous appr\u00e9hendons l&rsquo;avenir avec clart\u00e9.<\/h2>\n<\/div>\n<\/div>\n<\/div>\n<\/div><\/div>\n\n<div class=\"wp-block-group is-style-row-padding has-global-padding is-layout-constrained wp-block-group-is-layout-constrained\">\n<div class=\"wp-block-group has-border-color has-black-border-color is-style-row-padding has-global-padding is-layout-constrained wp-container-core-group-is-layout-cc3ec867 wp-block-group-is-layout-constrained\" style=\"border-width:1px;border-radius:24px;padding-right:var(--wp--preset--spacing--64);padding-left:var(--wp--preset--spacing--64)\">\n<div class=\"wp-block-group has-global-padding is-layout-constrained wp-block-group-is-layout-constrained\" style=\"padding-top:var(--wp--preset--spacing--64);padding-bottom:var(--wp--preset--spacing--64)\">\n<blockquote class=\"wp-block-quote is-layout-flow wp-block-quote-is-layout-flow\">\n<h2 class=\"wp-block-heading has-h2-size\" id=\"h-working-on-the-project44-finance-team-has-offered-me-a-unique-experience-of-interacting-with-all-parts-of-the-business-and-professional-growth-in-ways-i-didn-t-expect\" style=\"margin-top:0;margin-bottom:0\">Travailler au sein de l&rsquo;\u00e9quipe financi\u00e8re de project44 m&rsquo;a offert une exp\u00e9rience unique d&rsquo;interagir avec toutes les parties de l&rsquo;entreprise, et d&rsquo;exp\u00e9rimenter la croissance professionnelle, d&rsquo;une mani\u00e8re inattendue.<\/h2>\n<cite><strong><mark style=\"background-color:rgba(0, 0, 0, 0)\" class=\"has-inline-color has-primary-color\">Weronika T.<\/mark><\/strong><br><strong><mark style=\"background-color:rgba(0, 0, 0, 0)\" class=\"has-inline-color has-primary-color\">Analyste financi\u00e8re mondiale<\/mark><\/strong><\/cite><\/blockquote>\n<\/div>\n<\/div>\n<\/div>\n\n<div class=\"wp-block-group is-style-row-padding has-global-padding is-layout-constrained wp-block-group-is-layout-constrained\">\n<div class=\"wp-block-group has-white-background-color has-background is-style-box-shadow-2 has-global-padding is-layout-constrained wp-container-core-group-is-layout-60e89b47 wp-block-group-is-layout-constrained\" style=\"border-radius:24px;padding-top:var(--wp--preset--spacing--64);padding-right:var(--wp--preset--spacing--32);padding-bottom:var(--wp--preset--spacing--64);padding-left:var(--wp--preset--spacing--32)\">\n<h2 class=\"wp-block-heading has-text-align-center has-h3-size\" id=\"h-latest-finance-open-roles\">Nouveaux postes en Finance<\/h2>\n\n\n<div class=\"wp-block-knightowl-blocks-greenhouse-jobs\"><div class=\"no-results\">Aucune offre d&#8217;emploi correspondante.<\/div><\/div>\n\n\n<div class=\"wp-block-buttons is-content-justification-center is-layout-flex wp-container-core-buttons-is-layout-a89b3969 wp-block-buttons-is-layout-flex\">\n<div class=\"wp-block-button has-x-large-size\"><a class=\"wp-block-button__link has-primary-background-color has-background wp-element-button\" href=\"https:\/\/www.project44.com\/fr\/entreprise\/carrieres\/postes-vacants\/?department=Finance\">Voir tous les postes en Finance<\/a><\/div>\n<\/div>\n<\/div>\n<\/div>\n","protected":false},"excerpt":{"rendered":"<p>Nous revendiquons la transformation des processus et soutenons la prise de d\u00e9cision gr\u00e2ce \u00e0 un partenariat commercial strat\u00e9gique Notre philosophie Partenaires commerciaux Nous mettons \u00e0 profit nos comp\u00e9tences analytiques pour&#8230;<\/p>\n","protected":false},"author":4,"featured_media":0,"parent":45398,"menu_order":0,"comment_status":"closed","ping_status":"closed","template":"","meta":{"_acf_changed":false,"_relevanssi_hide_post":"","_relevanssi_hide_content":"","_relevanssi_pin_for_all":"","_relevanssi_pin_keywords":"","_relevanssi_unpin_keywords":"","_relevanssi_related_keywords":"","_relevanssi_related_include_ids":"","_relevanssi_related_exclude_ids":"","_relevanssi_related_no_append":"","_relevanssi_related_not_related":"","_relevanssi_related_posts":"","_relevanssi_noindex_reason":"","footnotes":""},"class_list":["post-45436","page","type-page","status-publish","hentry"],"acf":[],"yoast_head":"<!-- This site is optimized with the Yoast SEO Premium plugin v27.5 (Yoast SEO v27.5) - https:\/\/yoast.com\/product\/yoast-seo-premium-wordpress\/ -->\n<title>\u00c9quipements | project44<\/title>\n<meta name=\"description\" content=\"D\u00e9couvrez l&#039;\u00e9quipe finance de project44. D\u00e9couvrez les postes vacants.\" \/>\n<meta name=\"robots\" content=\"index, follow, max-snippet:-1, max-image-preview:large, max-video-preview:-1\" \/>\n<link rel=\"canonical\" href=\"https:\/\/www.project44.com\/fr\/entreprise\/carrieres\/nos-equipes\/finance\/\" \/>\n<meta property=\"og:locale\" content=\"fr_FR\" \/>\n<meta property=\"og:type\" content=\"article\" \/>\n<meta property=\"og:title\" content=\"Finance\" \/>\n<meta property=\"og:description\" content=\"D\u00e9couvrez l&#039;\u00e9quipe finance de project44. D\u00e9couvrez les postes vacants.\" \/>\n<meta property=\"og:url\" content=\"https:\/\/www.project44.com\/fr\/entreprise\/carrieres\/nos-equipes\/finance\/\" \/>\n<meta property=\"og:site_name\" content=\"project44\" \/>\n<meta property=\"article:publisher\" content=\"https:\/\/www.facebook.com\/project44Visibility\" \/>\n<meta property=\"article:modified_time\" content=\"2024-09-09T16:34:27+00:00\" \/>\n<meta property=\"og:image\" content=\"https:\/\/www.project44.com\/wp-content\/uploads\/2024\/03\/finance-hero-bg.webp\" \/>\n<meta name=\"twitter:card\" content=\"summary_large_image\" \/>\n<meta name=\"twitter:site\" content=\"@freightpipes\" \/>\n<meta name=\"twitter:label1\" content=\"Dur\u00e9e de lecture estim\u00e9e\" \/>\n\t<meta name=\"twitter:data1\" content=\"1 minute\" \/>\n<script type=\"application\/ld+json\" class=\"yoast-schema-graph\">{\"@context\":\"https:\\\/\\\/schema.org\",\"@graph\":[{\"@type\":\"WebPage\",\"@id\":\"https:\\\/\\\/www.project44.com\\\/fr\\\/entreprise\\\/carrieres\\\/nos-equipes\\\/finance\\\/\",\"url\":\"https:\\\/\\\/www.project44.com\\\/fr\\\/entreprise\\\/carrieres\\\/nos-equipes\\\/finance\\\/\",\"name\":\"\u00c9quipements | project44\",\"isPartOf\":{\"@id\":\"https:\\\/\\\/www.project44.com\\\/fr\\\/#website\"},\"primaryImageOfPage\":{\"@id\":\"https:\\\/\\\/www.project44.com\\\/fr\\\/entreprise\\\/carrieres\\\/nos-equipes\\\/finance\\\/#primaryimage\"},\"image\":{\"@id\":\"https:\\\/\\\/www.project44.com\\\/fr\\\/entreprise\\\/carrieres\\\/nos-equipes\\\/finance\\\/#primaryimage\"},\"thumbnailUrl\":\"https:\\\/\\\/www.project44.com\\\/wp-content\\\/uploads\\\/2024\\\/03\\\/finance-hero-bg.webp\",\"datePublished\":\"2024-03-28T16:12:36+00:00\",\"dateModified\":\"2024-09-09T16:34:27+00:00\",\"description\":\"D\u00e9couvrez l'\u00e9quipe finance de project44. D\u00e9couvrez les postes vacants.\",\"breadcrumb\":{\"@id\":\"https:\\\/\\\/www.project44.com\\\/fr\\\/entreprise\\\/carrieres\\\/nos-equipes\\\/finance\\\/#breadcrumb\"},\"inLanguage\":\"fr-FR\",\"potentialAction\":[{\"@type\":\"ReadAction\",\"target\":[\"https:\\\/\\\/www.project44.com\\\/fr\\\/entreprise\\\/carrieres\\\/nos-equipes\\\/finance\\\/\"]}]},{\"@type\":\"ImageObject\",\"inLanguage\":\"fr-FR\",\"@id\":\"https:\\\/\\\/www.project44.com\\\/fr\\\/entreprise\\\/carrieres\\\/nos-equipes\\\/finance\\\/#primaryimage\",\"url\":\"https:\\\/\\\/www.project44.com\\\/wp-content\\\/uploads\\\/2024\\\/03\\\/finance-hero-bg.webp\",\"contentUrl\":\"https:\\\/\\\/www.project44.com\\\/wp-content\\\/uploads\\\/2024\\\/03\\\/finance-hero-bg.webp\"},{\"@type\":\"BreadcrumbList\",\"@id\":\"https:\\\/\\\/www.project44.com\\\/fr\\\/entreprise\\\/carrieres\\\/nos-equipes\\\/finance\\\/#breadcrumb\",\"itemListElement\":[{\"@type\":\"ListItem\",\"position\":1,\"name\":\"Home\",\"item\":\"https:\\\/\\\/www.project44.com\\\/fr\\\/\"},{\"@type\":\"ListItem\",\"position\":2,\"name\":\"Entreprise\",\"item\":\"https:\\\/\\\/www.project44.com\\\/fr\\\/entreprise\\\/\"},{\"@type\":\"ListItem\",\"position\":3,\"name\":\"Carri\u00e8res\",\"item\":\"https:\\\/\\\/www.project44.com\\\/fr\\\/entreprise\\\/carrieres\\\/\"},{\"@type\":\"ListItem\",\"position\":4,\"name\":\"Nos \u00e9quipes\",\"item\":\"https:\\\/\\\/www.project44.com\\\/fr\\\/entreprise\\\/carrieres\\\/nos-equipes\\\/\"},{\"@type\":\"ListItem\",\"position\":5,\"name\":\"Finance\"}]},{\"@type\":\"WebSite\",\"@id\":\"https:\\\/\\\/www.project44.com\\\/fr\\\/#website\",\"url\":\"https:\\\/\\\/www.project44.com\\\/fr\\\/\",\"name\":\"project44\",\"description\":\"\",\"publisher\":{\"@id\":\"https:\\\/\\\/www.project44.com\\\/fr\\\/#organization\"},\"potentialAction\":[{\"@type\":\"SearchAction\",\"target\":{\"@type\":\"EntryPoint\",\"urlTemplate\":\"https:\\\/\\\/www.project44.com\\\/fr\\\/?s={search_term_string}\"},\"query-input\":{\"@type\":\"PropertyValueSpecification\",\"valueRequired\":true,\"valueName\":\"search_term_string\"}}],\"inLanguage\":\"fr-FR\"},{\"@type\":\"Organization\",\"@id\":\"https:\\\/\\\/www.project44.com\\\/fr\\\/#organization\",\"name\":\"project44\",\"url\":\"https:\\\/\\\/www.project44.com\\\/fr\\\/\",\"logo\":{\"@type\":\"ImageObject\",\"inLanguage\":\"fr-FR\",\"@id\":\"https:\\\/\\\/www.project44.com\\\/fr\\\/#\\\/schema\\\/logo\\\/image\\\/\",\"url\":\"https:\\\/\\\/www.project44.com\\\/wp-content\\\/uploads\\\/2024\\\/01\\\/logo.svg\",\"contentUrl\":\"https:\\\/\\\/www.project44.com\\\/wp-content\\\/uploads\\\/2024\\\/01\\\/logo.svg\",\"width\":213,\"height\":73,\"caption\":\"project44\"},\"image\":{\"@id\":\"https:\\\/\\\/www.project44.com\\\/fr\\\/#\\\/schema\\\/logo\\\/image\\\/\"},\"sameAs\":[\"https:\\\/\\\/www.facebook.com\\\/project44Visibility\",\"https:\\\/\\\/x.com\\\/freightpipes\",\"https:\\\/\\\/www.linkedin.com\\\/company\\\/project-44\",\"https:\\\/\\\/www.instagram.com\\\/project44global\"]}]}<\/script>\n<!-- \/ Yoast SEO Premium plugin. -->","yoast_head_json":{"title":"\u00c9quipements | project44","description":"D\u00e9couvrez l'\u00e9quipe finance de project44. D\u00e9couvrez les postes vacants.","robots":{"index":"index","follow":"follow","max-snippet":"max-snippet:-1","max-image-preview":"max-image-preview:large","max-video-preview":"max-video-preview:-1"},"canonical":"https:\/\/www.project44.com\/fr\/entreprise\/carrieres\/nos-equipes\/finance\/","og_locale":"fr_FR","og_type":"article","og_title":"Finance","og_description":"D\u00e9couvrez l'\u00e9quipe finance de project44. D\u00e9couvrez les postes vacants.","og_url":"https:\/\/www.project44.com\/fr\/entreprise\/carrieres\/nos-equipes\/finance\/","og_site_name":"project44","article_publisher":"https:\/\/www.facebook.com\/project44Visibility","article_modified_time":"2024-09-09T16:34:27+00:00","og_image":[{"url":"https:\/\/www.project44.com\/wp-content\/uploads\/2024\/03\/finance-hero-bg.webp","type":"","width":"","height":""}],"twitter_card":"summary_large_image","twitter_site":"@freightpipes","twitter_misc":{"Dur\u00e9e de lecture estim\u00e9e":"1 minute"},"schema":{"@context":"https:\/\/schema.org","@graph":[{"@type":"WebPage","@id":"https:\/\/www.project44.com\/fr\/entreprise\/carrieres\/nos-equipes\/finance\/","url":"https:\/\/www.project44.com\/fr\/entreprise\/carrieres\/nos-equipes\/finance\/","name":"\u00c9quipements | project44","isPartOf":{"@id":"https:\/\/www.project44.com\/fr\/#website"},"primaryImageOfPage":{"@id":"https:\/\/www.project44.com\/fr\/entreprise\/carrieres\/nos-equipes\/finance\/#primaryimage"},"image":{"@id":"https:\/\/www.project44.com\/fr\/entreprise\/carrieres\/nos-equipes\/finance\/#primaryimage"},"thumbnailUrl":"https:\/\/www.project44.com\/wp-content\/uploads\/2024\/03\/finance-hero-bg.webp","datePublished":"2024-03-28T16:12:36+00:00","dateModified":"2024-09-09T16:34:27+00:00","description":"D\u00e9couvrez l'\u00e9quipe finance de project44. D\u00e9couvrez les postes vacants.","breadcrumb":{"@id":"https:\/\/www.project44.com\/fr\/entreprise\/carrieres\/nos-equipes\/finance\/#breadcrumb"},"inLanguage":"fr-FR","potentialAction":[{"@type":"ReadAction","target":["https:\/\/www.project44.com\/fr\/entreprise\/carrieres\/nos-equipes\/finance\/"]}]},{"@type":"ImageObject","inLanguage":"fr-FR","@id":"https:\/\/www.project44.com\/fr\/entreprise\/carrieres\/nos-equipes\/finance\/#primaryimage","url":"https:\/\/www.project44.com\/wp-content\/uploads\/2024\/03\/finance-hero-bg.webp","contentUrl":"https:\/\/www.project44.com\/wp-content\/uploads\/2024\/03\/finance-hero-bg.webp"},{"@type":"BreadcrumbList","@id":"https:\/\/www.project44.com\/fr\/entreprise\/carrieres\/nos-equipes\/finance\/#breadcrumb","itemListElement":[{"@type":"ListItem","position":1,"name":"Home","item":"https:\/\/www.project44.com\/fr\/"},{"@type":"ListItem","position":2,"name":"Entreprise","item":"https:\/\/www.project44.com\/fr\/entreprise\/"},{"@type":"ListItem","position":3,"name":"Carri\u00e8res","item":"https:\/\/www.project44.com\/fr\/entreprise\/carrieres\/"},{"@type":"ListItem","position":4,"name":"Nos \u00e9quipes","item":"https:\/\/www.project44.com\/fr\/entreprise\/carrieres\/nos-equipes\/"},{"@type":"ListItem","position":5,"name":"Finance"}]},{"@type":"WebSite","@id":"https:\/\/www.project44.com\/fr\/#website","url":"https:\/\/www.project44.com\/fr\/","name":"project44","description":"","publisher":{"@id":"https:\/\/www.project44.com\/fr\/#organization"},"potentialAction":[{"@type":"SearchAction","target":{"@type":"EntryPoint","urlTemplate":"https:\/\/www.project44.com\/fr\/?s={search_term_string}"},"query-input":{"@type":"PropertyValueSpecification","valueRequired":true,"valueName":"search_term_string"}}],"inLanguage":"fr-FR"},{"@type":"Organization","@id":"https:\/\/www.project44.com\/fr\/#organization","name":"project44","url":"https:\/\/www.project44.com\/fr\/","logo":{"@type":"ImageObject","inLanguage":"fr-FR","@id":"https:\/\/www.project44.com\/fr\/#\/schema\/logo\/image\/","url":"https:\/\/www.project44.com\/wp-content\/uploads\/2024\/01\/logo.svg","contentUrl":"https:\/\/www.project44.com\/wp-content\/uploads\/2024\/01\/logo.svg","width":213,"height":73,"caption":"project44"},"image":{"@id":"https:\/\/www.project44.com\/fr\/#\/schema\/logo\/image\/"},"sameAs":["https:\/\/www.facebook.com\/project44Visibility","https:\/\/x.com\/freightpipes","https:\/\/www.linkedin.com\/company\/project-44","https:\/\/www.instagram.com\/project44global"]}]}},"_links":{"self":[{"href":"https:\/\/www.project44.com\/fr\/wp-json\/wp\/v2\/pages\/45436","targetHints":{"allow":["GET"]}}],"collection":[{"href":"https:\/\/www.project44.com\/fr\/wp-json\/wp\/v2\/pages"}],"about":[{"href":"https:\/\/www.project44.com\/fr\/wp-json\/wp\/v2\/types\/page"}],"author":[{"embeddable":true,"href":"https:\/\/www.project44.com\/fr\/wp-json\/wp\/v2\/users\/4"}],"replies":[{"embeddable":true,"href":"https:\/\/www.project44.com\/fr\/wp-json\/wp\/v2\/comments?post=45436"}],"version-history":[{"count":0,"href":"https:\/\/www.project44.com\/fr\/wp-json\/wp\/v2\/pages\/45436\/revisions"}],"up":[{"embeddable":true,"href":"https:\/\/www.project44.com\/fr\/wp-json\/wp\/v2\/pages\/45398"}],"wp:attachment":[{"href":"https:\/\/www.project44.com\/fr\/wp-json\/wp\/v2\/media?parent=45436"}],"curies":[{"name":"wp","href":"https:\/\/api.w.org\/{rel}","templated":true}]}}