{"id":45454,"date":"2024-03-28T11:31:50","date_gmt":"2024-03-28T16:31:50","guid":{"rendered":"https:\/\/www.project44.com\/entreprise\/carrieres\/nos-equipes\/reseau\/"},"modified":"2024-09-18T12:17:29","modified_gmt":"2024-09-18T17:17:29","slug":"reseau","status":"publish","type":"page","link":"https:\/\/www.project44.com\/fr\/entreprise\/carrieres\/nos-equipes\/reseau\/","title":{"rendered":"R\u00e9seau"},"content":{"rendered":"\n<div class=\"wp-block-cover alignfull is-style-hero\" style=\"padding-top:0\"><span aria-hidden=\"true\" class=\"wp-block-cover__background has-black-background-color has-background-dim-0 has-background-dim\"><\/span><img loading=\"lazy\" decoding=\"async\" width=\"1512\" height=\"414\" class=\"wp-block-cover__image-background wp-image-21271\" alt=\"\" src=\"https:\/\/www.project44.com\/wp-content\/uploads\/2024\/03\/network-hero-bg.webp\" data-object-fit=\"cover\" srcset=\"https:\/\/www.project44.com\/wp-content\/uploads\/2024\/03\/network-hero-bg.webp 1512w, https:\/\/www.project44.com\/wp-content\/uploads\/2024\/03\/network-hero-bg-300x82.webp 300w, https:\/\/www.project44.com\/wp-content\/uploads\/2024\/03\/network-hero-bg-1024x280.webp 1024w, https:\/\/www.project44.com\/wp-content\/uploads\/2024\/03\/network-hero-bg-768x210.webp 768w\" sizes=\"auto, (max-width: 1512px) 100vw, 1512px\" \/><div class=\"wp-block-cover__inner-container has-global-padding is-layout-constrained wp-container-core-cover-is-layout-949d87ff wp-block-cover-is-layout-constrained\">\n<div class=\"wp-block-group has-global-padding is-layout-constrained wp-container-core-group-is-layout-d7cb3538 wp-block-group-is-layout-constrained\">\n<h1 class=\"wp-block-heading has-text-align-center is-style-default has-white-color has-text-color has-link-color has-gigantic-size wp-elements-37e0e66ecb1090889d098961b1e9a652\" id=\"h-network\">R\u00e9seau<\/h1>\n<\/div>\n<\/div><\/div>\n\n<div class=\"wp-block-group alignfull has-white-background-color has-background is-style-hero-pull-content-wide is-layout-flow wp-block-group-is-layout-flow\" style=\"border-radius:48px\">\n<div class=\"wp-block-group has-global-padding is-layout-constrained wp-container-core-group-is-layout-6993c734 wp-block-group-is-layout-constrained\" style=\"padding-top:var(--wp--preset--spacing--64);padding-bottom:var(--wp--preset--spacing--64)\">\n<h2 class=\"wp-block-heading has-text-align-center has-h1-size\" id=\"h-we-drive-towards-our-key-values-of-delivering-customer-value-operational-excellence-and-continuous-improvement\">Nous nous effor\u00e7ons d&rsquo;appliquer nos valeurs cl\u00e9s, c&rsquo;est-\u00e0-dire la cr\u00e9ation de valeur ajout\u00e9e pour nos clients, l&rsquo;excellence op\u00e9rationnelle et l&rsquo;am\u00e9lioration permanente<\/h2>\n\n\n\n<div class=\"wp-block-buttons is-content-justification-center is-layout-flex wp-container-core-buttons-is-layout-a89b3969 wp-block-buttons-is-layout-flex\">\n<div class=\"wp-block-button has-x-large-size has-arrow\"><a class=\"wp-block-button__link has-primary-background-color has-background wp-element-button\" href=\"https:\/\/www.project44.com\/fr\/entreprise\/carrieres\/postes-vacants\/?department=Network\">Voir les postes vacants<\/a><\/div>\n<\/div>\n<\/div>\n<\/div>\n\n<div class=\"wp-block-group is-style-row-padding has-global-padding is-layout-constrained wp-container-core-group-is-layout-d0583175 wp-block-group-is-layout-constrained\">\n<h2 class=\"wp-block-heading has-text-align-center\" id=\"h-our-philosophy\">Notre philosophie<\/h2>\n\n\n\n<div class=\"wp-block-columns is-layout-flex wp-container-core-columns-is-layout-2f0fa7f0 wp-block-columns-is-layout-flex\">\n<div class=\"wp-block-column is-layout-flow wp-container-core-column-is-layout-e227e91a wp-block-column-is-layout-flow\" style=\"padding-top:var(--wp--preset--spacing--32);padding-bottom:var(--wp--preset--spacing--32)\">\n<h3 class=\"wp-block-heading\" id=\"h-take-ownership\">Prenez les choses en main<\/h3>\n\n\n\n<p class=\"has-large-font-size\">Le r\u00e9seau de p44 est le lien qui unit notre offre de produits. La ma\u00eetrise de la croissance, de la maintenance et de l&rsquo;am\u00e9lioration est au c\u0153ur de notre mission. <\/p>\n<\/div>\n\n\n\n<div class=\"wp-block-column is-layout-flow wp-container-core-column-is-layout-e227e91a wp-block-column-is-layout-flow\" style=\"padding-top:var(--wp--preset--spacing--32);padding-bottom:var(--wp--preset--spacing--32)\">\n<h3 class=\"wp-block-heading\" id=\"h-share-the-wheel\">Relayons nous<\/h3>\n\n\n\n<p class=\"has-large-font-size\">Nous nous effor\u00e7ons de b\u00e2tir, cro\u00eetre et nous am\u00e9liorer ensemble en nous entraidant entre \u00e9quipes et services.<\/p>\n<\/div>\n\n\n\n<div class=\"wp-block-column is-layout-flow wp-container-core-column-is-layout-e227e91a wp-block-column-is-layout-flow\" style=\"padding-top:var(--wp--preset--spacing--32);padding-bottom:var(--wp--preset--spacing--32)\">\n<h3 class=\"wp-block-heading\" id=\"h-develop-top-talent-nbsp\">D\u00e9velopper les meilleurs talents <\/h3>\n\n\n\n<p class=\"has-large-font-size\">Nous nous effor\u00e7ons de comprendre ce dont les membres de l&rsquo;\u00e9quipe ont besoin pour cr\u00e9er des opportunit\u00e9s d&rsquo;apprentissage pr\u00e9cieuses et utilisons des exp\u00e9riences professionnelles pour atteindre ces objectifs.<\/p>\n<\/div>\n<\/div>\n<\/div>\n\n<div class=\"wp-block-cover alignfull is-light is-repeated has-custom-content-position is-position-top-center has-border-color has-gray-lighter-border-color is-style-row-padding is-style-gap-none\" style=\"border-width:1px;border-radius:24px\"><span aria-hidden=\"true\" class=\"wp-block-cover__background has-background-dim-0 has-background-dim\"><\/span><div class=\"wp-block-cover__image-background wp-image-7492 is-repeated\" style=\"background-position:0% 5%;background-image:url(https:\/\/www.project44.com\/wp-content\/uploads\/2024\/01\/bg-grid-white-120.svg)\"><\/div><div class=\"wp-block-cover__inner-container has-global-padding is-layout-constrained wp-container-core-cover-is-layout-2cade157 wp-block-cover-is-layout-constrained\">\n<div class=\"wp-block-columns is-layout-flex wp-container-core-columns-is-layout-0b339b1a wp-block-columns-is-layout-flex\">\n<div class=\"wp-block-column is-layout-flow wp-block-column-is-layout-flow\">\n<div class=\"wp-block-group is-style-box-shadow-2 has-white-background-color has-background has-global-padding is-layout-constrained wp-container-core-group-is-layout-60c92ee3 wp-block-group-is-layout-constrained\" style=\"border-radius:24px;padding-top:var(--wp--preset--spacing--16);padding-right:var(--wp--preset--spacing--16);padding-bottom:var(--wp--preset--spacing--16);padding-left:var(--wp--preset--spacing--16)\">\n<figure class=\"wp-block-image size-full is-style-rounded is-style-img-responsive\"><img loading=\"lazy\" decoding=\"async\" width=\"592\" height=\"600\" src=\"https:\/\/www.project44.com\/wp-content\/uploads\/2024\/03\/network-trust.webp\" alt=\"Nous sommes ce partenaire fiable qui cr&#xE9;e et maintient le r&#xE9;seau de ressources de livraison multimodal le plus &#xE9;tendu et le plus s&#xFB;r, &#xE0; l'&#xE9;chelle mondiale.\" class=\"wp-image-21279\" srcset=\"https:\/\/www.project44.com\/wp-content\/uploads\/2024\/03\/network-trust.webp 592w, https:\/\/www.project44.com\/wp-content\/uploads\/2024\/03\/network-trust-296x300.webp 296w\" sizes=\"auto, (max-width: 592px) 100vw, 592px\" \/><\/figure>\n<\/div>\n<\/div>\n\n\n\n<div class=\"wp-block-column is-vertically-aligned-center is-layout-flow wp-block-column-is-layout-flow\">\n<div class=\"wp-block-group has-global-padding is-content-justification-left is-layout-constrained wp-container-core-group-is-layout-d5209ea4 wp-block-group-is-layout-constrained\">\n<h2 class=\"wp-block-heading has-h1-size\" id=\"h-we-are-the-trusted-partner-that-builds-and-maintains-the-most-expansive-and-reliable-network-of-delivery-assets-across-all-modes-globally\">Nous sommes ce partenaire fiable qui cr\u00e9e et maintient le r\u00e9seau de ressources de livraison multimodal le plus \u00e9tendu et le plus s\u00fbr, \u00e0 l&rsquo;\u00e9chelle mondiale.<\/h2>\n<\/div>\n<\/div>\n<\/div>\n\n\n\n<div class=\"wp-block-columns is-style-mobile-reverse-rows is-layout-flex wp-container-core-columns-is-layout-0b339b1a wp-block-columns-is-layout-flex\">\n<div class=\"wp-block-column is-vertically-aligned-center is-layout-flow wp-block-column-is-layout-flow\">\n<div class=\"wp-block-group has-global-padding is-content-justification-left is-layout-constrained wp-container-core-group-is-layout-d5209ea4 wp-block-group-is-layout-constrained\">\n<h2 class=\"wp-block-heading has-h1-size\" id=\"h-we-unlock-network-effects-that-power-our-path-for-growth-with-high-operating-and-quality-standards\">Nous d\u00e9bloquons des effets de r\u00e9seau qui alimentent notre croissance gr\u00e2ce \u00e0 des normes d&rsquo;exploitation et de qualit\u00e9 \u00e9lev\u00e9es.<\/h2>\n<\/div>\n<\/div>\n\n\n\n<div class=\"wp-block-column is-layout-flow wp-block-column-is-layout-flow\">\n<div class=\"wp-block-group is-style-box-shadow-2 has-white-background-color has-background has-global-padding is-layout-constrained wp-container-core-group-is-layout-60c92ee3 wp-block-group-is-layout-constrained\" style=\"border-radius:24px;padding-top:var(--wp--preset--spacing--16);padding-right:var(--wp--preset--spacing--16);padding-bottom:var(--wp--preset--spacing--16);padding-left:var(--wp--preset--spacing--16)\">\n<figure class=\"wp-block-image size-full is-style-rounded is-style-img-responsive\"><img loading=\"lazy\" decoding=\"async\" width=\"592\" height=\"600\" src=\"https:\/\/www.project44.com\/wp-content\/uploads\/2024\/03\/network-standards.webp\" alt=\"Nous d&#xE9;bloquons des effets de r&#xE9;seau qui alimentent notre croissance gr&#xE2;ce &#xE0; des normes d'exploitation et de qualit&#xE9; &#xE9;lev&#xE9;es.\" class=\"wp-image-21286\" srcset=\"https:\/\/www.project44.com\/wp-content\/uploads\/2024\/03\/network-standards.webp 592w, https:\/\/www.project44.com\/wp-content\/uploads\/2024\/03\/network-standards-296x300.webp 296w\" sizes=\"auto, (max-width: 592px) 100vw, 592px\" \/><\/figure>\n<\/div>\n<\/div>\n<\/div>\n\n\n\n<div class=\"wp-block-columns is-layout-flex wp-container-core-columns-is-layout-0b339b1a wp-block-columns-is-layout-flex\">\n<div class=\"wp-block-column is-layout-flow wp-block-column-is-layout-flow\">\n<div class=\"wp-block-group is-style-box-shadow-2 has-white-background-color has-background has-global-padding is-layout-constrained wp-container-core-group-is-layout-60c92ee3 wp-block-group-is-layout-constrained\" style=\"border-radius:24px;padding-top:var(--wp--preset--spacing--16);padding-right:var(--wp--preset--spacing--16);padding-bottom:var(--wp--preset--spacing--16);padding-left:var(--wp--preset--spacing--16)\">\n<figure class=\"wp-block-image size-full is-style-rounded is-style-img-responsive\"><img loading=\"lazy\" decoding=\"async\" width=\"592\" height=\"600\" src=\"https:\/\/www.project44.com\/wp-content\/uploads\/2024\/03\/network-collaboration.webp\" alt=\"En facilitant la collaboration et en am&#xE9;liorant la conformit&#xE9; et les flux logistiques.&#x202F; \" class=\"wp-image-21292\" srcset=\"https:\/\/www.project44.com\/wp-content\/uploads\/2024\/03\/network-collaboration.webp 592w, https:\/\/www.project44.com\/wp-content\/uploads\/2024\/03\/network-collaboration-296x300.webp 296w\" sizes=\"auto, (max-width: 592px) 100vw, 592px\" \/><\/figure>\n<\/div>\n<\/div>\n\n\n\n<div class=\"wp-block-column is-vertically-aligned-center is-layout-flow wp-block-column-is-layout-flow\">\n<div class=\"wp-block-group has-global-padding is-content-justification-left is-layout-constrained wp-container-core-group-is-layout-d5209ea4 wp-block-group-is-layout-constrained\">\n<h2 class=\"wp-block-heading has-h1-size\" id=\"h-by-facilitating-collaboration-and-improving-compliance-and-logistics-workflows-nbsp\">En facilitant la collaboration et en am\u00e9liorant la conformit\u00e9 et les flux logistiques.\u202f <\/h2>\n<\/div>\n<\/div>\n<\/div>\n<\/div><\/div>\n\n<div class=\"wp-block-group is-style-row-padding has-global-padding is-layout-constrained wp-block-group-is-layout-constrained\">\n<div class=\"wp-block-group has-border-color has-black-border-color is-style-row-padding has-global-padding is-layout-constrained wp-container-core-group-is-layout-cc3ec867 wp-block-group-is-layout-constrained\" style=\"border-width:1px;border-radius:24px;padding-right:var(--wp--preset--spacing--64);padding-left:var(--wp--preset--spacing--64)\">\n<div class=\"wp-block-group has-global-padding is-layout-constrained wp-block-group-is-layout-constrained\" style=\"padding-top:var(--wp--preset--spacing--64);padding-bottom:var(--wp--preset--spacing--64)\">\n<blockquote class=\"wp-block-quote is-layout-flow wp-block-quote-is-layout-flow\">\n<h2 class=\"wp-block-heading has-h2-size\" id=\"h-every-day-brings-unique-and-interesting-problems-to-solve-for-our-network-of-carriers-and-data-providers-it-s-incredibly-rewarding-to-see-the-direct-benefit-we-deliver-for-our-customers-supply-chain-ecosystems-as-a-result-of-our-daily-work\" style=\"margin-top:0;margin-bottom:0\">Chaque jour apporte des probl\u00e8mes uniques et int\u00e9ressants \u00e0 r\u00e9soudre pour notre r\u00e9seau de transporteurs et de fournisseurs de donn\u00e9es. Il est incroyablement gratifiant de voir les avantages directs que nous apportons aux \u00e9cosyst\u00e8mes de la cha\u00eene d&rsquo;approvisionnement de nos clients gr\u00e2ce \u00e0 notre travail quotidien.<\/h2>\n<cite><strong><mark style=\"background-color:rgba(0, 0, 0, 0)\" class=\"has-inline-color has-primary-color\">Nick D.<\/mark><\/strong><br><strong><mark style=\"background-color:rgba(0, 0, 0, 0)\" class=\"has-inline-color has-primary-color\">Directeur, Sant\u00e9 des r\u00e9seaux<\/mark><\/strong><\/cite><\/blockquote>\n<\/div>\n<\/div>\n<\/div>\n\n<div class=\"wp-block-group is-style-row-padding has-global-padding is-layout-constrained wp-block-group-is-layout-constrained\">\n<div class=\"wp-block-group has-white-background-color has-background is-style-box-shadow-2 has-global-padding is-layout-constrained wp-container-core-group-is-layout-60e89b47 wp-block-group-is-layout-constrained\" style=\"border-radius:24px;padding-top:var(--wp--preset--spacing--64);padding-right:var(--wp--preset--spacing--32);padding-bottom:var(--wp--preset--spacing--64);padding-left:var(--wp--preset--spacing--32)\">\n<h2 class=\"wp-block-heading has-text-align-center has-h3-size\" id=\"h-latest-network-open-roles\">Derniers postes r\u00e9seau vacants<\/h2>\n\n\n<div class=\"wp-block-knightowl-blocks-greenhouse-jobs\"><div class=\"wp-block-grid columns-2 columns-tablet-2 columns-stack-mobile wp-block-knightowl-blocks-greenhouse-jobs\"><div class=\"grid-item\"><div class=\"job-item\"><h3 class=\"job-title is-style-stretched-link\"><a href=\"\/company\/careers\/open-roles\/job?detail=7646485\">Technical Integration Consultant<\/a><\/h3><p>Krak\u00f3w, Poland<\/p><\/div><\/div><\/div><\/div>\n\n\n<div class=\"wp-block-buttons is-content-justification-center is-layout-flex wp-container-core-buttons-is-layout-a89b3969 wp-block-buttons-is-layout-flex\">\n<div class=\"wp-block-button has-x-large-size\"><a class=\"wp-block-button__link has-primary-background-color has-background wp-element-button\" href=\"https:\/\/www.project44.com\/fr\/entreprise\/carrieres\/postes-vacants\/?department=Network\">Voir tous les postes r\u00e9seau<\/a><\/div>\n<\/div>\n<\/div>\n<\/div>\n","protected":false},"excerpt":{"rendered":"<p>Nous nous effor\u00e7ons d&rsquo;appliquer nos valeurs cl\u00e9s, c&rsquo;est-\u00e0-dire la cr\u00e9ation de valeur ajout\u00e9e pour nos clients, l&rsquo;excellence op\u00e9rationnelle et l&rsquo;am\u00e9lioration permanente Notre philosophie Prenez les choses en main Le r\u00e9seau&#8230;<\/p>\n","protected":false},"author":4,"featured_media":0,"parent":45398,"menu_order":0,"comment_status":"closed","ping_status":"closed","template":"","meta":{"_acf_changed":false,"_relevanssi_hide_post":"","_relevanssi_hide_content":"","_relevanssi_pin_for_all":"","_relevanssi_pin_keywords":"","_relevanssi_unpin_keywords":"","_relevanssi_related_keywords":"","_relevanssi_related_include_ids":"","_relevanssi_related_exclude_ids":"","_relevanssi_related_no_append":"","_relevanssi_related_not_related":"","_relevanssi_related_posts":"","_relevanssi_noindex_reason":"","footnotes":""},"class_list":["post-45454","page","type-page","status-publish","hentry"],"acf":[],"yoast_head":"<!-- This site is optimized with the Yoast SEO Premium plugin v27.4 (Yoast SEO v27.4) - https:\/\/yoast.com\/product\/yoast-seo-premium-wordpress\/ -->\n<title>Nos \u00e9quipes | project44<\/title>\n<meta name=\"description\" content=\"D\u00e9couvrez l&#039;\u00e9quipe r\u00e9seau de project44. D\u00e9couvrez les postes vacants.\" \/>\n<meta name=\"robots\" content=\"index, follow, max-snippet:-1, max-image-preview:large, max-video-preview:-1\" \/>\n<link rel=\"canonical\" href=\"https:\/\/www.project44.com\/fr\/entreprise\/carrieres\/nos-equipes\/reseau\/\" \/>\n<meta property=\"og:locale\" content=\"fr_FR\" \/>\n<meta property=\"og:type\" content=\"article\" \/>\n<meta property=\"og:title\" content=\"R\u00e9seau\" \/>\n<meta property=\"og:description\" content=\"D\u00e9couvrez l&#039;\u00e9quipe r\u00e9seau de project44. D\u00e9couvrez les postes vacants.\" \/>\n<meta property=\"og:url\" content=\"https:\/\/www.project44.com\/fr\/entreprise\/carrieres\/nos-equipes\/reseau\/\" \/>\n<meta property=\"og:site_name\" content=\"project44\" \/>\n<meta property=\"article:publisher\" content=\"https:\/\/www.facebook.com\/project44Visibility\" \/>\n<meta property=\"article:modified_time\" content=\"2024-09-18T17:17:29+00:00\" \/>\n<meta property=\"og:image\" content=\"https:\/\/www.project44.com\/wp-content\/uploads\/2024\/03\/network-hero-bg.webp\" \/>\n<meta name=\"twitter:card\" content=\"summary_large_image\" \/>\n<meta name=\"twitter:site\" content=\"@freightpipes\" \/>\n<meta name=\"twitter:label1\" content=\"Dur\u00e9e de lecture estim\u00e9e\" \/>\n\t<meta name=\"twitter:data1\" content=\"1 minute\" \/>\n<script type=\"application\/ld+json\" class=\"yoast-schema-graph\">{\"@context\":\"https:\\\/\\\/schema.org\",\"@graph\":[{\"@type\":\"WebPage\",\"@id\":\"https:\\\/\\\/www.project44.com\\\/fr\\\/entreprise\\\/carrieres\\\/nos-equipes\\\/reseau\\\/\",\"url\":\"https:\\\/\\\/www.project44.com\\\/fr\\\/entreprise\\\/carrieres\\\/nos-equipes\\\/reseau\\\/\",\"name\":\"Nos \u00e9quipes | project44\",\"isPartOf\":{\"@id\":\"https:\\\/\\\/www.project44.com\\\/fr\\\/#website\"},\"primaryImageOfPage\":{\"@id\":\"https:\\\/\\\/www.project44.com\\\/fr\\\/entreprise\\\/carrieres\\\/nos-equipes\\\/reseau\\\/#primaryimage\"},\"image\":{\"@id\":\"https:\\\/\\\/www.project44.com\\\/fr\\\/entreprise\\\/carrieres\\\/nos-equipes\\\/reseau\\\/#primaryimage\"},\"thumbnailUrl\":\"https:\\\/\\\/www.project44.com\\\/wp-content\\\/uploads\\\/2024\\\/03\\\/network-hero-bg.webp\",\"datePublished\":\"2024-03-28T16:31:50+00:00\",\"dateModified\":\"2024-09-18T17:17:29+00:00\",\"description\":\"D\u00e9couvrez l'\u00e9quipe r\u00e9seau de project44. D\u00e9couvrez les postes vacants.\",\"breadcrumb\":{\"@id\":\"https:\\\/\\\/www.project44.com\\\/fr\\\/entreprise\\\/carrieres\\\/nos-equipes\\\/reseau\\\/#breadcrumb\"},\"inLanguage\":\"fr-FR\",\"potentialAction\":[{\"@type\":\"ReadAction\",\"target\":[\"https:\\\/\\\/www.project44.com\\\/fr\\\/entreprise\\\/carrieres\\\/nos-equipes\\\/reseau\\\/\"]}]},{\"@type\":\"ImageObject\",\"inLanguage\":\"fr-FR\",\"@id\":\"https:\\\/\\\/www.project44.com\\\/fr\\\/entreprise\\\/carrieres\\\/nos-equipes\\\/reseau\\\/#primaryimage\",\"url\":\"https:\\\/\\\/www.project44.com\\\/wp-content\\\/uploads\\\/2024\\\/03\\\/network-hero-bg.webp\",\"contentUrl\":\"https:\\\/\\\/www.project44.com\\\/wp-content\\\/uploads\\\/2024\\\/03\\\/network-hero-bg.webp\"},{\"@type\":\"BreadcrumbList\",\"@id\":\"https:\\\/\\\/www.project44.com\\\/fr\\\/entreprise\\\/carrieres\\\/nos-equipes\\\/reseau\\\/#breadcrumb\",\"itemListElement\":[{\"@type\":\"ListItem\",\"position\":1,\"name\":\"Home\",\"item\":\"https:\\\/\\\/www.project44.com\\\/fr\\\/\"},{\"@type\":\"ListItem\",\"position\":2,\"name\":\"Entreprise\",\"item\":\"https:\\\/\\\/www.project44.com\\\/fr\\\/entreprise\\\/\"},{\"@type\":\"ListItem\",\"position\":3,\"name\":\"Carri\u00e8res\",\"item\":\"https:\\\/\\\/www.project44.com\\\/fr\\\/entreprise\\\/carrieres\\\/\"},{\"@type\":\"ListItem\",\"position\":4,\"name\":\"Nos \u00e9quipes\",\"item\":\"https:\\\/\\\/www.project44.com\\\/fr\\\/entreprise\\\/carrieres\\\/nos-equipes\\\/\"},{\"@type\":\"ListItem\",\"position\":5,\"name\":\"R\u00e9seau\"}]},{\"@type\":\"WebSite\",\"@id\":\"https:\\\/\\\/www.project44.com\\\/fr\\\/#website\",\"url\":\"https:\\\/\\\/www.project44.com\\\/fr\\\/\",\"name\":\"project44\",\"description\":\"\",\"publisher\":{\"@id\":\"https:\\\/\\\/www.project44.com\\\/fr\\\/#organization\"},\"potentialAction\":[{\"@type\":\"SearchAction\",\"target\":{\"@type\":\"EntryPoint\",\"urlTemplate\":\"https:\\\/\\\/www.project44.com\\\/fr\\\/?s={search_term_string}\"},\"query-input\":{\"@type\":\"PropertyValueSpecification\",\"valueRequired\":true,\"valueName\":\"search_term_string\"}}],\"inLanguage\":\"fr-FR\"},{\"@type\":\"Organization\",\"@id\":\"https:\\\/\\\/www.project44.com\\\/fr\\\/#organization\",\"name\":\"project44\",\"url\":\"https:\\\/\\\/www.project44.com\\\/fr\\\/\",\"logo\":{\"@type\":\"ImageObject\",\"inLanguage\":\"fr-FR\",\"@id\":\"https:\\\/\\\/www.project44.com\\\/fr\\\/#\\\/schema\\\/logo\\\/image\\\/\",\"url\":\"https:\\\/\\\/www.project44.com\\\/wp-content\\\/uploads\\\/2024\\\/01\\\/logo.svg\",\"contentUrl\":\"https:\\\/\\\/www.project44.com\\\/wp-content\\\/uploads\\\/2024\\\/01\\\/logo.svg\",\"width\":213,\"height\":73,\"caption\":\"project44\"},\"image\":{\"@id\":\"https:\\\/\\\/www.project44.com\\\/fr\\\/#\\\/schema\\\/logo\\\/image\\\/\"},\"sameAs\":[\"https:\\\/\\\/www.facebook.com\\\/project44Visibility\",\"https:\\\/\\\/x.com\\\/freightpipes\",\"https:\\\/\\\/www.linkedin.com\\\/company\\\/project-44\",\"https:\\\/\\\/www.instagram.com\\\/project44global\"]}]}<\/script>\n<!-- \/ Yoast SEO Premium plugin. -->","yoast_head_json":{"title":"Nos \u00e9quipes | project44","description":"D\u00e9couvrez l'\u00e9quipe r\u00e9seau de project44. D\u00e9couvrez les postes vacants.","robots":{"index":"index","follow":"follow","max-snippet":"max-snippet:-1","max-image-preview":"max-image-preview:large","max-video-preview":"max-video-preview:-1"},"canonical":"https:\/\/www.project44.com\/fr\/entreprise\/carrieres\/nos-equipes\/reseau\/","og_locale":"fr_FR","og_type":"article","og_title":"R\u00e9seau","og_description":"D\u00e9couvrez l'\u00e9quipe r\u00e9seau de project44. D\u00e9couvrez les postes vacants.","og_url":"https:\/\/www.project44.com\/fr\/entreprise\/carrieres\/nos-equipes\/reseau\/","og_site_name":"project44","article_publisher":"https:\/\/www.facebook.com\/project44Visibility","article_modified_time":"2024-09-18T17:17:29+00:00","og_image":[{"url":"https:\/\/www.project44.com\/wp-content\/uploads\/2024\/03\/network-hero-bg.webp","type":"","width":"","height":""}],"twitter_card":"summary_large_image","twitter_site":"@freightpipes","twitter_misc":{"Dur\u00e9e de lecture estim\u00e9e":"1 minute"},"schema":{"@context":"https:\/\/schema.org","@graph":[{"@type":"WebPage","@id":"https:\/\/www.project44.com\/fr\/entreprise\/carrieres\/nos-equipes\/reseau\/","url":"https:\/\/www.project44.com\/fr\/entreprise\/carrieres\/nos-equipes\/reseau\/","name":"Nos \u00e9quipes | project44","isPartOf":{"@id":"https:\/\/www.project44.com\/fr\/#website"},"primaryImageOfPage":{"@id":"https:\/\/www.project44.com\/fr\/entreprise\/carrieres\/nos-equipes\/reseau\/#primaryimage"},"image":{"@id":"https:\/\/www.project44.com\/fr\/entreprise\/carrieres\/nos-equipes\/reseau\/#primaryimage"},"thumbnailUrl":"https:\/\/www.project44.com\/wp-content\/uploads\/2024\/03\/network-hero-bg.webp","datePublished":"2024-03-28T16:31:50+00:00","dateModified":"2024-09-18T17:17:29+00:00","description":"D\u00e9couvrez l'\u00e9quipe r\u00e9seau de project44. D\u00e9couvrez les postes vacants.","breadcrumb":{"@id":"https:\/\/www.project44.com\/fr\/entreprise\/carrieres\/nos-equipes\/reseau\/#breadcrumb"},"inLanguage":"fr-FR","potentialAction":[{"@type":"ReadAction","target":["https:\/\/www.project44.com\/fr\/entreprise\/carrieres\/nos-equipes\/reseau\/"]}]},{"@type":"ImageObject","inLanguage":"fr-FR","@id":"https:\/\/www.project44.com\/fr\/entreprise\/carrieres\/nos-equipes\/reseau\/#primaryimage","url":"https:\/\/www.project44.com\/wp-content\/uploads\/2024\/03\/network-hero-bg.webp","contentUrl":"https:\/\/www.project44.com\/wp-content\/uploads\/2024\/03\/network-hero-bg.webp"},{"@type":"BreadcrumbList","@id":"https:\/\/www.project44.com\/fr\/entreprise\/carrieres\/nos-equipes\/reseau\/#breadcrumb","itemListElement":[{"@type":"ListItem","position":1,"name":"Home","item":"https:\/\/www.project44.com\/fr\/"},{"@type":"ListItem","position":2,"name":"Entreprise","item":"https:\/\/www.project44.com\/fr\/entreprise\/"},{"@type":"ListItem","position":3,"name":"Carri\u00e8res","item":"https:\/\/www.project44.com\/fr\/entreprise\/carrieres\/"},{"@type":"ListItem","position":4,"name":"Nos \u00e9quipes","item":"https:\/\/www.project44.com\/fr\/entreprise\/carrieres\/nos-equipes\/"},{"@type":"ListItem","position":5,"name":"R\u00e9seau"}]},{"@type":"WebSite","@id":"https:\/\/www.project44.com\/fr\/#website","url":"https:\/\/www.project44.com\/fr\/","name":"project44","description":"","publisher":{"@id":"https:\/\/www.project44.com\/fr\/#organization"},"potentialAction":[{"@type":"SearchAction","target":{"@type":"EntryPoint","urlTemplate":"https:\/\/www.project44.com\/fr\/?s={search_term_string}"},"query-input":{"@type":"PropertyValueSpecification","valueRequired":true,"valueName":"search_term_string"}}],"inLanguage":"fr-FR"},{"@type":"Organization","@id":"https:\/\/www.project44.com\/fr\/#organization","name":"project44","url":"https:\/\/www.project44.com\/fr\/","logo":{"@type":"ImageObject","inLanguage":"fr-FR","@id":"https:\/\/www.project44.com\/fr\/#\/schema\/logo\/image\/","url":"https:\/\/www.project44.com\/wp-content\/uploads\/2024\/01\/logo.svg","contentUrl":"https:\/\/www.project44.com\/wp-content\/uploads\/2024\/01\/logo.svg","width":213,"height":73,"caption":"project44"},"image":{"@id":"https:\/\/www.project44.com\/fr\/#\/schema\/logo\/image\/"},"sameAs":["https:\/\/www.facebook.com\/project44Visibility","https:\/\/x.com\/freightpipes","https:\/\/www.linkedin.com\/company\/project-44","https:\/\/www.instagram.com\/project44global"]}]}},"_links":{"self":[{"href":"https:\/\/www.project44.com\/fr\/wp-json\/wp\/v2\/pages\/45454","targetHints":{"allow":["GET"]}}],"collection":[{"href":"https:\/\/www.project44.com\/fr\/wp-json\/wp\/v2\/pages"}],"about":[{"href":"https:\/\/www.project44.com\/fr\/wp-json\/wp\/v2\/types\/page"}],"author":[{"embeddable":true,"href":"https:\/\/www.project44.com\/fr\/wp-json\/wp\/v2\/users\/4"}],"replies":[{"embeddable":true,"href":"https:\/\/www.project44.com\/fr\/wp-json\/wp\/v2\/comments?post=45454"}],"version-history":[{"count":0,"href":"https:\/\/www.project44.com\/fr\/wp-json\/wp\/v2\/pages\/45454\/revisions"}],"up":[{"embeddable":true,"href":"https:\/\/www.project44.com\/fr\/wp-json\/wp\/v2\/pages\/45398"}],"wp:attachment":[{"href":"https:\/\/www.project44.com\/fr\/wp-json\/wp\/v2\/media?parent=45454"}],"curies":[{"name":"wp","href":"https:\/\/api.w.org\/{rel}","templated":true}]}}