{"id":45528,"date":"2024-05-14T14:38:08","date_gmt":"2024-05-14T19:38:08","guid":{"rendered":"https:\/\/www.project44.com\/suivi-des-cargaisons\/"},"modified":"2024-09-09T11:35:07","modified_gmt":"2024-09-09T16:35:07","slug":"suivi-des-cargaisons","status":"publish","type":"page","link":"https:\/\/www.project44.com\/fr\/suivi-des-cargaisons\/","title":{"rendered":"Suivi des cargaisons"},"content":{"rendered":"\n<div class=\"wp-block-cover alignfull has-custom-content-position is-position-top-center is-style-hero\" style=\"padding-top:0;min-height:529px;aspect-ratio:unset;\"><span aria-hidden=\"true\" class=\"wp-block-cover__background has-black-background-color has-background-dim-40 has-background-dim\"><\/span><img loading=\"lazy\" decoding=\"async\" width=\"2560\" height=\"1600\" class=\"wp-block-cover__image-background wp-image-2047\" alt=\"\" src=\"https:\/\/www.project44.com\/wp-content\/uploads\/2023\/05\/Technicolor_CaseStudy-scaled.jpg\" style=\"object-position:50% 70%\" data-object-fit=\"cover\" data-object-position=\"50% 70%\" srcset=\"https:\/\/www.project44.com\/wp-content\/uploads\/2023\/05\/Technicolor_CaseStudy-scaled.jpg 2560w, https:\/\/www.project44.com\/wp-content\/uploads\/2023\/05\/Technicolor_CaseStudy-300x188.jpg 300w, https:\/\/www.project44.com\/wp-content\/uploads\/2023\/05\/Technicolor_CaseStudy-1024x640.jpg 1024w, https:\/\/www.project44.com\/wp-content\/uploads\/2023\/05\/Technicolor_CaseStudy-768x480.jpg 768w, https:\/\/www.project44.com\/wp-content\/uploads\/2023\/05\/Technicolor_CaseStudy-1536x960.jpg 1536w, https:\/\/www.project44.com\/wp-content\/uploads\/2023\/05\/Technicolor_CaseStudy-2048x1280.jpg 2048w\" sizes=\"auto, (max-width: 2560px) 100vw, 2560px\" \/><div class=\"wp-block-cover__inner-container has-global-padding is-layout-constrained wp-container-core-cover-is-layout-949d87ff wp-block-cover-is-layout-constrained\">\n<div class=\"wp-block-group has-global-padding is-content-justification-left is-layout-constrained wp-container-core-group-is-layout-4a3ab8b9 wp-block-group-is-layout-constrained\" style=\"padding-top:var(--wp--preset--spacing--64);padding-bottom:var(--wp--preset--spacing--64)\">\n<div class=\"wp-block-group has-global-padding is-content-justification-left is-layout-constrained wp-container-core-group-is-layout-3571b7b6 wp-block-group-is-layout-constrained\">\n<h1 class=\"wp-block-heading has-text-align-left is-style-default has-white-color has-text-color has-link-color has-gigantic-size wp-elements-763e4e837f0cf1f5d339fbd78f61679e\" id=\"h-container-tracking\">Suivi des cargaisons<\/h1>\n<\/div>\n\n\n\n<p class=\"has-white-color has-text-color has-link-color has-large-font-size wp-elements-e12bd0cc610c05317dfacc1be32c2b8f\">project44 suit des millions de cargaisons par an, fournissant des fonctionnalit\u00e9s de suivi sur presque toutes les lignes de transport, plus de 700\u00a0ports et plus de 5\u00a0000\u00a0navires \u2013 avec une visibilit\u00e9 sur 98\u00a0% du fret maritime mondial. project44 offre des solutions d&rsquo;exp\u00e9dition de cargaisons pour les petites et grandes entreprises\u00a0: choisissez la solution qui vous convient le mieux et d\u00e9marrez d\u00e8s aujourd&rsquo;hui.<\/p>\n\n\n\n<div class=\"wp-block-buttons is-content-justification-left is-layout-flex wp-container-core-buttons-is-layout-87d7b91b wp-block-buttons-is-layout-flex\" style=\"margin-bottom:var(--wp--preset--spacing--50)\">\n<div class=\"wp-block-button has-custom-font-size is-style-fill has-large-font-size has-large-size\"><a class=\"wp-block-button__link has-primary-background-color has-background wp-element-button\" href=\"https:\/\/www.project44.com\/fr\/obtenez-une-demo\/\">Obtenir une d\u00e9mo<\/a><\/div>\n<\/div>\n<\/div>\n<\/div><\/div>\n\n<div class=\"wp-block-cover alignfull is-light is-repeated has-custom-content-position is-position-top-center is-style-overflow-visible\" style=\"border-bottom-color:var(--wp--preset--color--gray-lighter);border-bottom-width:1px;margin-top:0;padding-bottom:var(--wp--preset--spacing--88);min-height:100px;aspect-ratio:unset;\"><span aria-hidden=\"true\" class=\"wp-block-cover__background has-background-dim-0 has-background-dim\"><\/span><div class=\"wp-block-cover__image-background wp-image-7492 is-repeated\" style=\"background-position:0% 0%;background-image:url(https:\/\/www.project44.com\/wp-content\/uploads\/2024\/01\/bg-grid-white-120.svg)\"><\/div><div class=\"wp-block-cover__inner-container has-global-padding is-layout-constrained wp-container-core-cover-is-layout-66b6fc34 wp-block-cover-is-layout-constrained\">\n<div class=\"wp-block-group is-style-hero-pull-content is-layout-flow wp-block-group-is-layout-flow\">\n<div class=\"wp-block-columns has-white-background-color has-background is-style-box-shadow-2 is-layout-flex wp-container-core-columns-is-layout-89417bac wp-block-columns-is-layout-flex\" style=\"border-radius:24px;padding-top:var(--wp--preset--spacing--16);padding-right:var(--wp--preset--spacing--16);padding-bottom:var(--wp--preset--spacing--16);padding-left:var(--wp--preset--spacing--16)\">\n<div class=\"wp-block-column has-gray-lightest-background-color has-background is-style-border-radius-12 is-layout-flow wp-container-core-column-is-layout-3d419d6f wp-block-column-is-layout-flow\" style=\"padding-top:var(--wp--preset--spacing--32);padding-right:var(--wp--preset--spacing--32);padding-bottom:var(--wp--preset--spacing--32);padding-left:var(--wp--preset--spacing--32);flex-basis:100%\">\n<p><strong>VISIBILIT\u00c9 MARITIME<\/strong><\/p>\n\n\n\n<h2 class=\"wp-block-heading has-h5-size\"><strong>Suivi des cargaisons pour les grands volumes<\/strong><\/h2>\n\n\n\n<p>Visibilit\u00e9 maritime de haute qualit\u00e9 au niveau des commandes. G\u00e9rez les exceptions, r\u00e9duisez les co\u00fbts de transbordement manqu\u00e9s, de la d\u00e9tention et des surestaries, et am\u00e9liorez la livraison compl\u00e8te \u00e0 temps pour les clients. Ocean Visibility de project44 augmentera la r\u00e9silience, l&rsquo;agilit\u00e9 et l&rsquo;exp\u00e9rience client de votre cha\u00eene d&rsquo;approvisionnement.<\/p>\n\n\n\n<div class=\"wp-block-buttons is-layout-flex wp-block-buttons-is-layout-flex\" style=\"margin-top:var(--wp--preset--spacing--24)\">\n<div class=\"wp-block-button has-medium-size\"><a class=\"wp-block-button__link has-primary-background-color has-background wp-element-button\" href=\"https:\/\/www.project44.com\/fr\/obtenez-une-demo\/\">Contactez-nous<\/a><\/div>\n<\/div>\n<\/div>\n<\/div>\n<\/div>\n<\/div><\/div>\n\n<div class=\"wp-block-group is-style-row-padding has-global-padding is-layout-constrained wp-block-group-is-layout-constrained\">\n<h2 class=\"wp-block-heading has-text-align-center has-h2-size\">Suivi global des cargaisons<\/h2>\n\n\n\n\n\n<p>Et bien plus encore. <a href=\"mailto:info@project44.com\">Contactez-nous<\/a> pour une liste compl\u00e8te des transporteurs maritimes du r\u00e9seau project44.<\/p>\n<\/div>\n\n<div class=\"wp-block-group alignfull cta-grid is-style-gap-none is-style-row-padding is-layout-flow wp-container-core-group-is-layout-a77db08e wp-block-group-is-layout-flow\">\n<div class=\"wp-block-columns are-vertically-aligned-center is-not-stacked-on-mobile is-layout-flex wp-container-core-columns-is-layout-6a65254c wp-block-columns-is-layout-flex\" style=\"padding-right:0;padding-left:0\">\n<div class=\"wp-block-column is-vertically-aligned-center is-layout-flow wp-block-column-is-layout-flow\" style=\"flex-basis:25%\">\n<div class=\"wp-block-cover is-light is-repeated has-border-color\" style=\"border-color:#DADFDF;border-width:1px;border-top-left-radius:0px;border-top-right-radius:24px;border-bottom-left-radius:0px;border-bottom-right-radius:24px;min-height:666px;aspect-ratio:unset;\"><span aria-hidden=\"true\" class=\"wp-block-cover__background has-background-dim-0 has-background-dim\"><\/span><div class=\"wp-block-cover__image-background wp-image-7491 is-repeated\" style=\"background-position:50% 13%;background-image:url(https:\/\/www.project44.com\/wp-content\/uploads\/2024\/01\/bg-grid-white-80.svg)\"><\/div><div class=\"wp-block-cover__inner-container has-global-padding is-layout-constrained wp-block-cover-is-layout-constrained\">\n<p class=\"has-text-align-center has-large-font-size\"><\/p>\n<\/div><\/div>\n<\/div>\n\n\n\n<div class=\"wp-block-column is-vertically-aligned-center is-layout-flow wp-block-column-is-layout-flow\" style=\"flex-basis:50%\">\n<div class=\"wp-block-group is-style-row-padding is-layout-flow wp-container-core-group-is-layout-a4793717 wp-block-group-is-layout-flow\">\n<h2 class=\"wp-block-heading has-text-align-center has-gigantic-size\" id=\"h-get-started-today\">Commencez d\u00e8s aujourd\u2019hui<\/h2>\n\n\n\n<div class=\"wp-block-buttons is-content-justification-center is-layout-flex wp-container-core-buttons-is-layout-a89b3969 wp-block-buttons-is-layout-flex\">\n<div class=\"wp-block-button has-xx-large-size\"><a class=\"wp-block-button__link has-primary-background-color has-background wp-element-button\" href=\"https:\/\/www.project44.com\/fr\/obtenez-une-demo\/\">Demander une d\u00e9mo <\/a><\/div>\n<\/div>\n<\/div>\n<\/div>\n\n\n\n<div class=\"wp-block-column is-vertically-aligned-center is-layout-flow wp-block-column-is-layout-flow\" style=\"flex-basis:25%\">\n<div class=\"wp-block-cover is-light is-repeated has-border-color\" style=\"border-color:#DADFDF;border-width:1px;border-top-left-radius:24px;border-top-right-radius:0px;border-bottom-left-radius:24px;border-bottom-right-radius:0px;min-height:666px;aspect-ratio:unset;\"><span aria-hidden=\"true\" class=\"wp-block-cover__background has-background-dim-0 has-background-dim\"><\/span><div class=\"wp-block-cover__image-background wp-image-7491 is-repeated\" style=\"background-position:50% 13%;background-image:url(https:\/\/www.project44.com\/wp-content\/uploads\/2024\/01\/bg-grid-white-80.svg)\"><\/div><div class=\"wp-block-cover__inner-container has-global-padding is-layout-constrained wp-block-cover-is-layout-constrained\">\n<p class=\"has-text-align-center has-large-font-size\"><\/p>\n<\/div><\/div>\n<\/div>\n<\/div>\n<\/div>\n","protected":false},"excerpt":{"rendered":"<p>Suivi global des cargaisons Et bien plus encore. Contactez-nous pour une liste compl\u00e8te des transporteurs maritimes du r\u00e9seau project44. Commencez d\u00e8s aujourd\u2019hui<\/p>\n","protected":false},"author":1,"featured_media":0,"parent":0,"menu_order":0,"comment_status":"closed","ping_status":"closed","template":"","meta":{"_acf_changed":false,"_relevanssi_hide_post":"","_relevanssi_hide_content":"","_relevanssi_pin_for_all":"","_relevanssi_pin_keywords":"","_relevanssi_unpin_keywords":"","_relevanssi_related_keywords":"","_relevanssi_related_include_ids":"","_relevanssi_related_exclude_ids":"","_relevanssi_related_no_append":"","_relevanssi_related_not_related":"","_relevanssi_related_posts":"","_relevanssi_noindex_reason":"","footnotes":""},"class_list":["post-45528","page","type-page","status-publish","hentry"],"acf":[],"yoast_head":"<!-- This site is optimized with the Yoast SEO Premium plugin v27.5 (Yoast SEO v27.5) - https:\/\/yoast.com\/product\/yoast-seo-premium-wordpress\/ -->\n<title>Suivi des cargaisons\u00a0: MSC, Maersk, CMA CGM, COSCO, Hapag | project44<\/title>\n<meta name=\"description\" content=\"Suivi des cargaisons en temps r\u00e9el pour les entreprises de toutes tailles Inscrivez-vous maintenant et commencez \u00e0 suivre vos cargaisons\u00a0!\" \/>\n<meta name=\"robots\" content=\"index, follow, max-snippet:-1, max-image-preview:large, max-video-preview:-1\" \/>\n<link rel=\"canonical\" href=\"https:\/\/www.project44.com\/fr\/suivi-des-cargaisons\/\" \/>\n<meta property=\"og:locale\" content=\"fr_FR\" \/>\n<meta property=\"og:type\" content=\"article\" \/>\n<meta property=\"og:title\" content=\"Suivi des cargaisons\" \/>\n<meta property=\"og:description\" content=\"Suivi des cargaisons en temps r\u00e9el pour les entreprises de toutes tailles Inscrivez-vous maintenant et commencez \u00e0 suivre vos cargaisons\u00a0!\" \/>\n<meta property=\"og:url\" content=\"https:\/\/www.project44.com\/fr\/suivi-des-cargaisons\/\" \/>\n<meta property=\"og:site_name\" content=\"project44\" \/>\n<meta property=\"article:publisher\" content=\"https:\/\/www.facebook.com\/project44Visibility\" \/>\n<meta property=\"article:modified_time\" content=\"2024-09-09T16:35:07+00:00\" \/>\n<meta property=\"og:image\" content=\"https:\/\/www.project44.com\/wp-content\/uploads\/2023\/05\/Technicolor_CaseStudy-scaled.jpg\" \/>\n<meta name=\"twitter:card\" content=\"summary_large_image\" \/>\n<meta name=\"twitter:site\" content=\"@freightpipes\" \/>\n<meta name=\"twitter:label1\" content=\"Dur\u00e9e de lecture estim\u00e9e\" \/>\n\t<meta name=\"twitter:data1\" content=\"1 minute\" \/>\n<script type=\"application\/ld+json\" class=\"yoast-schema-graph\">{\"@context\":\"https:\\\/\\\/schema.org\",\"@graph\":[{\"@type\":\"WebPage\",\"@id\":\"https:\\\/\\\/www.project44.com\\\/fr\\\/suivi-des-cargaisons\\\/\",\"url\":\"https:\\\/\\\/www.project44.com\\\/fr\\\/suivi-des-cargaisons\\\/\",\"name\":\"Suivi des cargaisons\u00a0: MSC, Maersk, CMA CGM, COSCO, Hapag | project44\",\"isPartOf\":{\"@id\":\"https:\\\/\\\/www.project44.com\\\/fr\\\/#website\"},\"primaryImageOfPage\":{\"@id\":\"https:\\\/\\\/www.project44.com\\\/fr\\\/suivi-des-cargaisons\\\/#primaryimage\"},\"image\":{\"@id\":\"https:\\\/\\\/www.project44.com\\\/fr\\\/suivi-des-cargaisons\\\/#primaryimage\"},\"thumbnailUrl\":\"https:\\\/\\\/www.project44.com\\\/wp-content\\\/uploads\\\/2023\\\/05\\\/Technicolor_CaseStudy-scaled.jpg\",\"datePublished\":\"2024-05-14T19:38:08+00:00\",\"dateModified\":\"2024-09-09T16:35:07+00:00\",\"description\":\"Suivi des cargaisons en temps r\u00e9el pour les entreprises de toutes tailles Inscrivez-vous maintenant et commencez \u00e0 suivre vos cargaisons\u00a0!\",\"breadcrumb\":{\"@id\":\"https:\\\/\\\/www.project44.com\\\/fr\\\/suivi-des-cargaisons\\\/#breadcrumb\"},\"inLanguage\":\"fr-FR\",\"potentialAction\":[{\"@type\":\"ReadAction\",\"target\":[\"https:\\\/\\\/www.project44.com\\\/fr\\\/suivi-des-cargaisons\\\/\"]}]},{\"@type\":\"ImageObject\",\"inLanguage\":\"fr-FR\",\"@id\":\"https:\\\/\\\/www.project44.com\\\/fr\\\/suivi-des-cargaisons\\\/#primaryimage\",\"url\":\"https:\\\/\\\/www.project44.com\\\/wp-content\\\/uploads\\\/2023\\\/05\\\/Technicolor_CaseStudy-scaled.jpg\",\"contentUrl\":\"https:\\\/\\\/www.project44.com\\\/wp-content\\\/uploads\\\/2023\\\/05\\\/Technicolor_CaseStudy-scaled.jpg\"},{\"@type\":\"BreadcrumbList\",\"@id\":\"https:\\\/\\\/www.project44.com\\\/fr\\\/suivi-des-cargaisons\\\/#breadcrumb\",\"itemListElement\":[{\"@type\":\"ListItem\",\"position\":1,\"name\":\"Home\",\"item\":\"https:\\\/\\\/www.project44.com\\\/fr\\\/\"},{\"@type\":\"ListItem\",\"position\":2,\"name\":\"Suivi des cargaisons\"}]},{\"@type\":\"WebSite\",\"@id\":\"https:\\\/\\\/www.project44.com\\\/fr\\\/#website\",\"url\":\"https:\\\/\\\/www.project44.com\\\/fr\\\/\",\"name\":\"project44\",\"description\":\"\",\"publisher\":{\"@id\":\"https:\\\/\\\/www.project44.com\\\/fr\\\/#organization\"},\"potentialAction\":[{\"@type\":\"SearchAction\",\"target\":{\"@type\":\"EntryPoint\",\"urlTemplate\":\"https:\\\/\\\/www.project44.com\\\/fr\\\/?s={search_term_string}\"},\"query-input\":{\"@type\":\"PropertyValueSpecification\",\"valueRequired\":true,\"valueName\":\"search_term_string\"}}],\"inLanguage\":\"fr-FR\"},{\"@type\":\"Organization\",\"@id\":\"https:\\\/\\\/www.project44.com\\\/fr\\\/#organization\",\"name\":\"project44\",\"url\":\"https:\\\/\\\/www.project44.com\\\/fr\\\/\",\"logo\":{\"@type\":\"ImageObject\",\"inLanguage\":\"fr-FR\",\"@id\":\"https:\\\/\\\/www.project44.com\\\/fr\\\/#\\\/schema\\\/logo\\\/image\\\/\",\"url\":\"https:\\\/\\\/www.project44.com\\\/wp-content\\\/uploads\\\/2024\\\/01\\\/logo.svg\",\"contentUrl\":\"https:\\\/\\\/www.project44.com\\\/wp-content\\\/uploads\\\/2024\\\/01\\\/logo.svg\",\"width\":213,\"height\":73,\"caption\":\"project44\"},\"image\":{\"@id\":\"https:\\\/\\\/www.project44.com\\\/fr\\\/#\\\/schema\\\/logo\\\/image\\\/\"},\"sameAs\":[\"https:\\\/\\\/www.facebook.com\\\/project44Visibility\",\"https:\\\/\\\/x.com\\\/freightpipes\",\"https:\\\/\\\/www.linkedin.com\\\/company\\\/project-44\",\"https:\\\/\\\/www.instagram.com\\\/project44global\"]}]}<\/script>\n<!-- \/ Yoast SEO Premium plugin. -->","yoast_head_json":{"title":"Suivi des cargaisons\u00a0: MSC, Maersk, CMA CGM, COSCO, Hapag | project44","description":"Suivi des cargaisons en temps r\u00e9el pour les entreprises de toutes tailles Inscrivez-vous maintenant et commencez \u00e0 suivre vos cargaisons\u00a0!","robots":{"index":"index","follow":"follow","max-snippet":"max-snippet:-1","max-image-preview":"max-image-preview:large","max-video-preview":"max-video-preview:-1"},"canonical":"https:\/\/www.project44.com\/fr\/suivi-des-cargaisons\/","og_locale":"fr_FR","og_type":"article","og_title":"Suivi des cargaisons","og_description":"Suivi des cargaisons en temps r\u00e9el pour les entreprises de toutes tailles Inscrivez-vous maintenant et commencez \u00e0 suivre vos cargaisons\u00a0!","og_url":"https:\/\/www.project44.com\/fr\/suivi-des-cargaisons\/","og_site_name":"project44","article_publisher":"https:\/\/www.facebook.com\/project44Visibility","article_modified_time":"2024-09-09T16:35:07+00:00","og_image":[{"url":"https:\/\/www.project44.com\/wp-content\/uploads\/2023\/05\/Technicolor_CaseStudy-scaled.jpg","type":"","width":"","height":""}],"twitter_card":"summary_large_image","twitter_site":"@freightpipes","twitter_misc":{"Dur\u00e9e de lecture estim\u00e9e":"1 minute"},"schema":{"@context":"https:\/\/schema.org","@graph":[{"@type":"WebPage","@id":"https:\/\/www.project44.com\/fr\/suivi-des-cargaisons\/","url":"https:\/\/www.project44.com\/fr\/suivi-des-cargaisons\/","name":"Suivi des cargaisons\u00a0: MSC, Maersk, CMA CGM, COSCO, Hapag | project44","isPartOf":{"@id":"https:\/\/www.project44.com\/fr\/#website"},"primaryImageOfPage":{"@id":"https:\/\/www.project44.com\/fr\/suivi-des-cargaisons\/#primaryimage"},"image":{"@id":"https:\/\/www.project44.com\/fr\/suivi-des-cargaisons\/#primaryimage"},"thumbnailUrl":"https:\/\/www.project44.com\/wp-content\/uploads\/2023\/05\/Technicolor_CaseStudy-scaled.jpg","datePublished":"2024-05-14T19:38:08+00:00","dateModified":"2024-09-09T16:35:07+00:00","description":"Suivi des cargaisons en temps r\u00e9el pour les entreprises de toutes tailles Inscrivez-vous maintenant et commencez \u00e0 suivre vos cargaisons\u00a0!","breadcrumb":{"@id":"https:\/\/www.project44.com\/fr\/suivi-des-cargaisons\/#breadcrumb"},"inLanguage":"fr-FR","potentialAction":[{"@type":"ReadAction","target":["https:\/\/www.project44.com\/fr\/suivi-des-cargaisons\/"]}]},{"@type":"ImageObject","inLanguage":"fr-FR","@id":"https:\/\/www.project44.com\/fr\/suivi-des-cargaisons\/#primaryimage","url":"https:\/\/www.project44.com\/wp-content\/uploads\/2023\/05\/Technicolor_CaseStudy-scaled.jpg","contentUrl":"https:\/\/www.project44.com\/wp-content\/uploads\/2023\/05\/Technicolor_CaseStudy-scaled.jpg"},{"@type":"BreadcrumbList","@id":"https:\/\/www.project44.com\/fr\/suivi-des-cargaisons\/#breadcrumb","itemListElement":[{"@type":"ListItem","position":1,"name":"Home","item":"https:\/\/www.project44.com\/fr\/"},{"@type":"ListItem","position":2,"name":"Suivi des cargaisons"}]},{"@type":"WebSite","@id":"https:\/\/www.project44.com\/fr\/#website","url":"https:\/\/www.project44.com\/fr\/","name":"project44","description":"","publisher":{"@id":"https:\/\/www.project44.com\/fr\/#organization"},"potentialAction":[{"@type":"SearchAction","target":{"@type":"EntryPoint","urlTemplate":"https:\/\/www.project44.com\/fr\/?s={search_term_string}"},"query-input":{"@type":"PropertyValueSpecification","valueRequired":true,"valueName":"search_term_string"}}],"inLanguage":"fr-FR"},{"@type":"Organization","@id":"https:\/\/www.project44.com\/fr\/#organization","name":"project44","url":"https:\/\/www.project44.com\/fr\/","logo":{"@type":"ImageObject","inLanguage":"fr-FR","@id":"https:\/\/www.project44.com\/fr\/#\/schema\/logo\/image\/","url":"https:\/\/www.project44.com\/wp-content\/uploads\/2024\/01\/logo.svg","contentUrl":"https:\/\/www.project44.com\/wp-content\/uploads\/2024\/01\/logo.svg","width":213,"height":73,"caption":"project44"},"image":{"@id":"https:\/\/www.project44.com\/fr\/#\/schema\/logo\/image\/"},"sameAs":["https:\/\/www.facebook.com\/project44Visibility","https:\/\/x.com\/freightpipes","https:\/\/www.linkedin.com\/company\/project-44","https:\/\/www.instagram.com\/project44global"]}]}},"_links":{"self":[{"href":"https:\/\/www.project44.com\/fr\/wp-json\/wp\/v2\/pages\/45528","targetHints":{"allow":["GET"]}}],"collection":[{"href":"https:\/\/www.project44.com\/fr\/wp-json\/wp\/v2\/pages"}],"about":[{"href":"https:\/\/www.project44.com\/fr\/wp-json\/wp\/v2\/types\/page"}],"author":[{"embeddable":true,"href":"https:\/\/www.project44.com\/fr\/wp-json\/wp\/v2\/users\/1"}],"replies":[{"embeddable":true,"href":"https:\/\/www.project44.com\/fr\/wp-json\/wp\/v2\/comments?post=45528"}],"version-history":[{"count":0,"href":"https:\/\/www.project44.com\/fr\/wp-json\/wp\/v2\/pages\/45528\/revisions"}],"wp:attachment":[{"href":"https:\/\/www.project44.com\/fr\/wp-json\/wp\/v2\/media?parent=45528"}],"curies":[{"name":"wp","href":"https:\/\/api.w.org\/{rel}","templated":true}]}}